{"id":930,"date":"2018-03-23T02:00:58","date_gmt":"2018-03-23T02:00:58","guid":{"rendered":"http:\/\/dienmay1.khowebseotop.vn\/?post_type=product&#038;p=930"},"modified":"2018-03-23T07:21:48","modified_gmt":"2018-03-23T07:21:48","slug":"samsung-galaxy-note-fe-chinh-hang-fpt","status":"publish","type":"product","link":"https:\/\/webmaibinh.com\/w\/dienmay2011\/san-pham\/samsung-galaxy-note-fe-chinh-hang-fpt\/","title":{"rendered":"Samsung Galaxy Note FE Ch\u00ednh H\u00e3ng FPT"},"content":{"rendered":"<h2>Samsung Galaxy Note FE (Fan Edition) ch\u00ednh h\u00e3ng\u00a0&#8211; &#8220;Ng\u01b0\u1eddi h\u00f9ng&#8221; tr\u1edf l\u1ea1i.<\/h2>\n<p>Sau s\u1ef1 c\u1ed1 \u0111\u00e1ng ti\u1ebfc n\u0103m ngo\u00e1i khi\u1ebfn Samsung ph\u1ea3i thu h\u1ed3i Galaxy Note 7 tr\u00ean to\u00e0n c\u1ea7u, th\u00ec v\u00e0o cu\u1ed1i n\u0103m 2017 Samsung \u0111\u00e3 \u0111\u00e1nh d\u1ea5u s\u1ef1 tr\u1edf l\u1ea1i v\u1edbi t\u00ean g\u1ecdi m\u1edbi l\u00e0\u00a0<strong>Galaxy Note Fan Edition<\/strong>\u00a0v\u00e0 \u0111\u01b0\u1ee3c ph\u00e2n ph\u1ed1i t\u1ea1i th\u1ecb tr\u01b0\u1eddng Vi\u1ec7t Nam. Hi\u1ec7n t\u1ea1i s\u1ea3n ph\u1ea9m \u0111\u00e3 c\u00f3 h\u00e0ng t\u1ea1i HungMobile v\u1edbi ch\u1ea5t l\u01b0\u1ee3ng h\u00e0ng ch\u00ednh h\u00e3ng m\u1edbi 100% nguy\u00ean Seal t\u1eeb nh\u00e0 s\u1ea3n xu\u1ea5t v\u1edbi s\u1ed1 l\u01b0\u1ee3ng c\u1ef1c k\u00ec h\u1ea1n ch\u1ebf. S\u1ea3n ph\u1ea9m \u0111\u01b0\u1ee3c b\u1ea3o h\u00e0nh t\u1ea1i t\u1ea5t c\u1ea3 c\u00e1c trung t\u00e2m b\u1ea3o h\u00e0nh Samsung tr\u00ean to\u00e0n qu\u1ed1c.<\/p>\n<p><iframe src=\"https:\/\/www.youtube.com\/embed\/3skucDdQp4g?rel=0\" width=\"640\" height=\"360\" frameborder=\"0\" allowfullscreen=\"allowfullscreen\" data-mce-fragment=\"1\"><\/iframe><\/p>\n<h2>Thi\u1ebft k\u1ebf sang tr\u1ecdng v\u00e0 ch\u1eafc ch\u1eafn c\u1ee7a Note FE\u00a0phi\u00ean b\u1ea3n.<\/h2>\n<p>Galaxy Note FE hay t\u00ean \u0111\u1ea7y \u0111\u1ee7 l\u00e0 Galaxy Note Fan Edition l\u00e0 phi\u00ean b\u1ea3n t\u00e2n trang v\u00e0 v\u1eabn gi\u1eef nguy\u00ean thi\u1ebft k\u1ebf c\u1ee7a Galaxy Note 7, v\u1eabn l\u00e0 khung vi\u1ec1n xung quanh \u0111\u01b0\u1ee3c l\u00e0m t\u1eeb kim lo\u1ea1i nguy\u00ean kh\u1ed1i, ch\u1ea5t l\u01b0\u1ee3ng gia c\u00f4ng \u0111\u1ea1t t\u1edbi s\u1ef1 ho\u00e0n h\u1ea3o, m\u1eb7t tr\u01b0\u1edbc v\u00e0 sau \u0111\u1ec1u \u0111\u01b0\u1ee3c l\u00e0m t\u1eeb k\u00ednh c\u01b0\u1eddng l\u1ef1c \u0111\u01b0\u1ee3c bo tr\u00f2n xung quanh v\u1eeba mang l\u1ea1i s\u1ef1 sang tr\u1ecdng &#8220;hi\u1ebfm c\u00f3&#8221; v\u1eeba cho b\u1ea1n s\u1ef1 c\u1ea7m n\u1eafm r\u1ea5t tho\u1ea3i m\u00e1i. \u0110i\u1ec3m \u0111\u1eb7c bi\u1ec7t l\u00e0 dung l\u01b0\u1ee3ng pin \u0111\u01b0\u1ee3c gi\u1ea3m xu\u1ed1ng con 3200mAh thay v\u00ec 3500mAh nh\u01b0 \u1edf Note 7,\u00a0\u0111\u1ed3ng th\u1eddi th\u1ef1c hi\u1ec7n 8 b\u01b0\u1edbc ki\u1ec3m \u0111\u1ecbnh nghi\u00eam ng\u1eb7t nh\u1eb1m \u0111\u1ea3m b\u1ea3o s\u1ea3n ph\u1ea9m kh\u00f4ng th\u1ec3 ch\u00e1y n\u1ed5.<\/p>\n<div><img src=\"https:\/\/hungmobile.vn\/images\/dien-thoai\/samsung-galaxy-note-fe(02).jpg\" alt=\"Samsung Galaxy Note FE\" \/><\/div>\n<p>C\u1ed5ng k\u1ebft n\u1ed1i USB Micro truy\u1ec1n th\u1ed1ng \u0111\u00e3 \u0111\u01b0\u1ee3c lo\u1ea1i b\u1ecf v\u00e0 thay v\u00e0o \u0111\u00f3 l\u00e0 c\u1ed5ng USB chu\u1ea9n Type C. Cho b\u1ea1n k\u1ebft n\u1ed1i d\u1ec5 d\u00e0ng v\u00e0 truy\u1ec1n d\u1eef li\u1ec7u m\u1ed9t c\u00e1ch nhanh h\u01a1n.<\/p>\n<h2>M\u00e0n h\u00ecnh \u0111\u1ed9c \u0111\u00e1o, tho\u1ea3 th\u00edch gi\u1ea3i tr\u00ed tr\u00ean Note\u00a0FE<\/h2>\n<p>Samsung Galaxy Note\u00a0FE c\u00f3 m\u00e0n h\u00ecnh t\u01b0\u01a1ng t\u1ef1 so v\u1edbi\u00a0Galaxy S7 edge, hai b\u00ean \u0111\u1ec1u \u0111\u01b0\u1ee3c l\u00e0m cong \u0111\u1ed9c \u0111\u00e1o. Nh\u01b0ng \u1edf c\u00e1c g\u00f3c \u00edt \u0111\u01b0\u1ee3c bo tr\u00f2n h\u01a1n v\u00ec v\u1eady Note FE nh\u00ecn s\u1ebd c\u1ee9ng c\u00e1p v\u00e0 kho\u1ebb kho\u1eafn h\u01a1n. R\u1ed9ng 5,7&#8243; v\u00e0 \u0111\u1ed9 ph\u00e2n gi\u1ea3i l\u00e0 QHD cho hi\u1ec3n th\u1ecb si\u00eau s\u1eafc n\u00e9t, c\u00f9ng v\u1edbi \u0111\u00f3 l\u00e0 c\u00f4ng ngh\u1ec7 Super AMOLED th\u1ebf h\u1ec7 m\u1edbi nh\u1ea5t mang l\u1ea1i m\u00e0u s\u1eafc s\u1ed1ng \u0111\u1ed9ng nh\u01b0ng l\u1ea1i r\u1ea5t ch\u00e2n th\u1ef1c, kh\u00f4ng &#8220;\u1ea3o di\u1ec7u&#8221; v\u00e0 n\u1ecbnh m\u1eaft nh\u01b0 \u1edf c\u00e1c th\u1ebf h\u1ec7 tr\u01b0\u1edbc \u0111\u00e2y.<\/p>\n","protected":false},"excerpt":{"rendered":"<p>Samsung Galaxy Note FE (Fan Edition) ch\u00ednh h\u00e3ng\u00a0&#8211; &#8220;Ng\u01b0\u1eddi h\u00f9ng&#8221; tr\u1edf l\u1ea1i. Sau s\u1ef1 c\u1ed1 \u0111\u00e1ng ti\u1ebfc n\u0103m ngo\u00e1i khi\u1ebfn Samsung ph\u1ea3i thu h\u1ed3i Galaxy Note 7 tr\u00ean to\u00e0n c\u1ea7u, th\u00ec v\u00e0o cu\u1ed1i n\u0103m 2017 Samsung \u0111\u00e3 \u0111\u00e1nh d\u1ea5u s\u1ef1 tr\u1edf l\u1ea1i v\u1edbi t\u00ean g\u1ecdi m\u1edbi l\u00e0\u00a0Galaxy Note Fan Edition\u00a0v\u00e0 \u0111\u01b0\u1ee3c ph\u00e2n ph\u1ed1i t\u1ea1i th\u1ecb tr\u01b0\u1eddng Vi\u1ec7t Nam. Hi\u1ec7n t\u1ea1i s\u1ea3n ph\u1ea9m \u0111\u00e3 c\u00f3 h\u00e0ng t\u1ea1i HungMobile v\u1edbi ch\u1ea5t l\u01b0\u1ee3ng h\u00e0ng ch\u00ednh h\u00e3ng m\u1edbi 100% nguy\u00ean Seal t\u1eeb nh\u00e0 s\u1ea3n [&#8230;]\n","protected":false},"featured_media":931,"comment_status":"open","ping_status":"closed","template":"","meta":[],"khoang_gia":[],"_links":{"self":[{"href":"https:\/\/webmaibinh.com\/w\/dienmay2011\/wp-json\/wp\/v2\/product\/930"}],"collection":[{"href":"https:\/\/webmaibinh.com\/w\/dienmay2011\/wp-json\/wp\/v2\/product"}],"about":[{"href":"https:\/\/webmaibinh.com\/w\/dienmay2011\/wp-json\/wp\/v2\/types\/product"}],"replies":[{"embeddable":true,"href":"https:\/\/webmaibinh.com\/w\/dienmay2011\/wp-json\/wp\/v2\/comments?post=930"}],"wp:featuredmedia":[{"embeddable":true,"href":"https:\/\/webmaibinh.com\/w\/dienmay2011\/wp-json\/wp\/v2\/media\/931"}],"wp:attachment":[{"href":"https:\/\/webmaibinh.com\/w\/dienmay2011\/wp-json\/wp\/v2\/media?parent=930"}],"wp:term":[{"taxonomy":"khoang_gia","embeddable":true,"href":"https:\/\/webmaibinh.com\/w\/dienmay2011\/wp-json\/wp\/v2\/khoang_gia?post=930"}],"curies":[{"name":"wp","href":"https:\/\/api.w.org\/{rel}","templated":true}]}}