{"id":926,"date":"2018-03-23T01:56:50","date_gmt":"2018-03-23T01:56:50","guid":{"rendered":"http:\/\/dienmay1.khowebseotop.vn\/?post_type=product&#038;p=926"},"modified":"2018-03-23T01:57:59","modified_gmt":"2018-03-23T01:57:59","slug":"galaxy-s7-edge-han-quoc-32gb-likenew-2-sim","status":"publish","type":"product","link":"https:\/\/webmaibinh.com\/w\/dienmay2011\/san-pham\/galaxy-s7-edge-han-quoc-32gb-likenew-2-sim\/","title":{"rendered":"Galaxy S7 Edge H\u00e0n Qu\u1ed1c 32GB Likenew (2 Sim)"},"content":{"rendered":"<div class=\"desc-height\">\n<h2>Mua\u00a0Samsung Galaxy S7 Edge H\u00e0n Qu\u1ed1c X\u00e1ch Tay C\u0169\u00a0gi\u00e1 r\u1ebb nh\u1ea5t | HungMobile<\/h2>\n<p>V\u1edbi kinh nghi\u1ec7m tr\u00ean 5 n\u0103m kinh doanh c\u00e1c s\u1ea3n ph\u1ea9m \u0111i\u1ec7n tho\u1ea1i x\u00e1ch tay, \u0111\u1ed1i v\u1edbi c\u00e1c s\u1ea3n ph\u1ea9m \u0111i\u1ec7n tho\u1ea1i Samsung HungMobile \u0111\u00e3 \u0111\u01b0\u1ee3c m\u1ec7nh danh l\u00e0\u00a0<strong>&#8220;\u00d4NG TR\u00d9M SAMSUNG&#8221;<\/strong>\u00a0t\u1ea1i Vi\u1ec7t Nam, v\u1edbi \u0111a d\u1ea1ng c\u00e1c m\u1eabu s\u1ea3n ph\u1ea9m phong ph\u00fa v\u00e0 \u0111a d\u1ea1ng, ch\u1ea5t l\u01b0\u1ee3ng \u0111\u01b0\u1ee3c tuy\u1ec3n ch\u1ecdn h\u00e0ng \u0111\u1ea7u mang t\u1edbi s\u1ef1 y\u00ean t\u00e2m cho kh\u00e1ch h\u00e0ng.<\/p>\n<p>Trong \u0111\u00f3,\u00a0Galaxy S7 Edge l\u00e0 chi\u1ebfc \u0111i\u1ec7n tho\u1ea1i Samsung \u0111ang \u0111\u01b0\u1ee3c r\u1ea5t nhi\u1ec1u ng\u01b0\u1eddi ch\u1ecdn mua hi\u1ec7n nay. Ngo\u00e0i phi\u00ean b\u1ea3n\u00a0Galaxy S7 Edge M\u1ef9\u00a0(G935P,V,T,A),\u00a0Galaxy S7 Edge 2 Sim New Fullbox\u00a0(G9350, G935FD),\u00a0Galaxy S7 Edge Ch\u00ednh H\u00e3ng\u00a0\u00a0(G935FD). Th\u00ec m\u1edbi \u0111\u00e2y HungMobile v\u1eeba c\u00f3 m\u1eb7t th\u00eam phi\u00ean b\u1ea3n\u00a0<strong>S7 Edge H\u00e0n Qu\u1ed1c ( G935S\/L\/K)<\/strong>\u00a0Likenew v\u1edbi m\u1ee9c gi\u00e1 c\u1ef1c k\u00ec h\u1ea5p d\u1eabn.<\/p>\n<p><iframe src=\"https:\/\/www.youtube.com\/embed\/eWQd-KkhMQU\" width=\"640\" height=\"360\" frameborder=\"0\" allowfullscreen=\"allowfullscreen\" data-mce-fragment=\"1\"><\/iframe><\/p>\n<h2>Samsung Galaxy S7 Edge H\u00e0n Qu\u1ed1c c\u00f3 ngu\u1ed3n g\u1ed1c v\u00e0 ch\u1ea5t l\u01b0\u1ee3ng nh\u01b0 th\u1ebf n\u00e0o?<\/h2>\n<p>Nh\u1eefng chi\u1ebfc Galaxy S7 Edge H\u00e0n n\u00e0y \u0111\u1ec1u l\u00e0 nh\u1eefng s\u1ea3n ph\u1ea9m \u0111\u01b0\u1ee3c nh\u1eadp tr\u1ef1c ti\u1ebfp t\u1eeb th\u1ecb tr\u01b0\u1eddng H\u00e0n Qu\u1ed1c, ch\u00fang l\u00e0 h\u00e0ng tr\u01b0ng b\u00e0y, m\u00e1y likenew d\u00f9ng trong th\u1eddi gian ng\u1eafn, ho\u1eb7c nh\u1eefng chi\u1ebfc m\u00e1y \u0111\u01b0\u1ee3c nh\u00e0 m\u1ea1ng tr\u1ee3 gi\u00e1 \u0111\u1ec3 h\u1ed7 tr\u1ee3 kh\u00e1ch h\u00e0ng n\u00e2ng c\u1ea5p l\u00ean c\u00e1c \u0111\u1eddi cao h\u01a1n nh\u01b0\u00a0<a href=\"https:\/\/hungmobile.vn\/timkiem?search=galaxy+s8\" rel=\"nofollow\">S8, S8 Plus<\/a>\u00a0hay\u00a0<a href=\"https:\/\/hungmobile.vn\/samsung-galaxy-note-8-xach-tay-han-quoc.html\">Note 8<\/a>. Ch\u00fang \u0111\u1ec1u\u00a0c\u00f3 \u0111i\u1ec3m chung l\u00e0 m\u00e1y \u0111\u1eb9p nh\u01b0 m\u1edbi,\u00a0\u00a0nguy\u00ean b\u1ea3n 100% v\u00e0 \u0111\u00e3 qua ki\u1ec3m \u0111\u1ecbnh k\u0129 c\u00e0ng, \u0111\u1ea3m b\u1ea3o m\u1ecdi t\u00ednh n\u0103ng \u0111\u1ec1u ho\u1ea1t \u0111\u1ed9ng \u1ed5n \u0111\u1ecbnh t\u01b0\u01a1ng t\u1ef1 nh\u01b0\u00a0m\u00e1y m\u1edbi 100%.<\/p>\n<p><img src=\"https:\/\/hungmobile.vn\/images\/s7-edge-han(01)_5a40b1d63c7db_25_12_2017_15_07_50.jpg\" alt=\"Samsung Galaxy S7 Edge H\u00e0n c\u00f3 h\u00ecnh th\u1ee9c \u0111\u1eb9p nh\u01b0 m\u1edbi\" \/><\/p>\n<h2>Nh\u1eefng l\u1ee3i \u00edch khi mua Samsung Galaxy S7 Edge H\u00e0n Qu\u1ed1c\u00a0t\u1ea1i HungMobile<\/h2>\n<p><strong>1. H\u00ecnh th\u1ee9c nh\u01b0 m\u1edbi &#8211; nguy\u00ean b\u1ea3n:<\/strong>\u00a0L\u00e0 b\u1ea3n H\u00e0n Qu\u1ed1c \u0111\u01b0\u1ee3c ph\u00e2n ph\u1ed1i t\u1ea1i th\u1ecb tr\u01b0\u1eddng H\u00e0n Qu\u1ed1c\u00a0\u0111\u01b0\u1ee3c HungMobile nh\u1eadp kh\u1ea9u nguy\u00ean chi\u1ebfc v\u00e0 \u0111\u1ec1u c\u00f3 \u0111\u01b0\u1ee3c ch\u1ecdn l\u1ecdc n\u00ean c\u00f3 h\u00ecnh th\u1ee9c nh\u01b0 m\u1edbi v\u00e0 nguy\u00ean b\u1ea3n 100% t\u1eeb c\u00e1c showrom ho\u1eb7c \u0111\u00e3 qua s\u1eed d\u1ee5ng t\u1ea1i th\u1ecb tr\u01b0\u1eddng n\u01b0\u1edbc ngo\u00e0i. \u0110\u1eb7c bi\u1ec7t, Galaxy S7 Edge H\u00e0n Qu\u1ed1c\u00a0lu\u00f4n c\u00f3 s\u1eb5n nhi\u1ec1u h\u00e0ng \u0111\u1ec3 c\u00e1c b\u1ea1n c\u00f3 th\u1ec3 l\u1ef1a ch\u1ecdn t\u1ea1i shop.<\/p>\n<p><strong>2. Ch\u1ea5t l\u01b0\u1ee3ng ki\u1ec3m \u0111\u1ecbnh:<\/strong>\u00a0T\u1ea5t c\u1ea3 s\u1ea3n ph\u1ea9m sau khi \u0111\u01b0\u1ee3c nh\u1eadp v\u1ec1 \u0111\u1ec3u ph\u1ea3i tr\u1ea3i qua kh\u00e2u ki\u1ec3m \u0111\u1ecbnh k\u0129 c\u00e0ng b\u1edfi \u0111\u1ed9i ng\u0169 tester chuy\u00ean nghi\u1ec7p d\u00e0y d\u1eb7n kinh nghi\u1ec7m. M\u1ecdi t\u00ednh n\u0103ng &#8211; ch\u1ee9c n\u0103ng c\u1ee7a m\u00e1y \u0111\u1ec1u \u0111\u01b0\u1ee3c\u00a0ki\u1ec3m \u0111\u1ecbnh nghi\u00eam ng\u1eb7t, \u0111\u1ea3m b\u1ea3o ch\u00fang ho\u1ea1t \u0111\u1ed9ng \u1ed5n \u0111\u1ecbnh t\u01b0\u01a1ng t\u1ef1 nh\u01b0 m\u00e1y m\u1edbi 100% v\u00e0 \u0111\u01b0\u1ee3c d\u00e1n tem ki\u1ec3m \u0111\u1ecbnh ch\u1ea5t l\u01b0\u1ee3ng.<\/p>\n<p><strong>3. Gi\u00e1 t\u1ed1t v\u00e0 nhi\u1ec1u \u01b0u \u0111\u00e3i \u0111i k\u00e8m:<\/strong>\u00a0Kh\u00f4ng nh\u01b0 nhi\u1ec1u \u0111\u01a1n v\u1ecb kh\u00e1c b\u00e1n m\u00e1y gi\u00e1 r\u1ebb, c\u00f3 h\u00ecnh th\u1ee9c x\u1ea5u ho\u1eb7c ch\u01b0a bao g\u1ed3m ph\u1ee5 ki\u1ec7n ho\u1eb7c ch\u1ebf \u0111\u1ed9 b\u1ea3o h\u00e0nh \u0111i k\u00e8m. Ri\u00eang t\u1ea1i HungMobile, b\u1ea1n s\u1ebd \u0111\u01b0\u1ee3c mua s\u1ea3n ph\u1ea9m \u0111\u00fang v\u1edbi m\u1ee9c gi\u00e1 \u0111\u00e3 ni\u00eam y\u1ebft tr\u00ean Website, s\u1ebd nh\u1eadn \u0111\u01b0\u1ee3c 1 chi\u1ebfc m\u00e1y c\u00f3 h\u00ecnh th\u1ee9c \u0111\u1eb9p nh\u01b0 m\u1edbi \u0111i k\u00e8m v\u1edbi b\u1ed9 ph\u1ee5 ki\u1ec7n Samsung ch\u00edn h\u00e3ng. C\u0169ng nh\u01b0 ch\u1ebf \u0111\u1ed9 b\u1ea3o h\u00e0nh \u0111\u1ea7y \u0111\u1ee7 v\u00e0 an t\u00e2m nh\u1ea5t.<\/p>\n<p><strong>4. Ch\u1ebf \u0111\u1ed9 b\u1ea3o h\u00e0nh:<\/strong>\u00a0T\u1ea5t c\u1ea3 c\u00e1c s\u1ea3n ph\u1ea9m likenew b\u00e1n ra t\u1ea1i HungMobile \u0111\u1ec1u \u0111\u01b0\u1ee3c h\u01b0\u1edfng ch\u1ebf \u0111\u1ed9 b\u1ea3o h\u00e0nh t\u1ed1t nh\u1ea5t m\u00e0 kh\u00f4ng ph\u1ea3i m\u1ea5t th\u00eam b\u1ea5t c\u1ee9 m\u1ed9t kho\u1ea3n chi ph\u00ed n\u00e0o. Ngh\u0129a l\u00e0 m\u00e1y s\u1ebd \u0111\u01b0\u1ee3c b\u1ea3o h\u00e0nh 06 th\u00e1ng ph\u1ea7n c\u1ee9ng, \u0111\u1ed5i m\u1edbi 15 ng\u00e0y \u0111\u1ea7u n\u1ebfu c\u00f3 l\u1ed7i t\u1eeb nh\u00e0 s\u1ea3n xu\u1ea5t. C\u00f2n ph\u1ea7n m\u1ec1m s\u1ebd \u0111\u01b0\u1ee3c h\u1ed7 tr\u1ee3 mi\u1ec5n ph\u00ed tr\u1ecdn \u0111\u1eddi s\u1ea3n ph\u1ea9m.<\/p>\n<h2>C\u00f3 n\u00ean mua Samsung Galaxy S7 Edge H\u00e0n Qu\u1ed1c\u00a0hay kh\u00f4ng ?<\/h2>\n<div>Trong t\u1ea7m gi\u00e1\u00a0<a href=\"http:\/\/hungmobile.vn\/tren-7-trieu-mua-dien-thoai-nao-don-tet-2017.html\">kho\u1ea3ng 7\u00a0tri\u1ec7u \u0111\u1ed3ng<\/a>\u00a0th\u00ec Galaxy S7 Edge H\u00e0n Qu\u1ed1c l\u00e0 m\u1ed9t trong nh\u1eefng l\u1ef1a ch\u1ecdn t\u1ed1t nh\u1ea5t, b\u1edfi c\u00e1c d\u00f2ng \u0111i\u1ec7n tho\u1ea1i H\u00e0n Qu\u1ed1c v\u1ed1n \u0111\u00e3 c\u00f3 th\u01b0\u01a1ng hi\u1ec7u t\u1eeb l\u00e2u. H\u01a1n n\u1eefa m\u00e1y c\u00f2n c\u00f3 th\u1ec3 n\u00e2ng c\u1ea5p l\u00ean phi\u00ean b\u1ea3n 2 sim v\u00e0 s\u1eed d\u1ee5ng ho\u00e0n to\u00e0n \u1ed5n \u0111\u1ecbnh nh\u01b0 phi\u00ean b\u1ea3n Qu\u1ed1c T\u1ebf.<\/div>\n<\/div>\n<div class=\"ct-more col-sm-12\"><\/div>\n<div class=\" p-buy \">\n<div class=\"row\">\n<div class=\"col-sm-9 col-sm-offset-1 col-md-8 col-md-offset-2 col-xs-12\">\n<div class=\"row\">\n<div class=\"col-sm-6 pd-xs col-xs-12\">\n<p><a class=\"btn btn-default p-buy-1\" data-toggle=\"modal\" data-target=\"#myModal\">\u0110\u1eb6T H\u00c0NG NGAY<\/a>(Giao h\u00e0ng to\u00e0n qu\u1ed1c)<\/p>\n<\/div>\n<div class=\"col-sm-6 pd-xs col-xs-12\">\n<p><a class=\"btn btn-default p-buy-2 col-sm-6\" href=\"https:\/\/hungmobile.vn\/mua-hang-tra-gop\/samsung-galaxy-s7-edge-xach-tay-han-quoc-cu.html\" target=\"_blank\" rel=\"noopener\">MUA TR\u1ea2 G\u00d3P<\/a>(Th\u1ee7 t\u1ee5c \u0111\u01a1n gi\u1ea3n &#8211; Vay trong 10p)<\/p>\n<\/div>\n<\/div>\n<\/div>\n<\/div>\n<div class=\"p-contact col-lg-6 col-lg-offset-3 col-md-8 col-md-offset-3 hidden-xs\">\n<div class=\"contact-phone\"><\/div>\n<\/div>\n<\/div>\n","protected":false},"excerpt":{"rendered":"<p>Mua\u00a0Samsung Galaxy S7 Edge H\u00e0n Qu\u1ed1c X\u00e1ch Tay C\u0169\u00a0gi\u00e1 r\u1ebb nh\u1ea5t | HungMobile V\u1edbi kinh nghi\u1ec7m tr\u00ean 5 n\u0103m kinh doanh c\u00e1c s\u1ea3n ph\u1ea9m \u0111i\u1ec7n tho\u1ea1i x\u00e1ch tay, \u0111\u1ed1i v\u1edbi c\u00e1c s\u1ea3n ph\u1ea9m \u0111i\u1ec7n tho\u1ea1i Samsung HungMobile \u0111\u00e3 \u0111\u01b0\u1ee3c m\u1ec7nh danh l\u00e0\u00a0&#8220;\u00d4NG TR\u00d9M SAMSUNG&#8221;\u00a0t\u1ea1i Vi\u1ec7t Nam, v\u1edbi \u0111a d\u1ea1ng c\u00e1c m\u1eabu s\u1ea3n ph\u1ea9m phong ph\u00fa v\u00e0 \u0111a d\u1ea1ng, ch\u1ea5t l\u01b0\u1ee3ng \u0111\u01b0\u1ee3c tuy\u1ec3n ch\u1ecdn h\u00e0ng \u0111\u1ea7u mang t\u1edbi s\u1ef1 y\u00ean t\u00e2m cho kh\u00e1ch h\u00e0ng. Trong \u0111\u00f3,\u00a0Galaxy S7 Edge l\u00e0 chi\u1ebfc \u0111i\u1ec7n [&#8230;]\n","protected":false},"featured_media":927,"comment_status":"open","ping_status":"closed","template":"","meta":[],"khoang_gia":[],"_links":{"self":[{"href":"https:\/\/webmaibinh.com\/w\/dienmay2011\/wp-json\/wp\/v2\/product\/926"}],"collection":[{"href":"https:\/\/webmaibinh.com\/w\/dienmay2011\/wp-json\/wp\/v2\/product"}],"about":[{"href":"https:\/\/webmaibinh.com\/w\/dienmay2011\/wp-json\/wp\/v2\/types\/product"}],"replies":[{"embeddable":true,"href":"https:\/\/webmaibinh.com\/w\/dienmay2011\/wp-json\/wp\/v2\/comments?post=926"}],"wp:featuredmedia":[{"embeddable":true,"href":"https:\/\/webmaibinh.com\/w\/dienmay2011\/wp-json\/wp\/v2\/media\/927"}],"wp:attachment":[{"href":"https:\/\/webmaibinh.com\/w\/dienmay2011\/wp-json\/wp\/v2\/media?parent=926"}],"wp:term":[{"taxonomy":"khoang_gia","embeddable":true,"href":"https:\/\/webmaibinh.com\/w\/dienmay2011\/wp-json\/wp\/v2\/khoang_gia?post=926"}],"curies":[{"name":"wp","href":"https:\/\/api.w.org\/{rel}","templated":true}]}}