{"id":920,"date":"2018-03-23T01:45:07","date_gmt":"2018-03-23T01:45:07","guid":{"rendered":"http:\/\/dienmay1.khowebseotop.vn\/?post_type=product&#038;p=920"},"modified":"2018-03-23T01:45:26","modified_gmt":"2018-03-23T01:45:26","slug":"xiaomi-mi-note-3-ram-64gb-ram-4gb-moi-nguyen-seal","status":"publish","type":"product","link":"https:\/\/webmaibinh.com\/w\/dienmay2011\/san-pham\/xiaomi-mi-note-3-ram-64gb-ram-4gb-moi-nguyen-seal\/","title":{"rendered":"Xiaomi Mi Note 3 Ram 64GB (Ram 4GB) M\u1edbi Nguy\u00ean Seal"},"content":{"rendered":"<div class=\"desc-height\">\n<h2>Xiaomi Mi Note 3 64GB, Ram 4B m\u1edbi nguy\u00ean Seal Gi\u00e1 r\u1ebb nh\u1ea5t\u00a0| HungMobile<\/h2>\n<p>Xiaomi Mi Note 3 l\u00e0 phi\u00ean b\u1ea3n n\u00e2ng c\u1ea5p \u0111\u00e1ng gi\u00e1 so v\u1edbi ng\u01b0\u1eddi ti\u1ec1n nhi\u1ec7m c\u1ee7a Mi Note 2 tr\u01b0\u1edbc \u0111\u00f3 b\u1edfi s\u1ea3n ph\u1ea9m n\u00e0y \u0111\u01b0\u1ee3c coi l\u00e0 phi\u00ean b\u1ea3n ph\u00f3ng to c\u1ee7a\u00a0flagship cao c\u1ea5p Mi 6. S\u1ea3n ph\u1ea9m n\u00e0y \u0111\u01b0\u1ee3c b\u00e1n t\u1ea1i HungMobile v\u1edbi ch\u1ea5t l\u01b0\u1ee3ng l\u00e0 m\u00e1y m\u1edbi 100% nguy\u00ean Seal, b\u1ea3o h\u00e0nh 12 th\u00e1ng. \u0110\u00e2y s\u1ebd l\u00e0 m\u1ed9t\u00a0chi\u1ebfc \u0111i\u1ec7n tho\u1ea1i t\u1ed1t nh\u1ea5t trong ph\u00e2n kh\u00fac t\u1ea7m trung t\u1eeb 5-7 tri\u1ec7u trong th\u1eddi gian t\u1edbi.<\/p>\n<p><iframe src=\"https:\/\/www.youtube.com\/embed\/bmPYS6S07jg\" width=\"640\" height=\"360\" frameborder=\"0\" allowfullscreen=\"allowfullscreen\" data-mce-fragment=\"1\"><\/iframe><\/p>\n<h2>Mi Note 3 c\u00f3 thi\u1ebft k\u1ebf sang tr\u1ecdng, \u0111\u1ed9t ph\u00e1<\/h2>\n<p>\u0110\u01b0\u1ee3c coi l\u00e0 m\u1ed9t phi\u00ean b\u1ea3n ph\u00f3ng to c\u1ee7a Mi 6, v\u00ec v\u1eady m\u00e0 Mi Note 3 \u0111\u01b0\u1ee3c th\u1eeba h\u01b0\u1edfng t\u1eeb nh\u1eefng g\u00ec t\u1ed1t v\u00e0 \u0111\u1eb9p nh\u1ea5t t\u1eeb falgship n\u00e0y. M\u00e1y s\u1edf h\u1eefu thi\u1ebft k\u1ebf khung vi\u1ec1n b\u1eb1ng kim lo\u1ea1i, hai m\u1eb7t b\u1eb1ng k\u00ednh c\u01b0\u1eddng l\u1ef1c Gorlia Glass th\u1ebf h\u1ec7 th\u1ee9 4 gia t\u0103ng \u0111\u1ed9 c\u1ee9ng c\u00e1p cho m\u00e1y. Hai c\u1ea1nh b\u00ean bo tr\u00f2n h\u01b0\u1edbng v\u00e0o trong t\u1ea1o c\u1ea3m gi\u00e1c c\u1ea7m \u00f4m g\u1ecdn trong l\u00f2ng tay, kh\u00f4ng c\u00f3 c\u1ea3m gi\u00e1c b\u1ecb c\u1ea5n.<\/p>\n<p><img src=\"https:\/\/hungmobile.vn\/images\/xiaomi-mi-note-3(05)_5ab3129c6ee67_22_03_2018_09_19_08.jpg\" alt=\"M\u1eb7t sau Mi Note 3\" \/><\/p>\n<p>\u0110i\u1ec3m nh\u1ea5n tr\u00ean Mi Note 3 \u1edf m\u1eb7t sau ch\u00ednh l\u00e0 c\u1ee5m camera k\u00e9p v\u00e0 \u0111\u00e8n flash, c\u00f2n m\u1eb7t tr\u01b0\u1edbc l\u00e0 m\u00e0n h\u00ecnh 5.5&#8243;inch FullHD cong tr\u00e0n sang hai b\u00ean t\u1ea1o c\u1ea3m gi\u00e1c sang tr\u1ecdng v\u00e0 tinh t\u1ebf.<\/p>\n<h2>M\u00e0n h\u00ecnh 5.5&#8243;inch<\/h2>\n<p>Chi\u1ebfc Flagship c\u1eadn cao c\u1ea5p n\u00e0y s\u1edf h\u1eefu m\u1ed9t m\u00e0n h\u00ecnh 5.5&#8243;inch, \u0111\u1ed9 ph\u00e2n gi\u1ea3i FullHD(1090x1920px) v\u1edbi kh\u1ea3 n\u0103ng hi\u1ec3n th\u1ecb l\u00ean \u0111\u1ebfn 550nit, v\u00e0 c\u00f3 th\u1ec3 gi\u1ea3m xu\u1ed1ng t\u1edbi 1nit khi \u0111i\u1ec1u ki\u1ec7n \u00e1nh s\u00e1ng k\u00e9m.Vi\u1ec7c s\u1eed d\u1ee5ng t\u1ea5m n\u1ec1n IPS LCD tren Mi Note 3 c\u0169ng mang l\u1ea1i nh\u1eefng m\u00e0u ch\u00e2n th\u1ef1c, g\u00f3c nh\u00ecn v\u00e0 \u0111\u1ed9 t\u01b0\u01a1ng ph\u1ea3n t\u1ed1t.<\/p>\n<p><img src=\"https:\/\/hungmobile.vn\/images\/xiaomi-mi-note-3(09)_5ab3129803467_22_03_2018_09_19_04.jpg\" alt=\"M\u00e0n h\u00ecnh Mi Note 3\" \/><\/p>\n<h2>Trang b\u1ecb con chip m\u1ea1nh nh\u1ea5t trong ph\u00e2n kh\u00fac t\u1ea7m trung<\/h2>\n<p>Mi Note 3 64GB \u0111\u01b0\u1ee3c trang b\u1ecb con chip SnapDragon 660 8 nh\u00e2n, 4GB Ram m\u1ea1nh m\u1ebd. V\u1edbi vi\u1ec7c s\u1eed d\u1ee5ng con chip n\u00e0y th\u00ec Mi Note 3 \u0111em l\u1ea1i hi\u1ec7u n\u0103ng m\u1ea1nh m\u1ebd, th\u1ecfa m\u00e3n h\u1ea7u h\u1ebft nhu c\u1ea7u c\u1ee7a ng\u01b0\u1eddi d\u00f9ng. C\u00e1c \u1ee9ng d\u1ee5ng, t\u00e1c v\u1ee5 \u0111\u1ec1u \u0111\u01b0\u1ee3c x\u1eed l\u00fd m\u01b0\u1ee3t m\u00e0 kh\u00f4ng c\u00f3 hi\u1ec7n t\u01b0\u1ee3ng gi\u1eadt lag. M\u00e1y ch\u1ea1y s\u1eb5n h\u1ec7 \u0111i\u1ec1u h\u00e0nh Android 7.1.<\/p>\n<p><img src=\"https:\/\/hungmobile.vn\/images\/mi-note-3(04)_5aaf3cef39726_19_03_2018_11_30_39.jpg\" alt=\"Hi\u1ec7u n\u0103ng Mi Note 3\" \/><\/p>\n<h2>Camera k\u00e9p \u1ea5n t\u01b0\u1ee3ng<\/h2>\n<p>C\u1ee5m camera k\u00e9p tr\u00ean Mi Note 3 th\u1ef1c s\u1ef1 \u1ea5n t\u01b0\u1ee3ng b\u1edfi n\u00f3 kh\u00e1 gi\u1ed1ng v\u1edbi c\u1ee5m camera tr\u00ean Mi 6, v\u1edbi \u0111\u1ed9 ph\u00e2n gi\u1ea3i \u1edf 2 camera l\u00ean \u0111\u1ebfn 12.MP (f\/1.8 &amp; f\/2.0, OIS 4 tr\u1ee5c). Ch\u1ea5t l\u01b0\u1ee3ng h\u00ecnh \u1ea3nh tr\u00ean m\u00e1y \u0111\u01b0\u1ee3c \u0111\u00e1nh gi\u00e1 kh\u00e1 t\u1ed1t v\u1edbi gam m\u00e0u \u1ea5n t\u01b0\u1ee3ng. Camera Sefile c\u00f3 \u0111\u1ed9 ph\u00e2n gi\u1ea3i 16.MP v\u1edbi nhi\u1ec1u ch\u1ebf \u0111\u1ed9 nh\u01b0 l\u00e0m m\u1ecbn, g\u00f3c r\u1ed9ng,&#8230;. c\u00f3 ch\u1ea5t l\u01b0\u1ee3ng c\u0169ng \u0111\u01b0\u1ee3c \u0111\u00e1nh gi\u00e1 cao.<\/p>\n<p><img src=\"https:\/\/hungmobile.vn\/images\/xiaomi-mi-note-3(06)_5ab3129f2ec84_22_03_2018_09_19_11.jpg\" alt=\"Camera k\u00e9p Mi Note 3\" \/><\/p>\n<h2>Pin<\/h2>\n<p>M\u00e1y c\u00f3 vi\u00ean pin 3500mAh, s\u1edf h\u1eefu c\u00f4ng ngh\u1ec7 s\u1ea1c nh\u00e2nh 3.0 \u0111em l\u1ea1i th\u1eddi l\u01b0\u1ee3ng s\u1eed d\u1ee5ng tho\u1ea3i m\u00e1i khi l\u01b0\u1edbt web, ch\u01a1i game, ho\u1eb7c l\u00e0m vi\u1ec7c. H\u01a1n n\u1eefa c\u1ee7 s\u1ea1c \u0111i k\u00e8m v\u1edbi m\u00e1y c\u0169ng l\u00e0 c\u1ee7 s\u1ea1c nhanh 5V-3A cho kh\u1ea3 n\u0103ng s\u1ea1c ch\u1ec9 kho\u1ea3ng h\u01a1n 90 ph\u00fat r\u1ea5t ti\u1ec7n l\u1ee3i.<\/p>\n<\/div>\n","protected":false},"excerpt":{"rendered":"<p>Xiaomi Mi Note 3 64GB, Ram 4B m\u1edbi nguy\u00ean Seal Gi\u00e1 r\u1ebb nh\u1ea5t\u00a0| HungMobile Xiaomi Mi Note 3 l\u00e0 phi\u00ean b\u1ea3n n\u00e2ng c\u1ea5p \u0111\u00e1ng gi\u00e1 so v\u1edbi ng\u01b0\u1eddi ti\u1ec1n nhi\u1ec7m c\u1ee7a Mi Note 2 tr\u01b0\u1edbc \u0111\u00f3 b\u1edfi s\u1ea3n ph\u1ea9m n\u00e0y \u0111\u01b0\u1ee3c coi l\u00e0 phi\u00ean b\u1ea3n ph\u00f3ng to c\u1ee7a\u00a0flagship cao c\u1ea5p Mi 6. S\u1ea3n ph\u1ea9m n\u00e0y \u0111\u01b0\u1ee3c b\u00e1n t\u1ea1i HungMobile v\u1edbi ch\u1ea5t l\u01b0\u1ee3ng l\u00e0 m\u00e1y m\u1edbi 100% nguy\u00ean Seal, b\u1ea3o h\u00e0nh 12 th\u00e1ng. \u0110\u00e2y s\u1ebd l\u00e0 m\u1ed9t\u00a0chi\u1ebfc \u0111i\u1ec7n tho\u1ea1i t\u1ed1t nh\u1ea5t [&#8230;]\n","protected":false},"featured_media":921,"comment_status":"open","ping_status":"closed","template":"","meta":[],"khoang_gia":[],"_links":{"self":[{"href":"https:\/\/webmaibinh.com\/w\/dienmay2011\/wp-json\/wp\/v2\/product\/920"}],"collection":[{"href":"https:\/\/webmaibinh.com\/w\/dienmay2011\/wp-json\/wp\/v2\/product"}],"about":[{"href":"https:\/\/webmaibinh.com\/w\/dienmay2011\/wp-json\/wp\/v2\/types\/product"}],"replies":[{"embeddable":true,"href":"https:\/\/webmaibinh.com\/w\/dienmay2011\/wp-json\/wp\/v2\/comments?post=920"}],"wp:featuredmedia":[{"embeddable":true,"href":"https:\/\/webmaibinh.com\/w\/dienmay2011\/wp-json\/wp\/v2\/media\/921"}],"wp:attachment":[{"href":"https:\/\/webmaibinh.com\/w\/dienmay2011\/wp-json\/wp\/v2\/media?parent=920"}],"wp:term":[{"taxonomy":"khoang_gia","embeddable":true,"href":"https:\/\/webmaibinh.com\/w\/dienmay2011\/wp-json\/wp\/v2\/khoang_gia?post=920"}],"curies":[{"name":"wp","href":"https:\/\/api.w.org\/{rel}","templated":true}]}}