{"id":912,"date":"2018-03-22T17:09:57","date_gmt":"2018-03-22T17:09:57","guid":{"rendered":"http:\/\/dienmay1.khowebseotop.vn\/?post_type=product&#038;p=912"},"modified":"2018-03-22T17:19:49","modified_gmt":"2018-03-22T17:19:49","slug":"samsung-galaxy-s9-plus-chinh-hang-fpt","status":"publish","type":"product","link":"https:\/\/webmaibinh.com\/w\/dienmay2011\/san-pham\/samsung-galaxy-s9-plus-chinh-hang-fpt\/","title":{"rendered":"Samsung Galaxy S9 Plus Ch\u00ednh H\u00e3ng (FPT)"},"content":{"rendered":"<div class=\"desc-height\">\n<h2>Samsung Galaxy S9 Plus Ch\u00ednh H\u00e3ng\u00a0gi\u00e1 Si\u00eau R\u1ebb | HungMobile<\/h2>\n<p>Samsung Galaxy S9 Plus v\u1eeba m\u1edbi \u0111\u01b0\u1ee3c Samsung cho ra m\u1eaft c\u00e1ch \u0111\u00e2y l\u00e2u, v\u00e0 ngay sau khi h\u00e3ng m\u1edf b\u00e1n th\u00ec HungMobile \u0111\u00e3 ti\u1ebfp nh\u1eadn r\u1ea5t nhi\u1ec1u li\u00ean l\u1ea1c c\u1ee7a kh\u00e1ch h\u00e0ng v\u1ec1 s\u1ea3n ph\u1ea9m Galaxy S9 Plus ch\u00ednh h\u00e3ng n\u00e0y. V\u1edbi kinh nghi\u1ec7m nhi\u1ec1u n\u0103m kinh doanh c\u00e1c d\u00f2ng \u0111i\u1ec7n tho\u1ea1i Samsung ch\u00ednh h\u00e3ng v\u00e0 Samsung x\u00e1ch tay th\u00ec HungMobile kh\u00f4ng \u0111\u1ec3 c\u00e1c b\u1ea1n ph\u1ea3i \u0111\u1ee3i ch\u1edd qu\u00e1 l\u00e2u. Nh\u1eefng chi\u1ebfc Galaxy S9 Plus ch\u00ednh h\u00e3ng FPT \u0111\u00e3 ch\u00ednh th\u1ee9c c\u00f3 h\u00e0ng t\u1ea1i HungMobile v\u1edbi m\u1ee9c gi\u00e1 r\u1ebb v\u00e0 ti\u1ebft ki\u1ec7m h\u01a1n FPT \u0111ang b\u00e1n l\u00ean \u0111\u1ebfn 3 tri\u1ec7u \u0111\u1ed3ng.<\/p>\n<p><img src=\"https:\/\/hungmobile.vn\/images\/dien-thoai\/samsung-galaxy-s9-plus-fpt(04).jpg\" alt=\"Samsung Galaxy S9 Plus ch\u00ednh h\u00e3ng\" \/><\/p>\n<h2>Samsung Galaxy S9 Plus c\u00f3 thi\u1ebft k\u1ebf n\u00e2ng c\u1ea5p, to\u00e0n di\u1ec7n h\u01a1n<\/h2>\n<p>Si\u00eau ph\u1ea9m Galaxy S9 Plus kh\u00f4ng c\u00f3 s\u1ef1 \u0111\u1ed9t ph\u00e1 ho\u00e0n to\u00e0n v\u1ec1 thi\u1ebft k\u1ebf, v\u1eabn l\u00e0 khung kim lo\u1ea1i k\u1ebft h\u1ee3p v\u1edbi 2 m\u1eb7t k\u00ednh c\u01b0\u1eddng l\u1ef1c \u1ed1p hai m\u1eb7t. \u0110i\u1ec3m nh\u1ea5n l\u00e0 m\u00e0n h\u00ecnh v\u00f4 c\u1ef1c Infinity Display \u0111\u01b0\u1ee3c l\u00e0m m\u1ecfng h\u01a1n \u0111em l\u1ea1i tr\u1ea3i nghi\u1ec7m r\u1ea5t th\u00fa v\u1ecb v\u00e0 khung kim lo\u1ea1i \u0111\u01b0\u1ee3c bo cong m\u1ed9t c\u00e1ch m\u1ec1m m\u1ea1i.<\/p>\n<p><img src=\"https:\/\/hungmobile.vn\/images\/dien-thoai\/samsung-galaxy-s9-plus-fpt(14).jpg\" alt=\"M\u1eb7t sau Galaxu S9 Plus\" \/><\/p>\n<h2>M\u00e0n h\u00ecnh v\u00f4 c\u1ef1c, ch\u1ea5t l\u01b0\u1ee3ng ho\u00e0n h\u1ea3o<\/h2>\n<p>M\u00e1y \u0111\u01b0\u1ee3c trang b\u1ecb m\u00e0n h\u00ecnh l\u1edbn 6.2&#8243;inch, \u0111\u1ed9 ph\u00e2n gi\u1ea3i\u00a02K+ (1440 x 2960 Pixels)\u00a0cho ch\u1ea5t l\u01b0\u1ee3ng hi\u1ec3n th\u1ecb si\u00eau s\u1eafc n\u00e9t. K\u1ebft h\u1ee3p v\u1edbi \u0111\u00f3 l\u00e0 k\u00ednh\u00a0t\u1ea5m n\u1ec1n\u00a0Super AMOLED\u00a0v\u00e0 \u0111\u01b0\u1ee3c b\u1ea3o v\u1ec7 b\u1edfi t\u1ea5m k\u00ednh c\u01b0\u1eddng l\u1ef1c\u00a0Corning Gorilla Glass 5 cao c\u1ea5p.<\/p>\n<p><img src=\"https:\/\/hungmobile.vn\/images\/dien-thoai\/samsung-galaxy-s9-plus-fpt(09).jpg\" alt=\"M\u1eb7t tr\u01b0\u1edbc m\u00e1y\" \/><\/p>\n<h2>Camera \u0111\u1ed9t ph\u00e1 c\u00f4ng ngh\u1ec7<\/h2>\n<p>Galaxy S9 Plus l\u00e0 Smartphone \u0111\u1ea7u ti\u00ean tr\u00ean th\u1ebf gi\u1edbi \u0111\u01b0\u1ee3c trang b\u1ecb camera c\u00f3 kh\u1ea3 n\u0103ng thay \u0111\u1ed5i kh\u1ea9u \u0111\u1ed9 nh\u01b0 m\u00e1y \u1ea3nh chuy\u00ean nghi\u1ec7p, ph\u00e1 v\u1ee1 m\u1ecdi gi\u1edbi h\u1ea1n c\u1ee7a \u0111i\u1ec7n tho\u1ea1i tr\u01b0\u1edbc \u0111\u00e2y. M\u00e1y c\u00f3 th\u1ec3 thay \u0111\u1ed5i kh\u1ea9u \u0111\u1ed9 t\u1eeb f\/1.5 \u0111\u1ebfn f\/2.4 t\u00f9y theo \u0111i\u1ec1u ki\u1ec7n \u00e1nh s\u00e1ng \u0111\u1ec3 ng\u01b0\u1eddi d\u00f9ng c\u00f3 th\u1ec3 bi\u1ebfn t\u1ea5u nh\u1eefng b\u1ee9c h\u00ecnh c\u1ee7a m\u00ecnh cho ph\u00f9 h\u1ee3p.<\/p>\n<p><img src=\"https:\/\/hungmobile.vn\/images\/dien-thoai\/samsung-galaxy-s9-plus-fpt(13).jpg\" alt=\"Camera sau S9 Plus\" \/><\/p>\n<p>M\u00e1y c\u0169ng \u0111\u01b0\u1ee3c trang b\u1ecb camera k\u00e9p v\u1edbi kh\u1ea3 n\u0103ng zom 2x r\u00f5 n\u00e9t, c\u0169ng nh\u01b0 \u0111\u1ec3 c\u00f3 th\u1ec3 ch\u1ee5p nh\u1eefng b\u1ee9c h\u00ecnh x\u00f3a ph\u00f4ng \u1ea3o di\u1ec7u.<\/p>\n<p><img src=\"https:\/\/hungmobile.vn\/images\/dien-thoai\/samsung-galaxy-s9-plus-fpt(06).jpg\" alt=\"Camea tr\u01b0\u1edbc\" \/><\/p>\n<p>Camera tr\u01b0\u1edbc c\u00f3 \u0111\u1ed9 ph\u00e2n gi\u1ea3i 8.MP v\u1edbi nhi\u1ec1u ch\u1ebf \u0111\u1ed9 l\u00e0m \u0111\u1eb9p, l\u00e0m m\u1ecbn da c\u1ee7a Samsung.<\/p>\n<h2>Hi\u1ec7u n\u0103ng<\/h2>\n<p>V\u1ec1 c\u1ea5u h\u00ecnh, Galaxy S9 \u0111\u01b0\u1ee3c trang b\u1ecb con chip Exynos 9810 8 nh\u00e2n 64bit, 6GB Ram \u0111em l\u1ea1i hi\u1ec7u n\u0103ng m\u1ea1nh m\u1ebd, v\u01b0\u1ee3t tr\u1ed9i. M\u00e1y s\u1ebd \u0111\u01b0\u1ee3c trang b\u1ecb s\u1eb5n\u00a0Android 8.0 tr\u00ean giao di\u1ec7n Samsung Experience 9.0.<\/p>\n<p><img src=\"https:\/\/hungmobile.vn\/images\/dien-thoai\/samsung-galaxy-s9-plus-fpt(11).jpg\" alt=\"Hi\u1ec7u n\u0103ng Galaxy S9 Plus\" \/><\/p>\n<p>M\u00e1y \u0111\u01b0\u1ee3c trang b\u1ecb s\u1eb5n vi\u00ean pin c\u00f3 dung l\u01b0\u1ee3ng 3500mAh v\u00e0 c\u00f4ng ngh\u1ec7 s\u1ea1c nhanh khi\u1ebfn chi\u1ebfc S9 kh\u00f4ng s\u1ee3 &#8220;ch\u1ebft y\u1ec3u&#8221; trong m\u1ed9t ng\u00e0y.<\/p>\n<h2>H\u1ed7 tr\u1ee3 nhi\u1ec1u t\u00ednh n\u0103ng h\u1eefu \u00edch kh\u00e1c<\/h2>\n<p>Galaxy S9 Plus l\u00e0 phi\u00ean b\u1ea3n n\u00e2ng c\u1ea5p, v\u00ec v\u1eady m\u00e0 m\u00e1y \u0111\u01b0\u1ee3c k\u1ebf th\u1eeba r\u1ea5t nhi\u1ec1u t\u00ednh n\u0103ng h\u1eefu \u00edch t\u1eeb Galaxy S8 nh\u01b0 c\u00f4ng ngh\u1ec7 b\u1ea3o m\u1eadt v\u00e2n tay, m\u1ed1ng m\u1eaft, s\u1ea1c nhanh kh\u00f4ng d\u00e2y, ch\u1ed1ng n\u01b0\u1edbc iP68, Samsung Dex, Samsung Pay v\u00e0 c\u00e1c c\u00f4ng ngh\u1ec7 AR Emoji, hay Bixby Vision.<\/p>\n<p><img src=\"https:\/\/hungmobile.vn\/images\/dien-thoai\/samsung-galaxy-s9-plus-fpt(05).jpg\" alt=\"C\u00f4ng ngh\u1ec7 AR Emoji\" \/><\/p>\n<\/div>\n<div class=\"ct-more col-sm-12\"><\/div>\n<div class=\" p-buy \">\n<div class=\"row\">\n<div class=\"col-sm-9 col-sm-offset-1 col-md-8 col-md-offset-2 col-xs-12\">\n<div class=\"row\">\n<div class=\"col-sm-6 pd-xs col-xs-12\">\n<p><a class=\"btn btn-default p-buy-1\" data-toggle=\"modal\" data-target=\"#myModal\">\u0110\u1eb6T H\u00c0NG NGAY<\/a>(Giao h\u00e0ng to\u00e0n qu\u1ed1c)<\/p>\n<\/div>\n<div class=\"col-sm-6 pd-xs col-xs-12\">\n<p><a class=\"btn btn-default p-buy-2 col-sm-6\" href=\"https:\/\/hungmobile.vn\/mua-hang-tra-gop\/samsung-galaxy-s9-plus-chinh-hang-gia-re.html\" target=\"_blank\" rel=\"noopener\">MUA TR\u1ea2 G\u00d3P<\/a>(Th\u1ee7 t\u1ee5c \u0111\u01a1n gi\u1ea3n &#8211; Vay trong 10p)<\/p>\n<\/div>\n<\/div>\n<\/div>\n<\/div>\n<div class=\"p-contact col-lg-6 col-lg-offset-3 col-md-8 col-md-offset-3 hidden-xs\">\n<div class=\"contact-phone\"><\/div>\n<\/div>\n<\/div>\n","protected":false},"excerpt":{"rendered":"<p>Samsung Galaxy S9 Plus Ch\u00ednh H\u00e3ng\u00a0gi\u00e1 Si\u00eau R\u1ebb | HungMobile Samsung Galaxy S9 Plus v\u1eeba m\u1edbi \u0111\u01b0\u1ee3c Samsung cho ra m\u1eaft c\u00e1ch \u0111\u00e2y l\u00e2u, v\u00e0 ngay sau khi h\u00e3ng m\u1edf b\u00e1n th\u00ec HungMobile \u0111\u00e3 ti\u1ebfp nh\u1eadn r\u1ea5t nhi\u1ec1u li\u00ean l\u1ea1c c\u1ee7a kh\u00e1ch h\u00e0ng v\u1ec1 s\u1ea3n ph\u1ea9m Galaxy S9 Plus ch\u00ednh h\u00e3ng n\u00e0y. V\u1edbi kinh nghi\u1ec7m nhi\u1ec1u n\u0103m kinh doanh c\u00e1c d\u00f2ng \u0111i\u1ec7n tho\u1ea1i Samsung ch\u00ednh h\u00e3ng v\u00e0 Samsung x\u00e1ch tay th\u00ec HungMobile kh\u00f4ng \u0111\u1ec3 c\u00e1c b\u1ea1n ph\u1ea3i \u0111\u1ee3i ch\u1edd qu\u00e1 [&#8230;]\n","protected":false},"featured_media":915,"comment_status":"open","ping_status":"closed","template":"","meta":[],"khoang_gia":[],"_links":{"self":[{"href":"https:\/\/webmaibinh.com\/w\/dienmay2011\/wp-json\/wp\/v2\/product\/912"}],"collection":[{"href":"https:\/\/webmaibinh.com\/w\/dienmay2011\/wp-json\/wp\/v2\/product"}],"about":[{"href":"https:\/\/webmaibinh.com\/w\/dienmay2011\/wp-json\/wp\/v2\/types\/product"}],"replies":[{"embeddable":true,"href":"https:\/\/webmaibinh.com\/w\/dienmay2011\/wp-json\/wp\/v2\/comments?post=912"}],"wp:featuredmedia":[{"embeddable":true,"href":"https:\/\/webmaibinh.com\/w\/dienmay2011\/wp-json\/wp\/v2\/media\/915"}],"wp:attachment":[{"href":"https:\/\/webmaibinh.com\/w\/dienmay2011\/wp-json\/wp\/v2\/media?parent=912"}],"wp:term":[{"taxonomy":"khoang_gia","embeddable":true,"href":"https:\/\/webmaibinh.com\/w\/dienmay2011\/wp-json\/wp\/v2\/khoang_gia?post=912"}],"curies":[{"name":"wp","href":"https:\/\/api.w.org\/{rel}","templated":true}]}}