{"id":1283,"date":"2018-12-19T15:12:43","date_gmt":"2018-12-19T15:12:43","guid":{"rendered":"http:\/\/dienmay1.khowebseotop.vn\/?post_type=product&#038;p=1283"},"modified":"2018-12-19T15:13:20","modified_gmt":"2018-12-19T15:13:20","slug":"laptop-dell-inspiron-7567-n7567a-core-i7-7700hq-win10","status":"publish","type":"product","link":"https:\/\/webmaibinh.com\/w\/dienmay2011\/san-pham\/laptop-dell-inspiron-7567-n7567a-core-i7-7700hq-win10\/","title":{"rendered":"Laptop Dell Inspiron 7567 N7567A \u2013 Core i7-7700HQ\/Win10"},"content":{"rendered":"<h3 class=\"product-table-title\"><strong>TH\u00d4NG TIN CHI TI\u1ebeT<\/strong><\/h3>\n<div class=\"white-panel\">\n<div class=\"attribute-table multi-table\"><\/div>\n<table id=\"chi-tiet\" class=\"table table-bordered table-detail table-striped\" cellspacing=\"0\">\n<colgroup>\n<col \/>\n<col \/><\/colgroup>\n<tbody>\n<tr>\n<td>Th\u01b0\u01a1ng hi\u1ec7u<\/td>\n<td class=\"last\">HP<\/td>\n<\/tr>\n<tr>\n<td>SKU<\/td>\n<td class=\"last\">5300655454803<\/td>\n<\/tr>\n<tr>\n<td>M\u00e0u<\/td>\n<td class=\"last\">B\u1ea1c<\/td>\n<\/tr>\n<tr>\n<td>Lo\u1ea1i l\u00f5i chip<\/td>\n<td class=\"last\">Intel Core i3<\/td>\n<\/tr>\n<tr>\n<td>T\u1ed1c \u0111\u1ed9 chip (GHz)<\/td>\n<td class=\"last\">2.3GHz\/3MB L3<\/td>\n<\/tr>\n<tr>\n<td>T\u00ean chip<\/td>\n<td class=\"last\">Core i3-6100U<\/td>\n<\/tr>\n<tr>\n<td>H\u1ec7 \u0111i\u1ec1u h\u00e0nh<\/td>\n<td class=\"last\">Dos<\/td>\n<\/tr>\n<tr>\n<td>K\u00edch th\u01b0\u1edbc m\u00e0n h\u00ecnh<\/td>\n<td class=\"last\">14 inch<\/td>\n<\/tr>\n<tr>\n<td>\u0110\u1ed9 ph\u00e2n gi\u1ea3i m\u00e0n h\u00ecnh<\/td>\n<td class=\"last\">1366 x 768 pixel<\/td>\n<\/tr>\n<tr>\n<td>Card \u0111\u1ed3 h\u1ecda<\/td>\n<td class=\"last\">Intel HD Graphics<\/td>\n<\/tr>\n<tr>\n<td>Dung l\u01b0\u1ee3ng \u1ed5 c\u1ee9ng<\/td>\n<td class=\"last\">500GB<\/td>\n<\/tr>\n<tr>\n<td>B\u1ed9 Nh\u1edb RAM<\/td>\n<td class=\"last\">4GB<\/td>\n<\/tr>\n<\/tbody>\n<\/table>\n<p>&nbsp;<\/p>\n<\/div>\n<h3 class=\"product-table-title\"><strong>M\u00d4 T\u1ea2 S\u1ea2N PH\u1ea8M<\/strong><\/h3>\n<div class=\"white-panel\">\n<div class=\"product-description\">\n<div class=\"product-content-detail\">\n<div id=\"gioi-thieu\" class=\"content js-content expand\">\n<p><strong>Laptop HP ProBook 440 G3 T9S24PA B\u1ea1c<\/strong><\/p>\n<p><strong>Laptop HP ProBook 440 G3 T9S24PA B\u1ea1c<\/strong>\u00a0l\u00e0 s\u1ea3n ph\u1ea9m laptop c\u1ee7a HP \u0111\u01b0\u1ee3c trang b\u1ecb b\u1ed9 vi x\u1eed l\u00fd th\u1ebf h\u1ec7 th\u1ee9 6 c\u1ee7a Intel \u2013Skylake- mang l\u1ea1i hi\u1ec7u n\u0103ng v\u01b0\u1ee3t tr\u1ed9i, tu\u1ed5i th\u1ecd pin d\u00e0i h\u01a1n, \u0111\u1ed3ng th\u1eddi c\u1ea3i ti\u1ebfn thi\u1ebft k\u1ebf m\u1ecfng v\u00e0 nh\u1eb9 h\u01a1n cho ng\u01b0\u1eddi d\u00f9ng v\u0103n ph\u00f2ng.<strong>\u00a0Intel \u00a0Core\u2122 i3-6100U (3M Cache, 2.3 GHz)<\/strong>,<strong>\u00a0Integrated Intel\u00ae HD Graphics 520<\/strong>,\u00a0<strong>4GB RAM<\/strong>\u00a0v\u00e0 m\u00e0n h\u00ecnh\u00a0<strong>14 inch HD Anti-glare LED-backlit<\/strong>\u00a0l\u00e0 nh\u1eefng \u0111i\u1ec3m nh\u1ea5n trong d\u00f2ng s\u1ea3n ph\u1ea9m n\u00e0y.<\/p>\n<p><img loading=\"lazy\" class=\"aligncenter\" title=\"Laptop HP ProBook 440 G3 T9S24PA B\u1ea1c\" src=\"http:\/\/dienmay1.khowebseotop.vn\/wp-content\/uploads\/2018\/12\/laptop-hp-probook-440-g3-t9s24pa-bac-1264.jpg\" alt=\"Laptop HP ProBook 440 G3 T9S24PA B\u1ea1c\" width=\"600\" height=\"520\" \/><\/p>\n<p><strong>Th\u00f4ng tin s\u1ea3n ph\u1ea9m<\/strong><\/p>\n<p><strong>C\u1ea5u h\u00ecnh m\u1ea1nh m\u1ebd<\/strong><\/p>\n<p>M\u00e1y s\u1eed d\u1ee5ng chip Intel\u00ae Core\u2122 i3-6100U Processor (3M Cache, 2.3 GHz). \u0110\u00e2y l\u00e0 d\u00f2ng CPU Intel Skylake, b\u1ed9 vi x\u1eed l\u00fd th\u1ee9 6 c\u00f3 hi\u1ec7u n\u0103ng m\u1ea1nh nh\u1ea5t c\u1ee7a Intel v\u1eeba \u0111\u01b0\u1ee3c gi\u1edbi thi\u1ec7u v\u1eeba qua. Theo h\u00e3ng Intel, th\u1ebf h\u1ec7 vi x\u1eed l\u00fd m\u1edbi nh\u1ea5t Skylake so v\u1edbi th\u1ebf h\u1ec7 tr\u01b0\u1edbc Broadwell cho hi\u1ec7u n\u0103ng cao h\u01a1n t\u1eeb 11% t\u1edbi 17%, gi\u1ea3m \u0111i\u1ec7n ti\u00eau th\u1ee5, t\u0103ng tu\u1ed5i th\u1ecd pin, cho th\u1eddi l\u01b0\u1ee3ng pin d\u00e0i h\u01a1n 1.4 gi\u1edd, t\u0103ng c\u01b0\u1eddng b\u1ea3o m\u1eadt t\u1eeb trong c\u1ea5u tr\u00fac v\u00e0 c\u1ea3i thi\u1ec7n hi\u1ec7u n\u0103ng \u0111\u1ed3 h\u1ecda t\u1ed1t h\u01a1n \u0111\u1ebfn 40%.<\/p>\n<p><strong>H\u1ed7 tr\u1ee3 \u0111\u1ed3 h\u1ecda cho h\u00ecnh \u1ea3nh trung th\u1ef1c, s\u1eafc n\u00e9t<\/strong><\/p>\n<p>M\u00e0n h\u00ecnh 14\u201d HD c\u00f4ng ngh\u1ec7 ch\u1ed1ng ch\u00f3i mang \u0111\u1ebfn d\u1ea3i m\u00e0u r\u1ed9ng, \u0111\u1ed9 t\u01b0\u01a1ng ph\u1ea3n t\u1ed1t cho ch\u1ea5t l\u01b0\u1ee3ng hi\u1ec3n th\u1ecb t\u01b0\u01a1ng \u0111\u1ed1i t\u1ed1t c\u00f9ng \u0111\u1ed9 ph\u00e2n gi\u1ea3i 1366\u00d7768 th\u00f4ng d\u1ee5ng hi\u1ec7n nay.\u00a0Chip \u0111\u1ed3 h\u1ecda t\u00edch h\u1ee3p m\u1edbi Intel HD Graphics 520 x\u1eed l\u00fd \u0111\u1ed3 h\u1ecda t\u1ed1t h\u01a1n, h\u1ed7 tr\u1ee3 4K.<\/p>\n<p><img loading=\"lazy\" class=\"aligncenter\" title=\"Laptop HP ProBook 440 G3 T9S24PA B\u1ea1c\" src=\"http:\/\/dienmay1.khowebseotop.vn\/wp-content\/uploads\/2018\/12\/laptop-hp-probook-440-g3-t9s24pa-bac-1264-1.jpg\" alt=\"Laptop HP ProBook 440 G3 T9S24PA B\u1ea1c\" width=\"600\" height=\"415\" \/><\/p>\n<p><strong>Hi\u1ec7u n\u0103ng s\u1eed d\u1ee5ng cao<\/strong><\/p>\n<p>M\u00e1y \u0111\u01b0\u1ee3c trang b\u1ecb pin ti\u00eau chu\u1ea9n 44 Whr v\u00e0 h\u1ed7 tr\u1ee3 c\u00f4ng ngh\u1ec7 s\u1ea1c nhanh v\u1edbi kh\u1ea3 n\u0103ng s\u1ea1c 90% trong v\u00f2ng 3 ti\u1ebfng ph\u00f9 h\u1ee3p cho phong c\u00e1ch du l\u1ecbch, t\u00ednh ch\u1ea5t c\u00f4ng vi\u1ec7c hay \u0111i l\u1ea1i, di chuy\u1ec3n nhi\u1ec1u.Nh\u1edd v\u00e0o \u1ed5 c\u1ee9ng chu\u1ea9n SATA v\u1edbi s\u1ed1 v\u00f2ng quay 5400 rpm v\u00e0 b\u0103ng th\u00f4ng d\u1eef li\u1ec7u l\u00ean \u0111\u1ebfn 6Gb\/gi\u00e2y, g\u00f3p ph\u1ea7n t\u0103ng hi\u1ec7u n\u0103ng cho \u1ed5 \u0111\u0129a l\u01b0u tr\u1eef, gi\u1ea3m hi\u1ec7n t\u01b0\u1ee3ng ngh\u1ebdn c\u1ed5 chai trong qu\u00e1 tr\u00ecnh truy\u1ec1n d\u1eef li\u1ec7u. Dung l\u01b0\u1ee3ng \u1ed5 c\u1ee9ng 500 GB gi\u00fap b\u1ea1n tho\u1ea3i m\u00e1i l\u01b0u tr\u1eef t\u00e0i li\u1ec7u.<\/p>\n<\/div>\n<\/div>\n<\/div>\n<\/div>\n","protected":false},"excerpt":{"rendered":"<ul>\n<li>K\u00edch th\u01b0\u1edbc: 33.9 x 24.4 x 2.31 cm (WxDxH)<\/li>\n<li>Tr\u1ecdng l\u01b0\u01a1ng: 1.8 kg<\/li>\n<li>CPU: Intel\u00ae Core\u2122 i3-6100U Processor (3M Cache, 2.3 GHz)<\/li>\n<li>RAM: 4GB DDR3L 1600 MHz SDRAM<\/li>\n<li>HDD: 500GB SATA (5400rpm)<\/li>\n<\/ul>\n","protected":false},"featured_media":1285,"comment_status":"open","ping_status":"closed","template":"","meta":[],"khoang_gia":[],"_links":{"self":[{"href":"https:\/\/webmaibinh.com\/w\/dienmay2011\/wp-json\/wp\/v2\/product\/1283"}],"collection":[{"href":"https:\/\/webmaibinh.com\/w\/dienmay2011\/wp-json\/wp\/v2\/product"}],"about":[{"href":"https:\/\/webmaibinh.com\/w\/dienmay2011\/wp-json\/wp\/v2\/types\/product"}],"replies":[{"embeddable":true,"href":"https:\/\/webmaibinh.com\/w\/dienmay2011\/wp-json\/wp\/v2\/comments?post=1283"}],"wp:featuredmedia":[{"embeddable":true,"href":"https:\/\/webmaibinh.com\/w\/dienmay2011\/wp-json\/wp\/v2\/media\/1285"}],"wp:attachment":[{"href":"https:\/\/webmaibinh.com\/w\/dienmay2011\/wp-json\/wp\/v2\/media?parent=1283"}],"wp:term":[{"taxonomy":"khoang_gia","embeddable":true,"href":"https:\/\/webmaibinh.com\/w\/dienmay2011\/wp-json\/wp\/v2\/khoang_gia?post=1283"}],"curies":[{"name":"wp","href":"https:\/\/api.w.org\/{rel}","templated":true}]}}