{"id":728,"date":"2017-08-09T01:49:09","date_gmt":"2017-08-08T18:49:09","guid":{"rendered":"https:\/\/bizhostvn.com\/w\/dienmay\/?post_type=product&#038;p=728"},"modified":"2017-08-18T09:42:46","modified_gmt":"2017-08-18T02:42:46","slug":"ipad-pro-10-5-inch-wifi-64gb","status":"publish","type":"product","link":"https:\/\/webmaibinh.com\/w\/dienmay\/s\u1ea3n ph\u1ea9m\/ipad-pro-10-5-inch-wifi-64gb\/","title":{"rendered":"iPad Pro 10.5 inch Wifi 64GB"},"content":{"rendered":"<h2><strong>iPad Pro 10.5 inch Wifi 64GB (2017) v\u1edbi k\u00edch th\u01b0\u1edbc m\u00e0n h\u00ecnh nh\u1ecf h\u01a1n, vi\u1ec1n m\u00e0n h\u00ecnh si\u00eau m\u1ecfng c\u00f9ng hi\u1ec7u n\u0103ng m\u1ea1nh m\u1ebd s\u1ebd \u0111\u00e1p \u1ee9ng t\u1ed1t cho b\u1ea1n trong m\u1ecdi nhu c\u1ea7u s\u1eed d\u1ee5ng h\u1eb1ng ng\u00e0y.<\/strong><\/h2>\n<h3><strong>Thi\u1ebft k\u1ebf sang tr\u1ecdng<\/strong><\/h3>\n<p>\u0110i\u1ec3m kh\u00e1c bi\u1ec7t l\u1edbn nh\u1ea5t \u1edf m\u1eabu\u00a0iPad Pro 10.5 inch Wifi 64GB (2017) so v\u1edbi c\u00e1c th\u1ebf h\u1ec7 iPad c\u0169 ch\u00ednh l\u00e0 ph\u1ea7n vi\u1ec1n m\u00e0n h\u00ecnh c\u1ee7a m\u00e1y gi\u1edd \u0111\u00e2y \u0111\u00e3 \u0111\u01b0\u1ee3c l\u00e0m m\u1ecfng h\u01a1n r\u1ea5t nhi\u1ec1u so v\u1edbi c\u00e1c \u0111\u00e0n anh \u0111i tr\u01b0\u1edbc.<\/p>\n<p>Vi\u1ec7c t\u1ed1i gi\u1ea3n \u0111\u01b0\u1ee3c ph\u1ea7n vi\u1ec1n m\u00e0n h\u00ecnh khi\u1ebfn k\u00edch th\u01b0\u1edbc c\u1ee7a m\u00e1y gi\u1ea3m \u0111i \u0111\u00e1ng k\u1ec3 m\u00e0 v\u1eabn mang l\u1ea1i cho ng\u01b0\u1eddi d\u00f9ng kh\u00f4ng gian tr\u1ea3i nghi\u1ec7m \u0111\u1ea7y \u0111\u1ee7 ph\u1ea7n m\u00e0n h\u00ecnh c\u00f3 k\u00edch th\u01b0\u1edbc l\u00ean t\u1edbi 10.5 inch.<\/p>\n<p>Apple v\u1eabn gi\u1eef nguy\u00ean 4 loa \u0111\u1eb7t \u1edf 4 g\u00f3c c\u1ee7a m\u00e1y \u0111\u1ec3 mang \u0111\u1ebfn tr\u1ea3i nghi\u1ec7m \u00e2m thanh s\u1ed1ng \u0111\u1ed9ng cho ng\u01b0\u1eddi d\u00f9ng.<\/p>\n<h3><strong>Hi\u1ec7u n\u0103ng h\u00e0ng \u0111\u1ea7u<\/strong><\/h3>\n<p>C\u1ea5u h\u00ecnh c\u1ef1c m\u1ea1nh ch\u00ednh l\u00e0 \u0111i\u1ec3m \u0111\u00e1ng ch\u00fa \u00fd nh\u1ea5t c\u1ee7a m\u00e1y khi s\u1eed d\u1ee5ng con chip m\u1edbi\u00a0Apple A10X 6 nh\u00e2n 64-bit\u00a0cho hi\u1ec7u n\u0103ng t\u0103ng \u1ea5n t\u01b0\u1ee3ng v\u00e0 kh\u1ea3 n\u0103ng ti\u1ebft ki\u1ec7m pin t\u1ed1t h\u01a1n.<\/p>\n<p>Ngo\u00e0i ra m\u00e1y c\u00f2n s\u1edf h\u1eefu m\u1ee9c RAM kh\u1ee7ng l\u00ean t\u1edbi 4 GB c\u00f9ng b\u1ed9 nh\u1edb trong l\u1edbn 64 GB khi\u1ebfn iPad Pro 10.5 inch 2017 c\u00f3 th\u1ec3 s\u1eed d\u1ee5ng m\u01b0\u1ee3t m\u00e0 t\u1ea5t c\u1ea3 c\u00e1c game v\u00e0 \u1ee9ng d\u1ee5ng \u0111ang c\u00f3 m\u1eb7t tr\u00ean th\u1ecb tr\u01b0\u1eddng.<\/p>\n<p><a class=\"preventdefault\" href=\"https:\/\/www.thegioididong.com\/images\/522\/106036\/ipad-pro-105-inch-wifi-64gb-20178.jpg\"><img class=\"lazy aligncenter\" title=\"B\u00e0n ph\u00edm gi\u00fap b\u1ea1n l\u00e0m vi\u1ec7c nhanh ch\u00f3ng\" src=\"https:\/\/cdn2.tgdd.vn\/Products\/Images\/522\/106036\/ipad-pro-105-inch-wifi-64gb-20178.jpg\" alt=\"B\u00e0n ph\u00edm gi\u00fap b\u1ea1n l\u00e0m vi\u1ec7c nhanh ch\u00f3ng\" data-original=\"https:\/\/cdn2.tgdd.vn\/Products\/Images\/522\/106036\/ipad-pro-105-inch-wifi-64gb-20178.jpg\" \/><\/a><\/p>\n<p><i>B\u00e0n ph\u00edm gi\u00fap b\u1ea1n l\u00e0m vi\u1ec7c nhanh ch\u00f3ng<\/i><\/p>\n<p>Ngo\u00e0i ra khi s\u1eed d\u1ee5ng v\u1edbi b\u00e0n ph\u00edm Apple\u2019s Smart Keyboard th\u00ec chi\u1ebfc iPad Pro 10.5 inch c\u1ee7a b\u1ea1n c\u00f3 th\u1ec3 ho\u1ea1t \u0111\u1ed9ng nh\u01b0 m\u1ed9t chi\u1ebfc laptop th\u1ef1c th\u1ee5.<\/p>\n<h3><strong>Camera \u0111\u01b0\u1ee3c n\u00e2ng c\u1ea5p<\/strong><\/h3>\n<p>M\u00e1y s\u1edf h\u1eefu camera ch\u00ednh \u0111\u1ed9 ph\u00e2n gi\u1ea3i 12 MP, kh\u1ea9u \u0111\u1ed9 l\u1edbn F\/1.8, h\u1ed7 tr\u1ee3 ch\u1ed1ng rung quang h\u1ecdc OIS mang \u0111\u1ebfn nh\u1eefng b\u1ee9c \u1ea3nh \u1ea5n t\u01b0\u1ee3ng kh\u00f4ng k\u00e9m c\u00e1c smartphone cao c\u1ea5p.<\/p>\n<p><a class=\"preventdefault\" href=\"https:\/\/www.thegioididong.com\/images\/522\/106036\/ipad-pro-105-inch-wifi-64gb-201711.jpg\"><img class=\"lazy aligncenter\" title=\"Camera ch\u00ednh \u0111\u01b0\u1ee3c l\u00e0m l\u1edbn h\u01a1n so v\u1edbi th\u1ebf h\u1ec7 c\u0169\" src=\"https:\/\/cdn4.tgdd.vn\/Products\/Images\/522\/106036\/ipad-pro-105-inch-wifi-64gb-201711.jpg\" alt=\"Camera ch\u00ednh \u0111\u01b0\u1ee3c l\u00e0m l\u1edbn h\u01a1n so v\u1edbi th\u1ebf h\u1ec7 c\u0169\" data-original=\"https:\/\/cdn4.tgdd.vn\/Products\/Images\/522\/106036\/ipad-pro-105-inch-wifi-64gb-201711.jpg\" \/><\/a><\/p>\n<p><i>Camera ch\u00ednh \u0111\u01b0\u1ee3c l\u00e0m l\u1edbn h\u01a1n so v\u1edbi th\u1ebf h\u1ec7 c\u0169<\/i><\/p>\n<p>Camera tr\u01b0\u1edbc c\u0169ng c\u00f3 \u0111\u1ed9 ph\u00e2n gi\u1ea3i l\u1edbn 7 MP gi\u00fap b\u1ea1n c\u00f3 th\u1ec3 th\u1ef1c hi\u1ec7n c\u00e1c cu\u1ed9c g\u1ecdi video hay ch\u1ee5p \u1ea3nh selfie vui v\u1ebb v\u1edbi b\u1ea1n b\u00e8.<\/p>\n","protected":false},"excerpt":{"rendered":"<p>iPad Pro 10.5 inch Wifi 64GB (2017) v\u1edbi k\u00edch th\u01b0\u1edbc m\u00e0n h\u00ecnh nh\u1ecf h\u01a1n, vi\u1ec1n m\u00e0n h\u00ecnh si\u00eau m\u1ecfng c\u00f9ng hi\u1ec7u n\u0103ng m\u1ea1nh m\u1ebd s\u1ebd \u0111\u00e1p \u1ee9ng t\u1ed1t cho b\u1ea1n trong m\u1ecdi nhu c\u1ea7u s\u1eed d\u1ee5ng h\u1eb1ng ng\u00e0y.<\/p>\n","protected":false},"featured_media":729,"comment_status":"open","ping_status":"closed","template":"","meta":[],"_links":{"self":[{"href":"https:\/\/webmaibinh.com\/w\/dienmay\/wp-json\/wp\/v2\/product\/728"}],"collection":[{"href":"https:\/\/webmaibinh.com\/w\/dienmay\/wp-json\/wp\/v2\/product"}],"about":[{"href":"https:\/\/webmaibinh.com\/w\/dienmay\/wp-json\/wp\/v2\/types\/product"}],"replies":[{"embeddable":true,"href":"https:\/\/webmaibinh.com\/w\/dienmay\/wp-json\/wp\/v2\/comments?post=728"}],"wp:featuredmedia":[{"embeddable":true,"href":"https:\/\/webmaibinh.com\/w\/dienmay\/wp-json\/wp\/v2\/media\/729"}],"wp:attachment":[{"href":"https:\/\/webmaibinh.com\/w\/dienmay\/wp-json\/wp\/v2\/media?parent=728"}],"curies":[{"name":"wp","href":"https:\/\/api.w.org\/{rel}","templated":true}]}}