{"id":724,"date":"2017-08-09T01:43:37","date_gmt":"2017-08-08T18:43:37","guid":{"rendered":"https:\/\/bizhostvn.com\/w\/dienmay\/?post_type=product&#038;p=724"},"modified":"2017-08-09T02:00:29","modified_gmt":"2017-08-08T19:00:29","slug":"dien-thoai-iphone-7-32gb-100","status":"publish","type":"product","link":"https:\/\/webmaibinh.com\/w\/dienmay\/s\u1ea3n ph\u1ea9m\/dien-thoai-iphone-7-32gb-100\/","title":{"rendered":"\u0110i\u1ec7n tho\u1ea1i iPhone 7 32GB 100%"},"content":{"rendered":"<h3><strong>Camera tr\u01b0\u1edbc t\u0103ng l\u00ean 7 MP<\/strong><\/h3>\n<p>M\u1ed9t s\u1ef1 c\u1ea3i thi\u1ec7n \u0111\u00e1ng k\u1ec3 so v\u1edbi iPhone 6s tr\u01b0\u1edbc \u0111\u00f3, nh\u1eefng t\u1ea5m \u1ea3nh ch\u1ee5p selfie c\u1ee7a b\u1ea1n c\u00e0ng th\u00eam \u0111\u1ed9 chi ti\u1ebft v\u00e0 s\u1eafc n\u00e9t, b\u1ed9 nh\u1edb l\u1edbn 32 GB c\u0169ng gi\u00fap b\u1ea1n tho\u1ea3i m\u00e1i ch\u1ee5p v\u00e0 l\u01b0u tr\u1eef \u1ea3nh m\u00e0 kh\u00f4ng lo h\u1ebft dung l\u01b0\u1ee3ng \u0111\u1ec3 l\u01b0u.<\/p>\n<p>C\u00f9ng v\u1edbi \u0111\u00f3 l\u00e0 t\u00ednh n\u0103ng ch\u1ee5p Retina Flash gi\u00fap b\u1ea1n ch\u1ee5p \u1ea3nh t\u1ed1t h\u01a1n \u1edf \u0111i\u1ec1u ki\u1ec7n thi\u1ebfu s\u00e1ng.<\/p>\n<p>Ngo\u00e0i ra, camera ph\u00eda sau \u0111\u00e3 \u0111\u01b0\u1ee3c thi\u1ebft k\u1ebf g\u1ecdn g\u00e0ng v\u1edbi \u0111\u01b0\u1eddng bo m\u1ec1m m\u1ea1i h\u01a1n, h\u1ea1n ch\u1ebf t\u1ed1i \u0111a tr\u1ea7y x\u01b0\u1edbc cho \u1ed1ng k\u00ednh.<\/p>\n<h3><strong>Chu\u1ea9n ch\u1ed1ng n\u01b0\u1edbc m\u1edbi<\/strong><\/h3>\n<p>Cu\u1ed1i c\u00f9ng th\u00ec\u00a0iPhone\u00a07 c\u0169ng \u0111\u01b0\u1ee3c trang b\u1ecb chu\u1ea9n ch\u1ed1ng n\u01b0\u1edbc cao c\u1ea5p, mang t\u1edbi s\u1ef1 an t\u00e2m l\u1edbn cho ng\u01b0\u1eddi d\u00f9ng khi v\u00f4 t\u00ecnh \u0111\u1ec3 m\u00e1y d\u00ednh n\u01b0\u1edbc m\u01b0a hay l\u00e0m \u0111\u1ed5 n\u01b0\u1edbc.<\/p>\n<h3><strong>\u00c2m thanh stereo ph\u00e1t ra t\u1eeb 2 ph\u00eda<\/strong><\/h3>\n<p>Kh\u00f4ng c\u00f2n kh\u00f3 ch\u1ecbu khi b\u1ea1n c\u1ea7m m\u00e1y ch\u01a1i game nh\u01b0ng b\u1ecb b\u00edt loa nh\u01b0 \u1edf nh\u1eefng phi\u00ean b\u1ea3n tr\u01b0\u1edbc \u0111\u00f3.<\/p>\n<p>iPhone 7 32 GB \u0111\u01b0\u1ee3c trang b\u1ecb d\u00e0n loa tr\u00ean d\u01b0\u1edbi cho \u00e2m thanh ph\u00e1t ra hay h\u01a1n.<\/p>\n<h3><strong>C\u1ea3m bi\u1ebfn v\u00e2n tay nhanh nh\u1ea1y h\u01a1n<\/strong><\/h3>\n<p>Gi\u00fap b\u1ea1n m\u1edf kh\u00f3a m\u00e1y ch\u1ec9 trong v\u00e0i n\u1ed1t nh\u1ea1c, gi\u00fap ti\u1ebft ki\u1ec7m th\u1eddi gian c\u0169ng nh\u01b0 b\u1ea3o m\u1eadt cao d\u1eef li\u1ec7u trong m\u00e1y.<\/p>\n<p>H\u01b0\u1edbng d\u1eabn b\u1ea1n c\u00e1ch c\u00e0i \u0111\u1eb7t v\u00e2n tay iPhone 7.<\/p>\n<p><a class=\"preventdefault\" href=\"https:\/\/www.thegioididong.com\/images\/42\/87838\/iphone-7-256gb3-1.jpg\"><img class=\"lazy aligncenter\" title=\"C\u1ea3m bi\u1ebfn v\u00e2n tay\" src=\"https:\/\/cdn2.tgdd.vn\/Products\/Images\/42\/87838\/iphone-7-256gb3-1.jpg\" alt=\"C\u1ea3m bi\u1ebfn v\u00e2n tay\" data-original=\"https:\/\/cdn2.tgdd.vn\/Products\/Images\/42\/87838\/iphone-7-256gb3-1.jpg\" \/><\/a><\/p>\n<h3><strong>M\u00e0n h\u00ecnh 4.7 inch c\u00e0ng th\u00eam s\u1eafc n\u00e9t<\/strong><\/h3>\n<p>C\u00f9ng v\u1edbi \u0111\u00f3 l\u00e0 kh\u1ea3 n\u0103ng hi\u1ec3n th\u1ecb t\u1ed1t h\u01a1n d\u01b0\u1edbi tr\u1eddi n\u1eafng, g\u00f3c nh\u00ecn nghi\u00eang kh\u00f4ng b\u1ecb m\u1ea5t m\u00e0u.<\/p>\n<p><a class=\"preventdefault\" href=\"https:\/\/www.thegioididong.com\/images\/42\/87838\/iphone-7-256gb4-1.jpg\"><img class=\"lazy aligncenter\" title=\"M\u00e0n h\u00ecnh hi\u1ec3n th\u1ecb t\u1ed1t\" src=\"https:\/\/cdn4.tgdd.vn\/Products\/Images\/42\/87838\/iphone-7-256gb4-1.jpg\" alt=\"M\u00e0n h\u00ecnh hi\u1ec3n th\u1ecb t\u1ed1t\" data-original=\"https:\/\/cdn4.tgdd.vn\/Products\/Images\/42\/87838\/iphone-7-256gb4-1.jpg\" \/><\/a><\/p>\n","protected":false},"excerpt":{"rendered":"<p>iPhone 7 32 GB v\u1eabn mang tr\u00ean m\u00ecnh thi\u1ebft k\u1ebf quen thu\u1ed9c c\u1ee7a t\u1eeb th\u1eddi iPhone 6 nh\u01b0ng c\u00f3 nhi\u1ec1u thay \u0111\u1ed5i l\u1edbn v\u1ec1 ph\u1ea7n c\u1ee9ng nh\u01b0 trang b\u1ecb kh\u1ea3 n\u0103ng ch\u1ed1ng n\u01b0\u1edbc, d\u00e0n loa stereo v\u00e0 c\u1ea5u h\u00ecnh c\u1ef1c m\u1ea1nh.<\/p>\n","protected":false},"featured_media":725,"comment_status":"open","ping_status":"closed","template":"","meta":[],"_links":{"self":[{"href":"https:\/\/webmaibinh.com\/w\/dienmay\/wp-json\/wp\/v2\/product\/724"}],"collection":[{"href":"https:\/\/webmaibinh.com\/w\/dienmay\/wp-json\/wp\/v2\/product"}],"about":[{"href":"https:\/\/webmaibinh.com\/w\/dienmay\/wp-json\/wp\/v2\/types\/product"}],"replies":[{"embeddable":true,"href":"https:\/\/webmaibinh.com\/w\/dienmay\/wp-json\/wp\/v2\/comments?post=724"}],"wp:featuredmedia":[{"embeddable":true,"href":"https:\/\/webmaibinh.com\/w\/dienmay\/wp-json\/wp\/v2\/media\/725"}],"wp:attachment":[{"href":"https:\/\/webmaibinh.com\/w\/dienmay\/wp-json\/wp\/v2\/media?parent=724"}],"curies":[{"name":"wp","href":"https:\/\/api.w.org\/{rel}","templated":true}]}}