{"id":720,"date":"2017-08-09T01:38:34","date_gmt":"2017-08-08T18:38:34","guid":{"rendered":"https:\/\/bizhostvn.com\/w\/dienmay\/?post_type=product&#038;p=720"},"modified":"2017-08-09T01:38:34","modified_gmt":"2017-08-08T18:38:34","slug":"dien-thoai-iphone-6-32gb","status":"publish","type":"product","link":"https:\/\/webmaibinh.com\/w\/dienmay\/s\u1ea3n ph\u1ea9m\/dien-thoai-iphone-6-32gb\/","title":{"rendered":"\u0110i\u1ec7n tho\u1ea1i iPhone 6 32GB"},"content":{"rendered":"<h3><b>Thi\u1ebft k\u1ebf \u0111\u01b0\u1ee3c \u01b0a th\u00edch\u00a0<\/b><\/h3>\n<p>Kh\u00f4ng ph\u1ea3i t\u1ef1 nhi\u00ean m\u00e0 thi\u1ebft k\u1ebf c\u1ee7a iPhone 7 g\u1ea7n nh\u01b0 \u0111\u01b0\u1ee3c gi\u1eef nguy\u00ean t\u1eeb th\u1eddi iPhone 6, tri\u1ebft l\u00fd thi\u1ebft k\u1ebf c\u1ee7a Apple \u0111\u00e3 \u1ea3nh h\u01b0\u1edfng s\u00e2u s\u1eafc t\u1edbi nhi\u1ec1u h\u00e3ng s\u1ea3n xu\u1ea5t smartphone kh\u00e1c. C\u00e1c g\u00f3c c\u1ea1nh \u0111\u01b0\u1ee3c bo tr\u00f2n, ch\u1ebf t\u00e1c t\u1eeb nh\u00f4m nguy\u00ean kh\u1ed1i cho c\u1ea3m gi\u00e1c c\u1ea7m r\u1ea5t tho\u1ea3i m\u00e1i, m\u1ecbn v\u00e0 kh\u00f4ng b\u1ecb c\u1ea5n tay.<\/p>\n<h3><strong>Camera ch\u1ea5t l\u01b0\u1ee3ng kh\u00e1 t\u1ed1t<\/strong><\/h3>\n<p>M\u1eb7c d\u00f9 \u0111\u1ed9 ph\u00e2n gi\u1ea3i ch\u1ec9 8 MP, kh\u1ea9u \u0111\u1ed9 F2.2 nh\u01b0ng nh\u1eefng g\u00ec camera iPhone 6 l\u00e0m \u0111\u01b0\u1ee3c l\u1ea1i r\u1ea5t t\u1ed1t, m\u00e1y cho t\u1ed1c \u0111\u1ed9 l\u1ea5y n\u00e9t v\u00e0 ch\u1ea1m ch\u1ee5p r\u1ea5t nhanh, m\u00e0u s\u1eafc \u0111\u01b0\u1ee3c thu l\u1ea1i r\u1ea5t t\u1ed1t.<\/p>\n<h3><strong>Vi x\u1eed l\u00fd m\u1ea1nh m\u1ebd<\/strong><\/h3>\n<p>iPhone 6 s\u1eed d\u1ee5ng\u00a0chip x\u1eed l\u00fd A8\u00a0t\u1ed1c \u0111\u1ed9 1.4 GHz\u00a0cho vi\u1ec7c x\u1eed l\u00fd t\u00e1c v\u1ee5 nhanh h\u01a1n 30%, ti\u1ebft ki\u1ec7m n\u0103ng l\u01b0\u1ee3ng h\u01a1n 25% so v\u1edbi\u00a0chip A7\u00a0tr\u00ean\u00a0iPhone 5S\u00a0(1.3 GHz), \u0111\u1ed1i v\u1edbi vi\u1ec7c ch\u01a1i game c\u00f3 c\u1ea5u h\u00ecnh n\u1eb7ng c\u0169ng s\u1ebd r\u1ea5t d\u1ec5 d\u00e0ng.<\/p>\n<p>B\u1ed9 nh\u1edb 32GB trang b\u1ecb tr\u00ean m\u00e1y gi\u00fap b\u1ea1n th\u1ecfa th\u00edch ch\u1ee5p \u1ea3nh, t\u1ea3i game m\u00e0 kh\u00f4ng lo nhanh h\u1ebft dung l\u01b0\u1ee3ng l\u01b0u tr\u1eef.<\/p>\n<p>M\u00e1y s\u1eed d\u1ee5ng\u00a0chip \u0111\u1ed3 h\u1ecda\u00a0PowerVR GX6450, c\u00f3 th\u1ec3 x\u1eed l\u00fd h\u00ecnh \u1ea3nh \u0111\u1ed9 ph\u00e2n gi\u1ea3i cao nh\u01b0 video 4K hay game 3D t\u1ed1t v\u00e0 m\u01b0\u1ee3t h\u01a1n, m\u00e0n h\u00ecnh Retina HD c\u00f9ng k\u00edch th\u01b0\u1edbc 4.7 inch cho m\u1ecdi thao t\u00e1c l\u01b0\u1edbt web, gi\u1ea3i tr\u00ed hay x\u1eed l\u00fd c\u00f4ng vi\u1ec7c \u0111\u1ec1u r\u1ea5t t\u1ed1t.<\/p>\n<p><i><a class=\"preventdefault\" href=\"https:\/\/www.thegioididong.com\/images\/42\/70260\/iphone-6-plus-128gb3.jpg\"><img class=\"lazy aligncenter\" title=\"Nh\u01b0\u1ee3c \u0111i\u1ec3m camera l\u1ed3i tr\u00ean m\u00e1y\" src=\"https:\/\/cdn3.tgdd.vn\/Products\/Images\/42\/70260\/iphone-6-plus-128gb3.jpg\" alt=\"Nh\u01b0\u1ee3c \u0111i\u1ec3m camera l\u1ed3i tr\u00ean m\u00e1y\" data-original=\"https:\/\/cdn3.tgdd.vn\/Products\/Images\/42\/70260\/iphone-6-plus-128gb3.jpg\" \/><\/a><\/i><\/p>\n<p><i>Camera l\u00e0m l\u1ed3i tuy nhi\u00ean b\u1ea1n c\u00f3 th\u1ec3 tho\u1ea3i m\u00e1i s\u1eed d\u1ee5ng m\u00e0 kh\u00f4ng qu\u00e1 lo v\u1ec1 tr\u1ea7y x\u01b0\u1edbc do \u1ed1ng k\u00ednh \u0111\u01b0\u1ee3c gia c\u00f4ng k\u1ef9<\/i><\/p>\n<p>Ngo\u00e0i m\u1ed9t s\u1ed1 nh\u01b0\u1ee3c \u0111i\u1ec3m nh\u01b0 h\u1ec7 \u0111i\u1ec1u h\u00e0nh kh\u00f3 s\u1eed d\u1ee5ng hay kh\u00f4ng c\u00f3 ph\u00edm tr\u1edf l\u1ea1i, tuy nhi\u00ean khi b\u1ea1n \u0111\u00e3 quen s\u1eed d\u1ee5ng\u00a0iPhone\u00a0b\u1ea1n s\u1ebd lu\u00f4n mu\u1ed1n s\u1eed d\u1ee5ng ti\u1ebfp theo c\u00e1c d\u00f2ng m\u1edbi c\u1ee7a h\u00e3ng, v\u00ec thi\u1ebft k\u1ebf sang tr\u1ecdng, tinh t\u1ebf, m\u00e1y thao t\u00e1c nhanh, ch\u1ee5p \u1ea3nh \u0111\u1eb9p. V\u1edbi gi\u00e1 th\u00e0nh ch\u01b0a \u0111\u1ebfn 10 tri\u1ec7u \u0111\u1ed3ng cho m\u1ed9t s\u1ea3n ph\u1ea9m c\u00f3 thi\u1ebft k\u1ebf cao c\u1ea5p, tr\u1ea3i nghi\u1ec7m s\u1eed d\u1ee5ng tuy\u1ec7t v\u1eddi, iPhone 6 32GB s\u1ebd kh\u00f4ng l\u00e0m b\u1ea1n th\u1ea5t v\u1ecdng.<\/p>\n","protected":false},"excerpt":{"rendered":"<p>iPhone 6 l\u00e0 m\u1ed9t trong nh\u1eefng smartphone \u0111\u01b0\u1ee3c y\u00eau th\u00edch nh\u1ea5t c\u1ee7a Apple. L\u1eafng nghe nhu c\u1ea7u v\u1ec1 thi\u1ebft k\u1ebf, kh\u1ea3 n\u0103ng l\u01b0u tr\u1eef v\u00e0 gi\u00e1 c\u1ea3, iPhone 6 32GB \u0111\u01b0\u1ee3c ch\u00ednh th\u1ee9c ph\u00e2n ph\u1ed1i ch\u00ednh h\u00e3ng t\u1ea1i Vi\u1ec7t Nam h\u1ee9a h\u1eb9n s\u1ebd l\u00e0 m\u1ed9t s\u1ea3n ph\u1ea9m r\u1ea5t &#8220;Hot&#8221;.<\/p>\n","protected":false},"featured_media":721,"comment_status":"open","ping_status":"closed","template":"","meta":[],"_links":{"self":[{"href":"https:\/\/webmaibinh.com\/w\/dienmay\/wp-json\/wp\/v2\/product\/720"}],"collection":[{"href":"https:\/\/webmaibinh.com\/w\/dienmay\/wp-json\/wp\/v2\/product"}],"about":[{"href":"https:\/\/webmaibinh.com\/w\/dienmay\/wp-json\/wp\/v2\/types\/product"}],"replies":[{"embeddable":true,"href":"https:\/\/webmaibinh.com\/w\/dienmay\/wp-json\/wp\/v2\/comments?post=720"}],"wp:featuredmedia":[{"embeddable":true,"href":"https:\/\/webmaibinh.com\/w\/dienmay\/wp-json\/wp\/v2\/media\/721"}],"wp:attachment":[{"href":"https:\/\/webmaibinh.com\/w\/dienmay\/wp-json\/wp\/v2\/media?parent=720"}],"curies":[{"name":"wp","href":"https:\/\/api.w.org\/{rel}","templated":true}]}}