{"id":717,"date":"2017-08-09T01:34:20","date_gmt":"2017-08-08T18:34:20","guid":{"rendered":"https:\/\/bizhostvn.com\/w\/dienmay\/?post_type=product&#038;p=717"},"modified":"2017-08-09T01:35:19","modified_gmt":"2017-08-08T18:35:19","slug":"dien-thoai-iphone-5s-16gb","status":"publish","type":"product","link":"https:\/\/webmaibinh.com\/w\/dienmay\/s\u1ea3n ph\u1ea9m\/dien-thoai-iphone-5s-16gb\/","title":{"rendered":"\u0110i\u1ec7n tho\u1ea1i iPhone 5S 16GB"},"content":{"rendered":"<h2>Thi\u1ebft k\u1ebf sang tr\u1ecdng, gia c\u00f4ng t\u1ec9 m\u1ec9, t\u00edch h\u1ee3p c\u1ea3m bi\u1ebfn v\u00e2n tay cao c\u1ea5p h\u01a1n, camera cho h\u00ecnh \u1ea3nh \u0111\u1eb9p v\u00e0 s\u00e1ng h\u01a1n.<\/h2>\n<div>\n<h3><strong>Sang tr\u1ecdng trong thi\u1ebft k\u1ebf<\/strong><\/h3>\n<p>Thi\u1ebft k\u1ebf \u0111\u01b0\u1ee3c gi\u1eef nguy\u00ean so v\u1edbi phi\u00ean b\u1ea3n \u0111\u1ea7u l\u00e0 iPhone 5, c\u00e1c \u0111\u01b0\u1eddng c\u1eaft kim lo\u1ea1i \u0111\u01b0\u1ee3c gia c\u00f4ng t\u1ec9 m\u1ec9, s\u00e1ng b\u00f3ng nh\u00ecn\u00a0r\u1ea5t \u0111\u1eb9p m\u1eaft, m\u00e1y c\u00f3 3 m\u00e0u l\u00e0 X\u00e1m \u0111\u1eadm, V\u00e0ng \u0111\u1ed3ng v\u00e0 m\u00e0u B\u1ea1c.<\/p>\n<h3><strong>C\u1ea3m bi\u1ebfn v\u00e2n tay \u0111\u1ea7u ti\u00ean<\/strong><\/h3>\n<p>iPhone 5S ch\u00ednh l\u00e0 chi\u1ebfc iPhone \u0111\u1ea7u ti\u00ean \u0111\u01b0\u1ee3c t\u00edch h\u1ee3p c\u1ea3m bi\u1ebfn v\u00e2n tay, \u0111i\u1ec3m nh\u1eadn d\u1ea1ng ch\u00ednh l\u00e0 v\u00f2ng tr\u00f2n \u00e1nh kim v\u00f2ng quanh n\u00fat Home.<\/p>\n<h3><strong>Camera kh\u00f4ng c\u00f3 g\u00ec \u0111\u00e1ng ch\u00ea<\/strong><\/h3>\n<p>Thao t\u00e1c ch\u1ee5p nhanh ch\u00f3ng v\u00e0 nh\u1eb9 nh\u00e0ng, \u1ea3nh l\u1ea5y n\u00e9t nhanh v\u00e0 m\u00e0u s\u1eafc ghi l\u1ea1i t\u1ed1t v\u1edbi camera 8 MP c\u1ee7a iPhone 5S. Xem th\u00eam c\u00e1c t\u00ednh n\u0103ng ch\u1ee5p \u1ea3nh <strong>t\u1ea1i \u0111\u00e2y<\/strong>.<\/p>\n<\/div>\n","protected":false},"excerpt":{"rendered":"<p>Thi\u1ebft k\u1ebf \u0111\u01b0\u1ee3c gi\u1eef nguy\u00ean so v\u1edbi phi\u00ean b\u1ea3n \u0111\u1ea7u l\u00e0 iPhone 5, c\u00e1c \u0111\u01b0\u1eddng c\u1eaft kim lo\u1ea1i \u0111\u01b0\u1ee3c gia c\u00f4ng t\u1ec9 m\u1ec9, s\u00e1ng b\u00f3ng nh\u00ecn\u00a0r\u1ea5t \u0111\u1eb9p m\u1eaft, m\u00e1y c\u00f3 3 m\u00e0u l\u00e0 X\u00e1m \u0111\u1eadm, V\u00e0ng \u0111\u1ed3ng v\u00e0 m\u00e0u B\u1ea1c.<\/p>\n<p><span class=\"pro312655 \" data-g=\"WebNote\">Gi\u1ea3m th\u00eam 200.000\u0111 khi thanh to\u00e1n tr\u1ef1c tuy\u1ebfn b\u1eb1ng Master Card<\/span><span class=\"pro312882 \" data-g=\"WebNote\">C\u01a1 h\u1ed9i tr\u00fang xe SH 150i (H\u00e0 N\u1ed9i v\u00e0 mi\u1ec1n B\u1eafc)\u00a0<\/span><\/p>\n","protected":false},"featured_media":719,"comment_status":"open","ping_status":"closed","template":"","meta":[],"_links":{"self":[{"href":"https:\/\/webmaibinh.com\/w\/dienmay\/wp-json\/wp\/v2\/product\/717"}],"collection":[{"href":"https:\/\/webmaibinh.com\/w\/dienmay\/wp-json\/wp\/v2\/product"}],"about":[{"href":"https:\/\/webmaibinh.com\/w\/dienmay\/wp-json\/wp\/v2\/types\/product"}],"replies":[{"embeddable":true,"href":"https:\/\/webmaibinh.com\/w\/dienmay\/wp-json\/wp\/v2\/comments?post=717"}],"wp:featuredmedia":[{"embeddable":true,"href":"https:\/\/webmaibinh.com\/w\/dienmay\/wp-json\/wp\/v2\/media\/719"}],"wp:attachment":[{"href":"https:\/\/webmaibinh.com\/w\/dienmay\/wp-json\/wp\/v2\/media?parent=717"}],"curies":[{"name":"wp","href":"https:\/\/api.w.org\/{rel}","templated":true}]}}