{"id":715,"date":"2017-08-09T01:31:47","date_gmt":"2017-08-08T18:31:47","guid":{"rendered":"https:\/\/bizhostvn.com\/w\/dienmay\/?post_type=product&#038;p=715"},"modified":"2017-08-09T01:31:47","modified_gmt":"2017-08-08T18:31:47","slug":"dien-thoai-iphone-7-plus-128gb","status":"publish","type":"product","link":"https:\/\/webmaibinh.com\/w\/dienmay\/s\u1ea3n ph\u1ea9m\/dien-thoai-iphone-7-plus-128gb\/","title":{"rendered":"\u0110i\u1ec7n tho\u1ea1i iPhone 7 Plus 128GB"},"content":{"rendered":"<p>Thay \u0111\u1ed5i d\u00e3y nh\u1ef1a an-ten b\u1eaft s\u00f3ng \u0111\u01b0\u1ee3c \u0111\u01b0a v\u00f2ng l\u00ean tr\u00ean thay v\u00ec c\u1eaft ngang \u1edf m\u1eb7t l\u01b0ng nh\u01b0 tr\u01b0\u1edbc.<\/p>\n<p>N\u00fat Home quen thu\u1ed9c kh\u00f4ng c\u00f2n l\u00e0 ph\u00edm v\u1eadt l\u00fd n\u1eefa m\u00e0 \u0111\u01b0\u1ee3c thay th\u1ebf b\u1eb1ng c\u1ea3m \u1ee9ng, n\u00f3 s\u1ebd rung l\u00ean khi b\u1ea1n \u1ea5n. V\u00ec \u0111\u00e3 d\u00f9ng iPhone m\u1ed9t th\u1eddi gian r\u1ea5t d\u00e0i, n\u00ean t\u00f4i c\u00f4ng nh\u1eadn r\u1eb1ng h\u01a1i kh\u00f3 \u0111\u1ec3 l\u00e0m quen v\u1edbi n\u00f3, nh\u01b0ng c\u00f3 l\u1ebd ch\u1ec9 m\u1ea5t v\u00e0i ng\u00e0y th\u00f4i.<\/p>\n<p>Cu\u1ed1i c\u00f9ng ch\u00fang ta c\u0169ng c\u00f3 \u0111\u01b0\u1ee3c chi\u1ebfc iPhone v\u1eabn s\u1ed1ng khi r\u01a1i v\u00e0o n\u01b0\u1edbc hay \u0111i m\u01b0a kh\u00f4ng c\u1ea7n ph\u1ea3i loay hoay t\u00ecm ch\u1ed7 c\u1ea5t v\u00ec Apple \u0111\u00e3 mang chu\u1ea9n ch\u1ed1ng n\u01b0\u1edbc IP67 cho iphone 7 plus .(L\u01b0u \u00fd: kh\u00f4ng n\u00ean c\u1ed1 t\u00ecnh ng\u00e2m n\u01b0\u1edbc v\u00ec n\u1ebfu c\u00f3 thi\u1ec7t h\u1ea1i do v\u00e0o n\u01b0\u1edbc s\u1ebd kh\u00f4ng \u0111\u01b0\u1ee3c Apple b\u1ea3o h\u00e0nh).<\/p>\n<p>M\u00e0n h\u00ecnh Retina tr\u00ean 7 Plus h\u1ed7 tr\u1ee3 DCI-P3 gam m\u00e0u r\u1ed9ng, ngh\u0129a l\u00e0 ch\u00fang c\u00f3 kh\u1ea3 n\u0103ng t\u00e1i t\u1ea1o m\u00e0u s\u1eafc trong ph\u1ea1m vi c\u1ee7a sRGB. N\u00f3i \u0111\u01a1n gi\u1ea3n, ch\u00fang c\u00f3 th\u1ec3 hi\u1ec3n th\u1ecb s\u1ed1ng \u0111\u1ed9ng h\u01a1n, s\u1eafc th\u00e1i h\u00ecnh \u1ea3nh t\u1ed1t h\u01a1n tr\u01b0\u1edbc \u0111\u00f3. \u0110\u1ed9 ph\u00e2n gi\u1ea3i, m\u1eadt \u0111\u1ed9 \u0111i\u1ec3m \u1ea3nh v\u00e0 k\u00edch th\u01b0\u1edbc m\u00e0n h\u00ecnh v\u1eabn gi\u1eef nguy\u00ean so v\u1edbi iPhone 6s Plus.<\/p>\n<p>L\u1ea7n \u0111\u1ea7u ti\u00ean iPhone xu\u1ea5t hi\u1ec7n t\u00ednh n\u0103ng \u00e2m thanh Stereo. Phim \u1ea3nh, podcast v\u00e0 c\u00e1c cu\u1ed9c g\u1ecdi loa ngo\u00e0i b\u00e2y gi\u1edd \u00e2m thanh r\u00f5 r\u00e0ng h\u01a1n r\u1ea5t nhi\u1ec1u. \u0110\u00f3 l\u00e0 do Apple \u0111\u00e3 d\u00f9ng c\u00f4ng ngh\u1ec7 thi\u1ebft l\u1eadp loa ch\u1ee9 kh\u00f4ng ph\u1ea3i thi\u1ebft k\u1ebf 2 loa ngay tr\u00ean m\u1eb7t.<\/p>\n","protected":false},"excerpt":{"rendered":"<p>V\u1edbi thi\u1ebft k\u1ebf kh\u00f4ng qu\u00e1 nhi\u1ec1u thay \u0111\u1ed5i, v\u1eabn b\u1ea3o t\u1ed3n v\u1ebb \u0111\u1eb9p truy\u1ec1n th\u1ed1ng t\u1eeb th\u1eddi\u00a0iPhone 6 Plus, \u00a0iPhone 7 Plus\u00a0\u0111\u01b0\u1ee3c trang b\u1ecb nhi\u1ec1u n\u00e2ng c\u1ea5p \u0111\u00e1ng gi\u00e1 nh\u01b0 camera k\u00e9p, \u0111\u1ea1t chu\u1ea9n ch\u1ed1ng n\u01b0\u1edbc ch\u1ed1ng b\u1ee5i c\u00f9ng c\u1ea5u h\u00ecnh c\u1ef1c m\u1ea1nh.<\/p>\n","protected":false},"featured_media":716,"comment_status":"open","ping_status":"closed","template":"","meta":[],"_links":{"self":[{"href":"https:\/\/webmaibinh.com\/w\/dienmay\/wp-json\/wp\/v2\/product\/715"}],"collection":[{"href":"https:\/\/webmaibinh.com\/w\/dienmay\/wp-json\/wp\/v2\/product"}],"about":[{"href":"https:\/\/webmaibinh.com\/w\/dienmay\/wp-json\/wp\/v2\/types\/product"}],"replies":[{"embeddable":true,"href":"https:\/\/webmaibinh.com\/w\/dienmay\/wp-json\/wp\/v2\/comments?post=715"}],"wp:featuredmedia":[{"embeddable":true,"href":"https:\/\/webmaibinh.com\/w\/dienmay\/wp-json\/wp\/v2\/media\/716"}],"wp:attachment":[{"href":"https:\/\/webmaibinh.com\/w\/dienmay\/wp-json\/wp\/v2\/media?parent=715"}],"curies":[{"name":"wp","href":"https:\/\/api.w.org\/{rel}","templated":true}]}}