{"id":698,"date":"2017-08-09T01:18:07","date_gmt":"2017-08-08T18:18:07","guid":{"rendered":"https:\/\/bizhostvn.com\/w\/dienmay\/?post_type=product&#038;p=698"},"modified":"2017-08-09T01:18:07","modified_gmt":"2017-08-08T18:18:07","slug":"blackberry-passport-moi-64g","status":"publish","type":"product","link":"https:\/\/webmaibinh.com\/w\/dienmay\/s\u1ea3n ph\u1ea9m\/blackberry-passport-moi-64g\/","title":{"rendered":"Blackberry Passport m\u1edbi 64G"},"content":{"rendered":"<div class=\"short_intro txt_666\">Nh\u1eefng m\u1eabu Passport c\u00f3 gi\u00e1 ch\u1ec9 kho\u1ea3ng 5 tri\u1ec7u \u0111\u1ed3ng, b\u1eb1ng m\u1ed9t n\u1eeda so v\u1edbi h\u00e0ng ch\u00ednh h\u00e3ng \u0111\u01b0\u1ee3c c\u00e1c c\u1eeda h\u00e0ng x\u00e1ch tay \u0111\u01b0a v\u1ec1 \u1ed3 \u1ea1t.<\/div>\n<div id=\"left_calculator\">\n<div class=\"fck_detail width_common block_ads_connect\">\n<p class=\"Normal\">BlackBerry Passport gi\u00e1 r\u1ebb b\u1eaft \u0111\u1ea7u xu\u1ea5t hi\u1ec7n t\u1ea1i m\u1ed9t s\u1ed1 c\u1eeda h\u00e0ng \u1edf H\u00e0 N\u1ed9i v\u00e0 TP HCM v\u00e0i ng\u00e0y tr\u1edf l\u1ea1i \u0111\u00e2y. Theo gi\u1edbi kinh doanh \u0111i\u1ec7n tho\u1ea1i x\u00e1ch tay, s\u1ea3n ph\u1ea9m \u0111ang t\u1ea1o ra c\u01a1n s\u1ed1t gi\u1ed1ng nh\u01b0 iPhone 5c kho\u00e1 m\u1ea1ng h\u00e0ng Nh\u1eadt n\u0103m ngo\u00e1i, v\u00ec gi\u00e1 r\u1ebb h\u01a1n h\u00e0ng m\u1edbi. M\u1ed9t s\u1ed1 n\u01a1i ch\u01b0a c\u00f3 h\u00e0ng \u0111\u1ec3 b\u00e1n nh\u01b0ng c\u0169ng ch\u1ea1y ch\u01b0\u01a1ng tr\u00ecnh \u0111\u1eb7t h\u00e0ng tr\u01b0\u1edbc h\u1ec7t nh\u01b0 nh\u1eefng s\u1ea3n ph\u1ea9m cao c\u1ea5p \u0111\u1eddi m\u1edbi.<\/p>\n<p class=\"Normal\">Tr\u00ean k\u1ec7 h\u00e0ng ch\u00ednh h\u00e3ng, Passport \u0111ang l\u00e0 model cao c\u1ea5p v\u00e0 c\u00f3 gi\u00e1 ni\u00eam y\u1ebft cao nh\u1ea5t c\u1ee7a BlackBerry, kho\u1ea3ng 11 tri\u1ec7u \u0111\u1ed3ng. Nh\u01b0ng gi\u1edd \u1edf th\u1ecb tr\u01b0\u1eddng x\u00e1ch tay, gi\u00e1 c\u00f2n 5 \u0111\u1ebfn 6 tri\u1ec7u \u0111\u1ed3ng, ngang v\u1edbi c\u00e1c smartphone t\u1ea7m trung hay iPhone \u0111\u1eddi c\u0169 qua s\u1eed d\u1ee5ng.<\/p>\n<table class=\"tplCaption\" border=\"0\" cellspacing=\"0\" cellpadding=\"3\" align=\"center\">\n<tbody>\n<tr>\n<td><img src=\"https:\/\/i-sohoa.vnecdn.net\/2016\/09\/28\/blackberry-giam-gia-passport-1-4271-5127-1475048363.jpg\" alt=\"Gi\u00e1 Passport h\u00e0ng x\u00e1ch tay ch\u1ec9 c\u00f2n m\u1ed9t n\u1eeda h\u00e0ng ch\u00ednh h\u00e3ng.\" data-natural-width=\"500\" data-width=\"500\" data-pwidth=\"500\" \/><\/td>\n<\/tr>\n<tr>\n<td>\n<p class=\"Image\">Gi\u00e1 Passport h\u00e0ng x\u00e1ch tay ch\u1ec9 c\u00f2n m\u1ed9t n\u1eeda h\u00e0ng ch\u00ednh h\u00e3ng.<\/p>\n<\/td>\n<\/tr>\n<\/tbody>\n<\/table>\n<p>Theo anh Nguy\u1ec5n \u0110\u1ea1t, ch\u1ee7 c\u1eeda h\u00e0ng Di \u0111\u1ed9ng Vi\u1ec7t (TP HCM), l\u01b0\u1ee3ng h\u00e0ng BlackBerry Passport v\u1eeba c\u00f3 m\u1eb7t \u1edf Vi\u1ec7t Nam th\u1ef1c ch\u1ea5t h\u00e0ng t\u1ed3n kho,\u00a0m\u1edbi \u0111\u01b0\u1ee3c c\u00e1c nh\u00e0 m\u1ea1ng v\u00e0 \u0111\u1ea1i l\u00fd \u1edf n\u01b0\u1edbc ngo\u00e0i x\u1ea3, gi\u1ed1ng ki\u1ec3u nh\u01b0 iPhone 5c kho\u00e1 m\u1ea1ng h\u00e0ng Nh\u1eadt n\u0103m ngo\u00e1i. Nh\u01b0ng kh\u00e1c 5c, \u0111a ph\u1ea7n c\u00e1c m\u00e1y BlackBerry x\u00e1ch tay gi\u00e1 r\u1ebb m\u1edbi xu\u1ea5t hi\u1ec7n \u0111\u1ec1u l\u00e0 h\u00e0ng m\u1edbi 100%, \u0111\u1ea9y \u0111\u1ee7 h\u1ed9p \u0111\u1ef1ng nguy\u00ean b\u1ea3n v\u00e0 d\u00f9ng \u0111\u01b0\u1ee3c b\u00ecnh th\u01b0\u1eddng, kh\u00f4ng c\u1ea7n \u0111\u1ebfn sim gh\u00e9p.<\/p>\n<p class=\"Normal\">Vi\u1ec7c \u0111ang c\u00f3 gi\u00e1 cao nay \u0111\u1ed9t ng\u1ed9t r\u1ebb \u0111i nhi\u1ec1u khi\u1ebfn nhu c\u1ea7u s\u0103n l\u00f9ng m\u1eb7t h\u00e0ng n\u00e0y t\u0103ng v\u1ecdt g\u1ea7n \u0111\u00e2y. Nh\u01b0ng anh \u0110\u1ea1t cho hay, c\u00f9ng m\u1ee9c gi\u00e1 r\u1ebb nh\u01b0ng tr\u00ean th\u1ecb tr\u01b0\u1eddng xu\u1ea5t hi\u1ec7n v\u00e0i d\u00f2ng h\u00e0ng kh\u00e1c nhau, m\u1ed9t l\u00e0 h\u00e0ng ch\u00e2u \u00c2u \u0111\u01b0\u1ee3c nh\u00e0 m\u1ea1ng l\u1edbn c\u1ee7a Ph\u00e1p ph\u00e2n ph\u1ed1i v\u00e0 c\u00f2n l\u1ea1i l\u00e0 h\u00e0ng qu\u1ed1c t\u1ebf. Gi\u00e1 m\u1ed7i lo\u1ea1i ch\u00eanh l\u1ec7ch nhau v\u00e0i tr\u0103m ngh\u00ecn \u0111\u1ed3ng.<\/p>\n<p class=\"Normal\">Trong \u0111\u00f3, lo\u1ea1i h\u00e0ng ch\u00e2u \u00c2u \u0111\u01b0\u1ee3c cho l\u00e0 &#8220;chu\u1ea9n&#8221; h\u01a1n v\u00ec nguy\u00ean b\u1ea3n v\u00e0 m\u1edbi 100%.\u00a0C\u00f2n h\u00e0ng qu\u1ed1c t\u1ebf s\u1ed1 l\u01b0\u1ee3ng l\u1edbn c\u00f3 ngu\u1ed3n g\u1ed1c t\u1eeb \u0111\u1ea7u n\u1eadu \u1edf Trung Qu\u1ed1c, bao g\u1ed3m c\u1ea3 d\u1ea1ng h\u00e0ng tr\u01b0ng b\u00e0y, th\u1ef1c ch\u1ea5t \u0111\u01b0\u1ee3c thay l\u1ea1i v\u1ecf, m\u00f4ng m\u00e1 ngo\u1ea1i h\u00ecnh l\u1ea1i d\u00f9 v\u1eabn c\u00f3 \u0111\u1ea7y \u0111\u1ee7 h\u1ed9p \u0111\u1ef1ng, ph\u1ee5 ki\u1ec7n nh\u01b0 m\u1edbi.<\/p>\n<table class=\"tplCaption\" border=\"0\" cellspacing=\"0\" cellpadding=\"3\" align=\"center\">\n<tbody>\n<tr>\n<td><img src=\"https:\/\/i-sohoa.vnecdn.net\/2016\/09\/28\/Screen-Shot-2016-09-28-at-2-34-2762-3313-1475048363.png\" alt=\"B\u00e0n ph\u00edm c\u1ee7a h\u00e0ng Ph\u00e1p \u0111\u01b0\u1ee3c b\u1ed1 tr\u00ed theo ki\u1ec3u AZERTY\" data-natural-width=\"500\" data-width=\"500\" data-pwidth=\"500\" \/><\/td>\n<\/tr>\n<tr>\n<td>\n<p class=\"Image\">B\u00e0n ph\u00edm c\u1ee7a h\u00e0ng Ph\u00e1p \u0111\u01b0\u1ee3c b\u1ed1 tr\u00ed theo ki\u1ec3u AZERTY<\/p>\n<\/td>\n<\/tr>\n<\/tbody>\n<\/table>\n<p class=\"Normal\">D\u00f9 \u0111\u01b0\u1ee3c \u0111\u00e1nh gi\u00e1 h\u01a1n v\u1ec1 h\u00ecnh th\u1ee9c, d\u00f2ng m\u00e1y BlackBerry Passport h\u00e0ng ch\u00e2u \u00c2u l\u1ea1i c\u00f3 h\u1ea1n ch\u1ebf khi b\u00e0n ph\u00edm c\u1ee9ng s\u1eed d\u1ee5ng ki\u1ec3u nh\u1eadp li\u1ec7u ti\u1ebfng Ph\u00e1p, b\u1ed1 tr\u00ed theo ki\u1ec3u AZERTY thay v\u00ec QWERTY. C\u00f3 th\u1ec3 kh\u1eafc ph\u1ee5c b\u1eb1ng c\u00e1ch chuy\u1ec3n ki\u1ec3u nh\u1eadp li\u1ec7u trong ph\u1ea7n c\u00e0i \u0111\u1eb7t, nh\u01b0ng \u0111\u1ec3 tri\u1ec7t \u0111\u1ec3 v\u00e0 tr\u00e1nh nh\u00ecn nh\u1ea7m, bu\u1ed9c ph\u1ea3i th\u00e1o v\u00e0 thay b\u00e0n ph\u00edm.<\/p>\n<p class=\"Normal\">Vi\u1ec7c nh\u1eefng chi\u1ebfc Passport gi\u00e1 r\u1ebb tr\u00e0n v\u1ec1 Vi\u1ec7t Nam \u0111\u01b0\u1ee3c cho s\u1ebd g\u00e2y nhi\u1ec1u \u1ea3nh h\u01b0\u1edfng \u0111\u1ebfn c\u00e1c d\u00f2ng m\u00e1y BlackBerry \u0111ang b\u00e1n ch\u00ednh h\u00e3ng. Anh Tu\u1ea5n, qu\u1ea3n l\u00fd m\u1ed9t h\u1ec7 th\u1ed1ng \u1edf Th\u00e1i H\u00e0, H\u00e0 N\u1ed9i cho bi\u1ebft smartphone c\u1ee7a BlackBerry b\u00e1n r\u1ea5t ch\u1eadm, ti\u00eau th\u1ee5 \u0111\u01b0\u1ee3c ch\u1ee7 y\u1ebfu l\u00e0 m\u1eabu Passport v\u00ec thi\u1ebft k\u1ebf l\u1ea1 m\u1eb7t, \u0111\u1ed9c \u0111\u00e1o v\u00e0 c\u00f2n gi\u1eef \u0111\u01b0\u1ee3c \u0111\u1eb7c tr\u01b0ng ri\u00eang. Nh\u01b0ng gi\u1edd v\u1edbi s\u1ef1 c\u00f3 m\u1eb7t c\u1ee7a lo\u1ea1i h\u00e0ng gi\u00e1 r\u1ebb, d\u00f2ng m\u00e1y s\u1ebd r\u1ea5t \u1ebf v\u00e0 kh\u00f3 b\u00e1n.<\/p>\n<p class=\"Normal\">T\u1ea1i th\u1ecb tr\u01b0\u1eddng Vi\u1ec7t Nam c\u0169ng nh\u01b0 th\u1ecb tr\u01b0\u1eddng qu\u1ed1c t\u1ebf, BlackBerry \u0111ang t\u1eeb b\u1ecf d\u1ea7n c\u00e1c d\u00f2ng m\u00e1y ch\u1ea1y h\u1ec7 \u0111i\u1ec1u h\u00e0nh do h\u00e3ng t\u1ef1 ph\u00e1t tri\u1ec3n (BlackBery OS) v\u00e0 chuy\u1ec3n sang Android. M\u1edbi \u0111\u00e2y, h\u00e3ng v\u1eeba gi\u1ea3m gi\u00e1 m\u1eabu Android Priv t\u1eeb 18 tri\u1ec7u \u0111\u1ed3ng xu\u1ed1ng c\u00f2n h\u01a1n 11 tri\u1ec7u \u0111\u1ed3ng, tung ra m\u1ed9t model t\u1ea7m trung DTEK50 v\u00e0 r\u1ee5c r\u1ecbch \u0111\u01b0a th\u00eam s\u1ea3n ph\u1ea9m n\u1eefa l\u00e0 DTEK60. C\u1ea3 hai model m\u1edbi \u0111\u1ec1u ch\u1ea1y h\u1ec7 \u0111i\u1ec1u h\u00e0nh c\u1ee7a Google.<\/p>\n<\/div>\n<\/div>\n","protected":false},"excerpt":{"rendered":"<p>BlackBerry Passport gi\u00e1 r\u1ebb b\u1eaft \u0111\u1ea7u xu\u1ea5t hi\u1ec7n t\u1ea1i m\u1ed9t s\u1ed1 c\u1eeda h\u00e0ng \u1edf H\u00e0 N\u1ed9i v\u00e0 TP HCM v\u00e0i ng\u00e0y tr\u1edf l\u1ea1i \u0111\u00e2y. Theo gi\u1edbi kinh doanh \u0111i\u1ec7n tho\u1ea1i x\u00e1ch tay, s\u1ea3n ph\u1ea9m \u0111ang t\u1ea1o ra c\u01a1n s\u1ed1t gi\u1ed1ng nh\u01b0 iPhone 5c kho\u00e1 m\u1ea1ng h\u00e0ng Nh\u1eadt n\u0103m ngo\u00e1i, v\u00ec gi\u00e1 r\u1ebb h\u01a1n h\u00e0ng m\u1edbi.<\/p>\n","protected":false},"featured_media":699,"comment_status":"open","ping_status":"closed","template":"","meta":[],"_links":{"self":[{"href":"https:\/\/webmaibinh.com\/w\/dienmay\/wp-json\/wp\/v2\/product\/698"}],"collection":[{"href":"https:\/\/webmaibinh.com\/w\/dienmay\/wp-json\/wp\/v2\/product"}],"about":[{"href":"https:\/\/webmaibinh.com\/w\/dienmay\/wp-json\/wp\/v2\/types\/product"}],"replies":[{"embeddable":true,"href":"https:\/\/webmaibinh.com\/w\/dienmay\/wp-json\/wp\/v2\/comments?post=698"}],"wp:featuredmedia":[{"embeddable":true,"href":"https:\/\/webmaibinh.com\/w\/dienmay\/wp-json\/wp\/v2\/media\/699"}],"wp:attachment":[{"href":"https:\/\/webmaibinh.com\/w\/dienmay\/wp-json\/wp\/v2\/media?parent=698"}],"curies":[{"name":"wp","href":"https:\/\/api.w.org\/{rel}","templated":true}]}}