{"id":692,"date":"2017-08-09T01:14:26","date_gmt":"2017-08-08T18:14:26","guid":{"rendered":"https:\/\/bizhostvn.com\/w\/dienmay\/?post_type=product&#038;p=692"},"modified":"2017-08-18T09:33:31","modified_gmt":"2017-08-18T02:33:31","slug":"blackberry-keyone-cu-97","status":"publish","type":"product","link":"https:\/\/webmaibinh.com\/w\/dienmay\/s\u1ea3n ph\u1ea9m\/blackberry-keyone-cu-97\/","title":{"rendered":"BlackBerry KeyOne c\u0169 97%"},"content":{"rendered":"<p>KeyOne \u0111\u01b0\u1ee3c thi\u1ebft k\u1ebf r\u1ea5t \u0111\u1eb9p, c\u00f3 th\u1ec3 kh\u1eb3ng \u0111\u1ecbnh \u0111i\u1ec1u \u0111\u00f3. Khi c\u1ea7m m\u00e1y ra ngo\u00e0i \u0111\u01b0\u1eddng ch\u1eafc ch\u1eafn nhi\u1ec1u ng\u01b0\u1eddi s\u1ebd h\u1ecfi ch\u00fang ta v\u00ec n\u00f3 kh\u00e1c bi\u1ec7t so v\u1edbi h\u00e0ng tr\u0103m \u0111i\u1ec7n tho\u1ea1i na n\u00e1 nhau tr\u00ean th\u1ecb tr\u01b0\u1eddng. C\u1ea3m gi\u00e1c c\u1ea5m KeyOne l\u00e0 ch\u1eafc ch\u1eafn, v\u1eefng ch\u00e3i v\u00e0 kh\u00f4ng h\u1ec1 r\u1ebb ti\u1ec1n.<\/p>\n<p>V\u00ec m\u1ed9t l\u00fd do n\u00e0o \u0111\u00f3 th\u00ec KeyOne kh\u00f4ng cho m\u00ecnh c\u1ea3m gi\u00e1c \u201c\u0111\u00e3&#8221; nh\u01b0 nh\u1eefng ng\u00e0y c\u00f2n c\u1ea7m BlackBerry 8310, 8900 hay 8800 tr\u01b0\u1edbc kia. Tr\u1eeb m\u1ed9t v\u00e0i m\u00e1y BB10 sau n\u00e0y hay k\u1ec3 c\u1ea3 Priv, c\u00e1c \u0111i\u1ec7n tho\u1ea1i BlackBerry lu\u00f4n cho c\u1ea3m gi\u00e1c cao c\u1ea5p b\u1ea5t k\u1ec3 n\u00f3 \u0111\u01b0\u1ee3c l\u00e0m t\u1eeb nh\u1ef1a hay kim lo\u1ea1i. KeyOne v\u1eabn r\u1ea5t tr\u01a1n tru, v\u1eabn s\u1eed d\u1ee5ng khung nh\u00f4m, nh\u01b0ng n\u00f3 c\u00f3 c\u00e1i g\u00ec \u0111\u00f3 h\u01a1i v\u00f4 h\u1ed3n kh\u00f3 di\u1ec5n t\u1ea3. M\u00e0 c\u00f3 th\u1ec3 \u0111\u00f3 c\u0169ng ch\u1ec9 l\u00e0 c\u1ea3m gi\u00e1c c\u00e1 nh\u00e2n c\u1ee7a m\u00ecnh, v\u00ec m\u1ed9t th\u1eddi t\u1eebng r\u1ea5t y\u00eau BB.<\/p>\n<p>C\u0169ng v\u1eabn n\u00ean khen TCL, v\u00ec h\u1ecd ti\u1ebfp t\u1ee5c duy tr\u00ec m\u1eb7t sau s\u1ea7n, ch\u1ea1m v\u00e0o r\u1ea5t th\u00edch ch\u1ee9 kh\u00f4ng theo xu h\u01b0\u1edbng b\u00f3ng ho\u1eb7c g\u01b0\u01a1ng nh\u01b0 hi\u1ec7n t\u1ea1i. M\u1eb7t sau l\u00e0 m\u1eb7t \u0111\u1eb9p nh\u1ea5t c\u1ee7a KeyOne, truy\u1ec1n th\u1ed1ng v\u00e0 h\u1eefu d\u1ee5ng.<\/p>\n<div>\u200bS\u1ef1 c\u00e2n b\u1eb1ng khi thi\u1ebft k\u1ebf \u0111i\u1ec7n tho\u1ea1i c\u00f3 b\u00e0n ph\u00edm l\u00e0 r\u1ea5t quan tr\u1ecdng. Kh\u00f4ng ph\u1ea3i ng\u1eabu nhi\u00ean m\u00e0 nh\u1eefng \u0111i\u1ec7n tho\u1ea1i BlackBerry ng\u00e0y x\u01b0a \u0111\u01b0\u1ee3c thi\u1ebft k\u1ebf b\u00e8 ra, n\u00f3 kh\u00f4ng ch\u1ec9 gi\u00fap c\u00e1c ph\u00edm l\u1edbn h\u01a1n, t\u00e1ch r\u1eddi nhau m\u00e0 b\u00e0n tay ch\u00fang ta c\u00f3 \u0111i\u1ec3m t\u1ef1a ngay tr\u1ecdng t\u00e2m m\u00e1y, qua \u0111\u00f3 gi\u00fap c\u1ea3m gi\u00e1c g\u00f5 c\u00e2n b\u1eb1ng v\u00e0 ch\u00ednh x\u00e1c h\u01a1n.<\/div>\n","protected":false},"excerpt":{"rendered":"<p>BlackBerry KeyOne c\u00f3 c\u1ea5u h\u00ecnh trung b\u00ecnh y\u1ebfu, thi\u1ebft k\u1ebf \u0111\u1eb9p, \u0111\u1ed9c \u0111\u00e1o v\u00e0 m\u1ed9t m\u1ee9c gi\u00e1 h\u01b0 c\u1ea5u so v\u1edbi c\u1ea5u h\u00ecnh (550$ v\u00e0 c\u00f3 th\u1ec3 l\u00e0 14-15 tri\u1ec7u khi v\u1ec1 Vi\u1ec7t Nam). Th\u1ebf nh\u01b0ng \u0111\u00f4i khi t\u00ecnh y\u00eau l\u1ea1i l\u00e0 m\u00f9 qu\u00e1ng, r\u1ea5t c\u00f3 th\u1ec3 m\u00e1y v\u1eabn c\u00f3 nh\u1eefng \u0111\u1eb7c \u0111i\u1ec3m l\u00e0m ch\u00fang ta h\u00e0i l\u00f2ng v\u1edbi vi\u1ec7c s\u1edf h\u1eefu, b\u1ea5t ch\u1ea5p x\u00e3 h\u1ed9i n\u00f3i g\u00ec.<\/p>\n","protected":false},"featured_media":693,"comment_status":"open","ping_status":"closed","template":"","meta":[],"_links":{"self":[{"href":"https:\/\/webmaibinh.com\/w\/dienmay\/wp-json\/wp\/v2\/product\/692"}],"collection":[{"href":"https:\/\/webmaibinh.com\/w\/dienmay\/wp-json\/wp\/v2\/product"}],"about":[{"href":"https:\/\/webmaibinh.com\/w\/dienmay\/wp-json\/wp\/v2\/types\/product"}],"replies":[{"embeddable":true,"href":"https:\/\/webmaibinh.com\/w\/dienmay\/wp-json\/wp\/v2\/comments?post=692"}],"wp:featuredmedia":[{"embeddable":true,"href":"https:\/\/webmaibinh.com\/w\/dienmay\/wp-json\/wp\/v2\/media\/693"}],"wp:attachment":[{"href":"https:\/\/webmaibinh.com\/w\/dienmay\/wp-json\/wp\/v2\/media?parent=692"}],"curies":[{"name":"wp","href":"https:\/\/api.w.org\/{rel}","templated":true}]}}