{"id":690,"date":"2017-08-09T01:12:03","date_gmt":"2017-08-08T18:12:03","guid":{"rendered":"https:\/\/bizhostvn.com\/w\/dienmay\/?post_type=product&#038;p=690"},"modified":"2017-08-18T09:26:40","modified_gmt":"2017-08-18T02:26:40","slug":"blackberry-priv-cu-96","status":"publish","type":"product","link":"https:\/\/webmaibinh.com\/w\/dienmay\/s\u1ea3n ph\u1ea9m\/blackberry-priv-cu-96\/","title":{"rendered":"BlackBerry Priv c\u0169 96%"},"content":{"rendered":"<p>Priv l\u00e0 chi\u1ebfc m\u00e1y l\u00e0m m\u00ecnh hy v\u1ecdng r\u1ea5t nhi\u1ec1u tr\u01b0\u1edbc khi mua, n\u00f3 g\u1ea7n nh\u01b0 c\u00f3 t\u1ea5t c\u1ea3: m\u1ed9t thi\u1ebft k\u1ebf \u0111\u1eb9p v\u00e0 kh\u00e1c bi\u1ec7t, m\u1ed9t c\u1ee5m camera h\u1ee9a h\u1eb9n v\u1edbi \u1ed1ng k\u00ednh Schneider, m\u1ed9t c\u1ea5u h\u00ecnh \u0111\u1ee7 t\u1ed1t, m\u1ed9t vi\u00ean pin l\u1edbn, m\u1ed9t m\u00e0n h\u00ecnh cong v\u00e0 l\u00e0 m\u1ed9t s\u1ea3n ph\u1ea9m ph\u1ea7n c\u1ee9ng do BlackBerry s\u1ea3n xu\u1ea5t. Th\u1ef1c t\u1ebf cho th\u1ea5y c\u00f3 nh\u1eefng \u0111i\u1ec3m Priv r\u1ea5t t\u1ec7, nh\u01b0ng c\u00f3 nh\u1eefng l\u00fac n\u00f3 l\u1ea1i l\u00e0m ng\u01b0\u1eddi d\u00f9ng h\u1ea1nh ph\u00fac.<\/p>\n<p><b>Thi\u1ebft k\u1ebf: <\/b><br \/>\nC\u00f3 \u0111\u00f4i khi c\u1ea3m gi\u00e1c quan tr\u1ecdng h\u01a1n r\u1ea5t nhi\u1ec1u so v\u1edbi tr\u1ea3i nghi\u1ec7m s\u1eed d\u1ee5ng s\u1ea3n ph\u1ea9m. C\u00e1i c\u1ea3m gi\u00e1c s\u1eed d\u1ee5ng m\u1ed9t c\u00e1i g\u00ec \u0111\u00f3 kh\u00e1c bi\u1ec7t so v\u1edbi ph\u1ea7n c\u00f2n l\u1ea1i c\u1ee7a th\u1ebf gi\u1edbi iPhone v\u00e0 Galaxy th\u1eadt s\u1ef1 s\u1ebd l\u00e0m b\u1ea1n h\u00e0i l\u00f2ng, \u0111\u1eb7c bi\u1ec7t l\u00e0 nh\u1eefng ng\u01b0\u1eddi s\u1eed d\u1ee5ng \u0111i\u1ec7n tho\u1ea1i \u1edf ph\u00e2n kh\u00fac smartphone cao c\u1ea5p. S\u1ebd r\u1ea5t kh\u00f3 \u0111\u1ec3 di\u1ec5n t\u1ea3 c\u1ea3m h\u1ee9ng t\u1eeb ti\u1ebfng \u201ct\u1ea1ch\u201d tr\u01b0\u1ee3t b\u00e0n ph\u00edm Priv ra \u0111\u1ec3 tr\u1ea3 l\u1eddi tin nh\u1eafn hay \u0111i\u1ec7n tho\u1ea1i khi b\u1ea1n \u0111i trong m\u1ed9t t\u00f2a nh\u00e0, ho\u1eb7c tr\u00ean t\u00e0u \u0111i\u1ec7n ng\u1ea7m&#8230;<\/p>\n<p>Th\u1ebf gi\u1edbi smartphone hi\u1ec7n \u0111\u1ea1i th\u1eadt s\u1ef1 \u0111\u00e3 l\u00e0m m\u1ea5t \u0111i t\u00ednh s\u00e1ng t\u1ea1o c\u1ee7a h\u1ea7u h\u1ebft c\u00e1c nh\u00e0 s\u1ea3n xu\u1ea5t. Thay v\u00ec \u0111\u01b0a ra nh\u1eefng kh\u00e1c bi\u1ec7t v\u1ec1 ngo\u1ea1i h\u00ecnh, h\u1ecd l\u1ea1i \u0111ua nhau v\u1ec1 v\u1eadt li\u1ec7u, v\u1ec1 nh\u00f4m k\u00ednh, v\u1ec1 Kevlar hay c\u00e1c v\u1eadt li\u1ec7u t\u1ed5ng h\u1ee3p kh\u00e1c. C\u00e1c s\u1ea3n ph\u1ea9m g\u1ea7n \u0111\u00e2y c\u1ee7a BlackBerry v\u1eabn ti\u1ebfp t\u1ee5c duy tr\u00ec m\u1ed9t c\u00e1i g\u00ec \u0111\u00f3 kh\u00e1c bi\u1ec7t v\u1ec1 thi\u1ebft k\u1ebf, d\u00f9 ti\u1ec7n h\u01a1n, hay b\u1ea5t ti\u1ec7n h\u01a1n th\u00ec thi\u1ebft k\u1ebf n\u1eafp tr\u01b0\u1ee3t v\u1eabn l\u00e0 l\u00fd do ch\u00ednh m\u00e0 m\u00ecnh ch\u1ecdn Priv, b\u00ean c\u1ea1nh th\u01b0\u01a1ng hi\u1ec7u BlackBerry v\u00e0 Android.<\/p>\n<p>S\u1eed d\u1ee5ng m\u00e0n h\u00ecnh cong tr\u00e0n ra hai b\u00ean, ki\u1ec3u m\u00e0n h\u00ecnh m\u00e0 Samsung \u00e1p d\u1ee5ng tr\u00ean Galaxy S6 edge, Priv cho c\u1ea3m gi\u00e1c g\u1ecdn g\u00e0ng h\u01a1n so v\u1edbi k\u00edch c\u1ee1 th\u1eadt c\u0169 n\u00f3. Tr\u00ean th\u1ef1c t\u1ebf, ngo\u00e0i vi\u1ec7c b\u00e1o pin khi s\u1ea1c th\u00ec m\u00e0n h\u00ecnh n\u00e0y g\u1ea7n nh\u01b0 kh\u00f4ng thi\u1ebft th\u1ef1c, n\u00f3 c\u0169ng ch\u1eb3ng t\u1ea1o c\u1ea3m h\u1ee9ng nh\u01b0 l\u1ea7n \u0111\u1ea7u m\u00ecnh th\u1ea5y Galaxy S6 edge hay m\u1eb7t k\u00ednh cong c\u1ee7a Nokia Lumia 930. \u0110i\u1ec1u \u0111\u00e1ng n\u00f3i \u1edf \u0111\u00e2y l\u00e0 ph\u1ea7n m\u00e9p ti\u1ebfp x\u00fac c\u1ee7a m\u00e1y v\u1edbi khung m\u00e0n h\u00ecnh b\u1ecb b\u1ebb cong qu\u00e1 g\u1eaft, t\u1ea1o ra m\u1ed9t kho\u1ea3ng tr\u1ed1ng nh\u1ecf s\u1ebd l\u00e0m tay ng\u01b0\u1eddi d\u00f9ng h\u01a1i kh\u00f3 ch\u1ecbu khi vu\u1ed1t t\u1eeb m\u00e9p v\u00e0o.<\/p>\n<p>Tr\u00ean th\u1ef1c t\u1ebf, h\u1ea7u h\u1ebft ch\u00fang ta \u0111\u1ec1u vu\u1ed1t t\u1eeb l\u01b0ng ch\u1eebng m\u00e0n h\u00ecnh cong v\u00e0o ch\u1ee9 kh\u00f4ng vu\u1ed1t t\u1eeb vi\u1ec1n m\u00e0n h\u00ecnh n\u00ean nh\u01b0\u1ee3c \u0111i\u1ec3m tr\u00ean l\u00e0 kh\u00f4ng l\u1edbn, th\u1ebf nh\u01b0ng n\u1ebfu Priv d\u00f9ng m\u00e0n h\u00ecnh cong nh\u1eb9 ki\u1ec3u 2.5D th\u00ec m\u00ecnh s\u1ebd h\u1ea1nh ph\u00fac h\u01a1n l\u00e0 c\u00e1ch d\u00f9ng m\u00e0n h\u00ecnh cong ki\u1ec3u n\u00e0y. Thi\u1ebft k\u1ebf c\u1ee7a Priv kh\u00f4ng t\u00f4n \u0111\u01b0\u1ee3c v\u1ebb \u0111\u1eb9p c\u1ee7a m\u00e0n h\u00ecnh cong nh\u01b0 Galaxy S6 edge\/S6 edge Plus v\u00e0 t\u00ednh n\u0103ng c\u0169ng kh\u00f4ng c\u00f3 g\u00ec \u0111\u1eb7c bi\u1ec7t \u0111\u1ec3 nh\u1edb. M\u00ecnh c\u00f3 nghe th\u00f4ng tin v\u1ec1 m\u1ed9t chi\u1ebfc \u0111i\u1ec7n tho\u1ea1i Android thi\u1ebft k\u1ebf ki\u1ec3u Passport nh\u01b0ng h\u1eb9p h\u01a1n v\u1ec1 b\u1ec1 ngang, d\u00f9ng m\u00e0n h\u00ecnh 2.5D, h\u00e3y c\u00f9ng ch\u1edd xem.<\/p>\n<p>C\u00f3 m\u1ed9t nh\u01b0\u1ee3c \u0111i\u1ec3m kh\u00f4ng th\u1ec3 kh\u00f4ng nh\u1eafc \u0111\u1ebfn. BlackBerry ti\u1ebfp t\u1ee5c s\u1eed d\u1ee5ng c\u01a1 ch\u1ebf tr\u01b0\u1ee3t l\u1eaby ki\u1ec3u m\u1ed9t c\u01a1. Ph\u01b0\u01a1ng th\u1ee9c n\u00e0y c\u00f3 \u01b0u \u0111i\u1ec3m l\u00e0 l\u00e0m cho vi\u1ec7c tr\u01b0\u1ee3t m\u1ed9t tay kh\u00e1 d\u1ec5, b\u1ec1n nh\u01b0ng n\u00f3 l\u1ea1i b\u1ecb nh\u01b0\u1ee3c \u0111i\u1ec3m l\u00e0 t\u1ea1o ra qu\u00e1 nhi\u1ec1u kho\u1ea3ng kh\u1ed1ng gi\u1eefa khung m\u00e1y v\u00e0 m\u00e0n h\u00ecnh ph\u00eda b\u00ean tr\u00ean c\u0169ng nh\u01b0 n\u1eafp l\u01b0ng ph\u00eda d\u01b0\u1edbi. K\u1ebft h\u1ee3p v\u1edbi m\u00e0n h\u00ecnh AMOLED, khi b\u1ea1n b\u00f3p nh\u1eb9 v\u00e0o Priv, ch\u00fang ta c\u00f3 th\u1ec3 th\u1ea5y n\u00f3 b\u1ecb l\u00f5m v\u00e0o t\u1eeb c\u1ea3 ph\u00eda tr\u00ean v\u00e0 d\u01b0\u1edbi, kh\u00f4ng x\u1ed9c x\u1ec7ch \u1ea3nh h\u01b0\u1edfng t\u1edbi k\u1ebft c\u1ea5u c\u1ee7a m\u00e1y m\u00e0 t\u1ea1o c\u1ea3m gi\u00e1c h\u01a1i l\u1ecfng l\u1ebbo kh\u00f3 ch\u1ecbu. \u0110\u00e2y l\u00e0 \u0111i\u1ec3m m\u00ecnh kh\u00f4ng th\u00edch nh\u1ea5t v\u1ec1 thi\u1ebft k\u1ebf c\u1ee7a Priv.<\/p>\n","protected":false},"excerpt":{"rendered":"<p>Priv l\u00e0 chi\u1ebfc m\u00e1y l\u00e0m m\u00ecnh hy v\u1ecdng r\u1ea5t nhi\u1ec1u tr\u01b0\u1edbc khi mua, n\u00f3 g\u1ea7n nh\u01b0 c\u00f3 t\u1ea5t c\u1ea3: m\u1ed9t thi\u1ebft k\u1ebf \u0111\u1eb9p v\u00e0 kh\u00e1c bi\u1ec7t, m\u1ed9t c\u1ee5m camera h\u1ee9a h\u1eb9n v\u1edbi \u1ed1ng k\u00ednh Schneider, m\u1ed9t c\u1ea5u h\u00ecnh \u0111\u1ee7 t\u1ed1t, m\u1ed9t vi\u00ean pin l\u1edbn, m\u1ed9t m\u00e0n h\u00ecnh cong v\u00e0 l\u00e0 m\u1ed9t s\u1ea3n ph\u1ea9m ph\u1ea7n c\u1ee9ng do BlackBerry s\u1ea3n xu\u1ea5t. Th\u1ef1c t\u1ebf cho th\u1ea5y c\u00f3 nh\u1eefng \u0111i\u1ec3m Priv r\u1ea5t t\u1ec7, nh\u01b0ng c\u00f3 nh\u1eefng l\u00fac n\u00f3 l\u1ea1i l\u00e0m ng\u01b0\u1eddi d\u00f9ng h\u1ea1nh ph\u00fac.<\/p>\n","protected":false},"featured_media":691,"comment_status":"open","ping_status":"closed","template":"","meta":[],"_links":{"self":[{"href":"https:\/\/webmaibinh.com\/w\/dienmay\/wp-json\/wp\/v2\/product\/690"}],"collection":[{"href":"https:\/\/webmaibinh.com\/w\/dienmay\/wp-json\/wp\/v2\/product"}],"about":[{"href":"https:\/\/webmaibinh.com\/w\/dienmay\/wp-json\/wp\/v2\/types\/product"}],"replies":[{"embeddable":true,"href":"https:\/\/webmaibinh.com\/w\/dienmay\/wp-json\/wp\/v2\/comments?post=690"}],"wp:featuredmedia":[{"embeddable":true,"href":"https:\/\/webmaibinh.com\/w\/dienmay\/wp-json\/wp\/v2\/media\/691"}],"wp:attachment":[{"href":"https:\/\/webmaibinh.com\/w\/dienmay\/wp-json\/wp\/v2\/media?parent=690"}],"curies":[{"name":"wp","href":"https:\/\/api.w.org\/{rel}","templated":true}]}}