{"id":574,"date":"2017-08-08T17:23:54","date_gmt":"2017-08-08T10:23:54","guid":{"rendered":"https:\/\/bizhostvn.com\/w\/dienmay\/?post_type=product&#038;p=574"},"modified":"2017-08-08T17:23:54","modified_gmt":"2017-08-08T10:23:54","slug":"dien-thoai-lg-g6-chinh-hang","status":"publish","type":"product","link":"https:\/\/webmaibinh.com\/w\/dienmay\/s\u1ea3n ph\u1ea9m\/dien-thoai-lg-g6-chinh-hang\/","title":{"rendered":"\u0110i\u1ec7n tho\u1ea1i LG G6 Ch\u00ednh H\u00e3ng"},"content":{"rendered":"<p>\u0110i\u1ec7n tho\u1ea1i LG G6 ch\u00ednh h\u00e3ng t\u1eeb H\u00e0n Qu\u1ed1c. \u0110\u00e2y l\u00e0 chi\u1ebfc m\u00e1y cao c\u1ea5p r\u1ea5t \u0111\u00e1ng s\u1edf h\u1eefu v\u1edbi thi\u1ebft k\u1ebf nguy\u00ean kh\u1ed1i \u0111\u1eb9p v\u00e0 sang tr\u1ecdng nh\u01b0 Samsung S8\/S8+ nh\u01b0ng ti\u1ebft ki\u1ec7m l\u00ean t\u1edbi 8 tri\u1ec7u. M\u00e1y LG G6 m\u1edbi 100% Fullbox g\u1ed3m: S\u1ea1c Quick Changer, Cable Usb Type-C, Tai nghe, S\u00e1ch HDSD. T\u1eb7ng 15 th\u00e1ng b\u1ea3o h\u00e0nh c\u1ea3 ngu\u1ed3n &amp; m\u00e0n h\u00ecnh (b\u1ea3o h\u00e0nh Dcare+) tr\u1ecb gi\u00e1 450K.<\/p>\n<p>\u0110i\u1ec7n tho\u1ea1i LG G6 ch\u00ednh h\u00e3ng t\u1eeb H\u00e0n Qu\u1ed1c. \u0110\u00e2y l\u00e0 chi\u1ebfc m\u00e1y cao c\u1ea5p r\u1ea5t \u0111\u00e1ng s\u1edf h\u1eefu v\u1edbi thi\u1ebft k\u1ebf nguy\u00ean kh\u1ed1i \u0111\u1eb9p v\u00e0 sang tr\u1ecdng nh\u01b0 Samsung S8\/S8+ nh\u01b0ng ti\u1ebft ki\u1ec7m l\u00ean t\u1edbi 8 tri\u1ec7u. M\u00e1y LG G6 m\u1edbi 100% Fullbox g\u1ed3m: S\u1ea1c Quick Changer, Cable Usb Type-C, Tai nghe, S\u00e1ch HDSD. T\u1eb7ng 15 th\u00e1ng b\u1ea3o h\u00e0nh c\u1ea3 ngu\u1ed3n &amp; m\u00e0n h\u00ecnh (b\u1ea3o h\u00e0nh Dcare+) tr\u1ecb gi\u00e1 450K.<\/p>\n","protected":false},"excerpt":{"rendered":"<p>\u0110i\u1ec7n tho\u1ea1i LG G6 ch\u00ednh h\u00e3ng t\u1eeb H\u00e0n Qu\u1ed1c. \u0110\u00e2y l\u00e0 chi\u1ebfc m\u00e1y cao c\u1ea5p r\u1ea5t \u0111\u00e1ng s\u1edf h\u1eefu v\u1edbi thi\u1ebft k\u1ebf nguy\u00ean kh\u1ed1i \u0111\u1eb9p v\u00e0 sang tr\u1ecdng nh\u01b0 Samsung S8\/S8+ nh\u01b0ng ti\u1ebft ki\u1ec7m l\u00ean t\u1edbi 8 tri\u1ec7u.<\/p>\n","protected":false},"featured_media":575,"comment_status":"open","ping_status":"closed","template":"","meta":[],"_links":{"self":[{"href":"https:\/\/webmaibinh.com\/w\/dienmay\/wp-json\/wp\/v2\/product\/574"}],"collection":[{"href":"https:\/\/webmaibinh.com\/w\/dienmay\/wp-json\/wp\/v2\/product"}],"about":[{"href":"https:\/\/webmaibinh.com\/w\/dienmay\/wp-json\/wp\/v2\/types\/product"}],"replies":[{"embeddable":true,"href":"https:\/\/webmaibinh.com\/w\/dienmay\/wp-json\/wp\/v2\/comments?post=574"}],"wp:featuredmedia":[{"embeddable":true,"href":"https:\/\/webmaibinh.com\/w\/dienmay\/wp-json\/wp\/v2\/media\/575"}],"wp:attachment":[{"href":"https:\/\/webmaibinh.com\/w\/dienmay\/wp-json\/wp\/v2\/media?parent=574"}],"curies":[{"name":"wp","href":"https:\/\/api.w.org\/{rel}","templated":true}]}}