{"id":570,"date":"2017-08-08T17:14:30","date_gmt":"2017-08-08T10:14:30","guid":{"rendered":"https:\/\/bizhostvn.com\/w\/dienmay\/?post_type=product&#038;p=570"},"modified":"2017-08-08T17:26:21","modified_gmt":"2017-08-08T10:26:21","slug":"lg-v20-2-sim-chinh-hang","status":"publish","type":"product","link":"https:\/\/webmaibinh.com\/w\/dienmay\/s\u1ea3n ph\u1ea9m\/lg-v20-2-sim-chinh-hang\/","title":{"rendered":"LG V20 2 Sim Ch\u00ednh H\u00e3ng"},"content":{"rendered":"<p>LG V20 l\u00e0 Smartphone h\u1ed9i t\u1ee5 nh\u1eefng tinh hoa t\u1eeb c\u00e1c Flagship cao c\u1ea5p nh\u1ea5t: M\u00e1y s\u1edf h\u1eefu 2 m\u00e0n h\u00ecnh gi\u1ed1ng LG V10, c\u00f3 2 camera sau cho g\u00f3c ch\u1ee5p r\u1ed9ng t\u01b0\u01a1ng t\u1ef1 nh\u01b0 si\u00eau ph\u1ea9m LG G5\/iPhone 7 Plus v\u00e0 s\u1edf h\u1eefu c\u1ea5u h\u00ecnh ph\u1ea7n c\u1ee9ng kh\u1ee7ng nh\u01b0 Samsung Note 7 hay Sony XZ. C\u00e1c t\u00ednh n\u0103ng \u0111\u1eb7c bi\u1ec7t: Nghe nh\u1ea1c Hifi, Ghi \u00e2m ch\u1ea5t l\u01b0\u1ee3ng ph\u00f2ng thu, h\u1ed7 tr\u1ee3 s\u1ea1c nhanh QuickCharge 3.0, C\u1ea3m bi\u1ebfn v\u00e2n tay 1 ch\u1ea1m, Android 7.0 Nougat. M\u00e1y ch\u00ednh h\u00e3ng m\u1edbi 100% Fullbox. B\u1ea3o h\u00e0nh 12 th\u00e1ng ch\u00ednh h\u00e3ng LG Vi\u1ec7t Nam.<\/p>\n","protected":false},"excerpt":{"rendered":"<p>LG V20 l\u00e0 Smartphone h\u1ed9i t\u1ee5 nh\u1eefng tinh hoa t\u1eeb c\u00e1c Flagship cao c\u1ea5p nh\u1ea5t: M\u00e1y s\u1edf h\u1eefu 2 m\u00e0n h\u00ecnh gi\u1ed1ng LG V10, c\u00f3 2 camera sau cho g\u00f3c ch\u1ee5p r\u1ed9ng t\u01b0\u01a1ng t\u1ef1 nh\u01b0 si\u00eau ph\u1ea9m LG G5\/iPhone 7 Plus v\u00e0 s\u1edf h\u1eefu c\u1ea5u h\u00ecnh ph\u1ea7n c\u1ee9ng kh\u1ee7ng nh\u01b0 Samsung Note 7 hay Sony XZ.<\/p>\n","protected":false},"featured_media":571,"comment_status":"open","ping_status":"closed","template":"","meta":[],"_links":{"self":[{"href":"https:\/\/webmaibinh.com\/w\/dienmay\/wp-json\/wp\/v2\/product\/570"}],"collection":[{"href":"https:\/\/webmaibinh.com\/w\/dienmay\/wp-json\/wp\/v2\/product"}],"about":[{"href":"https:\/\/webmaibinh.com\/w\/dienmay\/wp-json\/wp\/v2\/types\/product"}],"replies":[{"embeddable":true,"href":"https:\/\/webmaibinh.com\/w\/dienmay\/wp-json\/wp\/v2\/comments?post=570"}],"wp:featuredmedia":[{"embeddable":true,"href":"https:\/\/webmaibinh.com\/w\/dienmay\/wp-json\/wp\/v2\/media\/571"}],"wp:attachment":[{"href":"https:\/\/webmaibinh.com\/w\/dienmay\/wp-json\/wp\/v2\/media?parent=570"}],"curies":[{"name":"wp","href":"https:\/\/api.w.org\/{rel}","templated":true}]}}