{"id":568,"date":"2017-08-08T17:13:13","date_gmt":"2017-08-08T10:13:13","guid":{"rendered":"https:\/\/bizhostvn.com\/w\/dienmay\/?post_type=product&#038;p=568"},"modified":"2017-08-09T11:11:35","modified_gmt":"2017-08-09T04:11:35","slug":"dien-thoai-smartphone-lg-k10","status":"publish","type":"product","link":"https:\/\/webmaibinh.com\/w\/dienmay\/s\u1ea3n ph\u1ea9m\/dien-thoai-smartphone-lg-k10\/","title":{"rendered":"\u0110i\u1ec7n tho\u1ea1i Smartphone LG K10 ch\u00ednh h\u00e3ng"},"content":{"rendered":"<p>Thi\u1ebft k\u1ebf \u0111\u1eb9p m\u1eaft c\u00f9ng c\u1ea5u h\u00ecnh b\u00ean trong m\u00e1y t\u1ed1t, \u0111\u1eb7c bi\u1ec7t m\u1ee9c gi\u00e1 d\u1ec5 ch\u1ecbu, LG K10 ch\u1eafc ch\u1eafn s\u1ebd l\u00e0 m\u1ed9t s\u1ef1 \u01b0u ti\u00ean trong l\u1ef1a ch\u1ecdn c\u1ee7a b\u1ea1n.<\/p>\n<p>Thi\u1ebft k\u1ebf \u0111\u1eb9p m\u1eaft c\u00f9ng c\u1ea5u h\u00ecnh b\u00ean trong m\u00e1y t\u1ed1t, \u0111\u1eb7c bi\u1ec7t m\u1ee9c gi\u00e1 d\u1ec5 ch\u1ecbu, LG K10 ch\u1eafc ch\u1eafn s\u1ebd l\u00e0 m\u1ed9t s\u1ef1 \u01b0u ti\u00ean trong l\u1ef1a ch\u1ecdn c\u1ee7a b\u1ea1n.<\/p>\n","protected":false},"excerpt":{"rendered":"<p>Thi\u1ebft k\u1ebf \u0111\u1eb9p m\u1eaft c\u00f9ng c\u1ea5u h\u00ecnh b\u00ean trong m\u00e1y t\u1ed1t, \u0111\u1eb7c bi\u1ec7t m\u1ee9c gi\u00e1 d\u1ec5 ch\u1ecbu, LG K10 ch\u1eafc ch\u1eafn s\u1ebd l\u00e0 m\u1ed9t s\u1ef1 \u01b0u ti\u00ean trong l\u1ef1a ch\u1ecdn c\u1ee7a b\u1ea1n.<\/p>\n","protected":false},"featured_media":569,"comment_status":"open","ping_status":"closed","template":"","meta":[],"_links":{"self":[{"href":"https:\/\/webmaibinh.com\/w\/dienmay\/wp-json\/wp\/v2\/product\/568"}],"collection":[{"href":"https:\/\/webmaibinh.com\/w\/dienmay\/wp-json\/wp\/v2\/product"}],"about":[{"href":"https:\/\/webmaibinh.com\/w\/dienmay\/wp-json\/wp\/v2\/types\/product"}],"replies":[{"embeddable":true,"href":"https:\/\/webmaibinh.com\/w\/dienmay\/wp-json\/wp\/v2\/comments?post=568"}],"wp:featuredmedia":[{"embeddable":true,"href":"https:\/\/webmaibinh.com\/w\/dienmay\/wp-json\/wp\/v2\/media\/569"}],"wp:attachment":[{"href":"https:\/\/webmaibinh.com\/w\/dienmay\/wp-json\/wp\/v2\/media?parent=568"}],"curies":[{"name":"wp","href":"https:\/\/api.w.org\/{rel}","templated":true}]}}