{"id":564,"date":"2017-08-08T17:08:19","date_gmt":"2017-08-08T10:08:19","guid":{"rendered":"https:\/\/bizhostvn.com\/w\/dienmay\/?post_type=product&#038;p=564"},"modified":"2017-08-08T17:08:19","modified_gmt":"2017-08-08T10:08:19","slug":"blackberry-porcher-design-9982","status":"publish","type":"product","link":"https:\/\/webmaibinh.com\/w\/dienmay\/s\u1ea3n ph\u1ea9m\/blackberry-porcher-design-9982\/","title":{"rendered":"Blackberry Porcher Design 9982"},"content":{"rendered":"","protected":false},"excerpt":{"rendered":"<p>Ti\u1ebfp n\u1ed1i chi\u1ebfc smartphone xa x\u1ec9\u00a0Porsche Design\u00a0P\u20199981 \u0111\u01b0\u1ee3c ra m\u1eaft v\u00e0o n\u0103m 2011, n\u0103m nay h\u00e3ng Porsche Design n\u1ed5i ti\u1ebfng c\u0169ng \u0111\u00e3 ti\u1ebfp t\u1ee5c b\u1eaft tay v\u1edbi BlackBerry \u0111\u1ec3 cho ra m\u1eaft ti\u1ebfp chi\u1ebfc smartphone Porsche Design P\u20199982 v\u1edbi ki\u1ec3u d\u00e1ng mang \u00e2m h\u01b0\u1edfng c\u1ee7a\u00a0Z10.<\/p>\n","protected":false},"featured_media":565,"comment_status":"open","ping_status":"closed","template":"","meta":[],"_links":{"self":[{"href":"https:\/\/webmaibinh.com\/w\/dienmay\/wp-json\/wp\/v2\/product\/564"}],"collection":[{"href":"https:\/\/webmaibinh.com\/w\/dienmay\/wp-json\/wp\/v2\/product"}],"about":[{"href":"https:\/\/webmaibinh.com\/w\/dienmay\/wp-json\/wp\/v2\/types\/product"}],"replies":[{"embeddable":true,"href":"https:\/\/webmaibinh.com\/w\/dienmay\/wp-json\/wp\/v2\/comments?post=564"}],"wp:featuredmedia":[{"embeddable":true,"href":"https:\/\/webmaibinh.com\/w\/dienmay\/wp-json\/wp\/v2\/media\/565"}],"wp:attachment":[{"href":"https:\/\/webmaibinh.com\/w\/dienmay\/wp-json\/wp\/v2\/media?parent=564"}],"curies":[{"name":"wp","href":"https:\/\/api.w.org\/{rel}","templated":true}]}}