{"id":562,"date":"2017-08-08T17:05:16","date_gmt":"2017-08-08T10:05:16","guid":{"rendered":"https:\/\/bizhostvn.com\/w\/dienmay\/?post_type=product&#038;p=562"},"modified":"2017-08-09T02:00:00","modified_gmt":"2017-08-08T19:00:00","slug":"dien-thoai-htc-one-m9","status":"publish","type":"product","link":"https:\/\/webmaibinh.com\/w\/dienmay\/s\u1ea3n ph\u1ea9m\/dien-thoai-htc-one-m9\/","title":{"rendered":"\u0110i\u1ec7n tho\u1ea1i HTC One M9 64G fullbox"},"content":{"rendered":"<p><strong>Thi\u1ebft k\u1ebf s\u1eafc s\u1ea3o, thu h\u00fat m\u1ecdi \u00e1nh nh\u00ecn<\/strong><\/p>\n<p>Tr\u00ean th\u1ef1c t\u1ebf, c\u00f3 r\u1ea5t \u00edt ng\u01b0\u1eddi d\u00f9ng c\u00f3 th\u1ec3 nh\u1eadn bi\u1ebft \u0111\u01b0\u1ee3c s\u1ef1 kh\u00e1c bi\u1ec7t gi\u1eefa One M9 v\u00e0 One M8 khi m\u1edbi ch\u1ec9 nh\u00ecn l\u01b0\u1edbt qua b\u1edfi s\u1ef1 t\u01b0\u01a1ng \u0111\u1ed3ng trong phong c\u00e1ch thi\u1ebft k\u1ebf. Th\u1eadm ch\u00ed, ngay t\u1ea1i bu\u1ed5i h\u1ecdp b\u00e1o, nhi\u1ec1u chuy\u00ean gia c\u0169ng kh\u00f3 c\u00f3 th\u1ec3 nh\u1eadn bi\u1ebft \u0111\u01b0\u1ee3c hai thi\u1ebft b\u1ecb cho \u0111\u1ebfn khi t\u1eadn tay s\u1edf h\u1eefu ch\u00fang. Th\u1ebf nh\u01b0ng ch\u1ec9 c\u1ea7n c\u1ea7m tr\u00ean tay\u00a0chi\u1ebfc HTC One\u00a0M9, b\u1ea1n s\u1ebd c\u1ea3m nh\u1eadn ngay \u0111\u01b0\u1ee3c s\u1ef1 tinh t\u1ebf, sang tr\u1ecdng trong t\u1eebng \u0111\u01b0\u1eddng n\u00e9t thi\u1ebft k\u1ebf.<\/p>\n<div class=\"characteristics\">\n<h2>\u0110\u1eb7c \u0111i\u1ec3m n\u1ed5i b\u1eadt c\u1ee7a HTC One M9<\/h2>\n<div id=\"owl-detail\" class=\"owl-carousel owl-detail owl-theme\">\n<div class=\"owl-wrapper-outer autoHeight\">\n<div class=\"owl-wrapper\">\n<div class=\"owl-item\">\n<div class=\"item\"><img class=\"lazyOwl\" src=\"https:\/\/cdn4.tgdd.vn\/Products\/Images\/42\/71061\/Slider\/htc-one-m9-1.jpg\" \/><\/div>\n<\/div>\n<div class=\"owl-item loading\"><\/div>\n<div class=\"owl-item loading\"><\/div>\n<div class=\"owl-item loading\"><\/div>\n<div class=\"owl-item loading\"><\/div>\n<\/div>\n<\/div>\n<div class=\"owl-controls clickable\"><\/div>\n<\/div>\n<\/div>\n<div class=\"boxArticle\">\n<article class=\"area_article area_articleFull\">\n<h2><strong>HTC One M9 \u2013 S\u1ea3n ph\u1ea9m ti\u1ebfp n\u1ed1i th\u00e0nh c\u00f4ng c\u1ee7a One M8<\/strong><\/h2>\n<p><strong>T\u1ea1i<\/strong>\u00a0<a href=\"https:\/\/www.thegioididong.com\/tim-kiem-tin-tuc?key=mwc+2015\" target=\"_blank\" rel=\"noopener\"><strong>MWC 2015<\/strong><\/a>\u00a0<strong>di\u1ec5n ra t\u1ea1i barcelona, HTC ti\u1ebfp t\u1ee5c tr\u00ecnh b\u00e0y s\u1ea3n ph\u1ea9m ti\u1ebfp theo thu\u1ed9c d\u00f2ng ONE c\u1ee7a h\u00e3ng: HTC One M9, s\u1ea3n ph\u1ea9m \u0111\u01b0\u1ee3c k\u1ef3 v\u1ecdng mang l\u1ea1i nhi\u1ec1u thay \u0111\u1ed5i cho HTC. M9 \u0111\u01b0\u1ee3c trang b\u1ecb m\u00e0n h\u00ecnh Full HD 5 inch, b\u1ed9 vi x\u1eed l\u00fd Snapdragon 810, GPU Adreno 430, RAM 3GB, h\u1ec7 \u0111i\u1ec1u h\u00e0nh Android 5.0, camera sau 20.7MP, camera tr\u01b0\u1edbc 4 Ultra Pixel.<\/strong><\/p>\n<p align=\"center\"><a class=\"preventdefault\" href=\"https:\/\/www.thegioididong.com\/images\/42\/71061\/htc-one-m91.jpg\"><img class=\"lazy\" title=\"HTC One M9- B\u1ea3n n\u00e2ng c\u1ea5p c\u1ee7a HTC One M8\" src=\"https:\/\/cdn2.tgdd.vn\/Products\/Images\/42\/71061\/htc-one-m91.jpg\" alt=\"HTC One M9- B\u1ea3n n\u00e2ng c\u1ea5p c\u1ee7a HTC One M8\" data-original=\"https:\/\/cdn2.tgdd.vn\/Products\/Images\/42\/71061\/htc-one-m91.jpg\" \/><\/a><\/p>\n<p align=\"center\"><em>HTC One M9- B\u1ea3n n\u00e2ng c\u1ea5p c\u1ee7a HTC One M8<\/em><\/p>\n<p><strong>Thi\u1ebft k\u1ebf s\u1eafc s\u1ea3o, thu h\u00fat m\u1ecdi \u00e1nh nh\u00ecn<\/strong><\/p>\n<p>Tr\u00ean th\u1ef1c t\u1ebf, c\u00f3 r\u1ea5t \u00edt ng\u01b0\u1eddi d\u00f9ng c\u00f3 th\u1ec3 nh\u1eadn bi\u1ebft \u0111\u01b0\u1ee3c s\u1ef1 kh\u00e1c bi\u1ec7t gi\u1eefa One M9 v\u00e0 One M8 khi m\u1edbi ch\u1ec9 nh\u00ecn l\u01b0\u1edbt qua b\u1edfi s\u1ef1 t\u01b0\u01a1ng \u0111\u1ed3ng trong phong c\u00e1ch thi\u1ebft k\u1ebf. Th\u1eadm ch\u00ed, ngay t\u1ea1i bu\u1ed5i h\u1ecdp b\u00e1o, nhi\u1ec1u chuy\u00ean gia c\u0169ng kh\u00f3 c\u00f3 th\u1ec3 nh\u1eadn bi\u1ebft \u0111\u01b0\u1ee3c hai thi\u1ebft b\u1ecb cho \u0111\u1ebfn khi t\u1eadn tay s\u1edf h\u1eefu ch\u00fang. Th\u1ebf nh\u01b0ng ch\u1ec9 c\u1ea7n c\u1ea7m tr\u00ean tay\u00a0chi\u1ebfc HTC One\u00a0M9, b\u1ea1n s\u1ebd c\u1ea3m nh\u1eadn ngay \u0111\u01b0\u1ee3c s\u1ef1 tinh t\u1ebf, sang tr\u1ecdng trong t\u1eebng \u0111\u01b0\u1eddng n\u00e9t thi\u1ebft k\u1ebf.<\/p>\n<p><a class=\"preventdefault\" href=\"https:\/\/www.thegioididong.com\/images\/42\/71061\/htc-one-m92.jpg\"><img class=\"lazy aligncenter\" title=\"S\u1ef1 t\u01b0\u01a1ng \u0111\u1ed3ng gi\u1eefa One M8 v\u00e0 One M9 trong thi\u1ebft k\u1ebf\" src=\"https:\/\/cdn4.tgdd.vn\/Products\/Images\/42\/71061\/htc-one-m92.jpg\" alt=\"S\u1ef1 t\u01b0\u01a1ng \u0111\u1ed3ng gi\u1eefa One M8 v\u00e0 One M9 trong thi\u1ebft k\u1ebf\" data-original=\"https:\/\/cdn4.tgdd.vn\/Products\/Images\/42\/71061\/htc-one-m92.jpg\" \/><\/a><\/p>\n<p><em>S\u1ef1 t\u01b0\u01a1ng \u0111\u1ed3ng gi\u1eefa One M8 v\u00e0 One M9 trong thi\u1ebft k\u1ebf<\/em><\/p>\n<p>&nbsp;<\/p>\n<p>Thi\u1ebft k\u1ebf kim lo\u1ea1i nguy\u00ean kh\u1ed1i \u0111\u00e3 t\u1ea1o n\u00ean t\u00ean tu\u1ed5i c\u1ee7a d\u00f2ng HTC One v\u00e0 \u0111\u00e2y c\u0169ng l\u00e0 \u0111i\u1ec3m \u0111\u01b0\u1ee3c ng\u01b0\u1eddi d\u00f9ng y\u00eau th\u00edch nh\u1ea5t tr\u00ean HTC One M7 v\u00e0 HTC One M8. V\u1edbi One M9, phong c\u00e1ch \u1ea5y \u0111\u00e3 \u0111\u01b0\u1ee3c ho\u00e0n thi\u1ec7n h\u01a1n r\u1ea5t nhi\u1ec1u trong thi\u1ebft k\u1ebf. Smartphone cao c\u1ea5p n\u00e0y \u0111\u01b0\u1ee3c HTC c\u1ea3i ti\u1ebfn th\u00e0nh th\u00e0nh hai t\u00f4ng m\u00e0u ( dual \u2013 tone ) s\u00e0nh \u0111i\u1ec7u v\u00e0 h\u1ee3p th\u1eddi trang, tr\u1ebb trung v\u00e0 n\u0103ng \u0111\u1ed9ng.<\/p>\n<p>One M9 \u0111\u01b0\u1ee3c thi\u1ebft k\u1ebf nh\u1ecf g\u1ecdn, tinh t\u1ebf, c\u00e1c c\u1ea1nh \u0111\u1ed1i x\u1ee9ng, \u0111\u01b0\u1ee3c bo tr\u00f2n m\u1ec1m m\u1ea1i \u1edf c\u00e1c g\u00f3c mang l\u1ea1i cho ng\u01b0\u1eddi d\u00f9ng c\u1ea3m gi\u00e1c tho\u1ea3i m\u00e1i, d\u1ec5 ch\u1ecbu khi c\u1ea7m, n\u1eafm, thao t\u00e1c s\u1eed d\u1ee5ng ho\u1eb7c b\u1ecf v\u00e0o t\u00fai qu\u1ea7n m\u00e0 kh\u00f4ng s\u1ee3 b\u1ecb c\u1ea5n.<\/p>\n<\/article>\n<\/div>\n","protected":false},"excerpt":{"rendered":"<p>Thi\u1ebft k\u1ebf kim lo\u1ea1i nguy\u00ean kh\u1ed1i \u0111\u00e3 t\u1ea1o n\u00ean t\u00ean tu\u1ed5i c\u1ee7a d\u00f2ng HTC One v\u00e0 \u0111\u00e2y c\u0169ng l\u00e0 \u0111i\u1ec3m \u0111\u01b0\u1ee3c ng\u01b0\u1eddi d\u00f9ng y\u00eau th\u00edch nh\u1ea5t tr\u00ean HTC One M7 v\u00e0 HTC One M8. V\u1edbi One M9, phong c\u00e1ch \u1ea5y \u0111\u00e3 \u0111\u01b0\u1ee3c ho\u00e0n thi\u1ec7n h\u01a1n r\u1ea5t nhi\u1ec1u trong thi\u1ebft k\u1ebf. Smartphone cao c\u1ea5p n\u00e0y \u0111\u01b0\u1ee3c HTC c\u1ea3i ti\u1ebfn th\u00e0nh th\u00e0nh hai t\u00f4ng m\u00e0u ( dual \u2013 tone ) s\u00e0nh \u0111i\u1ec7u v\u00e0 h\u1ee3p th\u1eddi trang, tr\u1ebb trung v\u00e0 n\u0103ng \u0111\u1ed9ng.<\/p>\n","protected":false},"featured_media":563,"comment_status":"open","ping_status":"closed","template":"","meta":[],"_links":{"self":[{"href":"https:\/\/webmaibinh.com\/w\/dienmay\/wp-json\/wp\/v2\/product\/562"}],"collection":[{"href":"https:\/\/webmaibinh.com\/w\/dienmay\/wp-json\/wp\/v2\/product"}],"about":[{"href":"https:\/\/webmaibinh.com\/w\/dienmay\/wp-json\/wp\/v2\/types\/product"}],"replies":[{"embeddable":true,"href":"https:\/\/webmaibinh.com\/w\/dienmay\/wp-json\/wp\/v2\/comments?post=562"}],"wp:featuredmedia":[{"embeddable":true,"href":"https:\/\/webmaibinh.com\/w\/dienmay\/wp-json\/wp\/v2\/media\/563"}],"wp:attachment":[{"href":"https:\/\/webmaibinh.com\/w\/dienmay\/wp-json\/wp\/v2\/media?parent=562"}],"curies":[{"name":"wp","href":"https:\/\/api.w.org\/{rel}","templated":true}]}}