{"id":560,"date":"2017-08-08T17:02:49","date_gmt":"2017-08-08T10:02:49","guid":{"rendered":"https:\/\/bizhostvn.com\/w\/dienmay\/?post_type=product&#038;p=560"},"modified":"2017-08-08T17:02:49","modified_gmt":"2017-08-08T10:02:49","slug":"dien-thoai-htc-one-m8","status":"publish","type":"product","link":"https:\/\/webmaibinh.com\/w\/dienmay\/s\u1ea3n ph\u1ea9m\/dien-thoai-htc-one-m8\/","title":{"rendered":"\u0110i\u1ec7n tho\u1ea1i HTC One M8"},"content":{"rendered":"<h2 align=\"center\">HTC One M8 \u2013 Si\u00eau ph\u1ea9m c\u1ea5u h\u00ecnh m\u1ea1nh, thi\u1ebft k\u1ebf tuy\u1ec7t \u0111\u1eb9p<\/h2>\n<p align=\"\"><em><strong>V\u1eeba m\u1edbi ra m\u1eaft, HTC One M8 \u0111\u00e3 g\u00e2y x\u00f4n xao trong gi\u1edbi y\u00eau\u00a0smartphone. V\u1edbi thi\u1ebft k\u1ebf th\u1ef1c s\u1ef1 \u1ea5n t\u01b0\u1ee3ng, m\u1ed9t c\u1ea5u h\u00ecnh m\u1ea1nh m\u1ebd,\u00a0HTC\u00a0h\u1ee9a h\u1eb9n g\u00e2y \u201cs\u00f3ng gi\u00f3\u201d v\u1edbi nhi\u1ec1u \u0111\u1ed1i th\u1ee7 c\u1ea1nh tranh nh\u01b0:\u00a0Samsung,\u00a0LG\u2026<\/strong><\/em><\/p>\n<p align=\"center\"><a class=\"preventdefault\" href=\"https:\/\/www.thegioididong.com\/images\/42\/61385\/htc-one-m8_clip_image002.jpg\"><img class=\"lazy\" title=\"HTC One M8 m\u1ed9t si\u00eau ph\u1ea9m c\u1ee7a n\u0103m 2014 \" src=\"https:\/\/cdn4.tgdd.vn\/Products\/Images\/42\/61385\/htc-one-m8_clip_image002.jpg\" alt=\"HTC One M8 Smartphone cao c\u1ea5p\" data-original=\"https:\/\/cdn4.tgdd.vn\/Products\/Images\/42\/61385\/htc-one-m8_clip_image002.jpg\" \/><\/a><br \/>\n<em>HTC One M8 m\u1ed9t si\u00eau ph\u1ea9m c\u1ee7a n\u0103m 2014<\/em><\/p>\n<p>&nbsp;<\/p>\n<h3 align=\"\">Sang tr\u1ecdng v\u1edbi v\u1ecf nh\u00f4m cao c\u1ea5p<\/h3>\n<p align=\"\">Ti\u1ebfp t\u1ee5c v\u1edbi v\u1ecf nh\u00f4m cao c\u1ea5p nh\u01b0 ng\u01b0\u1eddi ti\u1ec1n nhi\u1ec7m 2013,\u00a0<strong>HTC One M8<\/strong>\u00a0nh\u1eadn \u0111\u01b0\u1ee3c l\u1eddi khen t\u1eeb nhi\u1ec1u ng\u01b0\u1eddi y\u00eau smartphone. Nhi\u1ec1u ng\u01b0\u1eddi kh\u00f4ng ti\u1ebfc l\u1eddi khi cho M8 l\u00e0 chi\u1ebfc smartphone \u201cv\u1ecf nh\u00f4m \u0111\u1eb9p nh\u1ea5t th\u1ebf gi\u1edbi\u201d hay \u201cM8 l\u00e0 smartphone g\u1ee3i c\u1ea3m nh\u1ea5t\u201d.\u00a0<strong>One M8<\/strong>\u00a0ra m\u1eaft l\u1ea7n n\u00e0y v\u1edbi 3 m\u00e0u: x\u00e1m, tr\u1eafng v\u00e0 v\u00e0ng.<\/p>\n<p align=\"\">V\u1ec1 c\u01a1 b\u1ea3n th\u00ec thi\u1ebft k\u1ebf b\u1ec1 ngo\u00e0i c\u1ee7a\u00a0<strong>M8<\/strong>\u00a0v\u1eabn gi\u1eef \u201cgu\u201d c\u1ee7a\u00a0One 2013\u00a0v\u1edbi vi\u1ec1n m\u00e0n h\u00ecnh \u0111\u00e1nh b\u00f3ng, \u1ed1p l\u01b0ng kim lo\u1ea1i m\u1ecbn v\u00e0 m\u01b0\u1ee3t. \u0110i\u1ec1u n\u00e0y, khi\u1ebfn nhi\u1ec1u ng\u01b0\u1eddi lo ng\u1ea1i vi\u1ec7c \u1ed1p lung qu\u00e1 m\u1ecbn s\u1ebd kh\u00f3 kh\u0103n trong vi\u1ec7c c\u1ea7m n\u1eafm c\u0169ng nh\u01b0 d\u1ec5 d\u00ednh d\u1ea5u v\u00e2n tay, m\u1ed3 h\u00f4i khi s\u1eed d\u1ee5ng\u00a0\u0111i\u1ec7n tho\u1ea1i\u00a0th\u1eddi gian d\u00e0i.<\/p>\n<p align=\"center\"><a class=\"preventdefault\" href=\"https:\/\/www.thegioididong.com\/images\/42\/61385\/htc-one-m8_clip_image012.jpg\"><img class=\"lazy\" title=\"HTC One M8 \u2013 Smartphone \u201cg\u1ee3i c\u1ea3m\u201d nh\u1ea5t v\u1edbi v\u1ecf nh\u00f4m cao c\u1ea5p\" src=\"https:\/\/cdn1.tgdd.vn\/Products\/Images\/42\/61385\/htc-one-m8_clip_image012.jpg\" alt=\"HTC One M8 Smartphone v\u1ecf nh\u00f4m cao c\u1ea5p\" data-original=\"https:\/\/cdn1.tgdd.vn\/Products\/Images\/42\/61385\/htc-one-m8_clip_image012.jpg\" \/><\/a><br \/>\n<em>HTC One M8 \u2013 Smartphone \u201cg\u1ee3i c\u1ea3m\u201d nh\u1ea5t v\u1edbi v\u1ecf nh\u00f4m cao c\u1ea5p<\/em><\/p>\n<p>&nbsp;<\/p>\n<h3 align=\"\">M\u00e0n h\u00ecnh \u1ea5n t\u01b0\u1ee3ng<\/h3>\n<p align=\"\"><strong>HTC One M8<\/strong>\u00a0\u0111\u00e3 n\u00e2ng k\u00edch th\u01b0\u1edbc m\u00e0n h\u00ecnh l\u00ean 5inch, m\u1ed9t con s\u1ed1 mong \u0111\u1ee3i c\u1ee7a nhi\u1ec1u ng\u01b0\u1eddi d\u00f9ng HTC. B\u00ean c\u1ea1nh \u0111\u00f3, vi\u1ec7c s\u1eed d\u1ee5ng 100% khung b\u1eb1ng kim lo\u1ea1i c\u0169ng l\u00e0 m\u1ed9t c\u1ea3i thi\u1ec7n \u0111\u00e1ng l\u01b0u t\u00e2m c\u1ee7a M8. S\u1ef1 thay \u0111\u1ed5i n\u00e0y l\u00e0m c\u00e2n n\u1eb7ng t\u0103ng l\u00ean g\u1ea7n 13g so v\u1edbi One 2013.<\/p>\n<p align=\"\">M\u00e0n h\u00ecnh<strong>\u00a0One M8<\/strong>\u00a0c\u00f3 \u0111\u1ed9 ph\u00e2n gi\u1ea3i Full HD 1920 x 1080. S\u1ebd kh\u00f4ng tr\u00e1nh kh\u1ecfi th\u1ea5t v\u1ecdng v\u1edbi nhi\u1ec1u ng\u01b0\u1eddi d\u00f9ng khi<strong>\u00a0<\/strong>kh\u00f4ng n\u00e2ng c\u1ea5p l\u00ean \u0111\u1ed9 ph\u00e2n gi\u1ea3i 2K \u0111ang r\u1ea5t \u201cth\u1eddi th\u01b0\u1ee3ng\u201d. Tuy nhi\u00ean, v\u1edbi ch\u1ea5t l\u01b0\u1ee3ng m\u00e0n h\u00ecnh \u0111ang s\u1edf h\u1eefu, chi\u1ebfc smartphone m\u1edbi nh\u1ea5t c\u1ee7a HTC c\u00f3 th\u1ec3 gi\u00fap b\u1ea1n xem phim, \u0111\u1ecdc v\u0103n b\u1ea3n, h\u00ecnh \u1ea3nh s\u1eafc n\u00e9t, s\u1ed1ng \u0111\u1ed9ng.<\/p>\n<p align=\"\">Nhi\u1ec1u ng\u01b0\u1eddi s\u1ebd th\u1eafc m\u1eafc HTC One M8 s\u1ebd kh\u00f4ng n\u00e9t b\u1eb1ng ng\u01b0\u1eddi ti\u1ec1n nhi\u1ec7m 2013 khi m\u00e0n h\u00ecnh l\u1edbn h\u01a1n n\u00ean s\u1ebd c\u00f3 m\u1eadt \u0111\u1ed9 \u0111i\u1ec3m \u1ea3nh\/ inch s\u1ebd b\u1ecb gi\u1ea3m theo t\u1ec9 l\u1ec7. \u0110i\u1ec1u n\u00e0y \u0111\u00fang, nh\u01b0ng s\u1ebd kh\u00f3 l\u00f2ng nh\u1eadn ra \u0111\u01b0\u1ee3c s\u1ef1 thay \u0111\u1ed5i \u1ea5y qua m\u1eaft th\u01b0\u1eddng. V\u00ec th\u1ebf, b\u1ea1n ho\u00e0n to\u00e0n an t\u00e2m v\u1ec1 ch\u1ea5t l\u01b0\u1ee3ng h\u00ecnh \u1ea3nh tr\u00ean M8.<\/p>\n<p align=\"center\"><a class=\"preventdefault\" href=\"https:\/\/www.thegioididong.com\/images\/42\/61385\/htc-one-m8_clip_image004.jpg\"><img class=\"lazy\" title=\"M\u00e0n h\u00ecnh Full HD - giao di\u1ec7n Sense 6 s\u1ed1ng \u0111\u1ed9ng\" src=\"https:\/\/cdn3.tgdd.vn\/Products\/Images\/42\/61385\/htc-one-m8_clip_image004.jpg\" alt=\"One M8 giao di\u1ec7n Sense 6\" data-original=\"https:\/\/cdn3.tgdd.vn\/Products\/Images\/42\/61385\/htc-one-m8_clip_image004.jpg\" \/><\/a><br \/>\n<em>M\u00e0n h\u00ecnh Full HD \u2013 giao di\u1ec7n Sense 6 s\u1ed1ng \u0111\u1ed9ng<\/em><\/p>\n<p align=\"\"><strong>M8<\/strong>\u00a0s\u1eed d\u1ee5ng giao di\u1ec7n Sense UI 6 \u2013 phi\u00ean b\u1ea3n s\u1ed1ng \u0111\u1ed9ng nh\u1ea5t d\u1ef1a tr\u00ean n\u1ec1n\u00a0<strong>Android 4.4 KitKat<\/strong>. Sense 6 thay \u0111\u1ed5i m\u00e0u s\u1eafc theo n\u1ec1n ng\u01b0\u1eddi d\u00f9ng l\u01b0\u1ea1 ch\u1ecdn v\u00e0 c\u00f3 4 m\u00e0u n\u1ec1n ch\u1ee7 y\u1ebfu: m\u00e0u xanh d\u01b0\u01a1ng ng\u1ea3 xanh l\u00e1; m\u00e0u \u0111\u1ecf k\u1ebft h\u1ee3p da cam; m\u00e0u t\u00edm v\u00e0 cu\u1ed1i c\u00f9ng l\u00e0 m\u00e0u \u0111en \u2013 tr\u1eafng truy\u1ec1n th\u1ed1ng tr\u00ean h\u00ecnh n\u1ec1n ng\u1ea3 x\u00e1m.<\/p>\n","protected":false},"excerpt":{"rendered":"<p><strong>HTC One M8<\/strong>\u00a0\u0111\u00e3 n\u00e2ng k\u00edch th\u01b0\u1edbc m\u00e0n h\u00ecnh l\u00ean 5inch, m\u1ed9t con s\u1ed1 mong \u0111\u1ee3i c\u1ee7a nhi\u1ec1u ng\u01b0\u1eddi d\u00f9ng HTC. B\u00ean c\u1ea1nh \u0111\u00f3, vi\u1ec7c s\u1eed d\u1ee5ng 100% khung b\u1eb1ng kim lo\u1ea1i c\u0169ng l\u00e0 m\u1ed9t c\u1ea3i thi\u1ec7n \u0111\u00e1ng l\u01b0u t\u00e2m c\u1ee7a M8. S\u1ef1 thay \u0111\u1ed5i n\u00e0y l\u00e0m c\u00e2n n\u1eb7ng t\u0103ng l\u00ean g\u1ea7n 13g so v\u1edbi One 2013.<\/p>\n","protected":false},"featured_media":561,"comment_status":"open","ping_status":"closed","template":"","meta":[],"_links":{"self":[{"href":"https:\/\/webmaibinh.com\/w\/dienmay\/wp-json\/wp\/v2\/product\/560"}],"collection":[{"href":"https:\/\/webmaibinh.com\/w\/dienmay\/wp-json\/wp\/v2\/product"}],"about":[{"href":"https:\/\/webmaibinh.com\/w\/dienmay\/wp-json\/wp\/v2\/types\/product"}],"replies":[{"embeddable":true,"href":"https:\/\/webmaibinh.com\/w\/dienmay\/wp-json\/wp\/v2\/comments?post=560"}],"wp:featuredmedia":[{"embeddable":true,"href":"https:\/\/webmaibinh.com\/w\/dienmay\/wp-json\/wp\/v2\/media\/561"}],"wp:attachment":[{"href":"https:\/\/webmaibinh.com\/w\/dienmay\/wp-json\/wp\/v2\/media?parent=560"}],"curies":[{"name":"wp","href":"https:\/\/api.w.org\/{rel}","templated":true}]}}