{"id":534,"date":"2017-08-08T16:18:06","date_gmt":"2017-08-08T09:18:06","guid":{"rendered":"https:\/\/bizhostvn.com\/w\/dienmay\/?post_type=product&#038;p=534"},"modified":"2017-08-09T03:23:52","modified_gmt":"2017-08-08T20:23:52","slug":"blackberry-bold-9981","status":"publish","type":"product","link":"https:\/\/webmaibinh.com\/w\/dienmay\/s\u1ea3n ph\u1ea9m\/blackberry-bold-9981\/","title":{"rendered":"\u0110i\u1ec7n tho\u1ea1i Blackberry Bold 9981"},"content":{"rendered":"<p>H\u1ed3i th\u00e1ng 10 n\u0103m ngo\u00e1i, RIM \u0111\u00e3 ra m\u1eaft chi\u1ebfc \u0111i\u1ec7n tho\u1ea1i BlackBerry Porsche Design P\u20199981\u00a0d\u1ef1a tr\u00ean ph\u1ea7n c\u1ee9ng c\u1ee7a Bold 9900 nh\u01b0ng s\u1edf h\u1eefu nh\u1eefng \u0111\u01b0\u1eddng n\u00e9t thi\u1ebft k\u1ebf \u0111\u1ed9c \u0111\u00e1o c\u1ee7a Porsche. Ng\u00e0y h\u00f4m nay, th\u00eam m\u1ed9t phi\u00ean b\u1ea3n kh\u00e1c c\u1ee7a s\u1ea3n ph\u1ea9m n\u00e0y \u0111\u01b0\u1ee3c c\u00f4ng b\u1ed1 v\u1edbi c\u00e1i t\u00ean\u00a0Porsche Design\u00a0P\u20199981<b>Black<\/b>. So v\u1edbi ng\u01b0\u1eddi anh em c\u1ee7a m\u00ecnh, m\u1eabu m\u00e1y m\u1edbi c\u00f3 c\u00f9ng c\u1ea5u h\u00ecnh ph\u1ea7n c\u1ee9ng, ch\u1ec9 kh\u00e1c l\u00e0 v\u1ecf b\u00ean ngo\u00e0i \u0111\u01b0\u1ee3c s\u01a1n to\u00e0n b\u1ed9 m\u00e0u \u0111en ch\u1ee9 kh\u00f4ng ph\u1ea3i t\u00f4ng \u0111en-x\u00e1m nh\u01b0 tr\u01b0\u1edbc. M\u00e1y s\u1ebd \u0111\u01b0\u1ee3c b\u00e1n ra trong th\u1eddi gian t\u1edbi tr\u00ean c\u1eeda h\u00e0ng tr\u1ef1c tuy\u1ebfn c\u1ee7a Porsche Design, tuy nhi\u00ean ch\u01b0a c\u00f3 gi\u00e1 v\u00e0 ng\u00e0y giao h\u00e0ng c\u1ee5 th\u1ec3.<\/p>\n<p>CEO J\u00fcrgen Gessler c\u1ee7a Porsche Design cho bi\u1ebft \u201ck\u1ec3 t\u1eeb khi b\u1eaft \u0111\u1ea7u, th\u01b0\u01a1ng hi\u1ec7u c\u1ee7a ch\u00fang t\u00f4i \u0111\u00e3 g\u1eafn li\u1ec1n v\u1edbi m\u00e0u \u0111en. S\u1ea3n ph\u1ea9m \u0111\u1ea7u ti\u00ean c\u1ee7a c\u00f4ng ty l\u00e0 m\u1ed9t chi\u1ebfc \u0111\u1ed3ng h\u1ed3 \u0111eo tay m\u00e0u \u0111en tuy\u1ec1n (t\u00ean l\u00e0 Chronograph I). N\u00f3 l\u00e0 m\u1ed9t thi\u1ebft b\u1ecb mang t\u00ednh c\u00e1ch m\u1ea1ng v\u00e0o th\u1eddi k\u00ec \u0111\u00f3 v\u00e0 \u0111\u00e3 ch\u1ee9ng minh \u0111\u01b0\u1ee3c s\u1ee9c h\u00fat c\u1ee7a m\u00ecnh tr\u00ean kh\u1eafp to\u00e0n c\u1ea7u. Chronograph I \u0111\u01b0\u1ee3c l\u1ea5y c\u1ea3m h\u1ee9ng t\u1eeb thi\u1ebft k\u1ebf kh\u00f4ng ph\u1ea3n chi\u1ebfu c\u1ee7a c\u00e1c b\u1ed9 ph\u1eadn \u0111i\u1ec1u khi\u1ec3n tr\u00ean xe \u0111ua, v\u1edbi m\u1ecdi th\u1ee9 \u0111\u1ec1u c\u00f3 m\u00e0u \u0111en m\u1edd tr\u1eeb c\u00e1c linh ki\u1ec7n. M\u1ee5c ti\u00eau c\u1ee7a thi\u1ebft k\u1ebf n\u00e0y l\u00e0 \u0111\u1ec3 \u0111\u1ea3m b\u1ea3o s\u1ef1 r\u00f5 r\u00e0ng v\u00e0 d\u1ec5 \u0111\u1ecdc cho khu v\u1ef1c hi\u1ec3n th\u1ecb. Gi\u1edd \u0111\u00e2y, chi\u1ebfc Porsche Design P\u20189981 Black v\u1eabn \u0111i theo truy\u1ec1n th\u1ed1ng n\u00f3i tr\u00ean\u201d.<\/p>\n<p><a href=\"#mua-ngay\">Mua ngay<\/a><\/p>\n\t<div id=\"mua-ngay\"\n\t     class=\"lightbox-by-id lightbox-content mfp-hide lightbox-white \"\n\t     style=\"max-width:600px ;padding:10px\">\n\t\t<div role=\"form\" class=\"wpcf7\" id=\"wpcf7-f797-o1\" lang=\"vi\" dir=\"ltr\">\n<div class=\"screen-reader-response\"><p role=\"status\" aria-live=\"polite\" aria-atomic=\"true\"><\/p> <ul><\/ul><\/div>\n<form action=\"\/w\/dienmay\/wp-json\/wp\/v2\/product\/534#wpcf7-f797-o1\" method=\"post\" class=\"wpcf7-form init\" novalidate=\"novalidate\" data-status=\"init\">\n<div style=\"display: none;\">\n<input type=\"hidden\" name=\"_wpcf7\" value=\"797\" \/>\n<input type=\"hidden\" name=\"_wpcf7_version\" value=\"5.3\" \/>\n<input type=\"hidden\" name=\"_wpcf7_locale\" value=\"vi\" \/>\n<input type=\"hidden\" name=\"_wpcf7_unit_tag\" value=\"wpcf7-f797-o1\" \/>\n<input type=\"hidden\" name=\"_wpcf7_container_post\" value=\"0\" \/>\n<input type=\"hidden\" name=\"_wpcf7_posted_data_hash\" value=\"\" \/>\n<\/div>\n<h3 style=\"font-size:20px\">LI\u00caN H\u1ec6 T\u01af V\u1ea4N TR\u1ef0C TI\u1ebeP<\/h3>\n<p style=\"font-size:15px\">Vui l\u00f2ng li\u00ean h\u1ec7 v\u1edbi nh\u00e2n vi\u00ean t\u01b0 v\u1ea5n qua bi\u1ec3u m\u1eabu sau:<br \/>\nT\u1ed1i \u0111a 15 ph\u00fat sau khi g\u1eedi y\u00eau c\u1ea7u th\u00e0nh c\u00f4ng, nh\u00e2n vi\u00ean t\u01b0 v\u1ea5n s\u1ebd \u0111i\u1ec7n tho\u1ea1i tr\u1ef1c ti\u1ebfp \u0111\u1ec3 t\u01b0 v\u1ea5n cho b\u1ea1n. Xin c\u1ea3m \u01a1n!<\/p>\n<p><br><\/p>\n<p>    <span class=\"wpcf7-form-control-wrap your-name\"><input type=\"text\" name=\"your-name\" value=\"\" size=\"40\" class=\"wpcf7-form-control wpcf7-text wpcf7-validates-as-required\" aria-required=\"true\" aria-invalid=\"false\" placeholder=\"H\u1ecd t\u00ean c\u1ee7a b\u1ea1n...\" \/><\/span> <\/p>\n<p>    <span class=\"wpcf7-form-control-wrap your-email\"><input type=\"email\" name=\"your-email\" value=\"\" size=\"40\" class=\"wpcf7-form-control wpcf7-text wpcf7-email wpcf7-validates-as-required wpcf7-validates-as-email\" aria-required=\"true\" aria-invalid=\"false\" placeholder=\"\u0110\u1ecba ch\u1ec9 email c\u1ee7a b\u1ea1n...\" \/><\/span> <\/p>\n<p><span class=\"wpcf7-form-control-wrap tel-384\"><input type=\"tel\" name=\"tel-384\" value=\"\" size=\"40\" class=\"wpcf7-form-control wpcf7-text wpcf7-tel wpcf7-validates-as-required wpcf7-validates-as-tel\" aria-required=\"true\" aria-invalid=\"false\" placeholder=\"S\u1ed1 \u0111i\u1ec7n tho\u1ea1i c\u1ee7a b\u1ea1n...\" \/><\/span><\/p>\n<p>    <span class=\"wpcf7-form-control-wrap your-subject\"><input type=\"text\" name=\"your-subject\" value=\"\" size=\"40\" class=\"wpcf7-form-control wpcf7-text\" aria-invalid=\"false\" placeholder=\"S\u1ea3n ph\u1ea9m c\u1ea7n t\u01b0 v\u1ea5n...\" \/><\/span> <\/p>\n<p><input type=\"submit\" value=\"G\u1eedi y\u00eau c\u1ea7u\" class=\"wpcf7-form-control wpcf7-submit\" \/><\/p>\n<div class=\"wpcf7-response-output\" aria-hidden=\"true\"><\/div><\/form><\/div>\n\t<\/div>\n\t\n\t\n<p>&nbsp;<\/p>\n<p><i>*Porsche Design P\u20199981 phi\u00ean b\u1ea3n ra m\u1eaft n\u0103m ngo\u00e1i hi\u1ec7n \u0111ang \u0111\u01b0\u1ee3c b\u00e1n t\u1ea1i Vi\u1ec7t Nam v\u1edbi gi\u00e1 45 tri\u1ec7u \u0111\u1ed3ng.<\/i><\/p>\n","protected":false},"excerpt":{"rendered":"<p>H\u1ed3i th\u00e1ng 10 n\u0103m ngo\u00e1i, RIM \u0111\u00e3 ra m\u1eaft chi\u1ebfc \u0111i\u1ec7n tho\u1ea1i BlackBerry Porsche Design P\u20199981\u00a0d\u1ef1a tr\u00ean ph\u1ea7n c\u1ee9ng c\u1ee7a Bold 9900 nh\u01b0ng s\u1edf h\u1eefu nh\u1eefng \u0111\u01b0\u1eddng n\u00e9t thi\u1ebft k\u1ebf \u0111\u1ed9c \u0111\u00e1o c\u1ee7a Porsche. Ng\u00e0y h\u00f4m nay, th\u00eam m\u1ed9t phi\u00ean b\u1ea3n kh\u00e1c c\u1ee7a s\u1ea3n ph\u1ea9m n\u00e0y \u0111\u01b0\u1ee3c c\u00f4ng b\u1ed1 v\u1edbi c\u00e1i t\u00ean\u00a0Porsche Design\u00a0P\u20199981<b>Black<\/b>.<\/p>\n","protected":false},"featured_media":535,"comment_status":"open","ping_status":"closed","template":"","meta":[],"_links":{"self":[{"href":"https:\/\/webmaibinh.com\/w\/dienmay\/wp-json\/wp\/v2\/product\/534"}],"collection":[{"href":"https:\/\/webmaibinh.com\/w\/dienmay\/wp-json\/wp\/v2\/product"}],"about":[{"href":"https:\/\/webmaibinh.com\/w\/dienmay\/wp-json\/wp\/v2\/types\/product"}],"replies":[{"embeddable":true,"href":"https:\/\/webmaibinh.com\/w\/dienmay\/wp-json\/wp\/v2\/comments?post=534"}],"wp:featuredmedia":[{"embeddable":true,"href":"https:\/\/webmaibinh.com\/w\/dienmay\/wp-json\/wp\/v2\/media\/535"}],"wp:attachment":[{"href":"https:\/\/webmaibinh.com\/w\/dienmay\/wp-json\/wp\/v2\/media?parent=534"}],"curies":[{"name":"wp","href":"https:\/\/api.w.org\/{rel}","templated":true}]}}