{"id":511,"date":"2017-08-08T16:01:51","date_gmt":"2017-08-08T09:01:51","guid":{"rendered":"https:\/\/bizhostvn.com\/w\/dienmay\/?post_type=product&#038;p=511"},"modified":"2017-08-09T02:26:14","modified_gmt":"2017-08-08T19:26:14","slug":"blackberry-bold-9930","status":"publish","type":"product","link":"https:\/\/webmaibinh.com\/w\/dienmay\/s\u1ea3n ph\u1ea9m\/blackberry-bold-9930\/","title":{"rendered":"\u0110i\u1ec7n tho\u1ea1i Blackberry Bold 9930"},"content":{"rendered":"<p>Blackberry Bold 9930 2 n\u0103m tr\u01b0\u1edbc \u0111\u01b0\u1ee3c ph\u00e2n ph\u1ed1i \u1edf Vi\u1ec7t Nam v\u1edbi gi\u00e1 g\u1ea7n 1.000 USD. Khi d\u00f2ng thu\u1ea7n c\u1ea3m \u1ee9ng l\u00ean ng\u00f4i v\u00e0 kh\u00f4ng ai ph\u1ee7 nh\u1eadn \u0111\u01b0\u1ee3c s\u1ef1 ti\u1ec7n l\u1ee3i c\u1ee7a h\u1ec7 \u0111i\u1ec1u h\u00e0nh Android hay iOS, c\u1ee5c di\u1ec7n thay \u0111\u1ed5i. Tuy nhi\u00ean,\u00a0Blackberry v\u1eabn \u0111\u01b0\u1ee3c x\u1ebfp v\u00e0o ph\u00e2n kh\u00fac cao c\u1ea5p, b\u1edfi nhi\u1ec1u l\u00fd do.<\/p>\n<p>Blackberry Bold 9930 c\u00f3 vi\u1ec1n \u0111\u01b0\u1ee3c l\u00e0m b\u1eb1ng inox r\u1ea5t d\u00e0y, gi\u00fap m\u00e1y tr\u00f4ng sang tr\u1ecdng. \u0110\u00e2y c\u0169ng l\u00e0 khung ch\u1ecbu l\u1ef1c c\u1ee7a m\u00e1y trong tr\u01b0\u1eddng h\u1ee3p x\u1ea3y ra va \u0111\u1eadp. M\u00e0n h\u00ecnh c\u1ea3m \u1ee9ng k\u00edch th\u01b0\u1edbc kh\u00e1 l\u1edbn chi\u1ebfm 50% di\u1ec7n t\u00edch, 50% c\u00f2n l\u1ea1i \u0111\u01b0\u1ee3c bao ph\u1ee7 b\u1edfi b\u00e0n ph\u00edm full qwerty.<\/p>\n","protected":false},"excerpt":{"rendered":"<p>Blackberry Bold 9930 c\u00f3 vi\u1ec1n \u0111\u01b0\u1ee3c l\u00e0m b\u1eb1ng inox r\u1ea5t d\u00e0y, gi\u00fap m\u00e1y tr\u00f4ng sang tr\u1ecdng. \u0110\u00e2y c\u0169ng l\u00e0 khung ch\u1ecbu l\u1ef1c c\u1ee7a m\u00e1y trong tr\u01b0\u1eddng h\u1ee3p x\u1ea3y ra va \u0111\u1eadp.<\/p>\n","protected":false},"featured_media":761,"comment_status":"open","ping_status":"closed","template":"","meta":[],"_links":{"self":[{"href":"https:\/\/webmaibinh.com\/w\/dienmay\/wp-json\/wp\/v2\/product\/511"}],"collection":[{"href":"https:\/\/webmaibinh.com\/w\/dienmay\/wp-json\/wp\/v2\/product"}],"about":[{"href":"https:\/\/webmaibinh.com\/w\/dienmay\/wp-json\/wp\/v2\/types\/product"}],"replies":[{"embeddable":true,"href":"https:\/\/webmaibinh.com\/w\/dienmay\/wp-json\/wp\/v2\/comments?post=511"}],"wp:featuredmedia":[{"embeddable":true,"href":"https:\/\/webmaibinh.com\/w\/dienmay\/wp-json\/wp\/v2\/media\/761"}],"wp:attachment":[{"href":"https:\/\/webmaibinh.com\/w\/dienmay\/wp-json\/wp\/v2\/media?parent=511"}],"curies":[{"name":"wp","href":"https:\/\/api.w.org\/{rel}","templated":true}]}}