{"id":509,"date":"2017-08-08T16:00:07","date_gmt":"2017-08-08T09:00:07","guid":{"rendered":"https:\/\/bizhostvn.com\/w\/dienmay\/?post_type=product&#038;p=509"},"modified":"2017-08-12T11:20:43","modified_gmt":"2017-08-12T04:20:43","slug":"blackberry-9810","status":"publish","type":"product","link":"https:\/\/webmaibinh.com\/w\/dienmay\/s\u1ea3n ph\u1ea9m\/blackberry-9810\/","title":{"rendered":"\u0110i\u1ec7n tho\u1ea1i Blackberry 9810"},"content":{"rendered":"<p>Trong lo\u1ea1t 3 m\u00e1y Blackberry cao c\u1ea5p v\u1eeba ra m\u1eaft g\u1ea7n \u0111\u00e2y th\u00ec c\u00f3 l\u1ebd 9810 l\u00e0 s\u1ea3n ph\u1ea9m th\u1ea7m l\u1eb7ng nh\u1ea5t, kh\u00f4ng ph\u1ea3i s\u1ef1 n\u00e2ng c\u1ea5p tr\u00ean\u00a0<a class=\"Tinhte_XenTag_TagLink\" title=\"\" href=\"https:\/\/tinhte.vn\/tags\/9810\/\">9810<\/a>ch\u01b0a \u0111\u00e1ng gi\u00e1 m\u00e0 v\u00ec 9860 qu\u00e1 m\u1edbi l\u1ea1 c\u00f2n 9900 l\u1ea1i l\u00e0 m\u1ed9t tr\u1ea3i nghi\u1ec7m m\u00e0 ng\u01b0\u1eddi d\u00f9ng Blackberry \u0111\u00e3 mong \u0111\u1ee3i t\u1eeb 3 n\u0103m nay. Blackberry 9810 s\u1ebd l\u00e0 1 s\u1ea3n ph\u1ea9m ph\u00f9 h\u1ee3p v\u1edbi nh\u1eefng ai mu\u1ed1n s\u1eed d\u1ee5ng m\u00e0n h\u00ecnh l\u1edbn v\u00e0 b\u00e0n ph\u00edm QWERTY nh\u01b0ng kh\u00f4ng th\u00edch ki\u1ec3u thi\u1ebft k\u1ebf tr\u01b0\u1ee3t ngang c\u1ee7a c\u00e1c h\u00e3ng kh\u00e1c. Hi\u1ec7n nh\u1eefng chi\u1ebfc m\u00e1y 9810 \u0111\u1ea7u ti\u00ean v\u1ec1 Vi\u1ec7t Nam \u0111ang \u0111\u01b0\u1ee3c b\u00e1n v\u1edbi gi\u00e1 kho\u1ea3ng 16 tri\u1ec7u \u0111\u1ed3ng cho b\u1ea3n c\u1ee7a AT&amp;T, c\u00f3 c\u1ea3 m\u00e0u tr\u1eafng v\u00e0 m\u00e0u b\u1ea1c.<\/p>\n<p>Thay \u0111\u1ed5i b\u00ean ngo\u00e0i:<br \/>\nN\u1ebfu b\u1ea1n mong 9810 c\u00f3 thay \u0111\u1ed5i g\u00ec \u0111\u00f3 v\u1ec1 thi\u1ebft k\u1ebf so v\u1edbi 9800 th\u00ec c\u00f3 l\u1ebd b\u1ea1n s\u1ebd ph\u1ea3i th\u1ea5t v\u1ecdng. Blackberry 9810 kh\u00f4ng c\u00f3 b\u1ea5t c\u1ee9 s\u1ef1 kh\u00e1c bi\u1ec7t n\u00e0o so v\u1edbi \u0111\u00e0n anh \u0111i tr\u01b0\u1edbc, v\u1eabn l\u00e0 b\u00e0n ph\u00edm tr\u01b0\u1ee3t c\u00f9ng m\u00e0n h\u00ecnh c\u1ea3m \u1ee9ng 3,2 inch. Trong m\u1ed9t s\u1ed1 \u0111\u1ee3t h\u00e0ng \u0111\u1ea7u c\u1ee7a 9800, m\u00ecnh th\u1ea5y \u0111\u00f4i khi c\u01a1 tr\u01b0\u1ee3t kh\u00f4ng th\u1eadt \u1ed5n \u0111\u1ecbnh, kh\u00e1c nhau t\u00f9y m\u00e1y nh\u01b0ng 9810 th\u00ec 2 m\u00e1y m\u00ecnh c\u1ea7m \u0111\u1ec1u gi\u1ed1ng nhau, kh\u00f4ng h\u1ec1 l\u1ecfng l\u1ebbo. \u0110\u1ec3 ph\u00e2n bi\u1ec7t 2 m\u00e1y th\u00ec b\u1ea1n ch\u1ec9 c\u00f2n c\u00e1ch nh\u00ecn v\u00e0o m\u1eb7t sau, 9800 c\u00f3 hoa v\u0103n theo chi\u1ec1u ngang c\u00f2n 9810 l\u00e0 hoa v\u0103n \u0111an ch\u00e9o theo h\u00ecnh l\u01b0\u1edbi.<\/p>\n","protected":false},"excerpt":{"rendered":"<p>N\u1ebfu b\u1ea1n mong 9810 c\u00f3 thay \u0111\u1ed5i g\u00ec \u0111\u00f3 v\u1ec1 thi\u1ebft k\u1ebf so v\u1edbi 9800 th\u00ec c\u00f3 l\u1ebd b\u1ea1n s\u1ebd ph\u1ea3i th\u1ea5t v\u1ecdng.\u00a0Blackberry 9810\u00a0kh\u00f4ng c\u00f3 b\u1ea5t c\u1ee9 s\u1ef1 kh\u00e1c bi\u1ec7t n\u00e0o so v\u1edbi \u0111\u00e0n anh \u0111i tr\u01b0\u1edbc, v\u1eabn l\u00e0 b\u00e0n ph\u00edm tr\u01b0\u1ee3t c\u00f9ng m\u00e0n h\u00ecnh c\u1ea3m \u1ee9ng 3,2 inch.<\/p>\n","protected":false},"featured_media":510,"comment_status":"open","ping_status":"closed","template":"","meta":[],"_links":{"self":[{"href":"https:\/\/webmaibinh.com\/w\/dienmay\/wp-json\/wp\/v2\/product\/509"}],"collection":[{"href":"https:\/\/webmaibinh.com\/w\/dienmay\/wp-json\/wp\/v2\/product"}],"about":[{"href":"https:\/\/webmaibinh.com\/w\/dienmay\/wp-json\/wp\/v2\/types\/product"}],"replies":[{"embeddable":true,"href":"https:\/\/webmaibinh.com\/w\/dienmay\/wp-json\/wp\/v2\/comments?post=509"}],"wp:featuredmedia":[{"embeddable":true,"href":"https:\/\/webmaibinh.com\/w\/dienmay\/wp-json\/wp\/v2\/media\/510"}],"wp:attachment":[{"href":"https:\/\/webmaibinh.com\/w\/dienmay\/wp-json\/wp\/v2\/media?parent=509"}],"curies":[{"name":"wp","href":"https:\/\/api.w.org\/{rel}","templated":true}]}}