{"id":499,"date":"2017-08-08T15:54:21","date_gmt":"2017-08-08T08:54:21","guid":{"rendered":"https:\/\/bizhostvn.com\/w\/dienmay\/?post_type=product&#038;p=499"},"modified":"2017-08-08T17:00:23","modified_gmt":"2017-08-08T10:00:23","slug":"blackberry-z30","status":"publish","type":"product","link":"https:\/\/webmaibinh.com\/w\/dienmay\/s\u1ea3n ph\u1ea9m\/blackberry-z30\/","title":{"rendered":"\u0110i\u1ec7n tho\u1ea1i Blackberry Z30"},"content":{"rendered":"<h2>Thi\u1ebft k\u1ebf cao c\u1ea5p<\/h2>\n<p>Blackberry Z30 c\u00f3 ph\u1ea7n m\u1eb7t tr\u01b0\u1edbc gi\u1ed1ng v\u1edbi Blackberry Z10 nh\u01b0ng \u0111\u01b0\u1ee3c ho\u00e0n thi\u1ec7n \u0111\u1ed3ng b\u1ed9 v\u00e0 li\u1ec1n m\u1ea1ch h\u01a1n. Tuy nhi\u00ean ph\u1ea7n di\u1ec7n t\u00edch ph\u00eda d\u01b0\u1edbi m\u00e0n h\u00ecnh v\u1eabn \u0111\u01b0\u1ee3c l\u00e0m tr\u1ed1ng kh\u00e1 nhi\u1ec1u. M\u1eb7t sau c\u1ee7a m\u00e1y s\u1eed d\u1ee5ng ch\u1ea5t li\u1ec7u s\u1ee3i th\u1ee7y tinh v\u1edbi hoa v\u0103n x\u1ebfp ch\u00e9o nhau, t\u01b0\u01a1ng t\u1ef1 nh\u01b0 Blackberry Q10, b\u1ec1 m\u1eb7t n\u00e0y cho c\u1ea3m gi\u00e1c tay kh\u00e1 tho\u1ea3i m\u00e1i, d\u1ec5 d\u00e0ng lau ch\u00f9i.<\/p>\n<p>Th\u00e2n m\u00e1y c\u00f3 tr\u1ecdng l\u01b0\u1ee3ng 170 g, m\u1ecfng 9.4mm, tuy h\u01a1i n\u1eb7ng nh\u01b0ng c\u1ea7m ch\u1eafc tay v\u00e0 kh\u00f4ng c\u1ea3m gi\u00e1c m\u1ecfng manh nh\u01b0 ch\u1ea5t li\u1ec7u nh\u1ef1a.<\/p>\n<h2>M\u00e0n h\u00ecnh 5 inch s\u1eafc n\u00e9t<\/h2>\n<p>Blackberry Z30 \u0111\u01b0\u1ee3c trang b\u1ecb m\u00e0n h\u00ecnh k\u00edch th\u01b0\u1edbc 5.0 inch v\u1edbi \u0111\u1ed9 ph\u00e2n gi\u1ea3i HD 720 x 1280 px, m\u00e1y s\u1eed d\u1ee5ng c\u00f4ng ngh\u1ec7 Super AMOLED do \u0111\u00f3 g\u00f3c nh\u00ecn t\u1edbi m\u00e0n h\u00ecnh kh\u00e1 tho\u1ea3i m\u00e1i, m\u00e0u s\u1eafc \u0111\u1eadm \u0111\u00e0, n\u1ed5i b\u1eadt.<\/p>\n<p>\u1ede m\u1ee9c gi\u00e1 n\u00e0y m\u00e0n h\u00ecnh n\u00ean c\u00f3 \u0111\u1ed9 ph\u00e2n gi\u1ea3i Full HD th\u00ec s\u1ebd thuy\u1ebft ph\u1ee5c ng\u01b0\u1eddi d\u00f9ng h\u01a1n, tuy nhi\u00ean \u0111\u1ed9 ph\u00e2n gi\u1ea3i 720p hi\u1ec3n th\u1ecb c\u0169ng r\u1ea5t t\u1ed1t, c\u00e1c \u0111i\u1ec3m \u1ea3nh r\u1ea5t kh\u00f3 \u0111\u1ec3 nh\u1eadn ra, nh\u1eefng tr\u1ea3i nghi\u1ec7m nh\u01b0 xem phim, l\u01b0\u1edbt web, ch\u01a1i game r\u1ea5t tuy\u1ec7t v\u1eddi.<\/p>\n","protected":false},"excerpt":{"rendered":"<p>Blackberry Z30 c\u00f3 ph\u1ea7n m\u1eb7t tr\u01b0\u1edbc gi\u1ed1ng v\u1edbi Blackberry Z10 nh\u01b0ng \u0111\u01b0\u1ee3c ho\u00e0n thi\u1ec7n \u0111\u1ed3ng b\u1ed9 v\u00e0 li\u1ec1n m\u1ea1ch h\u01a1n. Tuy nhi\u00ean ph\u1ea7n di\u1ec7n t\u00edch ph\u00eda d\u01b0\u1edbi m\u00e0n h\u00ecnh v\u1eabn \u0111\u01b0\u1ee3c l\u00e0m tr\u1ed1ng kh\u00e1 nhi\u1ec1u. M\u1eb7t sau c\u1ee7a m\u00e1y s\u1eed d\u1ee5ng ch\u1ea5t li\u1ec7u s\u1ee3i th\u1ee7y tinh v\u1edbi hoa v\u0103n x\u1ebfp ch\u00e9o nhau, t\u01b0\u01a1ng t\u1ef1 nh\u01b0 Blackberry Q10, b\u1ec1 m\u1eb7t n\u00e0y cho c\u1ea3m gi\u00e1c tay kh\u00e1 tho\u1ea3i m\u00e1i, d\u1ec5 d\u00e0ng lau ch\u00f9i.<\/p>\n","protected":false},"featured_media":500,"comment_status":"open","ping_status":"closed","template":"","meta":[],"_links":{"self":[{"href":"https:\/\/webmaibinh.com\/w\/dienmay\/wp-json\/wp\/v2\/product\/499"}],"collection":[{"href":"https:\/\/webmaibinh.com\/w\/dienmay\/wp-json\/wp\/v2\/product"}],"about":[{"href":"https:\/\/webmaibinh.com\/w\/dienmay\/wp-json\/wp\/v2\/types\/product"}],"replies":[{"embeddable":true,"href":"https:\/\/webmaibinh.com\/w\/dienmay\/wp-json\/wp\/v2\/comments?post=499"}],"wp:featuredmedia":[{"embeddable":true,"href":"https:\/\/webmaibinh.com\/w\/dienmay\/wp-json\/wp\/v2\/media\/500"}],"wp:attachment":[{"href":"https:\/\/webmaibinh.com\/w\/dienmay\/wp-json\/wp\/v2\/media?parent=499"}],"curies":[{"name":"wp","href":"https:\/\/api.w.org\/{rel}","templated":true}]}}