{"id":479,"date":"2017-08-08T15:40:08","date_gmt":"2017-08-08T08:40:08","guid":{"rendered":"https:\/\/bizhostvn.com\/w\/dienmay\/?post_type=product&#038;p=479"},"modified":"2017-08-09T02:34:01","modified_gmt":"2017-08-08T19:34:01","slug":"blackberry-bold-9000","status":"publish","type":"product","link":"https:\/\/webmaibinh.com\/w\/dienmay\/s\u1ea3n ph\u1ea9m\/blackberry-bold-9000\/","title":{"rendered":"\u0110i\u1ec7n tho\u1ea1i Blackberry Bold 9000"},"content":{"rendered":"<p>BlackBerry Bold 9000 l\u00e0 thi\u1ebft b\u1ecb ti\u1ebfp n\u1ed1i s\u1ef1 th\u00e0nh c\u00f4ng c\u1ee7a BlackBerry Curve v\u00e0 8800. BlackBerry Bold 9000 kh\u00f4ng ph\u1ea3i l\u00e0 cu\u1ed9c c\u00e1ch m\u1ea1ng nh\u01b0ng kinh nghi\u1ec7m l\u00e2u n\u0103m c\u1ee7a RIM \u0111\u00e3 \u0111\u01b0\u1ee3c d\u1ed3n h\u1ebft cho Bold v\u00e0 \u0111\u00e2y th\u1ef1c s\u1ef1 l\u00e0 m\u1ed9t trong nh\u1eefng \u0111i\u1ec7n tho\u1ea1i BlackBerry t\u1ed1t nh\u1ea5t tr\u00ean th\u1ecb tr\u01b0\u1eddng.<\/p>\n<p>M\u00e0n h\u00ecnh \u0111\u1ed9 ph\u00e2n gi\u1ea3i cao c\u0169ng th\u1eadt s\u1ef1 l\u00e0 m\u1ed9t \u0111i\u1ec3m n\u1ed5i b\u1eadt. Bold c\u00f3 m\u00e0n h\u00ecnh v\u1edbi \u0111\u1ed9 ph\u00e2n gi\u1ea3i l\u00ean t\u1edbi 320 x480 pixel, g\u1ea5p \u0111\u00f4i \u0111\u1ed9 ph\u00e2n gi\u1ea3i c\u1ee7a Curve. M\u00e0n h\u00ecnh \u0111\u1eb9p gi\u00fap cho m\u1ecdi vi\u1ec7c b\u1ea1n th\u1ef1c hi\u1ec7n tr\u00ean Bold c\u0169ng r\u1ea5t tuy\u1ec7t v\u1eddi \u0111\u1eb7c bi\u1ec7t l\u00e0 khi xem phim.<\/p>\n<p>\u0110i\u1ec7n tho\u1ea1i th\u00f4ng minh n\u00e0y r\u1ed9ng h\u01a1n so v\u1edbi c\u00e1c \u0111i\u1ec7n tho\u1ea1i c\u1ea1nh tranh kh\u00e1c nh\u01b0ng l\u1ea1i t\u01b0\u01a1ng \u0111\u1ed1i m\u1ecfng. \u0110i\u1ec7n tho\u1ea1i r\u1ed9ng h\u01a1n n\u00ean m\u00e0n h\u00ecnh c\u0169ng l\u1edbn h\u01a1n v\u00e0 c\u00e1c ph\u00edm r\u1ed9ng r\u00e3i h\u01a1n. D\u0129 nhi\u00ean, b\u00e0n ph\u00edm s\u1ebd kh\u00f4ng th\u1ec3 r\u1ed9ng nh\u01b0 b\u00e0n ph\u00edm ngang \u1edf m\u1ed9t s\u1ed1 \u0111i\u1ec7n tho\u1ea1i th\u00f4ng minh nh\u01b0ng b\u1ea1n v\u1eabn c\u00f3 c\u1ea3m gi\u00e1c tho\u1ea3i m\u00e1i khi nh\u1eadp li\u1ec7u. Kh\u00f4ng c\u00f3 kho\u1ea3ng c\u00e1ch gi\u1eefa c\u00e1c ph\u00edm nh\u1eefng m\u1ed7i ph\u00edm h\u01a1i n\u00e2ng cao l\u00ean m\u1ed9t ch\u00fat v\u00ec v\u1eady b\u1ea1n v\u1eabn c\u00f3 th\u1ec3 s\u1eed d\u1ee5ng ph\u00edm d\u1ec5 d\u00e0ng m\u00e0 kh\u00f4ng s\u1ee3 ch\u1ea1m v\u00e0o c\u00e1c ph\u00edm kh\u00e1c. Ch\u1ec9 ti\u1ebfc l\u00e0 Bold kh\u00f4ng c\u00f3 ph\u00edm ri\u00eang d\u00e0nh cho nh\u1eefng d\u1ea5u hay ph\u1ea3i s\u1eed d\u1ee5ng nhi\u1ec1u nh\u01b0 d\u1ea5u ch\u1ea5m v\u00e0 d\u1ea5u ph\u1ea9y.<\/p>\n<p>Gi\u1eefa m\u00e0n h\u00ecnh v\u00e0 b\u00e0n ph\u00edm l\u00e0 trackball. V\u00ec Bold kh\u00f4ng c\u00f3 m\u00e0n h\u00ecnh c\u1ea3m \u1ee9ng n\u00ean b\u1ea1n s\u1ebd ph\u1ea3i ph\u1ee5 thu\u1ed9c nhi\u1ec1u v\u00e0o trackball. N\u1ebfu c\u00f3 \u0111i\u1ec1u ki\u1ec7n s\u1eed d\u1ee5ng, b\u1ea1n s\u1ebd th\u1ea5y trackball n\u00e0y hay h\u01a1n D-pad v\u00e0 ho\u00e0n to\u00e0n \u01b0u vi\u1ec7t h\u01a1n track-whell c\u1ee7a BlackBerry c\u0169.<\/p>\n<p>Ph\u00edm ch\u01b0\u01a1ng tr\u00ecnh n\u1eb1m \u1edf c\u1ea3 b\u00ean tr\u00e1i v\u00e0 ph\u1ea3i c\u1ee7a \u0111i\u1ec7n tho\u1ea1i t\u1ea1o thu\u1eadn l\u1ee3i cho ng\u01b0\u1eddi s\u1eed d\u1ee5ng.<\/p>\n<p>Ngo\u00e0i ra \u1edf tr\u00ean \u0111\u1ea7u c\u1ee7a \u0111i\u1ec7n tho\u1ea1i c\u00f3 m\u1ed9t n\u00fat gi\u00fap b\u1ea1n t\u1eaft chu\u00f4ng \u0111i\u1ec7n tho\u1ea1i cu\u1ed9c g\u1ecdi \u0111\u1ebfn. N\u00fat n\u00e0y kh\u00f4ng c\u00f3 ch\u1ee9c n\u0103ng tr\u1ea3 l\u1eddi cu\u1ed9c g\u1ecdi ho\u1eb7c chuy\u1ec3n qua voice-mail m\u00e0 ch\u1ec9 \u0111\u01a1n thu\u1ea7n l\u00e0 t\u1eaft ti\u1ebfng. B\u1ea1n c\u0169ng c\u00f3 th\u1ec3 s\u1eed d\u1ee5ng n\u00fat n\u00e0y \u0111\u1ec3 \u0111\u1eb7t Bold \u1edf ch\u1ebf \u0111\u1ed9 ch\u1edd, kh\u00f3a ph\u00edm v\u00e0 t\u1eaft m\u00e0n h\u00ecnh cho \u0111\u1ebfn khi b\u1ea1n \u1ea5n l\u1ea1i n\u00fat n\u00e0y.<\/p>\n<p><b>HSDPA \u2013 \u0110\u00e1nh gi\u00e1 ban \u0111\u1ea7u ph\u1ea7n c\u1ee9ng<\/b><\/p>\n<p>BlackBerry Bold\u00a0l\u00e0 m\u1eabu m\u00e1y \u0111\u1ea7u ti\u00ean c\u1ee7a RIM \u0111\u01b0\u1ee3c h\u1ed7 tr\u1ee3 HSDPA, m\u1ea1ng kh\u00f4ng d\u00e2y t\u1ed1c \u0111\u1ed9 cao m\u1edbi nh\u1ea5t m\u00e0 c\u00e1c nh\u00e0 cung c\u1ea5p GSM s\u1eed d\u1ee5ng. \u0110\u00e2y l\u00e0 tin m\u1edbi d\u00e0nh cho kh\u00e1ch h\u00e0ng c\u1ee7a AT&amp;T ch\u1ee9 kh\u00f4ng m\u1ea5y \u1ea5n t\u01b0\u1ee3ng v\u1edbi ng\u01b0\u1eddi s\u1eed d\u1ee5ng Verizon ho\u1eb7c Sprint v\u00ec BlackBerry c\u1ee7a hai nh\u00e0 cung c\u1ea5p n\u00e0y c\u00f3 t\u1ed1c \u0111\u1ed9 truy\u1ec1n t\u1ea3i d\u1eef li\u1ec7u t\u01b0\u01a1ng \u0111\u01b0\u01a1ng nh\u01b0 v\u1eady t\u1eeb l\u00e2u.<\/p>\n<p>Tr\u00ecnh duy\u1ec7t web c\u1ee7a Bold c\u00f3 th\u1ec3 khi\u1ebfn ng\u01b0\u1eddi d\u00f9ng ng\u1ea1c nhi\u00ean. N\u1ebfu \u0111\u00e3 t\u1eebng s\u1eed d\u1ee5ng tr\u00ecnh duy\u1ec7t c\u1ee7a \u0111i\u1ec7n tho\u1ea1i BlackBerry c\u0169 b\u1ea1n s\u1ebd th\u1ea5y tr\u00ecnh duy\u1ec7t n\u00e0y \u0111\u00e3 \u0111\u01b0\u1ee3c c\u1ea3i ti\u1ebfn \u0111\u00e1ng k\u1ec3. Tr\u00ecnh duy\u1ec7t n\u00e0y h\u1eefu d\u1ee5ng h\u01a1n tr\u00ecnh duy\u1ec7t tr\u00ean nh\u1eefng BlackBerry kh\u00e1c.<\/p>\n<p>\u0110i\u1ec7n tho\u1ea1i th\u00f4ng minh n\u00e0y c\u0169ng l\u00e0 m\u1ed9t trong nh\u1eefng \u0111i\u1ec7n tho\u1ea1i \u0111\u1ea7u ti\u00ean c\u1ee7a h\u00e3ng \u0111\u01b0\u1ee3c h\u1ed7 tr\u1ee3 WiFi, c\u00f3 th\u1ec3 s\u1eed d\u1ee5ng \u0111\u1ec3 t\u0103ng t\u1ed1c tr\u00ecnh duy\u1ec7t khi b\u1ea1n \u0111ang \u1edf g\u1ea7n c\u00e1c \u0111i\u1ec3m truy c\u1eadp WiFi.<\/p>\n<p>Ngo\u00e0i ra m\u00e1y c\u00f2n h\u1ed7 tr\u1ee3 Bluetooth. Bluetooth cho ph\u00e9p b\u1ea1n s\u1eed d\u1ee5ng tai nghe kh\u00f4ng d\u00e2y v\u00e0 b\u1ed9 d\u1ee5ng c\u1ee5 d\u00e0nh cho xe \u00f4t\u00f4.<\/p>\n<p><b>Ph\u1ea7n m\u1ec1m h\u1ed7 tr\u1ee3 c\u00f4ng vi\u1ec7c v\u00e0 gi\u1ea3i tr\u00ed<\/b><\/p>\n<p>\u0110i\u1ec3m kh\u00e1c bi\u1ec7t gi\u1eefa m\u1ed9t \u0111i\u1ec7n tho\u1ea1i th\u00f4ng minh v\u00e0 \u0111i\u1ec7n tho\u1ea1i di \u0111\u1ed9ng th\u00f4ng th\u01b0\u1eddng l\u00e0 ph\u1ea7n m\u1ec1m. R\u1ea5t may l\u00e0 BlackBerry Bold \u0111\u01b0\u1ee3c trang b\u1ecb nh\u1eefng ph\u1ea7n m\u1ec1m th\u1eadt s\u1ef1 h\u1eefu d\u1ee5ng.<\/p>\n<p>C\u0169ng gi\u1ed1ng nh\u01b0 c\u00e1c \u0111i\u1ec7n tho\u1ea1i kh\u00e1c c\u1ee7a RIM, Bold \u0111\u01b0\u1ee3c h\u1ed7 tr\u1ee3 d\u1ecbch v\u1ee5 push mail. Tin nh\u1eafn c\u00f3 th\u1ec3 b\u1eaft ngu\u1ed3n t\u1eeb BlackBerry Enterprise Server c\u1ee7a c\u00f4ng ty nh\u01b0ng AT&amp;T c\u0169ng cung c\u1ea5p phi\u00ean b\u1ea3n d\u1ecbch v\u1ee5 cho kh\u00e1ch h\u00e0ng l\u00e0 ng\u01b0\u1eddi d\u00f9ng th\u00f4ng th\u01b0\u1eddng.<\/p>\n<p>M\u1ed9t trong nh\u1eefng t\u00ednh n\u0103ng m\u1edbi t\u1ed1t nh\u1ea5t l\u00e0 phi\u00ean b\u1ea3n DataViz Documents To Go. \u0110\u00e2y l\u00e0 g\u00f3i \u1ee9ng d\u1ee5ng t\u01b0\u01a1ng t\u00e1c v\u1edbi c\u00e1c file Microsoft Office. \u1ee8ng d\u1ee5ng n\u00e0y cho ph\u00e9p b\u1ea1n xem file \u1edf \u0111\u1ecbnh d\u1ea1ng g\u1ed1c v\u00e0 ch\u1ec9nh s\u1eeda ch\u00fang nh\u01b0ng \u1ee9ng d\u1ee5ng kh\u00f4ng h\u1ed7 tr\u1ee3 t\u1ea5t c\u1ea3 l\u1ef1a ch\u1ecdn \u0111\u1ecbnh d\u1ea1ng Word. N\u1ebfu b\u1ea1n ch\u1ec9nh s\u1eeda v\u00e0 l\u01b0u l\u1ea1i t\u00e0i li\u1ec7u \u1edf \u0111\u1ecbnh d\u1ea1ng m\u00e0 DocsToGo kh\u00f4ng th\u1ec3 hi\u1ec3n th\u1ecb th\u00ec \u0111\u1ecbnh d\u1ea1ng kh\u00f4ng \u0111\u01b0\u1ee3c h\u1ed7 tr\u1ee3 c\u0169ng kh\u00f4ng b\u1ecb \u1ea3nh h\u01b0\u1edfng g\u00ec.<\/p>\n<p>Ng\u01b0\u1eddi s\u1eed d\u1ee5ng BlackBerry s\u1ebd \u0111\u01b0\u1ee3c s\u1eed d\u1ee5ng t\u00ednh n\u0103ng ghi \u00e2m gi\u1ecdng n\u00f3i m\u1edbi c\u1ee7a Bold.<\/p>\n<p>D\u0129 nhi\u00ean \u0111i\u1ec7n tho\u1ea1i n\u00e0y c\u00f3 g\u00f3i \u1ee9ng d\u1ee5ng PIM: l\u1ecbch, danh b\u1ea1 c\u00f3 th\u1ec3 \u0111\u1ed3ng b\u1ed9 v\u1edbi m\u00e1y ch\u1ee7 trung t\u00e2m.<\/p>\n<p>V\u1ec1 gi\u1ea3i tr\u00ed, m\u00e0n h\u00ecnh HVGA c\u1ee7a \u0111i\u1ec7n tho\u1ea1i th\u00f4ng minh th\u1eadt s\u1ef1 t\u1ecfa s\u00e1ng khi b\u1ea1n xem phim. \u0110i\u1ec7n tho\u1ea1i c\u00f3 th\u1ec3 ch\u1ea1y file MP4 m\u1ed9t c\u00e1ch m\u01b0\u1ee3t m\u00e0. V\u00e0 c\u00e1c video tr\u00ean YouTube c\u0169ng c\u00f3 ch\u1ea5t l\u01b0\u1ee3ng t\u01b0\u01a1ng t\u1ef1.<\/p>\n<p>Bold c\u0169ng c\u00f3 th\u1ec3 ch\u1ea1y file MP3, gi\u00fap b\u1ea1n th\u01b0 gi\u00e3n trong chuy\u1ebfn \u0111i du l\u1ecbch.<\/p>\n<p>RIM c\u00f2n cung c\u1ea5p ph\u1ea7n m\u1ec1m m\u00e1y t\u00ednh gi\u00fap b\u1ea1n chuy\u1ec3n file video v\u00e0 audio t\u1eeb PC sang \u0111i\u1ec7n tho\u1ea1i. B\u1ea1n c\u00f3 th\u1ec3 l\u01b0u file nh\u1edd b\u1ed9 nh\u1edb trong 1GB ho\u1eb7c d\u00f9ng th\u1ebb nh\u1edb microSD.<\/p>\n<p>N\u1ec1n t\u1ea3ng BlackBerry v\u1eabn c\u00f2n thua m\u1ed9t s\u1ed1 \u0111\u1ed1i th\u1ee7 \u1edf l\u0129nh v\u1ef1c li\u00ean quan \u0111\u1ebfn gi\u1ea3i tr\u00ed. \u0110i\u1ec7n tho\u1ea1i kh\u00f4ng h\u1ed7 tr\u1ee3 truy\u1ec1n t\u1ea3i \u00e2m thanh qua Internet.<\/p>\n<p>Bold \u0111\u01b0\u1ee3c c\u00e0i s\u1eb5n m\u1ed9t s\u1ed1 game trong \u0111\u00f3 c\u00f3 phi\u00ean b\u1ea3n Solitaire. Tr\u00f2 n\u00e0y c\u00f9ng v\u1edbi tr\u00f2 BrickBreaker c\u00f3 th\u1ec3 gi\u00fap b\u1ea1n gi\u1ea3i tr\u00ed trong l\u00fac r\u1ea3nh r\u1ed7i.<\/p>\n<p>Phi\u00ean b\u1ea3n Bold s\u1eed d\u1ee5ng camera 2.0MP, c\u00f3 th\u1ec3 ch\u1ee5p \u1ea3nh kh\u00e1 n\u00e9t. \u0110i\u1ec7n tho\u1ea1i c\u00f2n h\u1ed7 tr\u1ee3 LED gi\u00fap \u1ea3nh ch\u1ee5p s\u00e1ng h\u01a1n khi \u0111i\u1ec1u ki\u1ec7n \u00e1nh s\u00e1ng kh\u00f4ng t\u1ed1t.<\/p>\n<pre><a href=\"#newsletter-signup-link\"> Newsletter Signup<\/a>\r\n\r\n\t<div id=\"newsletter-signup-link\"\n\t     class=\"lightbox-by-id lightbox-content mfp-hide lightbox-white \"\n\t     style=\"max-width:600px ;padding:20px\">\n\t\t\r\n  \r\n\n  <div class=\"banner has-hover\" id=\"banner-221620582\">\n          <div class=\"banner-inner fill\">\n        <div class=\"banner-bg fill\" >\n            <div class=\"bg fill bg-fill \"><\/div>\n                                    \n                    <\/div>\n        <div class=\"banner-layers container\">\n            <div class=\"fill banner-link\"><\/div>            \r\n&lt;h3&gt;Signup for Newsletter&lt;\/h3&gt;<\/pre>\n<div class=\"tx-div medium\"><\/div>\n<pre>[ninja_forms_display_form id=1]\r\n\r\n        <\/div>\n      <\/div>\n\n            \n<style>\n#banner-221620582 {\n  padding-top: 400px;\n}\n#banner-221620582 .bg.bg-loaded {\n  background-image: url(http:\/\/imageurl);\n}\n<\/style>\n  <\/div>\n\n\r\n\r\n\t<\/div>\n\t\n\t<\/pre>\n","protected":false},"excerpt":{"rendered":"<p>BlackBerry Bold 9000 l\u00e0 thi\u1ebft b\u1ecb ti\u1ebfp n\u1ed1i s\u1ef1 th\u00e0nh c\u00f4ng c\u1ee7a BlackBerry Curve v\u00e0 8800. BlackBerry Bold 9000 kh\u00f4ng ph\u1ea3i l\u00e0 cu\u1ed9c c\u00e1ch m\u1ea1ng nh\u01b0ng kinh nghi\u1ec7m l\u00e2u n\u0103m c\u1ee7a RIM \u0111\u00e3 \u0111\u01b0\u1ee3c d\u1ed3n h\u1ebft cho Bold v\u00e0 \u0111\u00e2y th\u1ef1c s\u1ef1 l\u00e0 m\u1ed9t trong nh\u1eefng \u0111i\u1ec7n tho\u1ea1i BlackBerry t\u1ed1t nh\u1ea5t tr\u00ean th\u1ecb tr\u01b0\u1eddng.<\/p>\n","protected":false},"featured_media":480,"comment_status":"open","ping_status":"closed","template":"","meta":[],"_links":{"self":[{"href":"https:\/\/webmaibinh.com\/w\/dienmay\/wp-json\/wp\/v2\/product\/479"}],"collection":[{"href":"https:\/\/webmaibinh.com\/w\/dienmay\/wp-json\/wp\/v2\/product"}],"about":[{"href":"https:\/\/webmaibinh.com\/w\/dienmay\/wp-json\/wp\/v2\/types\/product"}],"replies":[{"embeddable":true,"href":"https:\/\/webmaibinh.com\/w\/dienmay\/wp-json\/wp\/v2\/comments?post=479"}],"wp:featuredmedia":[{"embeddable":true,"href":"https:\/\/webmaibinh.com\/w\/dienmay\/wp-json\/wp\/v2\/media\/480"}],"wp:attachment":[{"href":"https:\/\/webmaibinh.com\/w\/dienmay\/wp-json\/wp\/v2\/media?parent=479"}],"curies":[{"name":"wp","href":"https:\/\/api.w.org\/{rel}","templated":true}]}}