{"id":374,"date":"2018-04-02T18:01:50","date_gmt":"2018-04-02T11:01:50","guid":{"rendered":"http:\/\/denled.muathemewordpress.net\/?post_type=product&#038;p=374"},"modified":"2019-12-04T11:50:02","modified_gmt":"2019-12-04T04:50:02","slug":"den-nang-luong-mat-troi-lien-the-120w","status":"publish","type":"product","link":"https:\/\/webmaibinh.com\/w\/denled2011\/san-pham\/den-nang-luong-mat-troi-lien-the-120w\/","title":{"rendered":"\u0110\u00e8n n\u0103ng l\u01b0\u1ee3ng m\u1eb7t tr\u1eddi li\u1ec1n th\u1ec3 NLLT-120W"},"content":{"rendered":"<p>\u0110\u00e8n n\u0103ng l\u01b0\u1ee3ng m\u1eb7t tr\u1eddi li\u1ec1n pin l\u00e0 s\u1ea3n ph\u1ea9m c\u00f3 c\u01b0\u1eddng \u0111\u1ed9 s\u00e1ng m\u1ea1nh v\u00e0 \u0111\u1ed9 s\u00e1ng l\u00e2u d\u00e0i c\u00f3 th\u1ec3 \u0111\u1eb7t l\u00e0m \u0111\u00e8n \u0111\u01b0\u1eddng, \u0111\u00e8n c\u00f4ng vi\u00ean, b\u1ec7nh vi\u1ec7n,\u2026.<\/p>\n<ul>\n<li>\u0110\u1eb7c \u0111i\u1ec3m n\u1ed5i b\u1eadt c\u1ee7a \u0111\u00e8n \u0111\u01b0\u1eddng n\u0103ng l\u01b0\u1ee3ng m\u1eb7t tr\u1eddi li\u1ec1n pin<\/li>\n<li>V\u1edbi kh\u1ea3 n\u0103ng chi\u1ebfu s\u00e1ng di\u1ec7n r\u1ed9ng, ph\u00f9 h\u1ee3p \u0111\u1eb7t l\u00e0m \u0111\u00e8n \u0111\u01b0\u1eddng, \u0111\u00e8n chi\u1ebfu cho nh\u1eefng s\u00e2n b\u00f3ng, s\u00e2n v\u01b0\u1eddn,\u2026. Nh\u1eefng n\u01a1i c\u1ea7n s\u1eed d\u1ee5ng \u0111\u1ebfn \u0111\u00e8n chi\u1ebfu s\u00e1ng m\u1ea1nh.<\/li>\n<li>D\u1ec5 d\u00e0ng c\u00e0i \u0111\u1eb7t kh\u00f4ng c\u1ea7n \u0111i d\u00e2y \u0111i\u1ec7n ph\u1ee9c t\u1ea1p, an to\u00e0n cho ng\u01b0\u1eddi s\u1eed d\u1ee5ng<\/li>\n<li>S\u1ea3n ph\u1ea9m 100% s\u1eed d\u1ee5ng b\u1eb1ng n\u0103ng l\u01b0\u1ee3ng m\u1eb7t tr\u1eddi, ti\u1ebft ki\u1ec7m kinh ph\u00ed h\u00e0ng th\u00e1ng<\/li>\n<li>S\u1ea3n ph\u1ea9m c\u00f3 kh\u1ea3 n\u0103ng ch\u1ed1ng \u1ea9m c\u00f3 th\u1ec3 tho\u1ea3i m\u00e1i \u0111\u1eb7t \u1edf m\u1ecdi n\u01a1i ngo\u00e0i tr\u1eddi nh\u01b0 \u0111\u1eb7t l\u00e0m \u0111\u00e8n \u0111\u01b0\u1eddng, \u0111\u00e8n s\u00e2n v\u01b0\u1eddn m\u00e0 kh\u00f4ng lo m\u01b0a gi\u00f3.<\/li>\n<li>C\u01b0\u1eddng \u0111\u1ed9 s\u00e1ng cao c\u00f3 th\u1ec3 \u0111\u1eb7t tr\u00ean cao t\u1eeb 5-10m \u0111\u1ec3 \u0111\u00e8n c\u00f3 th\u1ec3 chi\u1ebfu s\u00e1ng m\u1ed9t v\u00f9ng r\u1ed9ng nh\u1ea5t c\u00f3 th\u1ec3.<\/li>\n<li>C\u00e1ch s\u1eed d\u1ee5ng r\u1ea5t \u0111\u01a1n gi\u1ea3n, ch\u1ec9 c\u1ea7n m\u1edf c\u00f4ng t\u1eafc \u1edf \u0111ui \u0111\u00e8n r\u1ed3i \u0111\u1eb7t \u1edf n\u01a1i b\u1ea1n mu\u1ed1n \u0111\u1eb7t, \u0111\u00e8n s\u1ebd t\u1ef1 ho\u1ea1t \u0111\u1ed9ng khi tr\u1eddi t\u1ed1i, v\u00e0 khi tr\u1eddi s\u00e1ng \u0111\u00e8n s\u1ebd t\u1ef1 ng\u1eaft \u0111\u1ec3 s\u1ea1c \u0111i\u1ec7n t\u1eeb n\u0103ng l\u01b0\u1ee3ng m\u1eb7t tr\u1eddi.<\/li>\n<li>Th\u1eddi gian ho\u1ea1t \u0111\u1ed9ng c\u1ee7a \u0111\u00e8n c\u00f3 th\u1ec3 l\u00ean \u0111\u1ebfn 12 gi\u1edd.\n<div class=\"separator\"><\/div>\n<\/li>\n<\/ul>\n<div class=\"separator\"><a href=\"https:\/\/2.bp.blogspot.com\/-peQLrwou06s\/W5X0NRFQK1I\/AAAAAAAACn8\/kP7qaoVpgHssT-SPTx5XfML40IXuFU8nQCLcBGAs\/s1600\/Dennangluong3.jpg\"><img class=\"aligncenter lazy-load-active\" src=\"https:\/\/2.bp.blogspot.com\/-peQLrwou06s\/W5X0NRFQK1I\/AAAAAAAACn8\/kP7qaoVpgHssT-SPTx5XfML40IXuFU8nQCLcBGAs\/s1600\/Dennangluong3.jpg\" border=\"0\" data-src=\"https:\/\/2.bp.blogspot.com\/-peQLrwou06s\/W5X0NRFQK1I\/AAAAAAAACn8\/kP7qaoVpgHssT-SPTx5XfML40IXuFU8nQCLcBGAs\/s1600\/Dennangluong3.jpg\" data-original-height=\"600\" data-original-width=\"600\" \/><\/a><\/div>\n<div><\/div>\n<div>B\u1ed9 \u0110\u00e8n n\u0103ng l\u01b0\u1ee3ng m\u1eb7t tr\u1eddi li\u00ean th\u1ec3 \u2013 S\u1ef1 l\u1ef1a ch\u1ecdn ho\u00e0n h\u1ea3o nh\u1ea5t c\u00e1c c\u00f4ng tr\u00ecnh chi\u1ebfu s\u00e1ng<\/div>\n","protected":false},"excerpt":{"rendered":"<p>S\u1eed d\u1ee5ng n\u0103ng l\u01b0\u1ee3ng m\u1eb7t tr\u1eddi \u0111\u1ec3 s\u1ea1c pin ban ng\u00e0y v\u00e0 chi\u1ebfu s\u00e1ng v\u00e0o bu\u1ed5i t\u1ed1i. S\u1eed d\u1ee5ng b\u00f3ng LED, c\u1ea3m bi\u1ebfn radar ph\u00e1t hi\u1ec7n chuy\u1ec3n \u0111\u1ed9ng: khi c\u00f3 chuy\u1ec3n \u0111\u1ed9ng \u0111\u00e8n s\u00e1ng 100% c\u00f4ng su\u1ea5t. Khi kh\u00f4ng c\u00f3 chuy\u1ec3n \u0111\u1ed9ng \u0111\u00e8n s\u00e1ng 30% c\u00f4ng su\u1ea5t \u0111\u1ec3 ti\u1ebft ki\u1ec7m n\u0103ng l\u01b0\u1ee3ng.<\/p>\n","protected":false},"featured_media":1411,"template":"","meta":[],"_links":{"self":[{"href":"https:\/\/webmaibinh.com\/w\/denled2011\/wp-json\/wp\/v2\/product\/374"}],"collection":[{"href":"https:\/\/webmaibinh.com\/w\/denled2011\/wp-json\/wp\/v2\/product"}],"about":[{"href":"https:\/\/webmaibinh.com\/w\/denled2011\/wp-json\/wp\/v2\/types\/product"}],"wp:featuredmedia":[{"embeddable":true,"href":"https:\/\/webmaibinh.com\/w\/denled2011\/wp-json\/wp\/v2\/media\/1411"}],"wp:attachment":[{"href":"https:\/\/webmaibinh.com\/w\/denled2011\/wp-json\/wp\/v2\/media?parent=374"}],"curies":[{"name":"wp","href":"https:\/\/api.w.org\/{rel}","templated":true}]}}