{"id":1417,"date":"2019-12-04T00:10:27","date_gmt":"2019-12-03T17:10:27","guid":{"rendered":"http:\/\/denled.muathemewordpress.net\/?post_type=product&#038;p=1417"},"modified":"2019-12-04T12:34:14","modified_gmt":"2019-12-04T05:34:14","slug":"den-pha-led-nang-luong-mat-troi-nlp-100w","status":"publish","type":"product","link":"https:\/\/webmaibinh.com\/w\/denled2011\/san-pham\/den-pha-led-nang-luong-mat-troi-nlp-100w\/","title":{"rendered":"\u0110\u00e8n pha led n\u0103ng l\u01b0\u1ee3ng m\u1eb7t tr\u1eddi NLP-100W"},"content":{"rendered":"<p><strong>\u0110\u00e8n Led Pha n\u0103ng l\u01b0\u1ee3ng m\u1eb7t tr\u1eddi<\/strong>\u00a0l\u00e0 lo\u1ea1i \u0111\u00e8n chuy\u00ean d\u00f9ng \u0111\u1ec3 chi\u1ebfu s\u00e1ng b\u00ean trong nh\u1eefng khu v\u1ef1c r\u1ed9ng v\u00e0 xa, th\u01b0\u1eddng c\u00f3 c\u00f4ng su\u1ea5t l\u1edbn, th\u01b0\u1eddng \u0111\u01b0\u1ee3c s\u1eed d\u1ee5ng thay th\u1ebf cho c\u00e1c lo\u1ea1i \u0111\u00e8n b\u00ecnh th\u01b0\u1eddng nh\u01b0 \u0111\u00e8n halogen, \u0111\u00e8n cao \u00e1p.<br \/>\nV\u1edbi thi\u1ebft k\u1ebf nh\u1ecf g\u1ecdn, s\u1eed d\u1ee5ng v\u1eadt li\u1ec7u b\u1eb1ng kim lo\u1ea1i cao c\u1ea5p, \u0111\u01b0\u1ee3c ph\u1ee7 l\u1edbp s\u01a1n t\u0129nh \u0111i\u1ec7n v\u1edbi th\u00e2n h\u00ecnh vu\u00f4ng k\u00e8m theo gi\u00e1 \u0111\u1ee1 c\u00f3 th\u1ec3 xoay 180 \u0111\u1ed9 v\u00f4 c\u00f9ng ch\u1eafc ch\u1eafn, gi\u00fap d\u1ec5 d\u00e0ng l\u1eafp \u0111\u1eb7t \u1edf m\u1ecdi v\u1ecb tr\u00ed.<\/p>\n<h2>T\u00ednh n\u0103ng c\u1ee7a \u0111\u00e8n pha LED n\u0103ng l\u01b0\u1ee3ng m\u1eb7t tr\u1eddi:<\/h2>\n<ul>\n<li>\u0110\u00e8n s\u1eed d\u1ee5ng m\u1ed9t hay nhi\u1ec1u chip LED, ph\u00e1t ra \u00e1nh s\u00e1ng v\u1edbi c\u01b0\u1eddng \u0111\u1ed9 m\u1ea1nh v\u00e0 \u1ed5n \u0111\u1ecbnh, ti\u1ebft ki\u1ec7m \u0111i\u1ec7n n\u0103ng so v\u1edbi c\u00e1c lo\u1ea1i \u0111\u00e8n kh\u00e1c c\u00f9ng tu\u1ed5i th\u1ecd cao g\u1ea5p 5 \u0111\u1ebfn 10 l\u1ea7n b\u00f3ng cao \u00e1p halogen.<\/li>\n<li>V\u1edbi tu\u1ed5i th\u1ecd kh\u00e1 cao l\u00ean \u0111\u1ebfn 15.000h, g\u1ea5p 10 l\u1ea7n so v\u1edbi \u0111\u00e8n truy\u1ec1n th\u1ed1ng, \u0111\u00e8n c\u00f3 th\u1eddi gian s\u1eed d\u1ee5ng l\u00e2u d\u00e0i m\u00e0 kh\u00f4ng c\u1ea7n ph\u1ea3i thay b\u00f3ng hay s\u1eeda ch\u1eefa trong qu\u00e1 tr\u00ecnh ho\u1ea1t \u0111\u1ed9ng nh\u01b0 nh\u1eefng lo\u1ea1i \u0111\u00e8n pha truy\u1ec1n th\u1ed1ng.<\/li>\n<li>Chi\u1ebfc \u0111\u00e8n n\u00e0y c\u00f3 kh\u1ea3 n\u0103ng ch\u1ed1ng n\u01b0\u1edbc t\u1ed1t, \u0111\u1ea1t ti\u00eau chu\u1ea9n an to\u00e0n, c\u00f3 th\u1ec3 chi\u1ebfu s\u00e1ng ngo\u00e0i tr\u1eddi v\u1edbi \u0111\u1ed9 b\u1ec1n cao c\u00f9ng s\u1ee9c ch\u1ed1ng ch\u1ecbu \u0111\u01b0\u1ee3c trong m\u1ecdi \u0111i\u1ec1u ki\u1ec7n th\u1eddi ti\u1ebft nh\u01b0 n\u1eafng, m\u01b0a, gi\u00f3, b\u00e3o\u2026<\/li>\n<li>\u0110\u1eb7c bi\u1ec7t, \u0111\u00e8n v\u1edbi l\u1ee3i th\u1ebf ti\u00eau th\u1ee5 \u0111i\u1ec7n n\u0103ng kh\u00e1 th\u1ea5p do s\u1eed d\u1ee5ng n\u0103ng l\u01b0\u1ee3ng t\u1eeb \u00e1nh s\u00e1ng m\u1eb7t tr\u1eddi, c\u00f3 th\u1ec3 ti\u1ebft ki\u1ec7m \u0111\u01b0\u1ee3c chi ph\u00ed \u0111i\u1ec7n h\u00e0ng th\u00e1ng.<\/li>\n<li>\u00c1nh s\u00e1ng do \u0111\u00e8n ph\u00e1t ra v\u1edbi \u00e1nh s\u00e1ng tr\u1eafng kh\u00f4ng ch\u00f3i m\u1eaft, kh\u00e1 th\u00e2n thi\u1ec7n v\u1edbi m\u00f4i tr\u01b0\u1eddng, \u0111\u1ea3m b\u1ea3o kh\u00f4ng ch\u1ee9a b\u1ea5t k\u1ef3 ch\u00ec, th\u1ee7y ng\u00e2n hay c\u00e1c ch\u1ea5t \u0111\u1ed9c h\u1ea1i kh\u00e1c.<\/li>\n<li><strong>\u0110\u00e8n pha n\u0103ng l\u01b0\u1ee3ng m\u1eb7t tr\u1eddi<\/strong>\u00a0ch\u00ednh l\u00e0 l\u1ef1a ch\u1ecdn \u0111\u1ea7u t\u01b0 tuy\u1ec7t v\u1eddi, th\u01b0\u1eddng \u0111\u01b0\u1ee3c \u1ee9ng d\u1ee5ng \u1edf c\u00e1c bi\u1ec3n qu\u1ea3ng c\u00e1o, t\u01b0\u1eddng, s\u00e2n v\u01b0\u1eddn c\u1ee7a c\u00e1c t\u00f2a nh\u00e0, bi\u1ec7t th\u1ef1, s\u00e2n b\u00f3ng \u0111\u00e1 mini\u2026<\/li>\n<\/ul>\n<h2>\u0110\u1ecba ch\u1ec9 b\u00e1n \u0111\u00e8n pha LED ch\u1ea1y b\u1eb1ng n\u0103ng l\u01b0\u1ee3ng m\u1eb7t tr\u1eddi t\u1ed1t nh\u1ea5t?<\/h2>\n<p>N\u1ebfu b\u1ea1n mu\u1ed1n t\u00ecm c\u00f4ng ty chuy\u00ean cung c\u1ea5p c\u00e1c\u00a0<strong>\u0111\u00e8n LED\u00a0pha<\/strong> uy t\u00edn, ch\u1ea5t l\u01b0\u1ee3ng, h\u00e3y \u0111\u1ebfn v\u1edbi ch\u00fang t\u00f4i<\/p>\n<ul>\n<li>C\u00f4ng ty s\u1ebd \u0111\u1ea3m b\u1ea3o cung c\u1ea5p t\u1edbi c\u00e1c kh\u00e1ch h\u00e0ng nh\u1eefng s\u1ea3n ph\u1ea9m \u0111\u00e8n n\u0103ng l\u01b0\u1ee3ng m\u1eb7t tr\u1eddi ch\u00ednh h\u00e3ng, ch\u1ea5t l\u01b0\u1ee3ng v\u01b0\u1ee3t b\u1eadc v\u1edbi gi\u00e1 th\u00e0nh t\u1ed1t nh\u1ea5t so v\u1edbi th\u1ecb tr\u01b0\u1eddng.<\/li>\n<li>V\u1edbi c\u00e1c ch\u1ebf \u0111\u1ed9, d\u1ecbch v\u1ee5 t\u1ed1i \u01b0u c\u00f9ng \u0111\u1ed9i ng\u0169 nh\u00e2n vi\u00ean t\u01b0 v\u1ea5n nhi\u1ec7t t\u00ecnh, c\u00f3 kinh nghi\u1ec7m, s\u1ebd t\u01b0 v\u1ea5n v\u00e0 \u0111\u00e1p \u1ee9ng m\u1ecdi nhu c\u1ea7u c\u1ee7a kh\u00e1ch h\u00e0ng.<\/li>\n<\/ul>\n","protected":false},"excerpt":{"rendered":"<p><strong>\u0110\u00e8n Led Pha n\u0103ng l\u01b0\u1ee3ng m\u1eb7t tr\u1eddi<\/strong>\u00a0l\u00e0 lo\u1ea1i \u0111\u00e8n chuy\u00ean d\u00f9ng \u0111\u1ec3 chi\u1ebfu s\u00e1ng b\u00ean trong nh\u1eefng khu v\u1ef1c r\u1ed9ng v\u00e0 xa, th\u01b0\u1eddng c\u00f3 c\u00f4ng su\u1ea5t l\u1edbn, th\u01b0\u1eddng \u0111\u01b0\u1ee3c s\u1eed d\u1ee5ng thay th\u1ebf cho c\u00e1c lo\u1ea1i \u0111\u00e8n b\u00ecnh th\u01b0\u1eddng nh\u01b0 \u0111\u00e8n halogen, \u0111\u00e8n cao \u00e1p.<br \/>\nV\u1edbi thi\u1ebft k\u1ebf nh\u1ecf g\u1ecdn, s\u1eed d\u1ee5ng v\u1eadt li\u1ec7u b\u1eb1ng kim lo\u1ea1i cao c\u1ea5p, \u0111\u01b0\u1ee3c ph\u1ee7 l\u1edbp s\u01a1n t\u0129nh \u0111i\u1ec7n v\u1edbi th\u00e2n h\u00ecnh vu\u00f4ng k\u00e8m theo gi\u00e1 \u0111\u1ee1 c\u00f3 th\u1ec3 xoay 180 \u0111\u1ed9 v\u00f4 c\u00f9ng ch\u1eafc ch\u1eafn, gi\u00fap d\u1ec5 d\u00e0ng l\u1eafp \u0111\u1eb7t \u1edf m\u1ecdi v\u1ecb tr\u00ed.<\/p>\n","protected":false},"featured_media":1418,"template":"","meta":[],"_links":{"self":[{"href":"https:\/\/webmaibinh.com\/w\/denled2011\/wp-json\/wp\/v2\/product\/1417"}],"collection":[{"href":"https:\/\/webmaibinh.com\/w\/denled2011\/wp-json\/wp\/v2\/product"}],"about":[{"href":"https:\/\/webmaibinh.com\/w\/denled2011\/wp-json\/wp\/v2\/types\/product"}],"wp:featuredmedia":[{"embeddable":true,"href":"https:\/\/webmaibinh.com\/w\/denled2011\/wp-json\/wp\/v2\/media\/1418"}],"wp:attachment":[{"href":"https:\/\/webmaibinh.com\/w\/denled2011\/wp-json\/wp\/v2\/media?parent=1417"}],"curies":[{"name":"wp","href":"https:\/\/api.w.org\/{rel}","templated":true}]}}