{"id":960,"date":"2018-04-04T10:55:51","date_gmt":"2018-04-04T03:55:51","guid":{"rendered":"http:\/\/denled.muathemewordpress.net\/?page_id=960"},"modified":"2018-04-04T11:20:34","modified_gmt":"2018-04-04T04:20:34","slug":"tai-lieu","status":"publish","type":"page","link":"https:\/\/webmaibinh.com\/w\/denled2011\/tai-lieu\/","title":{"rendered":"T\u00e0i li\u1ec7u"},"content":{"rendered":"\t<section class=\"section tab-doc\" id=\"section_1245294867\">\n\t\t<div class=\"bg section-bg fill bg-fill  bg-loaded\" >\n\n\t\t\t\n\t\t\t\n\t\t\t\n\n\t\t<\/div>\n\n\t\t<div class=\"section-content relative\">\n\t\t\t\n<div class=\"row row-small\"  id=\"row-2050034346\">\n\n\t<div id=\"col-1842290269\" class=\"col medium-2 small-6 large-2\"  >\n\t\t<div class=\"col-inner\"  >\n\t\t\t\n\t\t\t\n\t\t<\/div>\n\t\t\t<\/div>\n\n\t\n\n\t<div id=\"col-1638196854\" class=\"col medium-2 small-6 large-2\"  >\n\t\t<div class=\"col-inner\"  >\n\t\t\t\n\t\t\t\n\n\t<a class=\"plain\" href=\"\/tai-lieu\/chung-chi\/\"  >\t<div class=\"icon-box featured-box icon-box-center text-center\"  >\n\t\t\t\t\t<div class=\"icon-box-img\" style=\"width: 44px\">\n\t\t\t\t<div class=\"icon\">\n\t\t\t\t\t<div class=\"icon-inner\" >\n\t\t\t\t\t\t<img width=\"175\" height=\"237\" src=\"https:\/\/webmaibinh.com\/w\/denled2011\/wp-content\/uploads\/2018\/04\/1469091228_tl-3.png\" class=\"attachment-medium size-medium\" alt=\"\" loading=\"lazy\" \/>\t\t\t\t\t<\/div>\n\t\t\t\t<\/div>\n\t\t\t<\/div>\n\t\t\t\t<div class=\"icon-box-text last-reset\">\n\t\t\t\t\t\t\t\t\t\n<p style=\"text-align: center;\">Ch\u1ee9ng ch\u1ec9<\/p>\n\t\t<\/div>\n\t<\/div>\n\t<\/a>\n\t\n\t\t<\/div>\n\t\t\t<\/div>\n\n\t\n\n\t<div id=\"col-669022060\" class=\"col medium-2 small-6 large-2\"  >\n\t\t<div class=\"col-inner\"  >\n\t\t\t\n\t\t\t\n\n\t<a class=\"plain\" href=\"\/tai-lieu\/phan-mem\/\"  >\t<div class=\"icon-box featured-box icon-box-center text-center\"  >\n\t\t\t\t\t<div class=\"icon-box-img\" style=\"width: 60px\">\n\t\t\t\t<div class=\"icon\">\n\t\t\t\t\t<div class=\"icon-inner\" >\n\t\t\t\t\t\t<img width=\"227\" height=\"227\" src=\"https:\/\/webmaibinh.com\/w\/denled2011\/wp-content\/uploads\/2018\/04\/1469091208_tl-2.png\" class=\"attachment-medium size-medium\" alt=\"\" loading=\"lazy\" srcset=\"https:\/\/webmaibinh.com\/w\/denled2011\/wp-content\/uploads\/2018\/04\/1469091208_tl-2.png 227w, https:\/\/webmaibinh.com\/w\/denled2011\/wp-content\/uploads\/2018\/04\/1469091208_tl-2-100x100.png 100w, https:\/\/webmaibinh.com\/w\/denled2011\/wp-content\/uploads\/2018\/04\/1469091208_tl-2-150x150.png 150w\" sizes=\"(max-width: 227px) 100vw, 227px\" \/>\t\t\t\t\t<\/div>\n\t\t\t\t<\/div>\n\t\t\t<\/div>\n\t\t\t\t<div class=\"icon-box-text last-reset\">\n\t\t\t\t\t\t\t\t\t\n<p style=\"text-align: center;\">Ph\u1ea7n m\u1ec1m<\/p>\n\t\t<\/div>\n\t<\/div>\n\t<\/a>\n\t\n\t\t<\/div>\n\t\t\t<\/div>\n\n\t\n\n\t<div id=\"col-572473829\" class=\"col medium-2 small-6 large-2\"  >\n\t\t<div class=\"col-inner\"  >\n\t\t\t\n\t\t\t\n\n\t<a class=\"plain\" href=\"\/tai-lieu\/cataloge\/\"  >\t<div class=\"icon-box featured-box icon-box-center text-center\"  >\n\t\t\t\t\t<div class=\"icon-box-img\" style=\"width: 69px\">\n\t\t\t\t<div class=\"icon\">\n\t\t\t\t\t<div class=\"icon-inner\" >\n\t\t\t\t\t\t<img width=\"264\" height=\"218\" src=\"https:\/\/webmaibinh.com\/w\/denled2011\/wp-content\/uploads\/2018\/04\/1469091186_tl-1.png\" class=\"attachment-medium size-medium\" alt=\"\" loading=\"lazy\" \/>\t\t\t\t\t<\/div>\n\t\t\t\t<\/div>\n\t\t\t<\/div>\n\t\t\t\t<div class=\"icon-box-text last-reset\">\n\t\t\t\t\t\t\t\t\t\n<p style=\"text-align: center;\">Cataloge<\/p>\n\t\t<\/div>\n\t<\/div>\n\t<\/a>\n\t\n\t\t<\/div>\n\t\t\t<\/div>\n\n\t\n\n\t<div id=\"col-81735232\" class=\"col medium-2 small-12 large-2\"  >\n\t\t<div class=\"col-inner\"  >\n\t\t\t\n\t\t\t\n\n\t<a class=\"plain\" href=\"\/tai-lieu\/khac\/\"  >\t<div class=\"icon-box featured-box icon-box-center text-center\"  >\n\t\t\t\t\t<div class=\"icon-box-img\" style=\"width: 60px\">\n\t\t\t\t<div class=\"icon\">\n\t\t\t\t\t<div class=\"icon-inner\" >\n\t\t\t\t\t\t<img width=\"128\" height=\"128\" src=\"https:\/\/webmaibinh.com\/w\/denled2011\/wp-content\/uploads\/2018\/04\/1502349302_open-folder_318-121469.png\" class=\"attachment-medium size-medium\" alt=\"\" loading=\"lazy\" srcset=\"https:\/\/webmaibinh.com\/w\/denled2011\/wp-content\/uploads\/2018\/04\/1502349302_open-folder_318-121469.png 128w, https:\/\/webmaibinh.com\/w\/denled2011\/wp-content\/uploads\/2018\/04\/1502349302_open-folder_318-121469-100x100.png 100w\" sizes=\"(max-width: 128px) 100vw, 128px\" \/>\t\t\t\t\t<\/div>\n\t\t\t\t<\/div>\n\t\t\t<\/div>\n\t\t\t\t<div class=\"icon-box-text last-reset\">\n\t\t\t\t\t\t\t\t\t\n<p style=\"text-align: center;\">Kh\u00e1c<\/p>\n\t\t<\/div>\n\t<\/div>\n\t<\/a>\n\t\n\t\t<\/div>\n\t\t\t<\/div>\n\n\t\n\n\t<div id=\"col-1007136968\" class=\"col medium-2 small-12 large-2\"  >\n\t\t<div class=\"col-inner\"  >\n\t\t\t\n\t\t\t\n\t\t<\/div>\n\t\t\t<\/div>\n\n\t\n<\/div>\n\t\t<\/div>\n\n\t\t\n<style>\n#section_1245294867 {\n  padding-top: 13px;\n  padding-bottom: 13px;\n  background-color: rgb(244, 244, 244);\n}\n<\/style>\n\t<\/section>\n\t\n\t<section class=\"section body-doc\" id=\"section_1541435238\">\n\t\t<div class=\"bg section-bg fill bg-fill  bg-loaded\" >\n\n\t\t\t\n\t\t\t\n\t\t\t\n\n\t\t<\/div>\n\n\t\t<div class=\"section-content relative\">\n\t\t\t\n<div class=\"row\"  id=\"row-1281836190\">\n\n\t<div id=\"col-927654388\" class=\"col medium-9 small-12 large-9\"  >\n\t\t<div class=\"col-inner\"  >\n\t\t\t\n\t\t\t\n<table class=\"table\">\n<thead>\n<tr>\n<th><\/th>\n<th>T\u00caN<\/th>\n<th>DOWNLOAD<\/th>\n<th>LO\u1ea0I FILE<\/th>\n<th>SIZE<\/th>\n<\/tr>\n<\/thead>\n<tbody>\n<tr>\n<td>1<\/td>\n<td>Quy\u1ebft \u0111\u1ecbnh 4495\/Q\u0110-BTC v\u1ec1 gi\u00e1 b\u00e1n \u0111i\u1ec7n<\/td>\n<td class=\"imgtd\"><a href=\"http:\/\/www.datsolar.com\/templates\/pictures\/files\/1512125935_QD4495_2017_quydinhgiadien.pdf\" download=\"\"><img src=\"http:\/\/www.datsolar.com\/templates\/skins\/images\/dl.png\" \/><\/a><\/td>\n<td>pdf<\/td>\n<td>1197.8 KB<\/td>\n<\/tr>\n<tr>\n<td>2<\/td>\n<td>Th\u00f4ng t\u01b0 16\/2017\/TT-BCT Quy \u0111\u1ecbnh v\u1ec1 ph\u00e1t tri\u1ec3n d\u1ef1 \u00e1n \u0111i\u1ec7n m\u1eb7t tr\u1eddi<\/td>\n<td class=\"imgtd\"><a href=\"http:\/\/www.datsolar.com\/templates\/pictures\/files\/1505784392_Thong%20tu%2016-2017%20TT-BCT%20Ve%20mua%20ban%20dien%20mat%20troi.pdf\" download=\"\"><img src=\"http:\/\/www.datsolar.com\/templates\/skins\/images\/dl.png\" \/><\/a><\/td>\n<td>pdf<\/td>\n<td>4356.4 KB<\/td>\n<\/tr>\n<tr>\n<td>3<\/td>\n<td>DAT l\u00e0 T\u1ed5ng \u0111\u1ea1i di\u1ec7n c\u1ee7a T\u1eadp \u0111o\u00e0n qu\u1ed1c t\u1ebf INVT t\u1ea1i Vi\u1ec7t Nam<\/td>\n<td class=\"imgtd\"><a href=\"http:\/\/www.datsolar.com\/templates\/pictures\/files\/1502349961_premier%20Distributor.pdf\" download=\"\"><img src=\"http:\/\/www.datsolar.com\/templates\/skins\/images\/dl.png\" \/><\/a><\/td>\n<td>pdf<\/td>\n<td>9680.2 KB<\/td>\n<\/tr>\n<tr>\n<td>4<\/td>\n<td>Ch\u1ee9ng ch\u1ec9 DAT l\u00e0 \u0111\u1ed1i t\u00e1c c\u1ee7a Canadian Solar t\u1ea1i Vi\u1ec7t Nam<\/td>\n<td class=\"imgtd\"><a href=\"http:\/\/www.datsolar.com\/templates\/pictures\/files\/1502349785_Canadian-Solar-Certificate.pdf\" download=\"\"><img src=\"http:\/\/www.datsolar.com\/templates\/skins\/images\/dl.png\" \/><\/a><\/td>\n<td>pdf<\/td>\n<td>3572.6 KB<\/td>\n<\/tr>\n<tr>\n<td>5<\/td>\n<td>T\u00e0i li\u1ec7u Th\u00f4ng b\u00e1o C\u01a1 ch\u1ebf mua b\u00e1n \u0111i\u1ec7n 2017<\/td>\n<td class=\"imgtd\"><a href=\"http:\/\/www.datsolar.com\/templates\/pictures\/files\/1492574532_C%C6%A1%20ch%E1%BA%BF%20mua%20b%C3%A1n%20%C4%91i%E1%BB%87n%202017.signed.pdf\" download=\"\"><img src=\"http:\/\/www.datsolar.com\/templates\/skins\/images\/dl.png\" \/><\/a><\/td>\n<td>pdf<\/td>\n<td>450.8 KB<\/td>\n<\/tr>\n<tr>\n<td>6<\/td>\n<td>T\u00e0i li\u1ec7u gi\u1ea3i ph\u00e1p DAT Solar<\/td>\n<td class=\"imgtd\"><a href=\"http:\/\/www.datsolar.com\/templates\/pictures\/files\/1487036876_Ho_so_giai_phap_DATSolar.pdf\" download=\"\"><img src=\"http:\/\/www.datsolar.com\/templates\/skins\/images\/dl.png\" \/><\/a><\/td>\n<td>pdf<\/td>\n<td>12723 KB<\/td>\n<\/tr>\n<tr>\n<td>7<\/td>\n<td>Ch\u1ee9ng ch\u1ec9 t\u1ea5m pin n\u0103ng l\u01b0\u1ee3ng tr\u1eddi Canadian<\/td>\n<td class=\"imgtd\"><a href=\"http:\/\/www.datsolar.com\/templates\/pictures\/files\/1476345613_Canadian%20Solar%20Certificate.zip\" download=\"\"><img src=\"http:\/\/www.datsolar.com\/templates\/skins\/images\/dl.png\" \/><\/a><\/td>\n<td>zip<\/td>\n<td>13993 KB<\/td>\n<\/tr>\n<tr>\n<td>8<\/td>\n<td>Ch\u1ee9ng ch\u1ec9 inverter iMars H\u00f2a l\u01b0\u1edbi 3 pha 380 (20-30kW)<\/td>\n<td class=\"imgtd\"><a href=\"http:\/\/www.datsolar.com\/templates\/pictures\/files\/1476345177_iMars%20BG%20Series%20Three%20Phase%20Grid%20Tied%20Solar%20Certificate%20(BG%2020-30kW).zip\" download=\"\"><img src=\"http:\/\/www.datsolar.com\/templates\/skins\/images\/dl.png\" \/><\/a><\/td>\n<td>zip<\/td>\n<td>4638.5 KB<\/td>\n<\/tr>\n<tr>\n<td>9<\/td>\n<td>Ch\u1ee9ng ch\u1ec9 inverter iMars H\u00f2a l\u01b0\u1edbi 3 pha 380 (6-17kW)<\/td>\n<td class=\"imgtd\"><a href=\"http:\/\/www.datsolar.com\/templates\/pictures\/files\/1476345106_iMars%20BG%20Series%20Three%20Phase%20Grid%20Tied%20Solar%20Certificate%20(BG%206-17kW).zip\" download=\"\"><img src=\"http:\/\/www.datsolar.com\/templates\/skins\/images\/dl.png\" \/><\/a><\/td>\n<td>zip<\/td>\n<td>5117.4 KB<\/td>\n<\/tr>\n<tr>\n<td>10<\/td>\n<td>Catalogue iMars Solar Inverter<\/td>\n<td class=\"imgtd\"><a href=\"http:\/\/www.datsolar.com\/templates\/pictures\/files\/1476341490_iMars%20Catalog_%202016.pdf\" download=\"\"><img src=\"http:\/\/www.datsolar.com\/templates\/skins\/images\/dl.png\" \/><\/a><\/td>\n<td>pdf<\/td>\n<td>4120 KB<\/td>\n<\/tr>\n<tr>\n<td>11<\/td>\n<td>Ph\u1ea7n m\u1ec1m gi\u00e1m s\u00e1t b\u1eb1ng \u0111i\u1ec7n tho\u1ea1i<\/td>\n<td class=\"imgtd\"><a href=\"http:\/\/www.datsolar.com\/templates\/pictures\/files\/1476332858_iMars_PhoneExpert.rar\" download=\"\"><img src=\"http:\/\/www.datsolar.com\/templates\/skins\/images\/dl.png\" \/><\/a><\/td>\n<td>rar<\/td>\n<td>1096.8 KB<\/td>\n<\/tr>\n<tr>\n<td>12<\/td>\n<td>Ph\u1ea7n m\u1ec1m gi\u00e1m s\u00e1t b\u1eb1ng m\u00e1y t\u00ednh<\/td>\n<td class=\"imgtd\"><a href=\"http:\/\/www.datsolar.com\/templates\/pictures\/files\/1476332547_iMars_SysExpert_V2.2.0.zip\" download=\"\"><img src=\"http:\/\/www.datsolar.com\/templates\/skins\/images\/dl.png\" \/><\/a><\/td>\n<td>zip<\/td>\n<td>8251.5 KB<\/td>\n<\/tr>\n<tr>\n<td>13<\/td>\n<td>Ph\u1ea7n m\u1ec1m Thi\u1ebft k\u1ebf iMars<\/td>\n<td class=\"imgtd\"><a href=\"http:\/\/www.datsolar.com\/templates\/pictures\/files\/1476332440_iMars_WinExpert_V2.4.5.zip\" download=\"\"><img src=\"http:\/\/www.datsolar.com\/templates\/skins\/images\/dl.png\" \/><\/a><\/td>\n<td>zip<\/td>\n<td>9116.8 KB<\/td>\n<\/tr>\n<\/tbody>\n<\/table>\n\t\t<\/div>\n\t\t\t<\/div>\n\n\t\n\n\t<div id=\"col-1897453254\" class=\"col cot3 medium-3 small-12 large-3\"  >\n\t\t<div class=\"col-inner\"  >\n\t\t\t\n\t\t\t\n<ul class=\"sidebar-wrapper ul-reset\"><aside id=\"custom_html-3\" class=\"widget_text widget widget_custom_html\"><div class=\"textwidget custom-html-widget\">\t<section class=\"section gioi-thieu\" id=\"section_1057822146\">\n\t\t<div class=\"bg section-bg fill bg-fill  bg-loaded\" >\n\n\t\t\t\n\t\t\t\n\t\t\t\n\n\t\t<\/div>\n\n\t\t<div class=\"section-content relative\">\n\t\t\t\r\n\r\n<div class=\"row\"  id=\"row-1661652685\">\r\n\r\n\n\t<div id=\"col-966844201\" class=\"col cot3 small-12 large-12\"  >\n\t\t<div class=\"col-inner\" style=\"background-color:rgb(242, 242, 242);\" >\n\t\t\t\n\t\t\t\r\n<a href=\"#\" target=\"_self\" class=\"button primary is-larger lowercase expand\" rel=\"noopener noreferrer\">\n  <i class=\"icon-star-o\" ><\/i>  <span>D\u1ef1 to\u00e1n h\u1ec7 th\u1ed1ng<\/span>\n  <\/a>\n\r\n\r\n<a href=\"#\" target=\"_self\" class=\"button success is-larger lowercase expand\" rel=\"noopener noreferrer\">\n  <i class=\"icon-user\" ><\/i>  <span>T\u01b0 v\u1ea5n & b\u00e1o gi\u00e1<\/span>\n  <\/a>\n\r\n\r\n<h3><strong>H\u1ed6 TR\u1ee2 ONLINE<\/strong><\/h3>\r\n\r\n\n\t\t<div class=\"icon-box featured-box icon-box-left text-left\"  >\n\t\t\t\t\t<div class=\"icon-box-img\" style=\"width: 70px\">\n\t\t\t\t<div class=\"icon\">\n\t\t\t\t\t<div class=\"icon-inner\" >\n\t\t\t\t\t\t<img width=\"70\" height=\"70\" src=\"https:\/\/webmaibinh.com\/w\/denled2011\/wp-content\/uploads\/2018\/03\/support-1.png\" class=\"attachment-medium size-medium\" alt=\"\" loading=\"lazy\" \/>\t\t\t\t\t<\/div>\n\t\t\t\t<\/div>\n\t\t\t<\/div>\n\t\t\t\t<div class=\"icon-box-text last-reset\">\n\t\t\t\t\t\t\t\t\t\r\n\r\n<b>Ph\u00f2ng kinh doanh<\/b>\r\n0999.999.999<br\/>\r\nemail@gmail.com\r\n\r\n\t\t<\/div>\n\t<\/div>\n\t\n\t\r\n\t<div id=\"gap-861339938\" class=\"gap-element clearfix\" style=\"display:block; height:auto;\">\n\t\t\n<style>\n#gap-861339938 {\n  padding-top: 20px;\n}\n<\/style>\n\t<\/div>\n\t\r\n\r\n\n\t\t<div class=\"icon-box featured-box icon-box-left text-left\"  >\n\t\t\t\t\t<div class=\"icon-box-img\" style=\"width: 70px\">\n\t\t\t\t<div class=\"icon\">\n\t\t\t\t\t<div class=\"icon-inner\" >\n\t\t\t\t\t\t<img width=\"70\" height=\"70\" src=\"https:\/\/webmaibinh.com\/w\/denled2011\/wp-content\/uploads\/2018\/03\/support2.png\" class=\"attachment-medium size-medium\" alt=\"\" loading=\"lazy\" \/>\t\t\t\t\t<\/div>\n\t\t\t\t<\/div>\n\t\t\t<\/div>\n\t\t\t\t<div class=\"icon-box-text last-reset\">\n\t\t\t\t\t\t\t\t\t\r\n\r\n<b>Ph\u00f2ng k\u1ef9 thu\u1eadt<\/b><br\/>\r\n0999.999.999<br\/>\r\nemail@gmail.com\r\n\r\n\t\t<\/div>\n\t<\/div>\n\t\n\t\r\n\t<div id=\"gap-1675100416\" class=\"gap-element clearfix\" style=\"display:block; height:auto;\">\n\t\t\n<style>\n#gap-1675100416 {\n  padding-top: 31px;\n}\n<\/style>\n\t<\/div>\n\t\r\n\r\n<h3><strong>S\u1ea2N PH\u1ea8M - GI\u1ea2I PH\u00c1P<\/strong><\/h3>\r\n\r\n<ul class=\"sidebar-wrapper ul-reset\"><li id=\"nav_menu-2\" class=\"widget widget_nav_menu\"><div class=\"menu-giai-phap-container\"><ul id=\"menu-giai-phap\" class=\"menu\"><li id=\"menu-item-121\" class=\"menu-item menu-item-type-custom menu-item-object-custom menu-item-121\"><a href=\"#\">Ti\u1ebft ki\u1ec7m n\u0103ng l\u01b0\u1ee3ng th\u00f4ng minh<\/a><\/li>\n<li id=\"menu-item-122\" class=\"menu-item menu-item-type-custom menu-item-object-custom menu-item-122\"><a href=\"#\">Gi\u1ea3i ph\u00e1p h\u1ed9 gia \u0111\u00ecnh<\/a><\/li>\n<li id=\"menu-item-123\" class=\"menu-item menu-item-type-custom menu-item-object-custom menu-item-123\"><a href=\"#\">Gi\u1ea3i ph\u00e1p v\u0103n ph\u00f2ng c\u00f4ng ty<\/a><\/li>\n<li id=\"menu-item-124\" class=\"menu-item menu-item-type-custom menu-item-object-custom menu-item-124\"><a href=\"#\">Gi\u1ea3i ph\u00e1p c\u00f4ng x\u01b0\u1edfng, nh\u00e0 m\u00e1y<\/a><\/li>\n<li id=\"menu-item-125\" class=\"menu-item menu-item-type-custom menu-item-object-custom menu-item-125\"><a href=\"#\">Pin n\u0103ng l\u01b0\u1ee3ng m\u1eb7t tr\u1eddi<\/a><\/li>\n<li id=\"menu-item-126\" class=\"menu-item menu-item-type-custom menu-item-object-custom menu-item-126\"><a href=\"#\">Gi\u1ea3i ph\u00e1p t\u00e1i ch\u1ebf c\u01a1 c\u1ea5u<\/a><\/li>\n<li id=\"menu-item-127\" class=\"menu-item menu-item-type-custom menu-item-object-custom menu-item-127\"><a href=\"#\">Gi\u1ea3i ph\u00e1p x\u1eed l\u00ed ch\u1ea5t th\u1ea3i<\/a><\/li>\n<li id=\"menu-item-128\" class=\"menu-item menu-item-type-custom menu-item-object-custom menu-item-128\"><a href=\"#\">Gi\u1ea3i ph\u00e1p ti\u1ebft ki\u1ec7m n\u0103ng l\u01b0\u1ee3ng m\u1edbi<\/a><\/li>\n<li id=\"menu-item-129\" class=\"menu-item menu-item-type-custom menu-item-object-custom menu-item-129\"><a href=\"#\">Gi\u1ea3i ph\u00e1p quy ho\u1ea1ch m\u1eb7t b\u1eb1ng<\/a><\/li>\n<\/ul><\/div><\/li><\/ul>\r\n\r\n\t\t<\/div>\n\t\t\n<style>\n#col-966844201 > .col-inner {\n  padding: 10px 15px 10px 15px;\n}\n<\/style>\n\t<\/div>\n\n\t\r\n\r\n<\/div>\r\n\r\n\t\t<\/div>\n\n\t\t\n<style>\n#section_1057822146 {\n  padding-top: 30px;\n  padding-bottom: 30px;\n}\n<\/style>\n\t<\/section>\n\t<\/div><\/aside>\t\t<aside id=\"flatsome_recent_posts-2\" class=\"widget flatsome_recent_posts\">\t\t<span class=\"widget-title \"><span>B\u00c0I VI\u1ebeT M\u1edaI<\/span><\/span><div class=\"is-divider small\"><\/div>\t\t<ul>\t\t\n\t\t\n\t\t<li class=\"recent-blog-posts-li\">\n\t\t\t<div class=\"flex-row recent-blog-posts align-top pt-half pb-half\">\n\t\t\t\t<div class=\"flex-col mr-half\">\n\t\t\t\t\t<div class=\"badge post-date  badge-square\">\n\t\t\t\t\t\t\t<div class=\"badge-inner bg-fill\" style=\"background: url(https:\/\/webmaibinh.com\/w\/denled2011\/wp-content\/uploads\/2019\/12\/lap-dat-he-thong-dien-mat-troi-hoa-luoi-8kw-tron-goi4-150x150.jpg); border:0;\">\n                                \t\t\t\t\t\t\t<\/div>\n\t\t\t\t\t<\/div>\n\t\t\t\t<\/div>\n\t\t\t\t<div class=\"flex-col flex-grow\">\n\t\t\t\t\t  <a href=\"https:\/\/webmaibinh.com\/w\/denled2011\/viet-nam-la-diem-dau-tu-nang-luong-mat-troi-nong-nhat-khu-vuc-chau-a-thai-binh-duong\/\" title=\"Vi\u1ec7t Nam l\u00e0 \u0111i\u1ec3m \u0111\u1ea7u t\u01b0 n\u0103ng l\u01b0\u1ee3ng m\u1eb7t tr\u1eddi \u201cn\u00f3ng&#8221; nh\u1ea5t khu v\u1ef1c ch\u00e2u \u00c1\">Vi\u1ec7t Nam l\u00e0 \u0111i\u1ec3m \u0111\u1ea7u t\u01b0 n\u0103ng l\u01b0\u1ee3ng m\u1eb7t tr\u1eddi \u201cn\u00f3ng&#8221; nh\u1ea5t khu v\u1ef1c ch\u00e2u \u00c1<\/a>\n\t\t\t\t   \t  <span class=\"post_comments op-7 block is-xsmall\"><a href=\"https:\/\/webmaibinh.com\/w\/denled2011\/viet-nam-la-diem-dau-tu-nang-luong-mat-troi-nong-nhat-khu-vuc-chau-a-thai-binh-duong\/#respond\"><\/a><\/span>\n\t\t\t\t<\/div>\n\t\t\t<\/div>\n\t\t<\/li>\n\t\t\n\t\t\n\t\t<li class=\"recent-blog-posts-li\">\n\t\t\t<div class=\"flex-row recent-blog-posts align-top pt-half pb-half\">\n\t\t\t\t<div class=\"flex-col mr-half\">\n\t\t\t\t\t<div class=\"badge post-date  badge-square\">\n\t\t\t\t\t\t\t<div class=\"badge-inner bg-fill\" style=\"background: url(https:\/\/webmaibinh.com\/w\/denled2011\/wp-content\/uploads\/2019\/12\/dien_mat_troi_cyib-150x150.jpg); border:0;\">\n                                \t\t\t\t\t\t\t<\/div>\n\t\t\t\t\t<\/div>\n\t\t\t\t<\/div>\n\t\t\t\t<div class=\"flex-col flex-grow\">\n\t\t\t\t\t  <a href=\"https:\/\/webmaibinh.com\/w\/denled2011\/he-thong-dien-nang-luong-mat-troi-ap-mai-se-no-ro-trong-nhung-nam-toi\/\" title=\"H\u1ec7 th\u1ed1ng \u0111i\u1ec7n n\u0103ng l\u01b0\u1ee3ng m\u1eb7t tr\u1eddi  \u00e1p m\u00e1i s\u1ebd n\u1edf r\u1ed9 trong nh\u1eefng n\u0103m t\u1edbi\">H\u1ec7 th\u1ed1ng \u0111i\u1ec7n n\u0103ng l\u01b0\u1ee3ng m\u1eb7t tr\u1eddi  \u00e1p m\u00e1i s\u1ebd n\u1edf r\u1ed9 trong nh\u1eefng n\u0103m t\u1edbi<\/a>\n\t\t\t\t   \t  <span class=\"post_comments op-7 block is-xsmall\"><a href=\"https:\/\/webmaibinh.com\/w\/denled2011\/he-thong-dien-nang-luong-mat-troi-ap-mai-se-no-ro-trong-nhung-nam-toi\/#respond\"><\/a><\/span>\n\t\t\t\t<\/div>\n\t\t\t<\/div>\n\t\t<\/li>\n\t\t\n\t\t\n\t\t<li class=\"recent-blog-posts-li\">\n\t\t\t<div class=\"flex-row recent-blog-posts align-top pt-half pb-half\">\n\t\t\t\t<div class=\"flex-col mr-half\">\n\t\t\t\t\t<div class=\"badge post-date  badge-square\">\n\t\t\t\t\t\t\t<div class=\"badge-inner bg-fill\" style=\"background: url(https:\/\/webmaibinh.com\/w\/denled2011\/wp-content\/uploads\/2019\/12\/ktg_industrial_he_thong_dien_mat_troi_1-150x150.jpg); border:0;\">\n                                \t\t\t\t\t\t\t<\/div>\n\t\t\t\t\t<\/div>\n\t\t\t\t<\/div>\n\t\t\t\t<div class=\"flex-col flex-grow\">\n\t\t\t\t\t  <a href=\"https:\/\/webmaibinh.com\/w\/denled2011\/dien-mat-troi-ap-mai-he-thong-nang-luong-tuong-lai\/\" title=\"\u0110i\u1ec7n m\u1eb7t tr\u1eddi \u00e1p m\u00e1i \u2013 H\u1ec7 th\u1ed1ng n\u0103ng l\u01b0\u1ee3ng t\u01b0\u01a1ng lai\">\u0110i\u1ec7n m\u1eb7t tr\u1eddi \u00e1p m\u00e1i \u2013 H\u1ec7 th\u1ed1ng n\u0103ng l\u01b0\u1ee3ng t\u01b0\u01a1ng lai<\/a>\n\t\t\t\t   \t  <span class=\"post_comments op-7 block is-xsmall\"><a href=\"https:\/\/webmaibinh.com\/w\/denled2011\/dien-mat-troi-ap-mai-he-thong-nang-luong-tuong-lai\/#respond\"><\/a><\/span>\n\t\t\t\t<\/div>\n\t\t\t<\/div>\n\t\t<\/li>\n\t\t\n\t\t\n\t\t<li class=\"recent-blog-posts-li\">\n\t\t\t<div class=\"flex-row recent-blog-posts align-top pt-half pb-half\">\n\t\t\t\t<div class=\"flex-col mr-half\">\n\t\t\t\t\t<div class=\"badge post-date  badge-square\">\n\t\t\t\t\t\t\t<div class=\"badge-inner bg-fill\" style=\"background: url(https:\/\/webmaibinh.com\/w\/denled2011\/wp-content\/uploads\/2019\/12\/dien-mat-troi-co-the-dap-ung-70-nhu-cau-dien-cua-can-tho-150x150.jpg); border:0;\">\n                                \t\t\t\t\t\t\t<\/div>\n\t\t\t\t\t<\/div>\n\t\t\t\t<\/div>\n\t\t\t\t<div class=\"flex-col flex-grow\">\n\t\t\t\t\t  <a href=\"https:\/\/webmaibinh.com\/w\/denled2011\/uu-khuyet-diem-cua-nang-luong-mat-troi\/\" title=\"\u01afu khuy\u1ebft \u0111i\u1ec3m c\u1ee7a n\u0103ng l\u01b0\u1ee3ng m\u1eb7t tr\u1eddi\">\u01afu khuy\u1ebft \u0111i\u1ec3m c\u1ee7a n\u0103ng l\u01b0\u1ee3ng m\u1eb7t tr\u1eddi<\/a>\n\t\t\t\t   \t  <span class=\"post_comments op-7 block is-xsmall\"><a href=\"https:\/\/webmaibinh.com\/w\/denled2011\/uu-khuyet-diem-cua-nang-luong-mat-troi\/#respond\"><\/a><\/span>\n\t\t\t\t<\/div>\n\t\t\t<\/div>\n\t\t<\/li>\n\t\t\n\t\t\n\t\t<li class=\"recent-blog-posts-li\">\n\t\t\t<div class=\"flex-row recent-blog-posts align-top pt-half pb-half\">\n\t\t\t\t<div class=\"flex-col mr-half\">\n\t\t\t\t\t<div class=\"badge post-date  badge-square\">\n\t\t\t\t\t\t\t<div class=\"badge-inner bg-fill\" style=\"background: url(https:\/\/webmaibinh.com\/w\/denled2011\/wp-content\/uploads\/2019\/12\/nganh-cong-nghiep-dien-mat-troi-soi-dong-150x150.jpg); border:0;\">\n                                \t\t\t\t\t\t\t<\/div>\n\t\t\t\t\t<\/div>\n\t\t\t\t<\/div>\n\t\t\t\t<div class=\"flex-col flex-grow\">\n\t\t\t\t\t  <a href=\"https:\/\/webmaibinh.com\/w\/denled2011\/lap-dien-mat-troi-se-duoc-tra-tien-dien-ra-sao\/\" title=\"L\u1eafp \u0111i\u1ec7n m\u1eb7t tr\u1eddi s\u1ebd \u0111\u01b0\u1ee3c tr\u1ea3 ti\u1ec1n \u0111i\u1ec7n ra sao?\">L\u1eafp \u0111i\u1ec7n m\u1eb7t tr\u1eddi s\u1ebd \u0111\u01b0\u1ee3c tr\u1ea3 ti\u1ec1n \u0111i\u1ec7n ra sao?<\/a>\n\t\t\t\t   \t  <span class=\"post_comments op-7 block is-xsmall\"><a href=\"https:\/\/webmaibinh.com\/w\/denled2011\/lap-dien-mat-troi-se-duoc-tra-tien-dien-ra-sao\/#respond\"><\/a><\/span>\n\t\t\t\t<\/div>\n\t\t\t<\/div>\n\t\t<\/li>\n\t\t\n\t\t\n\t\t<li class=\"recent-blog-posts-li\">\n\t\t\t<div class=\"flex-row recent-blog-posts align-top pt-half pb-half\">\n\t\t\t\t<div class=\"flex-col mr-half\">\n\t\t\t\t\t<div class=\"badge post-date  badge-square\">\n\t\t\t\t\t\t\t<div class=\"badge-inner bg-fill\" style=\"background: url(https:\/\/webmaibinh.com\/w\/denled2011\/wp-content\/uploads\/2019\/12\/mien-nam-tang-toc-cac-du-an-dien-mat-troi-ap-mai-nha-1784-150x150.jpg); border:0;\">\n                                \t\t\t\t\t\t\t<\/div>\n\t\t\t\t\t<\/div>\n\t\t\t\t<\/div>\n\t\t\t\t<div class=\"flex-col flex-grow\">\n\t\t\t\t\t  <a href=\"https:\/\/webmaibinh.com\/w\/denled2011\/dien-mat-troi-ap-mai-dau-tu-chung-lai-cho-gia-mua-dien-moi\/\" title=\"\u0110i\u1ec7n m\u1eb7t tr\u1eddi \u00e1p m\u00e1i: \u0110\u1ea7u t\u01b0 ch\u1ef1ng l\u1ea1i ch\u1edd gi\u00e1 mua \u0111i\u1ec7n m\u1edbi\">\u0110i\u1ec7n m\u1eb7t tr\u1eddi \u00e1p m\u00e1i: \u0110\u1ea7u t\u01b0 ch\u1ef1ng l\u1ea1i ch\u1edd gi\u00e1 mua \u0111i\u1ec7n m\u1edbi<\/a>\n\t\t\t\t   \t  <span class=\"post_comments op-7 block is-xsmall\"><a href=\"https:\/\/webmaibinh.com\/w\/denled2011\/dien-mat-troi-ap-mai-dau-tu-chung-lai-cho-gia-mua-dien-moi\/#respond\"><\/a><\/span>\n\t\t\t\t<\/div>\n\t\t\t<\/div>\n\t\t<\/li>\n\t\t\n\t\t\n\t\t<li class=\"recent-blog-posts-li\">\n\t\t\t<div class=\"flex-row recent-blog-posts align-top pt-half pb-half\">\n\t\t\t\t<div class=\"flex-col mr-half\">\n\t\t\t\t\t<div class=\"badge post-date  badge-square\">\n\t\t\t\t\t\t\t<div class=\"badge-inner bg-fill\" style=\"background: url(https:\/\/webmaibinh.com\/w\/denled2011\/wp-content\/uploads\/2019\/12\/dien-mat-troi-15448808032971474723966-150x150.jpg); border:0;\">\n                                \t\t\t\t\t\t\t<\/div>\n\t\t\t\t\t<\/div>\n\t\t\t\t<\/div>\n\t\t\t\t<div class=\"flex-col flex-grow\">\n\t\t\t\t\t  <a href=\"https:\/\/webmaibinh.com\/w\/denled2011\/giai-phap-dien-nang-luong-mat-troi-cho-gia-dinh-hieu-qua\/\" title=\"Gi\u1ea3i ph\u00e1p \u0111i\u1ec7n n\u0103ng l\u01b0\u1ee3ng m\u1eb7t tr\u1eddi cho gia \u0111\u00ecnh hi\u1ec7u qu\u1ea3\">Gi\u1ea3i ph\u00e1p \u0111i\u1ec7n n\u0103ng l\u01b0\u1ee3ng m\u1eb7t tr\u1eddi cho gia \u0111\u00ecnh hi\u1ec7u qu\u1ea3<\/a>\n\t\t\t\t   \t  <span class=\"post_comments op-7 block is-xsmall\"><a href=\"https:\/\/webmaibinh.com\/w\/denled2011\/giai-phap-dien-nang-luong-mat-troi-cho-gia-dinh-hieu-qua\/#respond\"><\/a><\/span>\n\t\t\t\t<\/div>\n\t\t\t<\/div>\n\t\t<\/li>\n\t\t\t\t<\/ul>\t\t<\/aside><\/ul>\n\t\t<\/div>\n\t\t\t<\/div>\n\n\t\n<\/div>\n\t\t<\/div>\n\n\t\t\n<style>\n#section_1541435238 {\n  padding-top: 30px;\n  padding-bottom: 30px;\n}\n<\/style>\n\t<\/section>\n\t\n","protected":false},"excerpt":{"rendered":"","protected":false},"author":1,"featured_media":0,"parent":0,"menu_order":0,"comment_status":"closed","ping_status":"closed","template":"page-blank.php","meta":[],"_links":{"self":[{"href":"https:\/\/webmaibinh.com\/w\/denled2011\/wp-json\/wp\/v2\/pages\/960"}],"collection":[{"href":"https:\/\/webmaibinh.com\/w\/denled2011\/wp-json\/wp\/v2\/pages"}],"about":[{"href":"https:\/\/webmaibinh.com\/w\/denled2011\/wp-json\/wp\/v2\/types\/page"}],"author":[{"embeddable":true,"href":"https:\/\/webmaibinh.com\/w\/denled2011\/wp-json\/wp\/v2\/users\/1"}],"replies":[{"embeddable":true,"href":"https:\/\/webmaibinh.com\/w\/denled2011\/wp-json\/wp\/v2\/comments?post=960"}],"version-history":[{"count":0,"href":"https:\/\/webmaibinh.com\/w\/denled2011\/wp-json\/wp\/v2\/pages\/960\/revisions"}],"wp:attachment":[{"href":"https:\/\/webmaibinh.com\/w\/denled2011\/wp-json\/wp\/v2\/media?parent=960"}],"curies":[{"name":"wp","href":"https:\/\/api.w.org\/{rel}","templated":true}]}}