{"id":904,"date":"2018-04-04T10:27:55","date_gmt":"2018-04-04T03:27:55","guid":{"rendered":"http:\/\/denled.muathemewordpress.net\/?page_id=904"},"modified":"2018-04-04T10:51:10","modified_gmt":"2018-04-04T03:51:10","slug":"he-thong-hoa-luoi-doanh-nghiep-co-hieu-qua-ve-dau-tu","status":"publish","type":"page","link":"https:\/\/webmaibinh.com\/w\/denled2011\/hoi-dap\/he-thong-hoa-luoi-doanh-nghiep-co-hieu-qua-ve-dau-tu\/","title":{"rendered":"H\u1ec7 th\u1ed1ng h\u00f2a l\u01b0\u1edbi doanh nghi\u1ec7p c\u00f3 hi\u1ec7u qu\u1ea3 v\u1ec1 \u0111\u1ea7u t\u01b0?"},"content":{"rendered":"<h3 class=\"ans-tit\"><span style=\"color: #ff6600;\">C\u00e2u h\u1ecfi<\/span><\/h3>\n<div class=\"body_detail\">H\u1ec7 th\u1ed1ng h\u00f2a l\u01b0\u1edbi doanh nghi\u1ec7p c\u00f3 hi\u1ec7u qu\u1ea3 v\u1ec1 \u0111\u1ea7u t\u01b0?<\/div>\n<h3 class=\"ans-tit\"><span style=\"color: #ff6600;\">Tr\u1ea3 l\u1eddi<\/span><\/h3>\n<div class=\"body_detail\">\n<div>D\u1ef1a tr\u00ean c\u00e1c ph\u00e2n t\u00edch t\u00e0i ch\u00ednh \u0111\u1ea7u t\u01b0, h\u1ec7 th\u1ed1ng \u0111i\u1ec7n m\u1eb7t tr\u1eddi do DAT cung c\u1ea5p s\u1ebd gi\u00fap kh\u00e1ch h\u00e0ng ho\u00e0n v\u1ed1n t\u1eeb 5 n\u0103m (gi\u00e1 \u0111i\u1ec7n th\u01b0\u01a1ng m\u1ea1i) \u0111\u1ebfn 7 n\u0103m (gi\u00e1 \u0111i\u1ec7n s\u1ea3n xu\u1ea5t). B\u00ean c\u1ea1nh \u0111\u00f3, d\u1ecbch v\u1ee5 DAT cam k\u1ebft song h\u00e0nh c\u00f9ng kh\u00e1ch h\u00e0ng \u0111\u1ec3 \u0111\u1ea3m b\u1ea3o th\u1eddi gian v\u1eadn h\u00e0nh \u1ed5n \u0111\u1ecbnh l\u00ean \u0111\u1ebfn 25 \u2013 30 n\u0103m. H\u1ec7 th\u1ed1ng kh\u00f4ng nh\u1eefng ph\u00f9 h\u1ee3p v\u1edbi nh\u1eefng kh\u00e1ch h\u00e0ng mu\u1ed1n \u0111\u1ea7u t\u01b0 d\u00e0i h\u1ea1n, \u00edt r\u1ee7i ro m\u00e0 c\u00f2n th\u1ec3 hi\u1ec7n tr\u00e1ch nhi\u1ec7m c\u1ee7a doanh nghi\u1ec7p kh\u00e1ch h\u00e0ng v\u1edbi c\u1ed9ng \u0111\u1ed3ng, t\u1eeb \u0111\u00f3 gi\u00e1n ti\u1ebfp t\u1ea1o n\u00ean c\u00e1c gi\u00e1 tr\u1ecb kh\u00e1c.<\/div>\n<\/div>\n<div><\/div>\n<h3><span style=\"color: #ff6600;\">C\u00e1c c\u00e2u h\u1ecfi kh\u00e1c:<\/span><\/h3>\n\n  \n    <div class=\"row large-columns-1 medium-columns- small-columns-\">\n          <div class=\"page-col col\" >\n          <div class=\"col-inner\" >\n          <a class=\"plain\" href=\"https:\/\/webmaibinh.com\/w\/denled2011\/hoi-dap\/he-thong-hoa-luoi-van-hanh-ra-sao\/\" title=\"H\u1ec7 th\u1ed1ng h\u00f2a l\u01b0\u1edbi v\u1eadn h\u00e0nh ra sao?\" target=\"\">\n            <div class=\"page-box box has-hover\">\n                  <div class=\"box-image\" >\n                      <div class=\"box-image\" >\n                                            <\/div>\n                                                              <\/div>\n                  <div class=\"box-text text-left\" >\n                        <div class=\"box-text-inner\">\n                            <p>H\u1ec7 th\u1ed1ng h\u00f2a l\u01b0\u1edbi v\u1eadn h\u00e0nh ra sao?<\/p>\n                        <\/div>\n                  <\/div>\n              <\/div>\n            <\/a>\n            <\/div>\n          <\/div>\n                 <div class=\"page-col col\" >\n          <div class=\"col-inner\" >\n          <a class=\"plain\" href=\"https:\/\/webmaibinh.com\/w\/denled2011\/hoi-dap\/khi-dien-luoi-cup-he-thong-co-hoat-dong-duoc-khong-trong-nhung-ngay-may-mu-mua-lieu-co-du-dien-de-su-dung-sinh-hoat\/\" title=\"Khi \u0111i\u1ec7n l\u01b0\u1edbi c\u00fap, h\u1ec7 th\u1ed1ng c\u00f3 ho\u1ea1t \u0111\u1ed9ng \u0111\u01b0\u1ee3c kh\u00f4ng? Trong nh\u1eefng ng\u00e0y m\u00e2y m\u00f9, m\u01b0a, li\u1ec7u c\u00f3 \u0111\u1ee7 \u0111i\u1ec7n \u0111\u1ec3 s\u1eed d\u1ee5ng sinh ho\u1ea1t?\" target=\"\">\n            <div class=\"page-box box has-hover\">\n                  <div class=\"box-image\" >\n                      <div class=\"box-image\" >\n                                            <\/div>\n                                                              <\/div>\n                  <div class=\"box-text text-left\" >\n                        <div class=\"box-text-inner\">\n                            <p>Khi \u0111i\u1ec7n l\u01b0\u1edbi c\u00fap, h\u1ec7 th\u1ed1ng c\u00f3 ho\u1ea1t \u0111\u1ed9ng \u0111\u01b0\u1ee3c kh\u00f4ng? Trong nh\u1eefng ng\u00e0y m\u00e2y m\u00f9, m\u01b0a, li\u1ec7u c\u00f3 \u0111\u1ee7 \u0111i\u1ec7n \u0111\u1ec3 s\u1eed d\u1ee5ng sinh ho\u1ea1t?<\/p>\n                        <\/div>\n                  <\/div>\n              <\/div>\n            <\/a>\n            <\/div>\n          <\/div>\n                 <div class=\"page-col col\" >\n          <div class=\"col-inner\" >\n          <a class=\"plain\" href=\"https:\/\/webmaibinh.com\/w\/denled2011\/hoi-dap\/he-thong-dien-mat-troi-hoa-luoi-cho-ho-gia-dinh-co-hieu-qua-ve-dau-tu-chi-phi-bao-tri-cao-khong\/\" title=\"H\u1ec7 th\u1ed1ng \u0111i\u1ec7n m\u1eb7t tr\u1eddi h\u00f2a l\u01b0\u1edbi cho h\u1ed9 gia \u0111\u00ecnh c\u00f3 hi\u1ec7u qu\u1ea3 v\u1ec1 \u0111\u1ea7u t\u01b0? Chi ph\u00ed b\u1ea3o tr\u00ec cao kh\u00f4ng?\" target=\"\">\n            <div class=\"page-box box has-hover\">\n                  <div class=\"box-image\" >\n                      <div class=\"box-image\" >\n                                            <\/div>\n                                                              <\/div>\n                  <div class=\"box-text text-left\" >\n                        <div class=\"box-text-inner\">\n                            <p>H\u1ec7 th\u1ed1ng \u0111i\u1ec7n m\u1eb7t tr\u1eddi h\u00f2a l\u01b0\u1edbi cho h\u1ed9 gia \u0111\u00ecnh c\u00f3 hi\u1ec7u qu\u1ea3 v\u1ec1 \u0111\u1ea7u t\u01b0? Chi ph\u00ed b\u1ea3o tr\u00ec cao kh\u00f4ng?<\/p>\n                        <\/div>\n                  <\/div>\n              <\/div>\n            <\/a>\n            <\/div>\n          <\/div>\n                 <div class=\"page-col col\" >\n          <div class=\"col-inner\" >\n          <a class=\"plain\" href=\"https:\/\/webmaibinh.com\/w\/denled2011\/hoi-dap\/he-thong-hoa-luoi-co-anh-huong-den-ket-cau-va-tham-my-cua-ngoi-nha\/\" title=\"H\u1ec7 th\u1ed1ng h\u00f2a l\u01b0\u1edbi c\u00f3 \u1ea3nh h\u01b0\u1edfng \u0111\u1ebfn k\u1ebft c\u1ea5u v\u00e0 th\u1ea9m m\u1ef9 c\u1ee7a ng\u00f4i nh\u00e0?\" target=\"\">\n            <div class=\"page-box box has-hover\">\n                  <div class=\"box-image\" >\n                      <div class=\"box-image\" >\n                                            <\/div>\n                                                              <\/div>\n                  <div class=\"box-text text-left\" >\n                        <div class=\"box-text-inner\">\n                            <p>H\u1ec7 th\u1ed1ng h\u00f2a l\u01b0\u1edbi c\u00f3 \u1ea3nh h\u01b0\u1edfng \u0111\u1ebfn k\u1ebft c\u1ea5u v\u00e0 th\u1ea9m m\u1ef9 c\u1ee7a ng\u00f4i nh\u00e0?<\/p>\n                        <\/div>\n                  <\/div>\n              <\/div>\n            <\/a>\n            <\/div>\n          <\/div>\n                 <div class=\"page-col col\" >\n          <div class=\"col-inner\" >\n          <a class=\"plain\" href=\"https:\/\/webmaibinh.com\/w\/denled2011\/hoi-dap\/he-thong-hoa-luoi-doanh-nghiep-co-hieu-qua-ve-dau-tu\/\" title=\"H\u1ec7 th\u1ed1ng h\u00f2a l\u01b0\u1edbi doanh nghi\u1ec7p c\u00f3 hi\u1ec7u qu\u1ea3 v\u1ec1 \u0111\u1ea7u t\u01b0?\" target=\"\">\n            <div class=\"page-box box has-hover\">\n                  <div class=\"box-image\" >\n                      <div class=\"box-image\" >\n                                            <\/div>\n                                                              <\/div>\n                  <div class=\"box-text text-left\" >\n                        <div class=\"box-text-inner\">\n                            <p>H\u1ec7 th\u1ed1ng h\u00f2a l\u01b0\u1edbi doanh nghi\u1ec7p c\u00f3 hi\u1ec7u qu\u1ea3 v\u1ec1 \u0111\u1ea7u t\u01b0?<\/p>\n                        <\/div>\n                  <\/div>\n              <\/div>\n            <\/a>\n            <\/div>\n          <\/div>\n                 <div class=\"page-col col\" >\n          <div class=\"col-inner\" >\n          <a class=\"plain\" href=\"https:\/\/webmaibinh.com\/w\/denled2011\/hoi-dap\/can-phai-bao-tri-van-hanh-he-thong-nhu-the-nao\/\" title=\"C\u1ea7n ph\u1ea3i b\u1ea3o tr\u00ec, v\u1eadn h\u00e0nh h\u1ec7 th\u1ed1ng nh\u01b0 th\u1ebf n\u00e0o?\" target=\"\">\n            <div class=\"page-box box has-hover\">\n                  <div class=\"box-image\" >\n                      <div class=\"box-image\" >\n                                            <\/div>\n                                                              <\/div>\n                  <div class=\"box-text text-left\" >\n                        <div class=\"box-text-inner\">\n                            <p>C\u1ea7n ph\u1ea3i b\u1ea3o tr\u00ec, v\u1eadn h\u00e0nh h\u1ec7 th\u1ed1ng nh\u01b0 th\u1ebf n\u00e0o?<\/p>\n                        <\/div>\n                  <\/div>\n              <\/div>\n            <\/a>\n            <\/div>\n          <\/div>\n                 <div class=\"page-col col\" >\n          <div class=\"col-inner\" >\n          <a class=\"plain\" href=\"https:\/\/webmaibinh.com\/w\/denled2011\/hoi-dap\/he-thong-co-can-tru-ac-quy-co-the-su-dung-vao-buoi-toi\/\" title=\"H\u1ec7 th\u1ed1ng c\u00f3 c\u1ea7n tr\u1eef \u1eafc quy, c\u00f3 th\u1ec3 s\u1eed d\u1ee5ng v\u00e0o bu\u1ed5i t\u1ed1i.\" target=\"\">\n            <div class=\"page-box box has-hover\">\n                  <div class=\"box-image\" >\n                      <div class=\"box-image\" >\n                                            <\/div>\n                                                              <\/div>\n                  <div class=\"box-text text-left\" >\n                        <div class=\"box-text-inner\">\n                            <p>H\u1ec7 th\u1ed1ng c\u00f3 c\u1ea7n tr\u1eef \u1eafc quy, c\u00f3 th\u1ec3 s\u1eed d\u1ee5ng v\u00e0o bu\u1ed5i t\u1ed1i.<\/p>\n                        <\/div>\n                  <\/div>\n              <\/div>\n            <\/a>\n            <\/div>\n          <\/div>\n                 <div class=\"page-col col\" >\n          <div class=\"col-inner\" >\n          <a class=\"plain\" href=\"https:\/\/webmaibinh.com\/w\/denled2011\/hoi-dap\/lam-sao-chung-toi-biet-da-tiet-kiem-duoc-bao-nhieu-dien-khi-su-dung-he-thong-nlmt\/\" title=\"L\u00e0m sao ch\u00fang t\u00f4i bi\u1ebft \u0111\u00e3 ti\u1ebft ki\u1ec7m \u0111\u01b0\u1ee3c bao nhi\u00eau \u0111i\u1ec7n khi s\u1eed d\u1ee5ng h\u1ec7 th\u1ed1ng NLMT ?\" target=\"\">\n            <div class=\"page-box box has-hover\">\n                  <div class=\"box-image\" >\n                      <div class=\"box-image\" >\n                                            <\/div>\n                                                              <\/div>\n                  <div class=\"box-text text-left\" >\n                        <div class=\"box-text-inner\">\n                            <p>L\u00e0m sao ch\u00fang t\u00f4i bi\u1ebft \u0111\u00e3 ti\u1ebft ki\u1ec7m \u0111\u01b0\u1ee3c bao nhi\u00eau \u0111i\u1ec7n khi s\u1eed d\u1ee5ng h\u1ec7 th\u1ed1ng NLMT ?<\/p>\n                        <\/div>\n                  <\/div>\n              <\/div>\n            <\/a>\n            <\/div>\n          <\/div>\n         <\/div>\n","protected":false},"excerpt":{"rendered":"<p>C\u00e2u h\u1ecfi H\u1ec7 th\u1ed1ng h\u00f2a l\u01b0\u1edbi doanh nghi\u1ec7p c\u00f3 hi\u1ec7u qu\u1ea3 v\u1ec1 \u0111\u1ea7u t\u01b0? Tr\u1ea3 l\u1eddi D\u1ef1a tr\u00ean c\u00e1c ph\u00e2n t\u00edch t\u00e0i ch\u00ednh \u0111\u1ea7u t\u01b0, h\u1ec7 th\u1ed1ng \u0111i\u1ec7n m\u1eb7t tr\u1eddi do DAT cung c\u1ea5p s\u1ebd gi\u00fap kh\u00e1ch h\u00e0ng ho\u00e0n v\u1ed1n t\u1eeb 5 n\u0103m (gi\u00e1 \u0111i\u1ec7n th\u01b0\u01a1ng m\u1ea1i) \u0111\u1ebfn 7 n\u0103m (gi\u00e1 \u0111i\u1ec7n s\u1ea3n xu\u1ea5t). B\u00ean [&#8230;]\n","protected":false},"author":1,"featured_media":0,"parent":878,"menu_order":0,"comment_status":"closed","ping_status":"closed","template":"page-right-sidebar.php","meta":[],"_links":{"self":[{"href":"https:\/\/webmaibinh.com\/w\/denled2011\/wp-json\/wp\/v2\/pages\/904"}],"collection":[{"href":"https:\/\/webmaibinh.com\/w\/denled2011\/wp-json\/wp\/v2\/pages"}],"about":[{"href":"https:\/\/webmaibinh.com\/w\/denled2011\/wp-json\/wp\/v2\/types\/page"}],"author":[{"embeddable":true,"href":"https:\/\/webmaibinh.com\/w\/denled2011\/wp-json\/wp\/v2\/users\/1"}],"replies":[{"embeddable":true,"href":"https:\/\/webmaibinh.com\/w\/denled2011\/wp-json\/wp\/v2\/comments?post=904"}],"version-history":[{"count":0,"href":"https:\/\/webmaibinh.com\/w\/denled2011\/wp-json\/wp\/v2\/pages\/904\/revisions"}],"up":[{"embeddable":true,"href":"https:\/\/webmaibinh.com\/w\/denled2011\/wp-json\/wp\/v2\/pages\/878"}],"wp:attachment":[{"href":"https:\/\/webmaibinh.com\/w\/denled2011\/wp-json\/wp\/v2\/media?parent=904"}],"curies":[{"name":"wp","href":"https:\/\/api.w.org\/{rel}","templated":true}]}}