{"id":902,"date":"2018-04-04T10:27:36","date_gmt":"2018-04-04T03:27:36","guid":{"rendered":"http:\/\/denled.muathemewordpress.net\/?page_id=902"},"modified":"2018-04-04T10:50:03","modified_gmt":"2018-04-04T03:50:03","slug":"he-thong-hoa-luoi-co-anh-huong-den-ket-cau-va-tham-my-cua-ngoi-nha","status":"publish","type":"page","link":"https:\/\/webmaibinh.com\/w\/denled2011\/hoi-dap\/he-thong-hoa-luoi-co-anh-huong-den-ket-cau-va-tham-my-cua-ngoi-nha\/","title":{"rendered":"H\u1ec7 th\u1ed1ng h\u00f2a l\u01b0\u1edbi c\u00f3 \u1ea3nh h\u01b0\u1edfng \u0111\u1ebfn k\u1ebft c\u1ea5u v\u00e0 th\u1ea9m m\u1ef9 c\u1ee7a ng\u00f4i nh\u00e0?"},"content":{"rendered":"<h3 class=\"ans-tit\"><span style=\"color: #ff6600;\">C\u00e2u h\u1ecfi<\/span><\/h3>\n<div class=\"body_detail\">H\u1ec7 th\u1ed1ng h\u00f2a l\u01b0\u1edbi c\u00f3 \u1ea3nh h\u01b0\u1edfng \u0111\u1ebfn k\u1ebft c\u1ea5u v\u00e0 th\u1ea9m m\u1ef9 c\u1ee7a ng\u00f4i nh\u00e0?<\/div>\n<h3 class=\"ans-tit\"><span style=\"color: #ff6600;\">Tr\u1ea3 l\u1eddi<\/span><\/h3>\n<div class=\"body_detail\">\n<div>\n<p>\u00c1p d\u1ee5ng quy tr\u00ecnh k\u1ef9 thu\u1eadt nghi\u00eam ng\u1eb7t, m\u1ecdi h\u1ec7 th\u1ed1ng do DAT cung c\u1ea5p (b\u1ea5t k\u1ec3 c\u00f4ng su\u1ea5t l\u1edbn nh\u1ecf) \u0111\u1ec1u \u0111\u01b0\u1ee3c c\u00e1c k\u1ef9 s\u01b0 kh\u1ea3o s\u00e1t m\u1eb7t b\u1eb1ng, k\u1ebft c\u1ea5u sau \u0111\u00f3 ti\u1ebfn h\u00e0nh thi\u1ebft k\u1ebf, t\u00ednh to\u00e1n chi ti\u1ebft. B\u1ea3n thi\u1ebft k\u1ebf n\u00e0y s\u1ebd \u0111\u01b0\u1ee3c tr\u00ecnh v\u00e0 th\u1ea3o lu\u1eadn v\u1edbi kh\u00e1ch h\u00e0ng tr\u01b0\u1edbc khi ti\u1ebfn h\u00e0nh thi c\u00f4ng.<\/p>\n<p>B\u00ean c\u1ea1nh c\u00e1c y\u1ebfu t\u1ed1 k\u1ef9 thu\u1eadt, DAT c\u00f2n t\u1eadp trung v\u00e0o t\u00ednh th\u1ea9m m\u1ef9 c\u1ee7a h\u1ec7 th\u1ed1ng \u0111\u1ebfn t\u1eebng chi ti\u1ebft nh\u1ecf (nh\u01b0 khung gi\u00e0n, d\u00e2y c\u1ea5p) \u0111\u1ec3 \u0111\u1ea3m b\u1ea3o h\u1ec7 th\u1ed1ng \u0111\u1ed3ng b\u1ed9 v\u1edbi ki\u1ebfn tr\u00fac c\u0103n nh\u00e0 v\u00e0 tr\u1edf th\u00e0nh m\u1ed9t ni\u1ec1m t\u1ef1 h\u00e0o c\u1ee7a gia ch\u1ee7.<\/p>\n<\/div>\n<h3><span style=\"color: #ff6600;\">C\u00e1c c\u00e2u h\u1ecfi kh\u00e1c:<\/span><\/h3>\n<\/div>\n\n  \n    <div class=\"row large-columns-1 medium-columns- small-columns-\">\n          <div class=\"page-col col\" >\n          <div class=\"col-inner\" >\n          <a class=\"plain\" href=\"https:\/\/webmaibinh.com\/w\/denled2011\/hoi-dap\/he-thong-hoa-luoi-van-hanh-ra-sao\/\" title=\"H\u1ec7 th\u1ed1ng h\u00f2a l\u01b0\u1edbi v\u1eadn h\u00e0nh ra sao?\" target=\"\">\n            <div class=\"page-box box has-hover\">\n                  <div class=\"box-image\" >\n                      <div class=\"box-image\" >\n                                            <\/div>\n                                                              <\/div>\n                  <div class=\"box-text text-left\" >\n                        <div class=\"box-text-inner\">\n                            <p>H\u1ec7 th\u1ed1ng h\u00f2a l\u01b0\u1edbi v\u1eadn h\u00e0nh ra sao?<\/p>\n                        <\/div>\n                  <\/div>\n              <\/div>\n            <\/a>\n            <\/div>\n          <\/div>\n                 <div class=\"page-col col\" >\n          <div class=\"col-inner\" >\n          <a class=\"plain\" href=\"https:\/\/webmaibinh.com\/w\/denled2011\/hoi-dap\/khi-dien-luoi-cup-he-thong-co-hoat-dong-duoc-khong-trong-nhung-ngay-may-mu-mua-lieu-co-du-dien-de-su-dung-sinh-hoat\/\" title=\"Khi \u0111i\u1ec7n l\u01b0\u1edbi c\u00fap, h\u1ec7 th\u1ed1ng c\u00f3 ho\u1ea1t \u0111\u1ed9ng \u0111\u01b0\u1ee3c kh\u00f4ng? Trong nh\u1eefng ng\u00e0y m\u00e2y m\u00f9, m\u01b0a, li\u1ec7u c\u00f3 \u0111\u1ee7 \u0111i\u1ec7n \u0111\u1ec3 s\u1eed d\u1ee5ng sinh ho\u1ea1t?\" target=\"\">\n            <div class=\"page-box box has-hover\">\n                  <div class=\"box-image\" >\n                      <div class=\"box-image\" >\n                                            <\/div>\n                                                              <\/div>\n                  <div class=\"box-text text-left\" >\n                        <div class=\"box-text-inner\">\n                            <p>Khi \u0111i\u1ec7n l\u01b0\u1edbi c\u00fap, h\u1ec7 th\u1ed1ng c\u00f3 ho\u1ea1t \u0111\u1ed9ng \u0111\u01b0\u1ee3c kh\u00f4ng? Trong nh\u1eefng ng\u00e0y m\u00e2y m\u00f9, m\u01b0a, li\u1ec7u c\u00f3 \u0111\u1ee7 \u0111i\u1ec7n \u0111\u1ec3 s\u1eed d\u1ee5ng sinh ho\u1ea1t?<\/p>\n                        <\/div>\n                  <\/div>\n              <\/div>\n            <\/a>\n            <\/div>\n          <\/div>\n                 <div class=\"page-col col\" >\n          <div class=\"col-inner\" >\n          <a class=\"plain\" href=\"https:\/\/webmaibinh.com\/w\/denled2011\/hoi-dap\/he-thong-dien-mat-troi-hoa-luoi-cho-ho-gia-dinh-co-hieu-qua-ve-dau-tu-chi-phi-bao-tri-cao-khong\/\" title=\"H\u1ec7 th\u1ed1ng \u0111i\u1ec7n m\u1eb7t tr\u1eddi h\u00f2a l\u01b0\u1edbi cho h\u1ed9 gia \u0111\u00ecnh c\u00f3 hi\u1ec7u qu\u1ea3 v\u1ec1 \u0111\u1ea7u t\u01b0? Chi ph\u00ed b\u1ea3o tr\u00ec cao kh\u00f4ng?\" target=\"\">\n            <div class=\"page-box box has-hover\">\n                  <div class=\"box-image\" >\n                      <div class=\"box-image\" >\n                                            <\/div>\n                                                              <\/div>\n                  <div class=\"box-text text-left\" >\n                        <div class=\"box-text-inner\">\n                            <p>H\u1ec7 th\u1ed1ng \u0111i\u1ec7n m\u1eb7t tr\u1eddi h\u00f2a l\u01b0\u1edbi cho h\u1ed9 gia \u0111\u00ecnh c\u00f3 hi\u1ec7u qu\u1ea3 v\u1ec1 \u0111\u1ea7u t\u01b0? Chi ph\u00ed b\u1ea3o tr\u00ec cao kh\u00f4ng?<\/p>\n                        <\/div>\n                  <\/div>\n              <\/div>\n            <\/a>\n            <\/div>\n          <\/div>\n                 <div class=\"page-col col\" >\n          <div class=\"col-inner\" >\n          <a class=\"plain\" href=\"https:\/\/webmaibinh.com\/w\/denled2011\/hoi-dap\/he-thong-hoa-luoi-co-anh-huong-den-ket-cau-va-tham-my-cua-ngoi-nha\/\" title=\"H\u1ec7 th\u1ed1ng h\u00f2a l\u01b0\u1edbi c\u00f3 \u1ea3nh h\u01b0\u1edfng \u0111\u1ebfn k\u1ebft c\u1ea5u v\u00e0 th\u1ea9m m\u1ef9 c\u1ee7a ng\u00f4i nh\u00e0?\" target=\"\">\n            <div class=\"page-box box has-hover\">\n                  <div class=\"box-image\" >\n                      <div class=\"box-image\" >\n                                            <\/div>\n                                                              <\/div>\n                  <div class=\"box-text text-left\" >\n                        <div class=\"box-text-inner\">\n                            <p>H\u1ec7 th\u1ed1ng h\u00f2a l\u01b0\u1edbi c\u00f3 \u1ea3nh h\u01b0\u1edfng \u0111\u1ebfn k\u1ebft c\u1ea5u v\u00e0 th\u1ea9m m\u1ef9 c\u1ee7a ng\u00f4i nh\u00e0?<\/p>\n                        <\/div>\n                  <\/div>\n              <\/div>\n            <\/a>\n            <\/div>\n          <\/div>\n                 <div class=\"page-col col\" >\n          <div class=\"col-inner\" >\n          <a class=\"plain\" href=\"https:\/\/webmaibinh.com\/w\/denled2011\/hoi-dap\/he-thong-hoa-luoi-doanh-nghiep-co-hieu-qua-ve-dau-tu\/\" title=\"H\u1ec7 th\u1ed1ng h\u00f2a l\u01b0\u1edbi doanh nghi\u1ec7p c\u00f3 hi\u1ec7u qu\u1ea3 v\u1ec1 \u0111\u1ea7u t\u01b0?\" target=\"\">\n            <div class=\"page-box box has-hover\">\n                  <div class=\"box-image\" >\n                      <div class=\"box-image\" >\n                                            <\/div>\n                                                              <\/div>\n                  <div class=\"box-text text-left\" >\n                        <div class=\"box-text-inner\">\n                            <p>H\u1ec7 th\u1ed1ng h\u00f2a l\u01b0\u1edbi doanh nghi\u1ec7p c\u00f3 hi\u1ec7u qu\u1ea3 v\u1ec1 \u0111\u1ea7u t\u01b0?<\/p>\n                        <\/div>\n                  <\/div>\n              <\/div>\n            <\/a>\n            <\/div>\n          <\/div>\n                 <div class=\"page-col col\" >\n          <div class=\"col-inner\" >\n          <a class=\"plain\" href=\"https:\/\/webmaibinh.com\/w\/denled2011\/hoi-dap\/can-phai-bao-tri-van-hanh-he-thong-nhu-the-nao\/\" title=\"C\u1ea7n ph\u1ea3i b\u1ea3o tr\u00ec, v\u1eadn h\u00e0nh h\u1ec7 th\u1ed1ng nh\u01b0 th\u1ebf n\u00e0o?\" target=\"\">\n            <div class=\"page-box box has-hover\">\n                  <div class=\"box-image\" >\n                      <div class=\"box-image\" >\n                                            <\/div>\n                                                              <\/div>\n                  <div class=\"box-text text-left\" >\n                        <div class=\"box-text-inner\">\n                            <p>C\u1ea7n ph\u1ea3i b\u1ea3o tr\u00ec, v\u1eadn h\u00e0nh h\u1ec7 th\u1ed1ng nh\u01b0 th\u1ebf n\u00e0o?<\/p>\n                        <\/div>\n                  <\/div>\n              <\/div>\n            <\/a>\n            <\/div>\n          <\/div>\n                 <div class=\"page-col col\" >\n          <div class=\"col-inner\" >\n          <a class=\"plain\" href=\"https:\/\/webmaibinh.com\/w\/denled2011\/hoi-dap\/he-thong-co-can-tru-ac-quy-co-the-su-dung-vao-buoi-toi\/\" title=\"H\u1ec7 th\u1ed1ng c\u00f3 c\u1ea7n tr\u1eef \u1eafc quy, c\u00f3 th\u1ec3 s\u1eed d\u1ee5ng v\u00e0o bu\u1ed5i t\u1ed1i.\" target=\"\">\n            <div class=\"page-box box has-hover\">\n                  <div class=\"box-image\" >\n                      <div class=\"box-image\" >\n                                            <\/div>\n                                                              <\/div>\n                  <div class=\"box-text text-left\" >\n                        <div class=\"box-text-inner\">\n                            <p>H\u1ec7 th\u1ed1ng c\u00f3 c\u1ea7n tr\u1eef \u1eafc quy, c\u00f3 th\u1ec3 s\u1eed d\u1ee5ng v\u00e0o bu\u1ed5i t\u1ed1i.<\/p>\n                        <\/div>\n                  <\/div>\n              <\/div>\n            <\/a>\n            <\/div>\n          <\/div>\n                 <div class=\"page-col col\" >\n          <div class=\"col-inner\" >\n          <a class=\"plain\" href=\"https:\/\/webmaibinh.com\/w\/denled2011\/hoi-dap\/lam-sao-chung-toi-biet-da-tiet-kiem-duoc-bao-nhieu-dien-khi-su-dung-he-thong-nlmt\/\" title=\"L\u00e0m sao ch\u00fang t\u00f4i bi\u1ebft \u0111\u00e3 ti\u1ebft ki\u1ec7m \u0111\u01b0\u1ee3c bao nhi\u00eau \u0111i\u1ec7n khi s\u1eed d\u1ee5ng h\u1ec7 th\u1ed1ng NLMT ?\" target=\"\">\n            <div class=\"page-box box has-hover\">\n                  <div class=\"box-image\" >\n                      <div class=\"box-image\" >\n                                            <\/div>\n                                                              <\/div>\n                  <div class=\"box-text text-left\" >\n                        <div class=\"box-text-inner\">\n                            <p>L\u00e0m sao ch\u00fang t\u00f4i bi\u1ebft \u0111\u00e3 ti\u1ebft ki\u1ec7m \u0111\u01b0\u1ee3c bao nhi\u00eau \u0111i\u1ec7n khi s\u1eed d\u1ee5ng h\u1ec7 th\u1ed1ng NLMT ?<\/p>\n                        <\/div>\n                  <\/div>\n              <\/div>\n            <\/a>\n            <\/div>\n          <\/div>\n         <\/div>\n","protected":false},"excerpt":{"rendered":"<p>C\u00e2u h\u1ecfi H\u1ec7 th\u1ed1ng h\u00f2a l\u01b0\u1edbi c\u00f3 \u1ea3nh h\u01b0\u1edfng \u0111\u1ebfn k\u1ebft c\u1ea5u v\u00e0 th\u1ea9m m\u1ef9 c\u1ee7a ng\u00f4i nh\u00e0? Tr\u1ea3 l\u1eddi \u00c1p d\u1ee5ng quy tr\u00ecnh k\u1ef9 thu\u1eadt nghi\u00eam ng\u1eb7t, m\u1ecdi h\u1ec7 th\u1ed1ng do DAT cung c\u1ea5p (b\u1ea5t k\u1ec3 c\u00f4ng su\u1ea5t l\u1edbn nh\u1ecf) \u0111\u1ec1u \u0111\u01b0\u1ee3c c\u00e1c k\u1ef9 s\u01b0 kh\u1ea3o s\u00e1t m\u1eb7t b\u1eb1ng, k\u1ebft c\u1ea5u sau \u0111\u00f3 ti\u1ebfn [&#8230;]\n","protected":false},"author":1,"featured_media":0,"parent":878,"menu_order":0,"comment_status":"closed","ping_status":"closed","template":"page-right-sidebar.php","meta":[],"_links":{"self":[{"href":"https:\/\/webmaibinh.com\/w\/denled2011\/wp-json\/wp\/v2\/pages\/902"}],"collection":[{"href":"https:\/\/webmaibinh.com\/w\/denled2011\/wp-json\/wp\/v2\/pages"}],"about":[{"href":"https:\/\/webmaibinh.com\/w\/denled2011\/wp-json\/wp\/v2\/types\/page"}],"author":[{"embeddable":true,"href":"https:\/\/webmaibinh.com\/w\/denled2011\/wp-json\/wp\/v2\/users\/1"}],"replies":[{"embeddable":true,"href":"https:\/\/webmaibinh.com\/w\/denled2011\/wp-json\/wp\/v2\/comments?post=902"}],"version-history":[{"count":0,"href":"https:\/\/webmaibinh.com\/w\/denled2011\/wp-json\/wp\/v2\/pages\/902\/revisions"}],"up":[{"embeddable":true,"href":"https:\/\/webmaibinh.com\/w\/denled2011\/wp-json\/wp\/v2\/pages\/878"}],"wp:attachment":[{"href":"https:\/\/webmaibinh.com\/w\/denled2011\/wp-json\/wp\/v2\/media?parent=902"}],"curies":[{"name":"wp","href":"https:\/\/api.w.org\/{rel}","templated":true}]}}