{"id":259,"date":"2018-03-31T12:14:53","date_gmt":"2018-03-31T05:14:53","guid":{"rendered":"http:\/\/denled.muathemewordpress.net\/?page_id=259"},"modified":"2018-04-04T22:05:54","modified_gmt":"2018-04-04T15:05:54","slug":"gioi-thieu","status":"publish","type":"page","link":"https:\/\/webmaibinh.com\/w\/denled2011\/gioi-thieu\/","title":{"rendered":"Gi\u1edbi thi\u1ec7u"},"content":{"rendered":"\t<section class=\"section gioi-thieu\" id=\"section_1514625129\">\n\t\t<div class=\"bg section-bg fill bg-fill  bg-loaded\" >\n\n\t\t\t\n\t\t\t\n\t\t\t\n\n\t\t<\/div>\n\n\t\t<div class=\"section-content relative\">\n\t\t\t\n<div class=\"row\"  id=\"row-1009025499\">\n\n\t<div id=\"col-55809056\" class=\"col medium-3 small-12 large-3\"  >\n\t\t<div class=\"col-inner\"  >\n\t\t\t\n\t\t\t\n<div class=\"line\"><\/div>\n<h4><span style=\"color: #0099ff;\">FICOSAN t is a long established fact that a reader will be distracted by the readable content of a page when looking at its layout<\/span><\/h4>\n\t\t<\/div>\n\t\t\t<\/div>\n\n\t\n\n\t<div id=\"col-215809748\" class=\"col medium-6 small-12 large-6\"  >\n\t\t<div class=\"col-inner\"  >\n\t\t\t\n\t\t\t\n\t<div class=\"img has-hover x md-x lg-x y md-y lg-y\" id=\"image_263948129\">\n\t\t\t\t\t\t\t\t<div class=\"img-inner dark\" >\n\t\t\t<img width=\"637\" height=\"407\" src=\"https:\/\/webmaibinh.com\/w\/denled2011\/wp-content\/uploads\/2018\/03\/gioithieu.jpg\" class=\"attachment-original size-original\" alt=\"\" loading=\"lazy\" srcset=\"https:\/\/webmaibinh.com\/w\/denled2011\/wp-content\/uploads\/2018\/03\/gioithieu.jpg 637w, https:\/\/webmaibinh.com\/w\/denled2011\/wp-content\/uploads\/2018\/03\/gioithieu-510x326.jpg 510w, https:\/\/webmaibinh.com\/w\/denled2011\/wp-content\/uploads\/2018\/03\/gioithieu-300x192.jpg 300w\" sizes=\"(max-width: 637px) 100vw, 637px\" \/>\t\t\t\t\t\t\n\t\t\t\t\t<\/div>\n\t\t\t\t\t\t\t\t\n<style>\n#image_263948129 {\n  width: 100%;\n}\n<\/style>\n\t<\/div>\n\t\n<p>Xin ch\u00e0o b\u1ea1n \u2013 \u0111\u1ed9c gi\u1ea3 c\u1ee7a <a href=\"https:\/\/demo.vn\/\">Demo.vn<\/a>,<\/p>\n<p>L\u1eddi \u0111\u1ea7u ti\u00ean, cho ph\u00e9p Demo.vn \u0111\u01b0\u1ee3c g\u1eedi t\u1edbi qu\u00fd kh\u00e1ch, qu\u00fd th\u00e2n nh\u00e2n v\u00e0 b\u1ea1n b\u00e8 l\u1eddi ch\u00fac s\u1ee9c kh\u1ecfe, th\u00e0nh \u0111\u1ea1t v\u00e0 h\u1ea1nh ph\u00fac.<\/p>\n<p><a href=\"http:\/\/giuseart.com\/\">Demo.vn<\/a> \u0111\u01b0\u1ee3c th\u00e0nh l\u1eadp th\u00e1ng 11\/2016 d\u01b0\u1edbi d\u1ea1ng Blog c\u00e1 nh\u00e2n, v\u1edbi m\u1ee5c \u0111\u00edch ban \u0111\u1ea7u l\u00e0 n\u01a1i\u00a0l\u01b0u tr\u1eef nh\u1eefng <strong>b\u00e0i vi\u1ebft ki\u1ebfn th\u1ee9c<\/strong> ho\u1eb7c nh\u1eefng<strong> s\u1ea3n ph\u1ea9m s\u00e1ng t\u1ea1o<\/strong> trong qu\u00e1 tr\u00ecnh h\u1ecdc t\u1eadp,\u00a0l\u00e0m vi\u1ec7c.<\/p>\n<p>Sau m\u1ed9t th\u1eddi gian ho\u1ea1t \u0111\u1ed9ng, website \u0111\u00e3 c\u00f3 nh\u1eefng b\u01b0\u1edbc ti\u1ebfn \u0111\u00e1ng k\u1ec3 c\u1ea3 v\u1ec1 ch\u1ea5t l\u01b0\u1ee3ng v\u00e0 h\u00ecnh th\u1ee9c. S\u1ed1 l\u01b0\u1ee3ng kh\u00e1ch truy c\u1eadp website\u00a0tr\u1edf th\u00e0nh kh\u00e1ch h\u00e0ng s\u1eed d\u1ee5ng d\u1ecbch v\u1ee5 thi\u1ebft k\u1ebf t\u0103ng l\u00ean \u0111\u00e1ng k\u1ec3. T\u1eeb vi\u1ec7c ch\u0103m ch\u00fat n\u1ed9i dung cho website theo s\u1edf th\u00edch, Demo.vn\u00a0\u0111\u00e3 d\u1ea7n chinh ph\u1ee5c kh\u00e1ch h\u00e0ng v\u1edbi nh\u1eefng d\u1ecbch v\u1ee5 thi\u1ebft k\u1ebf s\u00e1ng t\u1ea1o uy t\u00edn v\u00e0 ch\u1ea5t l\u01b0\u1ee3ng.<\/p>\n<p>T\u1ef1 tin v\u1edbi kh\u1ea3 n\u0103ng \u0111\u00e1p \u1ee9ng m\u1ecdi y\u00eau c\u1ea7u thi\u1ebft k\u1ebf c\u1ee7a kh\u00e1ch h\u00e0ng, Demo.vn ch\u00ednh th\u1ee9c \u0111em l\u1ea1i d\u1ecbch v\u1ee5 <strong>Thi\u1ebft k\u1ebf \u0111\u1ed3 h\u1ecda<\/strong>\u00a0v\u00e0 <strong>Thi\u1ebft k\u1ebf Website chuy\u00ean nghi\u1ec7p\u00a0<\/strong>t\u1eeb \u0111\u1ea7u n\u0103m 2017.<strong>\u00a0<\/strong>S\u1ef1 \u1ee7ng h\u1ed9 v\u00e0 tin t\u01b0\u1edfng c\u1ee7a kh\u00e1ch h\u00e0ng s\u1ebd\u00a0tr\u1edf th\u00e0nh ngu\u1ed3n c\u1ea3m h\u1ee9ng\u00a0l\u1edbn lao cho Demo.vn\u00a0trong qu\u00e1 tr\u00ecnh\u00a0ph\u00e1c h\u1ecda nh\u1eefng \u00fd t\u01b0\u1edfng thi\u1ebft k\u1ebf \u0111\u01b0\u1ee3c tr\u1edf th\u00e0nh hi\u1ec7n th\u1ef1c.<\/p>\n<p>Xin c\u00e1m \u01a1n s\u1ef1 tin t\u01b0\u1edfng v\u00e0 \u1ee7ng h\u1ed9 c\u1ee7a qu\u00fd kh\u00e1ch trong th\u1eddi gian qua.<\/p>\n<p>Tr\u00e2n tr\u1ecdng.\/.<\/p>\n<p>Admin<\/p>\n<div class=\"line2\"><\/div>\n<h4><span style=\"color: #0099ff; font-size: 100%;\">CHIA S\u1eba NHU C\u1ea6U C\u1ee6A B\u1ea0N<\/span><\/h4>\n<p>H\u00e3y li\u00ean h\u1ec7 v\u1edbi ch\u00fang t\u00f4i, m\u1ecdi mong mu\u1ed1n c\u1ee7a b\u1ea1n \u0111\u1ec1u \u0111\u01b0\u1ee3c l\u1eafng nghe.<\/p>\n<div class=\"row\"  id=\"row-528160878\">\n\n\t<div id=\"col-192241447\" class=\"col medium-5 small-12 large-5\"  >\n\t\t<div class=\"col-inner\"  >\n\t\t\t\n\t\t\t\n<a rel=\"noopener noreferrer\" href=\"#\" target=\"_blank\" class=\"button primary is-large expand\"  style=\"border-radius:4px;\">\n    <span>0972.939.830<\/span>\n  <\/a>\n\n\t\t<\/div>\n\t\t\t<\/div>\n\n\t\n\n\t<div id=\"col-1564253076\" class=\"col medium-5 small-12 large-5\"  >\n\t\t<div class=\"col-inner\"  >\n\t\t\t\n\t\t\t\n<a rel=\"noopener noreferrer\" href=\"\/lien-he\" target=\"_blank\" class=\"button success is-large lowercase expand\"  style=\"border-radius:4px;\">\n    <span>Y\u00eau c\u1ea7u t\u01b0 v\u1ea5n<\/span>\n  <\/a>\n\n\t\t<\/div>\n\t\t\t<\/div>\n\n\t\n<\/div>\n\t\t<\/div>\n\t\t\t<\/div>\n\n\t\n\n\t<div id=\"col-394346728\" class=\"col cot3 medium-3 small-12 large-3\"  >\n\t\t<div class=\"col-inner\" style=\"background-color:rgb(242, 242, 242);\" >\n\t\t\t\n\t\t\t\n<h3><strong>GI\u1edaI THI\u1ec6U<\/strong><\/h3>\n<p><a href=\"\/gioi-thieu-ficosan\/\">Gi\u1edbi thi\u1ec7u Ficosan<\/a><br \/> <a href=\"\/tam-nhin\/\">T\u1ea7m nh\u00ecn<\/a><br \/> <a href=\"\/chien-luoc-phat-trien\/\">Chi\u1ebfn l\u01b0\u1ee3c<\/a><br \/> <a href=\"\/chang-duong-phat-trien\/\">Ch\u1eb7ng \u0111\u01b0\u1eddng ph\u00e1t tri\u1ec3n<\/a><br \/> <a href=\"\/tai-sao-chon-ficosan\/\">T\u1ea1i sao ch\u1ecdn Ficosan<\/a><\/p>\n<a href=\"#\" target=\"_self\" class=\"button primary is-larger lowercase expand\"  >\n  <i class=\"icon-star-o\" ><\/i>  <span>D\u1ef1 to\u00e1n h\u1ec7 th\u1ed1ng<\/span>\n  <\/a>\n\n<a href=\"#\" target=\"_self\" class=\"button success is-larger lowercase expand\"  >\n  <i class=\"icon-user\" ><\/i>  <span>T\u01b0 v\u1ea5n &amp; b\u00e1o gi\u00e1<\/span>\n  <\/a>\n\n<h3><strong>H\u1ed6 TR\u1ee2 ONLINE<\/strong><\/h3>\n\n\t\t<div class=\"icon-box featured-box icon-box-left text-left\"  >\n\t\t\t\t\t<div class=\"icon-box-img\" style=\"width: 70px\">\n\t\t\t\t<div class=\"icon\">\n\t\t\t\t\t<div class=\"icon-inner\" >\n\t\t\t\t\t\t<img width=\"70\" height=\"70\" src=\"https:\/\/webmaibinh.com\/w\/denled2011\/wp-content\/uploads\/2018\/03\/support-1.png\" class=\"attachment-medium size-medium\" alt=\"\" loading=\"lazy\" \/>\t\t\t\t\t<\/div>\n\t\t\t\t<\/div>\n\t\t\t<\/div>\n\t\t\t\t<div class=\"icon-box-text last-reset\">\n\t\t\t\t\t\t\t\t\t\n<p><span style=\"font-size: 95%;\"><strong>Ph\u00f2ng kinh doanh<\/strong><\/span><br \/> <span style=\"font-size: 95%;\">02437170593<\/span><br \/> <span style=\"font-size: 95%;\">kd@ficosan.com<\/span><\/p>\n\t\t<\/div>\n\t<\/div>\n\t\n\t\n\t<div id=\"gap-370931523\" class=\"gap-element clearfix\" style=\"display:block; height:auto;\">\n\t\t\n<style>\n#gap-370931523 {\n  padding-top: 20px;\n}\n<\/style>\n\t<\/div>\n\t\n\n\t\t<div class=\"icon-box featured-box icon-box-left text-left\"  >\n\t\t\t\t\t<div class=\"icon-box-img\" style=\"width: 70px\">\n\t\t\t\t<div class=\"icon\">\n\t\t\t\t\t<div class=\"icon-inner\" >\n\t\t\t\t\t\t<img width=\"70\" height=\"70\" src=\"https:\/\/webmaibinh.com\/w\/denled2011\/wp-content\/uploads\/2018\/03\/support2.png\" class=\"attachment-medium size-medium\" alt=\"\" loading=\"lazy\" \/>\t\t\t\t\t<\/div>\n\t\t\t\t<\/div>\n\t\t\t<\/div>\n\t\t\t\t<div class=\"icon-box-text last-reset\">\n\t\t\t\t\t\t\t\t\t\n<p><span style=\"font-size: 95%;\"><strong>Ph\u00f2ng k\u1ef9 thu\u1eadt<\/strong><\/span><br \/> <span style=\"font-size: 95%;\">0934578238<\/span><br \/> <span style=\"font-size: 95%;\">kythuat@ficosan.com<\/span><\/p>\n\t\t<\/div>\n\t<\/div>\n\t\n\t\n\t<div id=\"gap-1165154043\" class=\"gap-element clearfix\" style=\"display:block; height:auto;\">\n\t\t\n<style>\n#gap-1165154043 {\n  padding-top: 31px;\n}\n<\/style>\n\t<\/div>\n\t\n<h3><strong>S\u1ea2N PH\u1ea8M &#8211; GI\u1ea2I PH\u00c1P<\/strong><\/h3>\n<ul class=\"sidebar-wrapper ul-reset\"><li id=\"nav_menu-2\" class=\"widget widget_nav_menu\"><div class=\"menu-giai-phap-container\"><ul id=\"menu-giai-phap\" class=\"menu\"><li id=\"menu-item-121\" class=\"menu-item menu-item-type-custom menu-item-object-custom menu-item-121\"><a href=\"#\">Ti\u1ebft ki\u1ec7m n\u0103ng l\u01b0\u1ee3ng th\u00f4ng minh<\/a><\/li>\n<li id=\"menu-item-122\" class=\"menu-item menu-item-type-custom menu-item-object-custom menu-item-122\"><a href=\"#\">Gi\u1ea3i ph\u00e1p h\u1ed9 gia \u0111\u00ecnh<\/a><\/li>\n<li id=\"menu-item-123\" class=\"menu-item menu-item-type-custom menu-item-object-custom menu-item-123\"><a href=\"#\">Gi\u1ea3i ph\u00e1p v\u0103n ph\u00f2ng c\u00f4ng ty<\/a><\/li>\n<li id=\"menu-item-124\" class=\"menu-item menu-item-type-custom menu-item-object-custom menu-item-124\"><a href=\"#\">Gi\u1ea3i ph\u00e1p c\u00f4ng x\u01b0\u1edfng, nh\u00e0 m\u00e1y<\/a><\/li>\n<li id=\"menu-item-125\" class=\"menu-item menu-item-type-custom menu-item-object-custom menu-item-125\"><a href=\"#\">Pin n\u0103ng l\u01b0\u1ee3ng m\u1eb7t tr\u1eddi<\/a><\/li>\n<li id=\"menu-item-126\" class=\"menu-item menu-item-type-custom menu-item-object-custom menu-item-126\"><a href=\"#\">Gi\u1ea3i ph\u00e1p t\u00e1i ch\u1ebf c\u01a1 c\u1ea5u<\/a><\/li>\n<li id=\"menu-item-127\" class=\"menu-item menu-item-type-custom menu-item-object-custom menu-item-127\"><a href=\"#\">Gi\u1ea3i ph\u00e1p x\u1eed l\u00ed ch\u1ea5t th\u1ea3i<\/a><\/li>\n<li id=\"menu-item-128\" class=\"menu-item menu-item-type-custom menu-item-object-custom menu-item-128\"><a href=\"#\">Gi\u1ea3i ph\u00e1p ti\u1ebft ki\u1ec7m n\u0103ng l\u01b0\u1ee3ng m\u1edbi<\/a><\/li>\n<li id=\"menu-item-129\" class=\"menu-item menu-item-type-custom menu-item-object-custom menu-item-129\"><a href=\"#\">Gi\u1ea3i ph\u00e1p quy ho\u1ea1ch m\u1eb7t b\u1eb1ng<\/a><\/li>\n<\/ul><\/div><\/li><\/ul>\n\t\t<\/div>\n\t\t\n<style>\n#col-394346728 > .col-inner {\n  padding: 10px 15px 10px 15px;\n}\n<\/style>\n\t<\/div>\n\n\t\n<\/div>\n\t\t<\/div>\n\n\t\t\n<style>\n#section_1514625129 {\n  padding-top: 30px;\n  padding-bottom: 30px;\n}\n<\/style>\n\t<\/section>\n\t\n","protected":false},"excerpt":{"rendered":"","protected":false},"author":1,"featured_media":0,"parent":0,"menu_order":0,"comment_status":"closed","ping_status":"closed","template":"page-blank.php","meta":[],"_links":{"self":[{"href":"https:\/\/webmaibinh.com\/w\/denled2011\/wp-json\/wp\/v2\/pages\/259"}],"collection":[{"href":"https:\/\/webmaibinh.com\/w\/denled2011\/wp-json\/wp\/v2\/pages"}],"about":[{"href":"https:\/\/webmaibinh.com\/w\/denled2011\/wp-json\/wp\/v2\/types\/page"}],"author":[{"embeddable":true,"href":"https:\/\/webmaibinh.com\/w\/denled2011\/wp-json\/wp\/v2\/users\/1"}],"replies":[{"embeddable":true,"href":"https:\/\/webmaibinh.com\/w\/denled2011\/wp-json\/wp\/v2\/comments?post=259"}],"version-history":[{"count":0,"href":"https:\/\/webmaibinh.com\/w\/denled2011\/wp-json\/wp\/v2\/pages\/259\/revisions"}],"wp:attachment":[{"href":"https:\/\/webmaibinh.com\/w\/denled2011\/wp-json\/wp\/v2\/media?parent=259"}],"curies":[{"name":"wp","href":"https:\/\/api.w.org\/{rel}","templated":true}]}}