{"id":1206,"date":"2019-12-03T21:45:38","date_gmt":"2019-12-03T14:45:38","guid":{"rendered":"http:\/\/denled.muathemewordpress.net\/?page_id=1206"},"modified":"2019-12-03T21:52:57","modified_gmt":"2019-12-03T14:52:57","slug":"nha-thong-minh","status":"publish","type":"page","link":"https:\/\/webmaibinh.com\/w\/denled2011\/nha-thong-minh\/","title":{"rendered":"Nh\u00e0 th\u00f4ng minh"},"content":{"rendered":"\t<section class=\"section banner-anh\" id=\"section_839388904\">\n\t\t<div class=\"bg section-bg fill bg-fill  \" >\n\n\t\t\t\n\t\t\t\n\t\t\t\n\n\t\t<\/div>\n\n\t\t<div class=\"section-content relative\">\n\t\t\t\n<div class=\"row\" style=\"max-width:700px\" id=\"row-776829444\">\n\n\t<div id=\"col-1611602560\" class=\"col cot12 small-12 large-12\"  data-animate=\"flipInX\">\n\t\t<div class=\"col-inner\"  >\n\t\t\t\n\t\t\t\n<p class=\"sub-title\" style=\"text-align: center;\">T\u1ed1i \u01b0u h\u00f3a thi\u1ebft b\u1ecb \u0111i\u1ec7n cho ng\u00f4i nh\u00e0 b\u1ea1n<\/p>\n<h2 style=\"text-align: center;\"><strong><span style=\"font-size: 150%; color: #ffffff;\">Nh\u00e0 th\u00f4ng minh HKSmartSolar<\/span><\/strong><\/h2>\n<p class=\"des\" style=\"text-align: center;\">T\u1ea5t c\u1ea3 ch\u1ec9 v\u1edbi 1 ch\u1ea1m nh\u1eb9 v\u00e0o m\u00e0n h\u00ecnh \u0111i\u1ec7n tho\u1ea1i, b\u1ea1n s\u1ebd s\u1eb5n s\u00e0ng kh\u1edfi \u0111\u1ea7u ng\u00e0y m\u1edbi tr\u00e0n \u0111\u1ea7y n\u0103ng l\u01b0\u1ee3ng v\u00e0 \u0111\u1ea7y ti\u1ec7n nghi.<\/p>\n\t\t<\/div>\n\t\t\t<\/div>\n\n\t\n<\/div>\n\t\t<\/div>\n\n\t\t\n<style>\n#section_839388904 {\n  padding-top: 222px;\n  padding-bottom: 222px;\n}\n#section_839388904 .section-bg.bg-loaded {\n  background-image: url(https:\/\/webmaibinh.com\/w\/denled2011\/wp-content\/uploads\/2019\/12\/slider.jpg);\n}\n<\/style>\n\t<\/section>\n\t\n\t<section class=\"section dac-diem\" id=\"section_6130575\">\n\t\t<div class=\"bg section-bg fill bg-fill  \" >\n\n\t\t\t\n\t\t\t<div class=\"section-bg-overlay absolute fill\"><\/div>\n\t\t\t\n\n\t\t<\/div>\n\n\t\t<div class=\"section-content relative\">\n\t\t\t\n<div class=\"row row-small\"  id=\"row-170434336\">\n\n\t<div id=\"col-1655640652\" class=\"col medium-4 small-12 large-4\"  >\n\t\t<div class=\"col-inner\"  >\n\t\t\t\n\t\t\t\n\t<div class=\"img has-hover x md-x lg-x y md-y lg-y\" id=\"image_265333886\">\n\t\t\t\t\t\t\t\t<div class=\"img-inner dark\" >\n\t\t\t<img width=\"350\" height=\"168\" src=\"https:\/\/webmaibinh.com\/w\/denled2011\/wp-content\/uploads\/2019\/12\/img1-1.jpg\" class=\"attachment-original size-original\" alt=\"\" loading=\"lazy\" srcset=\"https:\/\/webmaibinh.com\/w\/denled2011\/wp-content\/uploads\/2019\/12\/img1-1.jpg 350w, https:\/\/webmaibinh.com\/w\/denled2011\/wp-content\/uploads\/2019\/12\/img1-1-300x144.jpg 300w\" sizes=\"(max-width: 350px) 100vw, 350px\" \/>\t\t\t\t\t\t\n\t\t\t\t\t<\/div>\n\t\t\t\t\t\t\t\t\n<style>\n#image_265333886 {\n  width: 100%;\n}\n<\/style>\n\t<\/div>\n\t\n\t\t<\/div>\n\t\t\t<\/div>\n\n\t\n\n\t<div id=\"col-615723007\" class=\"col medium-4 small-12 large-4\"  >\n\t\t<div class=\"col-inner\"  >\n\t\t\t\n\t\t\t\n\t<div class=\"img has-hover x md-x lg-x y md-y lg-y\" id=\"image_1208451599\">\n\t\t\t\t\t\t\t\t<div class=\"img-inner dark\" >\n\t\t\t<img width=\"350\" height=\"168\" src=\"https:\/\/webmaibinh.com\/w\/denled2011\/wp-content\/uploads\/2019\/12\/img2.jpg\" class=\"attachment-original size-original\" alt=\"\" loading=\"lazy\" srcset=\"https:\/\/webmaibinh.com\/w\/denled2011\/wp-content\/uploads\/2019\/12\/img2.jpg 350w, https:\/\/webmaibinh.com\/w\/denled2011\/wp-content\/uploads\/2019\/12\/img2-300x144.jpg 300w\" sizes=\"(max-width: 350px) 100vw, 350px\" \/>\t\t\t\t\t\t\n\t\t\t\t\t<\/div>\n\t\t\t\t\t\t\t\t\n<style>\n#image_1208451599 {\n  width: 100%;\n}\n<\/style>\n\t<\/div>\n\t\n\t\t<\/div>\n\t\t\t<\/div>\n\n\t\n\n\t<div id=\"col-765443688\" class=\"col medium-4 small-12 large-4\"  >\n\t\t<div class=\"col-inner\"  >\n\t\t\t\n\t\t\t\n\t<div class=\"img has-hover x md-x lg-x y md-y lg-y\" id=\"image_1602605354\">\n\t\t\t\t\t\t\t\t<div class=\"img-inner dark\" >\n\t\t\t<img width=\"350\" height=\"168\" src=\"https:\/\/webmaibinh.com\/w\/denled2011\/wp-content\/uploads\/2019\/12\/img3.jpg\" class=\"attachment-original size-original\" alt=\"\" loading=\"lazy\" srcset=\"https:\/\/webmaibinh.com\/w\/denled2011\/wp-content\/uploads\/2019\/12\/img3.jpg 350w, https:\/\/webmaibinh.com\/w\/denled2011\/wp-content\/uploads\/2019\/12\/img3-300x144.jpg 300w\" sizes=\"(max-width: 350px) 100vw, 350px\" \/>\t\t\t\t\t\t\n\t\t\t\t\t<\/div>\n\t\t\t\t\t\t\t\t\n<style>\n#image_1602605354 {\n  width: 100%;\n}\n<\/style>\n\t<\/div>\n\t\n\t\t<\/div>\n\t\t\t<\/div>\n\n\t\n<\/div>\n\t<div id=\"gap-1488784540\" class=\"gap-element clearfix\" style=\"display:block; height:auto;\">\n\t\t\n<style>\n#gap-1488784540 {\n  padding-top: 20px;\n}\n<\/style>\n\t<\/div>\n\t\n<div class=\"row row-collapse\"  id=\"row-1731373527\">\n\n\t<div id=\"col-1642346764\" class=\"col medium-5 small-12 large-5\"  >\n\t\t<div class=\"col-inner\"  >\n\t\t\t\n\t\t\t\n\t<div class=\"img has-hover x md-x lg-x y md-y lg-y\" id=\"image_1778319521\">\n\t\t\t\t\t\t\t\t<div class=\"img-inner dark\" >\n\t\t\t<img width=\"473\" height=\"248\" src=\"https:\/\/webmaibinh.com\/w\/denled2011\/wp-content\/uploads\/2019\/12\/img5.jpg\" class=\"attachment-original size-original\" alt=\"\" loading=\"lazy\" srcset=\"https:\/\/webmaibinh.com\/w\/denled2011\/wp-content\/uploads\/2019\/12\/img5.jpg 473w, https:\/\/webmaibinh.com\/w\/denled2011\/wp-content\/uploads\/2019\/12\/img5-300x157.jpg 300w\" sizes=\"(max-width: 473px) 100vw, 473px\" \/>\t\t\t\t\t\t\n\t\t\t\t\t<\/div>\n\t\t\t\t\t\t\t\t\n<style>\n#image_1778319521 {\n  width: 100%;\n}\n<\/style>\n\t<\/div>\n\t\n\t\t<\/div>\n\t\t\t<\/div>\n\n\t\n\n\t<div id=\"col-255545429\" class=\"col medium-7 small-12 large-7\"  >\n\t\t<div class=\"col-inner\"  >\n\t\t\t\n\t\t\t\n<h2><span style=\"color: #000000;\">C\u00d4NG NGH\u1ec6 H\u00c0NG \u0110\u1ea6U<\/span><\/h2>\n<p class=\"des\">Tr\u1ea3i qua h\u01a1n 100 n\u0103m x\u00e2y d\u1ef1ng v\u00e0 ph\u00e1t tri\u1ec3n,\u00a0<b>c\u00f4ng ngh\u1ec7 nh\u00e0 th\u00f4ng minh Leviton<\/b>\u00a0\u0111\u01b0\u1ee3c c\u00f4ng nh\u1eadn l\u00e0 m\u1ed9t trong nh\u1eefng h\u1ec7 th\u1ed1ng ti\u00ean ti\u1ebfn nh\u1ea5t \u0111\u1ec3 t\u1ea1o n\u00ean m\u1ed9t chu\u1ea9n m\u1ef1c m\u1edbi cho cu\u1ed9c s\u1ed1ng: ti\u1ec7n nghi, sang tr\u1ecdng v\u00e0 hi\u1ec7n \u0111\u1ea1i.<\/p>\n<a href=\"\/gioi-thieu\" target=\"_self\" class=\"button primary is-large lowercase reveal-icon nut-tim-hieu-them\"  style=\"border-radius:99px;\">\n    <span>T\u00ecm hi\u1ec3u th\u00eam<\/span>\n  <i class=\"icon-play\" ><\/i><\/a>\n\n\t\t<\/div>\n\t\t\n<style>\n#col-255545429 > .col-inner {\n  padding: 42px 20px 0px 19px;\n}\n<\/style>\n\t<\/div>\n\n\t\n<\/div>\n\t\t<\/div>\n\n\t\t\n<style>\n#section_6130575 {\n  padding-top: 20px;\n  padding-bottom: 20px;\n}\n#section_6130575 .section-bg-overlay {\n  background-color: rgba(255, 255, 255, 0.66);\n}\n#section_6130575 .section-bg.bg-loaded {\n  background-image: 461;\n}\n<\/style>\n\t<\/section>\n\t\n\t<section class=\"section\" id=\"section_417572665\">\n\t\t<div class=\"bg section-bg fill bg-fill  bg-loaded\" >\n\n\t\t\t\t<div class=\"video-overlay no-click fill hide-for-medium\"><\/div>\n\t<video class=\"video-bg fill hide-for-medium\" preload playsinline autoplay\n\t\tmuted\t\tloop>\n\t\t<source src=\"https:\/\/www.loxone.com\/dede\/wp-content\/uploads\/sites\/2\/2016\/08\/Sanfter-Lichtwecker-281116.mp4\" type=\"video\/mp4\">\t<\/video>\n\n\t\t\t\n\t\t\t\n\n\t\t<\/div>\n\n\t\t<div class=\"section-content relative\">\n\t\t\t\n<div class=\"row banner-anh\"  id=\"row-1008799881\">\n\n\t<div id=\"col-1211579986\" class=\"col cot12 medium-6 small-12 large-6\"  >\n\t\t<div class=\"col-inner\"  >\n\t\t\t\n\t\t\t\n<p class=\"sub-title\"><span style=\"font-size: 100%;\">H\u1ec7 th\u1ed1ng \u0111i\u1ec1u khi\u1ec3n<\/span><\/p>\n<h2 style=\"text-align: left;\"><span style=\"color: #ffffff;\"><strong><span style=\"font-size: 130%;\">R\u00e8m c\u1eeda t\u1ef1 \u0111\u1ed9ng<\/span><\/strong><\/span><\/h2>\n<p class=\"des\" style=\"text-align: left;\"><span style=\"font-size: 110%;\">Thay v\u00ec th\u1ee9c d\u1eady trong t\u00ecnh tr\u1ea1ng m\u1ec7t m\u1ecfi c\u00f9ng ti\u1ebfng chu\u00f4ng b\u00e1o th\u1ee9c &#8220;\u0111\u00e1ng gh\u00e9t&#8221;, gi\u1edd \u0111\u00e2y b\u1ea1n s\u1ebd \u0111\u01b0\u1ee3c \u0111\u00e1nh th\u1ee9c b\u1edfi nh\u1eefng tia n\u1eafng d\u1ecbu d\u00e0ng xuy\u00ean qua c\u1eeda s\u1ed5 v\u1edbi ch\u1ebf \u0111\u1ed9 t\u1ef1 \u0111\u1ed9ng m\u1edf ra theo l\u1ecbch tr\u00ecnh \u0111\u01b0\u1ee3c c\u00e0i s\u1eb5n c\u1ee7a h\u1ec7 th\u1ed1ng r\u00e8m c\u1eeda t\u1ef1 \u0111\u1ed9ng.<\/span><\/p>\n\t\t<\/div>\n\t\t\t<\/div>\n\n\t\n\n\t<div id=\"col-283297751\" class=\"col medium-6 small-12 large-6\"  >\n\t\t<div class=\"col-inner\"  >\n\t\t\t\n\t\t\t\n\t\t<\/div>\n\t\t\t<\/div>\n\n\t\n<\/div>\n\t\t<\/div>\n\n\t\t\n<style>\n#section_417572665 {\n  padding-top: 59px;\n  padding-bottom: 59px;\n  background-color: rgb(244, 247, 252);\n}\n<\/style>\n\t<\/section>\n\t\n\t<section class=\"section cach-thuc\" id=\"section_1202451323\">\n\t\t<div class=\"bg section-bg fill bg-fill  bg-loaded\" >\n\n\t\t\t\n\t\t\t\n\t\t\t\n\n\t\t<\/div>\n\n\t\t<div class=\"section-content relative\">\n\t\t\t\n<div class=\"row\"  id=\"row-1153977276\">\n\n\t<div id=\"col-584174701\" class=\"col small-12 large-12\"  >\n\t\t<div class=\"col-inner\"  >\n\t\t\t\n\t\t\t\n<h2 style=\"text-align: center;\"><span id=\"De_dang_nhanh_chong_voi_3_cach_thuc_dieu_khien_thong_minh\">D\u1ec5 d\u00e0ng, nhanh ch\u00f3ng<br \/>\n<strong>v\u1edbi 3 c\u00e1ch th\u1ee9c<\/strong>\u00a0\u0111i\u1ec1u khi\u1ec3n th\u00f4ng minh<\/span><\/h2>\n\t\t<\/div>\n\t\t\t<\/div>\n\n\t\n\n\t<div id=\"col-769794134\" class=\"col medium-4 small-12 large-4\"  >\n\t\t<div class=\"col-inner\"  >\n\t\t\t\n\t\t\t\n\n\t\t<div class=\"icon-box featured-box icon-box-center text-center\"  >\n\t\t\t\t\t<div class=\"icon-box-img\" style=\"width: 90px\">\n\t\t\t\t<div class=\"icon\">\n\t\t\t\t\t<div class=\"icon-inner\" >\n\t\t\t\t\t\t<img width=\"100\" height=\"103\" src=\"https:\/\/webmaibinh.com\/w\/denled2011\/wp-content\/uploads\/2019\/12\/buoc1.jpg\" class=\"attachment-medium size-medium\" alt=\"\" loading=\"lazy\" \/>\t\t\t\t\t<\/div>\n\t\t\t\t<\/div>\n\t\t\t<\/div>\n\t\t\t\t<div class=\"icon-box-text last-reset\">\n\t\t\t\t\t\t\t\t\t\n<h3 style=\"text-align: center;\">Ch\u1ea1m v\u00e0o c\u00f4ng t\u1eafc c\u1ea3m \u1ee9ng<\/h3>\n<p class=\"des\" style=\"text-align: center;\">T\u00edch h\u1ee3p c\u00f4ng ngh\u1ec7 c\u1ea3m \u1ee9ng \u0111i\u1ec7n dung SI\u00caU NH\u1ea0Y, ng\u01b0\u1eddi d\u00f9ng ch\u1ec9 c\u1ea7n ch\u1ea1m nh\u1eb9 v\u00e0o b\u1ec1 m\u1eb7t c\u00f4ng t\u1eafc, \u0111\u00e8n s\u1ebd s\u00e1ng l\u00ean ngay sau 3s th\u1eadt d\u1ec5 d\u00e0ng<\/p>\n\t\t<\/div>\n\t<\/div>\n\t\n\t\n\t\t<\/div>\n\t\t\t<\/div>\n\n\t\n\n\t<div id=\"col-1914056969\" class=\"col medium-4 small-12 large-4\"  >\n\t\t<div class=\"col-inner\"  >\n\t\t\t\n\t\t\t\n\n\t\t<div class=\"icon-box featured-box icon-box-center text-center\"  >\n\t\t\t\t\t<div class=\"icon-box-img\" style=\"width: 90px\">\n\t\t\t\t<div class=\"icon\">\n\t\t\t\t\t<div class=\"icon-inner\" >\n\t\t\t\t\t\t<img width=\"100\" height=\"103\" src=\"https:\/\/webmaibinh.com\/w\/denled2011\/wp-content\/uploads\/2019\/12\/buoc2.jpg\" class=\"attachment-medium size-medium\" alt=\"\" loading=\"lazy\" \/>\t\t\t\t\t<\/div>\n\t\t\t\t<\/div>\n\t\t\t<\/div>\n\t\t\t\t<div class=\"icon-box-text last-reset\">\n\t\t\t\t\t\t\t\t\t\n<h3 style=\"text-align: center;\">\u0110i\u1ec1u khi\u1ec3n qua \u1ee9ng d\u1ee5ng<\/h3>\n<p class=\"des\" style=\"text-align: center;\">Ng\u01b0\u1eddi d\u00f9ng ch\u1ec9 c\u1ea7n c\u00e0i \u1ee9ng d\u1ee5ng nh\u00e0 th\u00f4ng minh Lumi v\u00e0o Smartphone ho\u1eb7c Ipad l\u00e0 \u0111i\u1ec1u khi\u1ec3n c\u00e1c thi\u1ebft b\u1ecb \u0111i\u1ec7n T\u1eea XA b\u1ea5t c\u1ee9 l\u00fac n\u00e0o v\u00e0 \u1edf \u0111\u00e2u..<\/p>\n\t\t<\/div>\n\t<\/div>\n\t\n\t\n\t\t<\/div>\n\t\t\t<\/div>\n\n\t\n\n\t<div id=\"col-1814177733\" class=\"col medium-4 small-12 large-4\"  >\n\t\t<div class=\"col-inner\"  >\n\t\t\t\n\t\t\t\n\n\t\t<div class=\"icon-box featured-box icon-box-center text-center\"  >\n\t\t\t\t\t<div class=\"icon-box-img\" style=\"width: 90px\">\n\t\t\t\t<div class=\"icon\">\n\t\t\t\t\t<div class=\"icon-inner\" >\n\t\t\t\t\t\t<img width=\"100\" height=\"103\" src=\"https:\/\/webmaibinh.com\/w\/denled2011\/wp-content\/uploads\/2019\/12\/buoc3.jpg\" class=\"attachment-medium size-medium\" alt=\"\" loading=\"lazy\" \/>\t\t\t\t\t<\/div>\n\t\t\t\t<\/div>\n\t\t\t<\/div>\n\t\t\t\t<div class=\"icon-box-text last-reset\">\n\t\t\t\t\t\t\t\t\t\n<h3 style=\"text-align: center;\">\u0110i\u1ec1u khi\u1ec3n b\u1eb1ng gi\u1ecdng n\u00f3i<\/h3>\n<p class=\"des\" style=\"text-align: center;\">Khi \u1edf nh\u00e0 n\u1ebfu kh\u00f4ng mu\u1ed1n d\u00f9ng \u0111i\u1ec7n tho\u1ea1i hay \u0111i chuy\u1ec3n \u0111\u1ec3 \u0111i\u1ec1u khi\u1ec3n, ng\u01b0\u1eddi d\u00f9ng ch\u1ec9 c\u1ea7n n\u00f3i m\u1ed9t c\u00e2u l\u1ec7nh ng\u1eafn g\u1ecdn, thi\u1ebft b\u1ecb \u0111i\u1ec7n s\u1ebd b\u1eadt\/t\u1eaft t\u1ee9c th\u00ec..<\/p>\n\t\t<\/div>\n\t<\/div>\n\t\n\t\n\t\t<\/div>\n\t\t\t<\/div>\n\n\t\n<\/div>\n\t\t<\/div>\n\n\t\t\n<style>\n#section_1202451323 {\n  padding-top: 45px;\n  padding-bottom: 45px;\n  background-color: rgb(244, 247, 252);\n}\n<\/style>\n\t<\/section>\n\t\n\t<section class=\"section\" id=\"section_585404454\">\n\t\t<div class=\"bg section-bg fill bg-fill  bg-loaded\" >\n\n\t\t\t\n\t\t\t\n\t\t\t\n\n\t\t<\/div>\n\n\t\t<div class=\"section-content relative\">\n\t\t\t\n<div class=\"row\"  id=\"row-2008986541\">\n\n\t<div id=\"col-996363420\" class=\"col small-12 large-12\"  >\n\t\t<div class=\"col-inner\"  >\n\t\t\t\n\t\t\t\n<h2 style=\"text-align: center;\"><span style=\"color: #000000; font-size: 130%;\">H\u1ec7 th\u1ed1ng an ninh ch\u1ed1ng \u0111\u1ed9t nh\u1eadp<\/span><\/h2>\n<p class=\"des\" style=\"text-align: center;\">\u0110\u01b0\u1ee3c coi l\u00e0 &#8220;linh h\u1ed3n&#8221; c\u1ee7a b\u1ea5t c\u1ee9 ng\u00f4i nh\u00e0 n\u00e0o, m\u1ed9t &#8220;v\u1ecb vua&#8221; \u0111\u1ea7y quy\u1ec1n n\u0103ng v\u1edbi kh\u1ea3 n\u0103ng c\u1ea3m bi\u1ebfn chuy\u1ec3n \u0111\u1ed9ng v\u00e0 ghi h\u00ecnh 24\/24, \u0111\u1ed3ng th\u1eddi, d\u1ef1 \u0111o\u00e1n t\u00ecnh hu\u1ed1ng v\u00e0 \u0111\u01b0a ra nh\u1eefng c\u1ea3nh b\u00e1o k\u1ecbp th\u1eddi s\u1ebd gi\u00fap b\u1ea1n y\u00ean t\u00e2m h\u01a1n v\u1edbi ng\u00f4i nh\u00e0 c\u1ee7a m\u00ecnh.<\/p>\n\t<div class=\"img has-hover x md-x lg-x y md-y lg-y\" id=\"image_87204762\">\n\t\t\t\t\t\t\t\t<div class=\"img-inner dark\" >\n\t\t\t<img width=\"1000\" height=\"352\" src=\"https:\/\/webmaibinh.com\/w\/denled2011\/wp-content\/uploads\/2019\/12\/he-thong-an-ninh.jpg\" class=\"attachment-original size-original\" alt=\"\" loading=\"lazy\" srcset=\"https:\/\/webmaibinh.com\/w\/denled2011\/wp-content\/uploads\/2019\/12\/he-thong-an-ninh.jpg 1000w, https:\/\/webmaibinh.com\/w\/denled2011\/wp-content\/uploads\/2019\/12\/he-thong-an-ninh-510x180.jpg 510w, https:\/\/webmaibinh.com\/w\/denled2011\/wp-content\/uploads\/2019\/12\/he-thong-an-ninh-300x106.jpg 300w, https:\/\/webmaibinh.com\/w\/denled2011\/wp-content\/uploads\/2019\/12\/he-thong-an-ninh-768x270.jpg 768w\" sizes=\"(max-width: 1000px) 100vw, 1000px\" \/>\t\t\t\t\t\t\n\t\t\t\t\t<\/div>\n\t\t\t\t\t\t\t\t\n<style>\n#image_87204762 {\n  width: 100%;\n}\n<\/style>\n\t<\/div>\n\t\n\t\t<\/div>\n\t\t\t<\/div>\n\n\t\n<\/div>\n\t\t<\/div>\n\n\t\t\n<style>\n#section_585404454 {\n  padding-top: 43px;\n  padding-bottom: 43px;\n}\n<\/style>\n\t<\/section>\n\t\n\t<section class=\"section\" id=\"section_1207630593\">\n\t\t<div class=\"bg section-bg fill bg-fill  \" >\n\n\t\t\t\n\t\t\t<div class=\"section-bg-overlay absolute fill\"><\/div>\n\t\t\t\n\n\t\t<\/div>\n\n\t\t<div class=\"section-content relative\">\n\t\t\t\n<div class=\"row row-small banner-anh\"  id=\"row-2162327\">\n\n\t<div id=\"col-423806569\" class=\"col medium-7 small-12 large-7\"  >\n\t\t<div class=\"col-inner\"  >\n\t\t\t\n\t\t\t\n\t\t<\/div>\n\t\t\t<\/div>\n\n\t\n\n\t<div id=\"col-1996284955\" class=\"col cot12 medium-5 small-12 large-5\"  >\n\t\t<div class=\"col-inner\"  >\n\t\t\t\n\t\t\t\n<p class=\"sub-title\" style=\"text-align: left;\"><span style=\"font-size: 100%;\">H\u1ec7 th\u1ed1ng \u0111i\u1ec1u khi\u1ec3n<\/span><\/p>\n<h2 style=\"text-align: left;\"><strong><span style=\"font-size: 130%; color: #ffffff;\">Chi\u1ebfu s\u00e1ng th\u00f4ng minh<\/span><\/strong><\/h2>\n<p class=\"des\" style=\"text-align: left;\"><span style=\"font-size: 100%;\"><strong>\u0110i\u1ec1u khi\u1ec3n v\u00e0 gi\u00e1m s\u00e1t tr\u00ean \u0111i\u1ec7n tho\u1ea1i, m\u00e1y t\u00ednh b\u1ea3ng:<\/strong>\u00a0Thay v\u00ec vi\u1ec7c \u0111\u1ebfn t\u1eebng c\u00f4ng t\u1eafc \u0111\u00e8n \u0111\u1ec3 b\u1eadt\/t\u1eaft \u0111\u00e8n nh\u01b0 tr\u01b0\u1edbc \u0111\u00e2y, th\u00ec v\u1edbi gi\u1ea3i ph\u00e1p chi\u1ebfu s\u00e1ng th\u00f4ng minh b\u1ea1n ho\u00e0n to\u00e0n c\u00f3 th\u1ec3 \u0111i\u1ec1u khi\u1ec3n b\u00f3ng \u0111\u00e8n t\u1eeb xa v\u1edbi m\u1ed9t ho\u1eb7c t\u1ea5t c\u1ea3 b\u00f3ng \u0111\u00e8n trong nh\u00e0 ch\u1ec9 v\u1edbi m\u1ed9t c\u00fa ch\u1ea1m nh\u1eb9 v\u00e0o m\u00e0n h\u00ecnh smartphone ho\u1eb7c ipad.<\/span><\/p>\n\t\t<\/div>\n\t\t\t<\/div>\n\n\t\n<\/div>\n\t\t<\/div>\n\n\t\t\n<style>\n#section_1207630593 {\n  padding-top: 59px;\n  padding-bottom: 59px;\n}\n#section_1207630593 .section-bg-overlay {\n  background-color: rgba(0, 0, 0, 0.4);\n}\n#section_1207630593 .section-bg.bg-loaded {\n  background-image: url(https:\/\/webmaibinh.com\/w\/denled2011\/wp-content\/uploads\/2019\/12\/light-in-home.jpg);\n}\n<\/style>\n\t<\/section>\n\t\n\t<section class=\"section\" id=\"section_213735745\">\n\t\t<div class=\"bg section-bg fill bg-fill  \" >\n\n\t\t\t\n\t\t\t\n\t\t\t\n\n\t\t<\/div>\n\n\t\t<div class=\"section-content relative\">\n\t\t\t\n<div class=\"row\"  id=\"row-457165813\">\n\n\t<div id=\"col-569155034\" class=\"col small-12 large-12\"  >\n\t\t<div class=\"col-inner\"  >\n\t\t\t\n\t\t\t\n<h2 style=\"text-align: center;\"><span id=\"He_thong_Dieu_hoa_khong_khi\" style=\"font-size: 130%;\">H\u1ec7 th\u1ed1ng\u00a0<strong>\u0110i\u1ec1u h\u00f2a kh\u00f4ng kh\u00ed<\/strong><\/span><\/h2>\n<p class=\"des\" style=\"text-align: center;\">Thay v\u00ec m\u1ea5t th\u1eddi gian v\u00e0o vi\u1ec7c t\u00ecm ki\u1ebfm remote \u0111\u1ec3 b\u00e2t\/t\u1eaft \u0111i\u1ec1u h\u00f2a th\u00ec gi\u1edd \u0111\u00e2y ng\u01b0\u1eddi d\u00f9ng ch\u1ec9 c\u1ea7n l\u1ea5y \u0111i\u1ec7n tho\u1ea1i ra v\u00e0 ch\u1ea1m v\u00e0o bi\u1ec3u t\u01b0\u1ee3ng \u0111i\u1ec1u h\u00f2a tr\u00ean \u1ee9ng d\u1ee5ng nh\u00e0 th\u00f4ng minh Lumi ho\u1eb7c ra l\u1ec7nh b\u1eb1ng l\u1eddi n\u00f3i \u0111\u1ec3 \u0111i\u1ec1u khi\u1ebfn ch\u00fang theo \u00fd mu\u1ed1n c\u1ee7a m\u00ecnh.<\/p>\n<p class=\"des\" style=\"text-align: center;\">Tr\u1eddi n\u1eafng n\u00f3ng, ng\u01b0\u1eddi d\u00f9ng ch\u1ec9 c\u1ea7n b\u1eadt \u0111i\u1ec1u h\u00f2a tr\u01b0\u1edbc khi v\u1ec1 \u1edf c\u01a1 quan, v\u1eady l\u00e0 khi v\u1ec1 nh\u00e0 \u0111\u00e3 c\u00f3 c\u0103n ph\u00f2ng m\u00e1t l\u1ea1nh s\u1eb5n s\u00e0ng ph\u1ee5c v\u1ee5 ch\u1ee7 nh\u00e2n c\u1ee7a m\u00ecnh r\u1ed3i. Qu\u00e1 ti\u1ec7n l\u1ee3i ph\u1ea3i kh\u00f4ng n\u00e0o?<\/p>\n\t\t<\/div>\n\t\t\t<\/div>\n\n\t\n<\/div>\n\t<div id=\"gap-1228658738\" class=\"gap-element clearfix\" style=\"display:block; height:auto;\">\n\t\t\n<style>\n#gap-1228658738 {\n  padding-top: 222px;\n}\n<\/style>\n\t<\/div>\n\t\n\t\t<\/div>\n\n\t\t\n<style>\n#section_213735745 {\n  padding-top: 44px;\n  padding-bottom: 44px;\n}\n#section_213735745 .section-bg.bg-loaded {\n  background-image: url(https:\/\/webmaibinh.com\/w\/denled2011\/wp-content\/uploads\/2019\/12\/dieu-hoa-thong-minh.jpg);\n}\n<\/style>\n\t<\/section>\n\t\n\t<section class=\"section binh-nong-lanh\" id=\"section_1323716670\">\n\t\t<div class=\"bg section-bg fill bg-fill  bg-loaded\" >\n\n\t\t\t\n\t\t\t\n\t\t\t\n\n\t\t<\/div>\n\n\t\t<div class=\"section-content relative\">\n\t\t\t\n<div class=\"row row-small\"  id=\"row-984568419\">\n\n\t<div id=\"col-607578544\" class=\"col medium-5 small-12 large-5\"  >\n\t\t<div class=\"col-inner\"  >\n\t\t\t\n\t\t\t\n\t<div class=\"img has-hover x md-x lg-x y md-y lg-y\" id=\"image_1017361628\">\n\t\t\t\t\t\t\t\t<div class=\"img-inner dark\" >\n\t\t\t<img width=\"591\" height=\"474\" src=\"https:\/\/webmaibinh.com\/w\/denled2011\/wp-content\/uploads\/2019\/12\/binh-nong-lanh.jpg\" class=\"attachment-original size-original\" alt=\"\" loading=\"lazy\" srcset=\"https:\/\/webmaibinh.com\/w\/denled2011\/wp-content\/uploads\/2019\/12\/binh-nong-lanh.jpg 591w, https:\/\/webmaibinh.com\/w\/denled2011\/wp-content\/uploads\/2019\/12\/binh-nong-lanh-510x409.jpg 510w, https:\/\/webmaibinh.com\/w\/denled2011\/wp-content\/uploads\/2019\/12\/binh-nong-lanh-300x241.jpg 300w\" sizes=\"(max-width: 591px) 100vw, 591px\" \/>\t\t\t\t\t\t\n\t\t\t\t\t<\/div>\n\t\t\t\t\t\t\t\t\n<style>\n#image_1017361628 {\n  width: 100%;\n}\n<\/style>\n\t<\/div>\n\t\n\t\t<\/div>\n\t\t\t<\/div>\n\n\t\n\n\t<div id=\"col-1468546213\" class=\"col medium-7 small-12 large-7\"  >\n\t\t<div class=\"col-inner\"  >\n\t\t\t\n\t\t\t\n\t<div id=\"gap-1425679429\" class=\"gap-element clearfix\" style=\"display:block; height:auto;\">\n\t\t\n<style>\n#gap-1425679429 {\n  padding-top: 30px;\n}\n<\/style>\n\t<\/div>\n\t\n<p class=\"sub-title\">H\u1ec7 th\u1ed1ng \u0111i\u1ec1u khi\u1ec3n<\/p>\n<h2><span style=\"font-size: 130%;\">B\u00ecnh n\u00f3ng l\u1ea1nh<\/span><\/h2>\n<p class=\"des\"><strong>\u0110i\u1ec1u khi\u1ec3n t\u1eeb xa:<\/strong>\u00a0N\u01b0\u1edbc \u1ea5m s\u1ebd c\u00f3 ngay khi b\u1ea1n v\u1ec1 \u0111\u1ebfn nh\u00e0 v\u1edbi ch\u1ebf \u0111\u1ed9 b\u1eadt\/t\u1eaft b\u00ecnh n\u00f3ng l\u1ea1nh t\u1eeb xa. Hay h\u1ec7 th\u1ed1ng t\u01b0\u1edbi n\u01b0\u1edbc ban c\u00f4ng s\u1ebd t\u1ef1 ho\u1ea1t \u0111\u1ed9ng m\u00e0 kh\u00f4ng c\u1ea7n b\u1ea1n ph\u1ea3i \u1edf nh\u00e0. \u0110i\u1ec1u n\u00e0y th\u1eadt tuy\u1ec7t v\u1eddi, b\u1ea1n c\u00f3 th\u1ebf vi vu tho\u1ea3i m\u00e1i v\u1edbi nh\u1eefng chuy\u1ebfn \u0111i xa m\u00e0 kh\u00f4ng ph\u1ea3i lo c\u00e2y c\u1ea3nh \u1edf nh\u00e0 b\u1ecb ch\u1ebft kh\u00f4.<\/p>\n<p class=\"des\"><strong>Ti\u1ec7n nghi v\u00e0 ti\u1ebft ki\u1ec7m h\u01a1n:<\/strong>\u00a0B\u1eadt\/t\u1eaft b\u00ecnh n\u00f3ng l\u1ea1nh tr\u1edf n\u00ean d\u1ec5 d\u00e0ng v\u00e0 ch\u1ee7 \u0111\u1ed9ng h\u01a1n v\u00ec n\u00f3 \u0111\u01b0\u1ee3c t\u00edch h\u1ee3p h\u1ebft l\u00ean chi\u1ebfc smartphone c\u1ee7a b\u1ea1n.<\/p>\n<a href=\"tel:0983321699\" target=\"_self\" class=\"button primary is-large lowercase reveal-icon nut-goi-ngay\"  style=\"border-radius:99px;\">\n    <span>+ G\u1ecdi ngay h\u00f4m nay<\/span>\n  <i class=\"icon-phone\" ><\/i><\/a>\n\n\t\t<\/div>\n\t\t\t<\/div>\n\n\t\n<\/div>\n\t\t<\/div>\n\n\t\t\n<style>\n#section_1323716670 {\n  padding-top: 50px;\n  padding-bottom: 50px;\n}\n<\/style>\n\t<\/section>\n\t\n\t<section class=\"section\" id=\"section_1824053940\">\n\t\t<div class=\"bg section-bg fill bg-fill  \" >\n\n\t\t\t\n\t\t\t\n\t\t\t\n\n\t\t<\/div>\n\n\t\t<div class=\"section-content relative\">\n\t\t\t\n<div class=\"row\"  id=\"row-1772829663\">\n\n\t<div id=\"col-359037947\" class=\"col small-12 large-12\"  >\n\t\t<div class=\"col-inner\"  >\n\t\t\t\n\t\t\t\n<h2 style=\"text-align: center;\"><span id=\"He_thong_am_thanh_da_vung\" style=\"font-size: 130%;\">H\u1ec7 th\u1ed1ng\u00a0<strong>\u00e2m thanh \u0111a v\u00f9ng<\/strong><\/span><\/h2>\n<p class=\"des\" style=\"text-align: center;\">T\u1eadn h\u01b0\u1edfng \u00e2m thanh du d\u01b0\u01a1ng v\u00e0o th\u1eddi gian ranh \u1edf m\u1ecdi n\u01a1i trong ng\u00f4i nh\u00e0 th\u00e2n y\u00eau m\u00e0 ch\u1eb3ng ph\u1ea3i di chuy\u1ec3n nhi\u1ec1u \u0111\u1ec3 chuy\u1ec3n b\u00e0i h\u00e1t hay ch\u1ec9nh \u00e2m l\u01b0\u1ee3ng. V\u00ec t\u1ea5t c\u1ea3 \u0111\u00e3 \u0111\u01b0\u1ee3c g\u00f3i tr\u1ecdn v\u00e0o chi\u1ebfc smartphone c\u1ee7a b\u1ea1n. Gia ch\u1ee7 c\u00f3 th\u1ec3 nghe nh\u1ea1c online tho\u1ea3i m\u00e1i, chia s\u1ebb b\u00e0i h\u00e1t cho b\u1ea1n b\u00e8 hay ch\u01a1i nh\u1ea1c c\u00f9ng con y\u00eau tr\u00ean chi\u1ebfc smartphone hay ipad.<\/p>\n\t\t<\/div>\n\t\t\t<\/div>\n\n\t\n<\/div>\n\t<div id=\"gap-346081832\" class=\"gap-element clearfix\" style=\"display:block; height:auto;\">\n\t\t\n<style>\n#gap-346081832 {\n  padding-top: 247px;\n}\n<\/style>\n\t<\/div>\n\t\n\t\t<\/div>\n\n\t\t\n<style>\n#section_1824053940 {\n  padding-top: 37px;\n  padding-bottom: 37px;\n}\n#section_1824053940 .section-bg.bg-loaded {\n  background-image: url(https:\/\/webmaibinh.com\/w\/denled2011\/wp-content\/uploads\/2019\/12\/he-thong-am-thanh.jpg);\n}\n<\/style>\n\t<\/section>\n\t\n\t<section class=\"section\" id=\"section_1144278116\">\n\t\t<div class=\"bg section-bg fill bg-fill  bg-loaded\" >\n\n\t\t\t\n\t\t\t\n\t\t\t\n\n\t\t<\/div>\n\n\t\t<div class=\"section-content relative\">\n\t\t\t\n<div class=\"row\"  id=\"row-300159122\">\n\n\t<div id=\"col-853642502\" class=\"col small-12 large-12\"  >\n\t\t<div class=\"col-inner text-center\"  >\n\t\t\t\n\t\t\t\n<h2 style=\"text-align: center;\"><span id=\"Hay_ke_cho_chung_toi_ve_ngoi_nha_thong_minh_trong_mo_cua_ban\">H\u00e3y k\u1ec3 cho ch\u00fang t\u00f4i v\u1ec1<br \/>\nng\u00f4i <strong>nh\u00e0 th\u00f4ng minh<\/strong>\u00a0trong m\u01a1 c\u1ee7a b\u1ea1n!<\/span><\/h2>\n<p class=\"des\" style=\"text-align: center;\">Ch\u00fang t\u00f4i s\u1eb5n s\u00e0ng l\u1eafng nghe v\u00e0 gi\u00fap b\u1ea1n bi\u1ebfn gi\u1ea5c m\u01a1 tuy\u1ec7t v\u1eddi \u0111\u00f3 th\u00e0nh hi\u1ec7n th\u1ef1c. C\u00f2n ch\u1ea7n ch\u1eeb g\u00ec n\u1eefa, li\u00ean h\u1ec7 ngay v\u1edbi<br \/>\nCh\u00fang t\u00f4i \u0111\u1ec3 \u0111\u01b0\u1ee3c t\u01b0 v\u1ea5n v\u00e0 gi\u1ea3i \u0111\u00e1p m\u1ecdi th\u1eafc m\u1eafc!<\/p>\n<a href=\"\/lien-he\" target=\"_self\" class=\"button primary is-large lowercase reveal-icon nut-goi-ngay\"  style=\"border-radius:99px;\">\n    <span>\u0110\u0103ng k\u00fd ngay t\u1ea1i \u0111\u00e2y<\/span>\n  <i class=\"icon-phone\" ><\/i><\/a>\n\n\t\t<\/div>\n\t\t\t<\/div>\n\n\t\n<\/div>\n\t\t<\/div>\n\n\t\t\n<style>\n#section_1144278116 {\n  padding-top: 45px;\n  padding-bottom: 45px;\n  background-color: rgb(244, 247, 252);\n}\n<\/style>\n\t<\/section>\n\t\n","protected":false},"excerpt":{"rendered":"","protected":false},"author":1,"featured_media":0,"parent":0,"menu_order":0,"comment_status":"closed","ping_status":"closed","template":"page-blank.php","meta":[],"_links":{"self":[{"href":"https:\/\/webmaibinh.com\/w\/denled2011\/wp-json\/wp\/v2\/pages\/1206"}],"collection":[{"href":"https:\/\/webmaibinh.com\/w\/denled2011\/wp-json\/wp\/v2\/pages"}],"about":[{"href":"https:\/\/webmaibinh.com\/w\/denled2011\/wp-json\/wp\/v2\/types\/page"}],"author":[{"embeddable":true,"href":"https:\/\/webmaibinh.com\/w\/denled2011\/wp-json\/wp\/v2\/users\/1"}],"replies":[{"embeddable":true,"href":"https:\/\/webmaibinh.com\/w\/denled2011\/wp-json\/wp\/v2\/comments?post=1206"}],"version-history":[{"count":16,"href":"https:\/\/webmaibinh.com\/w\/denled2011\/wp-json\/wp\/v2\/pages\/1206\/revisions"}],"predecessor-version":[{"id":1238,"href":"https:\/\/webmaibinh.com\/w\/denled2011\/wp-json\/wp\/v2\/pages\/1206\/revisions\/1238"}],"wp:attachment":[{"href":"https:\/\/webmaibinh.com\/w\/denled2011\/wp-json\/wp\/v2\/media?parent=1206"}],"curies":[{"name":"wp","href":"https:\/\/api.w.org\/{rel}","templated":true}]}}