{"id":1114,"date":"2018-04-04T14:33:44","date_gmt":"2018-04-04T07:33:44","guid":{"rendered":"http:\/\/denled.muathemewordpress.net\/?page_id=1114"},"modified":"2019-12-04T13:15:26","modified_gmt":"2019-12-04T06:15:26","slug":"dich-vu","status":"publish","type":"page","link":"https:\/\/webmaibinh.com\/w\/denled2011\/dich-vu\/","title":{"rendered":"D\u1ecbch v\u1ee5"},"content":{"rendered":"\t<div id=\"gap-619277704\" class=\"gap-element clearfix\" style=\"display:block; height:auto;\">\n\t\t\n<style>\n#gap-619277704 {\n  padding-top: 30px;\n}\n<\/style>\n\t<\/div>\n\t\n\t<section class=\"section dich-vu-section\" id=\"section_1340190891\">\n\t\t<div class=\"bg section-bg fill bg-fill  bg-loaded\" >\n\n\t\t\t\n\t\t\t\n\t\t\t\n\n\t\t<\/div>\n\n\t\t<div class=\"section-content relative\">\n\t\t\t\n<div class=\"row block-tieu-de\"  id=\"row-1518007966\">\n\n\t<div id=\"col-821783426\" class=\"col small-12 large-12\"  >\n\t\t<div class=\"col-inner\"  >\n\t\t\t\n\t\t\t\n<div class=\"title-block\">\n<h3>D\u1ecaCH V\u1ee4 CUNG C\u1ea4P<\/h3>\n<div class=\"line-block\"><\/div>\n<\/div>\n\t\t<\/div>\n\t\t\t<\/div>\n\n\t\n<\/div>\n\t<div id=\"gap-1194855467\" class=\"gap-element clearfix\" style=\"display:block; height:auto;\">\n\t\t\n<style>\n#gap-1194855467 {\n  padding-top: 20px;\n}\n<\/style>\n\t<\/div>\n\t\n<div class=\"row\"  id=\"row-664112500\">\n\n\t<div id=\"col-964718440\" class=\"col medium-4 small-12 large-4\"  >\n\t\t<div class=\"col-inner\"  >\n\t\t\t\n\t\t\t\n\n\t\t<div class=\"icon-box featured-box icon-box-left text-left\"  >\n\t\t\t\t\t<div class=\"icon-box-img\" style=\"width: 90px\">\n\t\t\t\t<div class=\"icon\">\n\t\t\t\t\t<div class=\"icon-inner\" >\n\t\t\t\t\t\t<img width=\"102\" height=\"102\" src=\"https:\/\/webmaibinh.com\/w\/denled2011\/wp-content\/uploads\/2018\/04\/icon-1.jpg\" class=\"attachment-medium size-medium\" alt=\"\" loading=\"lazy\" srcset=\"https:\/\/webmaibinh.com\/w\/denled2011\/wp-content\/uploads\/2018\/04\/icon-1.jpg 102w, https:\/\/webmaibinh.com\/w\/denled2011\/wp-content\/uploads\/2018\/04\/icon-1-100x100.jpg 100w\" sizes=\"(max-width: 102px) 100vw, 102px\" \/>\t\t\t\t\t<\/div>\n\t\t\t\t<\/div>\n\t\t\t<\/div>\n\t\t\t\t<div class=\"icon-box-text last-reset\">\n\t\t\t\t\t\t\t\t\t\n<h3>\u0110i\u1ec7n m\u1eb7t tr\u1eddi n\u1ed1i l\u01b0\u1edbi <\/h3>\n<p><span style=\"font-size: 90%;\">T\u01b0 v\u1ea5n thi\u1ebft k\u1ebf v\u00e0 thi c\u00f4ng h\u1ec7 th\u1ed1ng \u0111i\u1ec7n m\u1eb7t tr\u1eddi n\u1ed1i l\u01b0\u1edbi, b\u1ea1n c\u00f3 th\u1ec3 b\u00e1n \u0111i\u1ec7n cho \u0111i\u1ec7n l\u01b0\u1edbi qu\u1ed1c gia.<\/span><\/p>\n\t\t<\/div>\n\t<\/div>\n\t\n\t\n\n\t\t<div class=\"icon-box featured-box icon-box-left text-left\"  >\n\t\t\t\t\t<div class=\"icon-box-img\" style=\"width: 90px\">\n\t\t\t\t<div class=\"icon\">\n\t\t\t\t\t<div class=\"icon-inner\" >\n\t\t\t\t\t\t<img width=\"102\" height=\"102\" src=\"https:\/\/webmaibinh.com\/w\/denled2011\/wp-content\/uploads\/2018\/04\/icon-3.jpg\" class=\"attachment-medium size-medium\" alt=\"\" loading=\"lazy\" srcset=\"https:\/\/webmaibinh.com\/w\/denled2011\/wp-content\/uploads\/2018\/04\/icon-3.jpg 102w, https:\/\/webmaibinh.com\/w\/denled2011\/wp-content\/uploads\/2018\/04\/icon-3-100x100.jpg 100w\" sizes=\"(max-width: 102px) 100vw, 102px\" \/>\t\t\t\t\t<\/div>\n\t\t\t\t<\/div>\n\t\t\t<\/div>\n\t\t\t\t<div class=\"icon-box-text last-reset\">\n\t\t\t\t\t\t\t\t\t\n<h3>Tr\u1ea7n th\u1ea1ch cao, nh\u00f4m k\u00ednh<\/h3>\n<p><span style=\"font-size: 90%;\">Thi\u1ebft k\u1ebf v\u00e0 thi c\u00f4ng tr\u1ea7n th\u1ea1ch cao, nh\u00f4m k\u00ednh cao c\u1ea5p v\u1edbi chi ph\u00ed c\u1ef1c \u01b0u \u0111\u00e3i.<\/span><\/p>\n\t\t<\/div>\n\t<\/div>\n\t\n\t\n\t\t<\/div>\n\t\t\t<\/div>\n\n\t\n\n\t<div id=\"col-264681299\" class=\"col medium-4 small-12 large-4\"  >\n\t\t<div class=\"col-inner\"  >\n\t\t\t\n\t\t\t\n\n\t\t<div class=\"icon-box featured-box icon-box-left text-left\"  >\n\t\t\t\t\t<div class=\"icon-box-img\" style=\"width: 90px\">\n\t\t\t\t<div class=\"icon\">\n\t\t\t\t\t<div class=\"icon-inner\" >\n\t\t\t\t\t\t<img width=\"102\" height=\"102\" src=\"https:\/\/webmaibinh.com\/w\/denled2011\/wp-content\/uploads\/2018\/04\/icon-2.jpg\" class=\"attachment-medium size-medium\" alt=\"\" loading=\"lazy\" srcset=\"https:\/\/webmaibinh.com\/w\/denled2011\/wp-content\/uploads\/2018\/04\/icon-2.jpg 102w, https:\/\/webmaibinh.com\/w\/denled2011\/wp-content\/uploads\/2018\/04\/icon-2-100x100.jpg 100w\" sizes=\"(max-width: 102px) 100vw, 102px\" \/>\t\t\t\t\t<\/div>\n\t\t\t\t<\/div>\n\t\t\t<\/div>\n\t\t\t\t<div class=\"icon-box-text last-reset\">\n\t\t\t\t\t\t\t\t\t\n<h3>\u0110i\u1ec7n m\u1eb7t tr\u1eddi n\u1ed5i tr\u00ean m\u1eb7t n\u01b0\u1edbc<\/h3>\n<p><span style=\"font-size: 90%;\">X\u00e2y d\u1ef1ng c\u00e1c h\u1ec7 th\u1ed1ng \u0111i\u1ec7n n\u0103ng l\u01b0\u1ee3ng m\u1eb7t tr\u1eddi tr\u00ean m\u1eb7t n\u01b0\u1edbc nh\u01b0 tr\u00ean bi\u1ec3n, ao c\u00e1, h\u1ed3,&#8230;<\/span><\/p>\n\t\t<\/div>\n\t<\/div>\n\t\n\t\n\n\t\t<div class=\"icon-box featured-box icon-box-left text-left\"  >\n\t\t\t\t\t<div class=\"icon-box-img\" style=\"width: 90px\">\n\t\t\t\t<div class=\"icon\">\n\t\t\t\t\t<div class=\"icon-inner\" >\n\t\t\t\t\t\t<img width=\"131\" height=\"131\" src=\"https:\/\/webmaibinh.com\/w\/denled2011\/wp-content\/uploads\/2018\/04\/icon-4.jpg\" class=\"attachment-medium size-medium\" alt=\"\" loading=\"lazy\" srcset=\"https:\/\/webmaibinh.com\/w\/denled2011\/wp-content\/uploads\/2018\/04\/icon-4.jpg 131w, https:\/\/webmaibinh.com\/w\/denled2011\/wp-content\/uploads\/2018\/04\/icon-4-100x100.jpg 100w\" sizes=\"(max-width: 131px) 100vw, 131px\" \/>\t\t\t\t\t<\/div>\n\t\t\t\t<\/div>\n\t\t\t<\/div>\n\t\t\t\t<div class=\"icon-box-text last-reset\">\n\t\t\t\t\t\t\t\t\t\n<h3>San l\u1ea5p m\u1eb7t b\u1eb1ng<\/h3>\n<p><span style=\"font-size: 90%;\">D\u1ecbch v\u1ee5 san l\u1ea5p m\u1eb7t b\u1eb1ng c\u00e1c c\u00f4ng tr\u00ecnh c\u00f4ng nghi\u1ec7p v\u00e0 d\u00e2n d\u1ee5ng chuy\u00ean nghi\u1ec7p v\u00e0 uy t\u00edn<\/span><\/p>\n\t\t<\/div>\n\t<\/div>\n\t\n\t\n\t\t<\/div>\n\t\t\t<\/div>\n\n\t\n\n\t<div id=\"col-1493887197\" class=\"col medium-4 small-12 large-4\"  >\n\t\t<div class=\"col-inner\"  >\n\t\t\t\n\t\t\t\n\n\t\t<div class=\"icon-box featured-box icon-box-left text-left\"  >\n\t\t\t\t\t<div class=\"icon-box-img\" style=\"width: 90px\">\n\t\t\t\t<div class=\"icon\">\n\t\t\t\t\t<div class=\"icon-inner\" >\n\t\t\t\t\t\t<img width=\"102\" height=\"102\" src=\"https:\/\/webmaibinh.com\/w\/denled2011\/wp-content\/uploads\/2018\/04\/icon-6.jpg\" class=\"attachment-medium size-medium\" alt=\"\" loading=\"lazy\" srcset=\"https:\/\/webmaibinh.com\/w\/denled2011\/wp-content\/uploads\/2018\/04\/icon-6.jpg 102w, https:\/\/webmaibinh.com\/w\/denled2011\/wp-content\/uploads\/2018\/04\/icon-6-100x100.jpg 100w\" sizes=\"(max-width: 102px) 100vw, 102px\" \/>\t\t\t\t\t<\/div>\n\t\t\t\t<\/div>\n\t\t\t<\/div>\n\t\t\t\t<div class=\"icon-box-text last-reset\">\n\t\t\t\t\t\t\t\t\t\n<h3>\u0110i\u1ec7n m\u1eb7t tr\u1eddi d\u00e2n d\u1ee5ng <\/h3>\n<p><span style=\"font-size: 90%;\">L\u1eafp \u0111\u1eb7t c\u00e1c h\u1ec7 th\u1ed1ng n\u0103ng l\u01b0\u1ee3ng m\u1eb7t tr\u1eddi d\u00e2n d\u1ee5ng nh\u01b0 b\u00ecnh n\u01b0\u1edbc n\u00f3ng, \u0111\u00e8n pha, \u0111\u00e8n trang tr\u00ed&#8230;<\/span><\/p>\n\t\t<\/div>\n\t<\/div>\n\t\n\t\n\n\t\t<div class=\"icon-box featured-box icon-box-left text-left\"  >\n\t\t\t\t\t<div class=\"icon-box-img\" style=\"width: 90px\">\n\t\t\t\t<div class=\"icon\">\n\t\t\t\t\t<div class=\"icon-inner\" >\n\t\t\t\t\t\t<img width=\"102\" height=\"102\" src=\"https:\/\/webmaibinh.com\/w\/denled2011\/wp-content\/uploads\/2018\/04\/icon-5.jpg\" class=\"attachment-medium size-medium\" alt=\"\" loading=\"lazy\" srcset=\"https:\/\/webmaibinh.com\/w\/denled2011\/wp-content\/uploads\/2018\/04\/icon-5.jpg 102w, https:\/\/webmaibinh.com\/w\/denled2011\/wp-content\/uploads\/2018\/04\/icon-5-100x100.jpg 100w\" sizes=\"(max-width: 102px) 100vw, 102px\" \/>\t\t\t\t\t<\/div>\n\t\t\t\t<\/div>\n\t\t\t<\/div>\n\t\t\t\t<div class=\"icon-box-text last-reset\">\n\t\t\t\t\t\t\t\t\t\n<h3>THI C\u00d4NG X\u00c2Y D\u1ef0NG<\/h3>\n<p><span style=\"font-size: 90%;\">X\u00e2y d\u1ef1ng nh\u00e0 \u1edf, qu\u00e1n c\u00e0 ph\u00ea, nh\u00e0 h\u00e0ng, tr\u01b0\u1eddng h\u1ecdc, x\u00e2y d\u1ef1ng c\u1ea7u \u0111\u01b0\u1eddng,&#8230;<\/span><\/p>\n\t\t<\/div>\n\t<\/div>\n\t\n\t\n\t\t<\/div>\n\t\t\t<\/div>\n\n\t\n<\/div>\n\t\t<\/div>\n\n\t\t\n<style>\n#section_1340190891 {\n  padding-top: 0px;\n  padding-bottom: 0px;\n}\n<\/style>\n\t<\/section>\n\t\n\t<section class=\"section du-an-noi-bat\" id=\"section_512279139\">\n\t\t<div class=\"bg section-bg fill bg-fill  bg-loaded\" >\n\n\t\t\t\n\t\t\t\n\t\t\t\n\n\t\t<\/div>\n\n\t\t<div class=\"section-content relative\">\n\t\t\t\n<div class=\"row block-tieu-de\"  id=\"row-1461826972\">\n\n\t<div id=\"col-553953897\" class=\"col small-12 large-12\"  >\n\t\t<div class=\"col-inner\"  >\n\t\t\t\n\t\t\t\n<div class=\"title-block\">\n<h3>B\u00c0I VI\u1ebeT LI\u00caN QUAN<\/h3>\n<div class=\"line-block\"><\/div>\n<\/div>\n\t<div id=\"gap-1319222546\" class=\"gap-element clearfix\" style=\"display:block; height:auto;\">\n\t\t\n<style>\n#gap-1319222546 {\n  padding-top: 17px;\n}\n<\/style>\n\t<\/div>\n\t\n\n  \n    <div class=\"row large-columns-4 medium-columns-1 small-columns-1 row-small\">\n  \t\t<div class=\"col post-item\" >\n\t\t\t<div class=\"col-inner\">\n\t\t\t<a href=\"https:\/\/webmaibinh.com\/w\/denled2011\/viet-nam-la-diem-dau-tu-nang-luong-mat-troi-nong-nhat-khu-vuc-chau-a-thai-binh-duong\/\" class=\"plain\">\n\t\t\t\t<div class=\"box box-normal box-text-bottom box-blog-post has-hover\">\n            \t\t\t\t\t<div class=\"box-image\" >\n  \t\t\t\t\t\t<div class=\"image-zoom image-cover\" style=\"padding-top:65%;\">\n  \t\t\t\t\t\t\t<img width=\"1000\" height=\"650\" src=\"https:\/\/webmaibinh.com\/w\/denled2011\/wp-content\/uploads\/2019\/12\/lap-dat-he-thong-dien-mat-troi-hoa-luoi-8kw-tron-goi4.jpg\" class=\"attachment-original size-original wp-post-image\" alt=\"\" loading=\"lazy\" srcset=\"https:\/\/webmaibinh.com\/w\/denled2011\/wp-content\/uploads\/2019\/12\/lap-dat-he-thong-dien-mat-troi-hoa-luoi-8kw-tron-goi4.jpg 1000w, https:\/\/webmaibinh.com\/w\/denled2011\/wp-content\/uploads\/2019\/12\/lap-dat-he-thong-dien-mat-troi-hoa-luoi-8kw-tron-goi4-510x332.jpg 510w, https:\/\/webmaibinh.com\/w\/denled2011\/wp-content\/uploads\/2019\/12\/lap-dat-he-thong-dien-mat-troi-hoa-luoi-8kw-tron-goi4-300x195.jpg 300w, https:\/\/webmaibinh.com\/w\/denled2011\/wp-content\/uploads\/2019\/12\/lap-dat-he-thong-dien-mat-troi-hoa-luoi-8kw-tron-goi4-768x499.jpg 768w\" sizes=\"(max-width: 1000px) 100vw, 1000px\" \/>  \t\t\t\t\t\t\t  \t\t\t\t\t\t\t  \t\t\t\t\t\t<\/div>\n  \t\t\t\t\t\t  \t\t\t\t\t<\/div>\n          \t\t\t\t\t<div class=\"box-text text-left\" >\n\t\t\t\t\t<div class=\"box-text-inner blog-post-inner\">\n\n\t\t\t\t\t\n\t\t\t\t\t\t\t\t\t\t<h5 class=\"post-title is-large \">Vi\u1ec7t Nam l\u00e0 \u0111i\u1ec3m \u0111\u1ea7u t\u01b0 n\u0103ng l\u01b0\u1ee3ng m\u1eb7t tr\u1eddi \u201cn\u00f3ng&#8221; nh\u1ea5t khu v\u1ef1c ch\u00e2u \u00c1<\/h5>\n\t\t\t\t\t\t\t\t\t\t<div class=\"is-divider\"><\/div>\n\t\t\t\t\t\t\t\t\t\t<p class=\"from_the_blog_excerpt \">B\u1ea5t ch\u1ea5p nh\u1eefng th\u00e1ch th\u1ee9c ph\u00eda tr\u01b0\u1edbc, Vi\u1ec7t Nam nhanh ch\u00f3ng tr\u1edf th\u00e0nh th\u1ecb tr\u01b0\u1eddng tr\u1ecdng t\u00e2m h\u00fat c\u00e1c doanh nghi\u1ec7p l\u1edbn trong ng\u00e0nh n\u0103ng l\u01b0\u1ee3ng [...]\t\t\t\t\t<\/p>\n\t\t\t\t\t                    \n\t\t\t\t\t\n\t\t\t\t\t\n\t\t\t\t\t<\/div>\n\t\t\t\t\t<\/div>\n\t\t\t\t\t\t\t\t\t<\/div>\n\t\t\t\t<\/a>\n\t\t\t<\/div>\n\t\t<\/div>\n\t\t<div class=\"col post-item\" >\n\t\t\t<div class=\"col-inner\">\n\t\t\t<a href=\"https:\/\/webmaibinh.com\/w\/denled2011\/he-thong-dien-nang-luong-mat-troi-ap-mai-se-no-ro-trong-nhung-nam-toi\/\" class=\"plain\">\n\t\t\t\t<div class=\"box box-normal box-text-bottom box-blog-post has-hover\">\n            \t\t\t\t\t<div class=\"box-image\" >\n  \t\t\t\t\t\t<div class=\"image-zoom image-cover\" style=\"padding-top:65%;\">\n  \t\t\t\t\t\t\t<img width=\"800\" height=\"530\" src=\"https:\/\/webmaibinh.com\/w\/denled2011\/wp-content\/uploads\/2019\/12\/dien_mat_troi_cyib.jpg\" class=\"attachment-original size-original wp-post-image\" alt=\"\" loading=\"lazy\" srcset=\"https:\/\/webmaibinh.com\/w\/denled2011\/wp-content\/uploads\/2019\/12\/dien_mat_troi_cyib.jpg 800w, https:\/\/webmaibinh.com\/w\/denled2011\/wp-content\/uploads\/2019\/12\/dien_mat_troi_cyib-510x338.jpg 510w, https:\/\/webmaibinh.com\/w\/denled2011\/wp-content\/uploads\/2019\/12\/dien_mat_troi_cyib-300x199.jpg 300w, https:\/\/webmaibinh.com\/w\/denled2011\/wp-content\/uploads\/2019\/12\/dien_mat_troi_cyib-768x509.jpg 768w\" sizes=\"(max-width: 800px) 100vw, 800px\" \/>  \t\t\t\t\t\t\t  \t\t\t\t\t\t\t  \t\t\t\t\t\t<\/div>\n  \t\t\t\t\t\t  \t\t\t\t\t<\/div>\n          \t\t\t\t\t<div class=\"box-text text-left\" >\n\t\t\t\t\t<div class=\"box-text-inner blog-post-inner\">\n\n\t\t\t\t\t\n\t\t\t\t\t\t\t\t\t\t<h5 class=\"post-title is-large \">H\u1ec7 th\u1ed1ng \u0111i\u1ec7n n\u0103ng l\u01b0\u1ee3ng m\u1eb7t tr\u1eddi  \u00e1p m\u00e1i s\u1ebd n\u1edf r\u1ed9 trong nh\u1eefng n\u0103m t\u1edbi<\/h5>\n\t\t\t\t\t\t\t\t\t\t<div class=\"is-divider\"><\/div>\n\t\t\t\t\t\t\t\t\t\t<p class=\"from_the_blog_excerpt \">\u0110TCK)\u00a0\u0110i\u1ec7n m\u1eb7t tr\u1eddi \u00e1p m\u00e1i \u0111ang nh\u1eadn \u0111\u01b0\u1ee3c nhi\u1ec1u tr\u1ee3 l\u1ef1c \u0111\u1ec3 t\u0103ng t\u1ed1c trong\u00a0th\u1eddi gian t\u1edbi, c\u00f3 th\u1ec3 b\u00f9ng n\u1ed5 ngay trong nh\u1eefng th\u00e1ng cu\u1ed1i [...]\t\t\t\t\t<\/p>\n\t\t\t\t\t                    \n\t\t\t\t\t\n\t\t\t\t\t\n\t\t\t\t\t<\/div>\n\t\t\t\t\t<\/div>\n\t\t\t\t\t\t\t\t\t<\/div>\n\t\t\t\t<\/a>\n\t\t\t<\/div>\n\t\t<\/div>\n\t\t<div class=\"col post-item\" >\n\t\t\t<div class=\"col-inner\">\n\t\t\t<a href=\"https:\/\/webmaibinh.com\/w\/denled2011\/dien-mat-troi-ap-mai-he-thong-nang-luong-tuong-lai\/\" class=\"plain\">\n\t\t\t\t<div class=\"box box-normal box-text-bottom box-blog-post has-hover\">\n            \t\t\t\t\t<div class=\"box-image\" >\n  \t\t\t\t\t\t<div class=\"image-zoom image-cover\" style=\"padding-top:65%;\">\n  \t\t\t\t\t\t\t<img width=\"800\" height=\"533\" src=\"https:\/\/webmaibinh.com\/w\/denled2011\/wp-content\/uploads\/2019\/12\/ktg_industrial_he_thong_dien_mat_troi_1.jpg\" class=\"attachment-original size-original wp-post-image\" alt=\"\" loading=\"lazy\" srcset=\"https:\/\/webmaibinh.com\/w\/denled2011\/wp-content\/uploads\/2019\/12\/ktg_industrial_he_thong_dien_mat_troi_1.jpg 800w, https:\/\/webmaibinh.com\/w\/denled2011\/wp-content\/uploads\/2019\/12\/ktg_industrial_he_thong_dien_mat_troi_1-510x340.jpg 510w, https:\/\/webmaibinh.com\/w\/denled2011\/wp-content\/uploads\/2019\/12\/ktg_industrial_he_thong_dien_mat_troi_1-300x200.jpg 300w, https:\/\/webmaibinh.com\/w\/denled2011\/wp-content\/uploads\/2019\/12\/ktg_industrial_he_thong_dien_mat_troi_1-768x512.jpg 768w\" sizes=\"(max-width: 800px) 100vw, 800px\" \/>  \t\t\t\t\t\t\t  \t\t\t\t\t\t\t  \t\t\t\t\t\t<\/div>\n  \t\t\t\t\t\t  \t\t\t\t\t<\/div>\n          \t\t\t\t\t<div class=\"box-text text-left\" >\n\t\t\t\t\t<div class=\"box-text-inner blog-post-inner\">\n\n\t\t\t\t\t\n\t\t\t\t\t\t\t\t\t\t<h5 class=\"post-title is-large \">\u0110i\u1ec7n m\u1eb7t tr\u1eddi \u00e1p m\u00e1i \u2013 H\u1ec7 th\u1ed1ng n\u0103ng l\u01b0\u1ee3ng t\u01b0\u01a1ng lai<\/h5>\n\t\t\t\t\t\t\t\t\t\t<div class=\"is-divider\"><\/div>\n\t\t\t\t\t\t\t\t\t\t<p class=\"from_the_blog_excerpt \">\u0110i c\u00f9ng v\u1edbi s\u1ef1 ph\u00e1t tri\u1ec3n c\u1ee7a cu\u1ed9c c\u00e1ch m\u1ea1ng c\u00f4ng nghi\u1ec7p 4.0 (CMCN 4.0), h\u1ec7 th\u1ed1ng n\u0103ng l\u01b0\u1ee3ng m\u1eb7t tr\u1eddi \u0111ang d\u1ea7n ph\u1ed5 bi\u1ebfn trong [...]\t\t\t\t\t<\/p>\n\t\t\t\t\t                    \n\t\t\t\t\t\n\t\t\t\t\t\n\t\t\t\t\t<\/div>\n\t\t\t\t\t<\/div>\n\t\t\t\t\t\t\t\t\t<\/div>\n\t\t\t\t<\/a>\n\t\t\t<\/div>\n\t\t<\/div>\n\t\t<div class=\"col post-item\" >\n\t\t\t<div class=\"col-inner\">\n\t\t\t<a href=\"https:\/\/webmaibinh.com\/w\/denled2011\/uu-khuyet-diem-cua-nang-luong-mat-troi\/\" class=\"plain\">\n\t\t\t\t<div class=\"box box-normal box-text-bottom box-blog-post has-hover\">\n            \t\t\t\t\t<div class=\"box-image\" >\n  \t\t\t\t\t\t<div class=\"image-zoom image-cover\" style=\"padding-top:65%;\">\n  \t\t\t\t\t\t\t<img width=\"500\" height=\"308\" src=\"https:\/\/webmaibinh.com\/w\/denled2011\/wp-content\/uploads\/2019\/12\/dien-mat-troi-co-the-dap-ung-70-nhu-cau-dien-cua-can-tho.jpg\" class=\"attachment-original size-original wp-post-image\" alt=\"\" loading=\"lazy\" srcset=\"https:\/\/webmaibinh.com\/w\/denled2011\/wp-content\/uploads\/2019\/12\/dien-mat-troi-co-the-dap-ung-70-nhu-cau-dien-cua-can-tho.jpg 500w, https:\/\/webmaibinh.com\/w\/denled2011\/wp-content\/uploads\/2019\/12\/dien-mat-troi-co-the-dap-ung-70-nhu-cau-dien-cua-can-tho-300x185.jpg 300w\" sizes=\"(max-width: 500px) 100vw, 500px\" \/>  \t\t\t\t\t\t\t  \t\t\t\t\t\t\t  \t\t\t\t\t\t<\/div>\n  \t\t\t\t\t\t  \t\t\t\t\t<\/div>\n          \t\t\t\t\t<div class=\"box-text text-left\" >\n\t\t\t\t\t<div class=\"box-text-inner blog-post-inner\">\n\n\t\t\t\t\t\n\t\t\t\t\t\t\t\t\t\t<h5 class=\"post-title is-large \">\u01afu khuy\u1ebft \u0111i\u1ec3m c\u1ee7a n\u0103ng l\u01b0\u1ee3ng m\u1eb7t tr\u1eddi<\/h5>\n\t\t\t\t\t\t\t\t\t\t<div class=\"is-divider\"><\/div>\n\t\t\t\t\t\t\t\t\t\t<p class=\"from_the_blog_excerpt \">\u0110i\u1ec7n m\u1eb7t tr\u1eddi l\u00e0 m\u1ed9t h\u01b0\u1edbng ph\u00e1t tri\u1ec3n t\u00edch c\u1ef1c trong vi\u1ec7c cung c\u1ea5p n\u0103ng l\u01b0\u1ee3ng cho c\u00e1c nhu c\u1ea7u t\u01b0 nh\u00e2n v\u00e0 c\u00f4ng c\u1ed9ng. Nh\u01b0ng [...]\t\t\t\t\t<\/p>\n\t\t\t\t\t                    \n\t\t\t\t\t\n\t\t\t\t\t\n\t\t\t\t\t<\/div>\n\t\t\t\t\t<\/div>\n\t\t\t\t\t\t\t\t\t<\/div>\n\t\t\t\t<\/a>\n\t\t\t<\/div>\n\t\t<\/div>\n\t\t<div class=\"col post-item\" >\n\t\t\t<div class=\"col-inner\">\n\t\t\t<a href=\"https:\/\/webmaibinh.com\/w\/denled2011\/lap-dien-mat-troi-se-duoc-tra-tien-dien-ra-sao\/\" class=\"plain\">\n\t\t\t\t<div class=\"box box-normal box-text-bottom box-blog-post has-hover\">\n            \t\t\t\t\t<div class=\"box-image\" >\n  \t\t\t\t\t\t<div class=\"image-zoom image-cover\" style=\"padding-top:65%;\">\n  \t\t\t\t\t\t\t<img width=\"800\" height=\"500\" src=\"https:\/\/webmaibinh.com\/w\/denled2011\/wp-content\/uploads\/2019\/12\/nganh-cong-nghiep-dien-mat-troi-soi-dong.jpg\" class=\"attachment-original size-original wp-post-image\" alt=\"\" loading=\"lazy\" srcset=\"https:\/\/webmaibinh.com\/w\/denled2011\/wp-content\/uploads\/2019\/12\/nganh-cong-nghiep-dien-mat-troi-soi-dong.jpg 800w, https:\/\/webmaibinh.com\/w\/denled2011\/wp-content\/uploads\/2019\/12\/nganh-cong-nghiep-dien-mat-troi-soi-dong-510x319.jpg 510w, https:\/\/webmaibinh.com\/w\/denled2011\/wp-content\/uploads\/2019\/12\/nganh-cong-nghiep-dien-mat-troi-soi-dong-300x188.jpg 300w, https:\/\/webmaibinh.com\/w\/denled2011\/wp-content\/uploads\/2019\/12\/nganh-cong-nghiep-dien-mat-troi-soi-dong-768x480.jpg 768w\" sizes=\"(max-width: 800px) 100vw, 800px\" \/>  \t\t\t\t\t\t\t  \t\t\t\t\t\t\t  \t\t\t\t\t\t<\/div>\n  \t\t\t\t\t\t  \t\t\t\t\t<\/div>\n          \t\t\t\t\t<div class=\"box-text text-left\" >\n\t\t\t\t\t<div class=\"box-text-inner blog-post-inner\">\n\n\t\t\t\t\t\n\t\t\t\t\t\t\t\t\t\t<h5 class=\"post-title is-large \">L\u1eafp \u0111i\u1ec7n m\u1eb7t tr\u1eddi s\u1ebd \u0111\u01b0\u1ee3c tr\u1ea3 ti\u1ec1n \u0111i\u1ec7n ra sao?<\/h5>\n\t\t\t\t\t\t\t\t\t\t<div class=\"is-divider\"><\/div>\n\t\t\t\t\t\t\t\t\t\t<p class=\"from_the_blog_excerpt \">TTO &#8211; Ng\u01b0\u1eddi d\u00e2n \u1edf TP.HCM c\u0169ng nh\u01b0 c\u00e1c t\u1ec9nh mu\u1ed1n l\u1eafp \u0111i\u1ec7n m\u1eb7t tr\u1eddi li\u00ean h\u1ec7 ai, chi ph\u00ed ra sao, c\u00f3 \u0111\u01b0\u1ee3c h\u1ed7 tr\u1ee3 [...]\t\t\t\t\t<\/p>\n\t\t\t\t\t                    \n\t\t\t\t\t\n\t\t\t\t\t\n\t\t\t\t\t<\/div>\n\t\t\t\t\t<\/div>\n\t\t\t\t\t\t\t\t\t<\/div>\n\t\t\t\t<\/a>\n\t\t\t<\/div>\n\t\t<\/div>\n\t\t<div class=\"col post-item\" >\n\t\t\t<div class=\"col-inner\">\n\t\t\t<a href=\"https:\/\/webmaibinh.com\/w\/denled2011\/dien-mat-troi-ap-mai-dau-tu-chung-lai-cho-gia-mua-dien-moi\/\" class=\"plain\">\n\t\t\t\t<div class=\"box box-normal box-text-bottom box-blog-post has-hover\">\n            \t\t\t\t\t<div class=\"box-image\" >\n  \t\t\t\t\t\t<div class=\"image-zoom image-cover\" style=\"padding-top:65%;\">\n  \t\t\t\t\t\t\t<img width=\"640\" height=\"360\" src=\"https:\/\/webmaibinh.com\/w\/denled2011\/wp-content\/uploads\/2019\/12\/mien-nam-tang-toc-cac-du-an-dien-mat-troi-ap-mai-nha-1784.jpg\" class=\"attachment-original size-original wp-post-image\" alt=\"\" loading=\"lazy\" srcset=\"https:\/\/webmaibinh.com\/w\/denled2011\/wp-content\/uploads\/2019\/12\/mien-nam-tang-toc-cac-du-an-dien-mat-troi-ap-mai-nha-1784.jpg 640w, https:\/\/webmaibinh.com\/w\/denled2011\/wp-content\/uploads\/2019\/12\/mien-nam-tang-toc-cac-du-an-dien-mat-troi-ap-mai-nha-1784-510x287.jpg 510w, https:\/\/webmaibinh.com\/w\/denled2011\/wp-content\/uploads\/2019\/12\/mien-nam-tang-toc-cac-du-an-dien-mat-troi-ap-mai-nha-1784-300x169.jpg 300w\" sizes=\"(max-width: 640px) 100vw, 640px\" \/>  \t\t\t\t\t\t\t  \t\t\t\t\t\t\t  \t\t\t\t\t\t<\/div>\n  \t\t\t\t\t\t  \t\t\t\t\t<\/div>\n          \t\t\t\t\t<div class=\"box-text text-left\" >\n\t\t\t\t\t<div class=\"box-text-inner blog-post-inner\">\n\n\t\t\t\t\t\n\t\t\t\t\t\t\t\t\t\t<h5 class=\"post-title is-large \">\u0110i\u1ec7n m\u1eb7t tr\u1eddi \u00e1p m\u00e1i: \u0110\u1ea7u t\u01b0 ch\u1ef1ng l\u1ea1i ch\u1edd gi\u00e1 mua \u0111i\u1ec7n m\u1edbi<\/h5>\n\t\t\t\t\t\t\t\t\t\t<div class=\"is-divider\"><\/div>\n\t\t\t\t\t\t\t\t\t\t<p class=\"from_the_blog_excerpt \">TTO &#8211; Sau th\u1eddi gian ph\u00e1t tri\u1ec3n r\u1ea7m r\u1ed9, hi\u1ec7n nay vi\u1ec7c \u0111\u1ea7u t\u01b0 \u0111i\u1ec7n m\u1eb7t tr\u1eddi \u00e1p m\u00e1i t\u1ea1i khu v\u1ef1c ph\u00eda Nam c\u00f3 d\u1ea5u [...]\t\t\t\t\t<\/p>\n\t\t\t\t\t                    \n\t\t\t\t\t\n\t\t\t\t\t\n\t\t\t\t\t<\/div>\n\t\t\t\t\t<\/div>\n\t\t\t\t\t\t\t\t\t<\/div>\n\t\t\t\t<\/a>\n\t\t\t<\/div>\n\t\t<\/div>\n\t\t<div class=\"col post-item\" >\n\t\t\t<div class=\"col-inner\">\n\t\t\t<a href=\"https:\/\/webmaibinh.com\/w\/denled2011\/giai-phap-dien-nang-luong-mat-troi-cho-gia-dinh-hieu-qua\/\" class=\"plain\">\n\t\t\t\t<div class=\"box box-normal box-text-bottom box-blog-post has-hover\">\n            \t\t\t\t\t<div class=\"box-image\" >\n  \t\t\t\t\t\t<div class=\"image-zoom image-cover\" style=\"padding-top:65%;\">\n  \t\t\t\t\t\t\t<img width=\"640\" height=\"360\" src=\"https:\/\/webmaibinh.com\/w\/denled2011\/wp-content\/uploads\/2019\/12\/dien-mat-troi-15448808032971474723966.jpg\" class=\"attachment-original size-original wp-post-image\" alt=\"\" loading=\"lazy\" srcset=\"https:\/\/webmaibinh.com\/w\/denled2011\/wp-content\/uploads\/2019\/12\/dien-mat-troi-15448808032971474723966.jpg 640w, https:\/\/webmaibinh.com\/w\/denled2011\/wp-content\/uploads\/2019\/12\/dien-mat-troi-15448808032971474723966-510x287.jpg 510w, https:\/\/webmaibinh.com\/w\/denled2011\/wp-content\/uploads\/2019\/12\/dien-mat-troi-15448808032971474723966-300x169.jpg 300w\" sizes=\"(max-width: 640px) 100vw, 640px\" \/>  \t\t\t\t\t\t\t  \t\t\t\t\t\t\t  \t\t\t\t\t\t<\/div>\n  \t\t\t\t\t\t  \t\t\t\t\t<\/div>\n          \t\t\t\t\t<div class=\"box-text text-left\" >\n\t\t\t\t\t<div class=\"box-text-inner blog-post-inner\">\n\n\t\t\t\t\t\n\t\t\t\t\t\t\t\t\t\t<h5 class=\"post-title is-large \">Gi\u1ea3i ph\u00e1p \u0111i\u1ec7n n\u0103ng l\u01b0\u1ee3ng m\u1eb7t tr\u1eddi cho gia \u0111\u00ecnh hi\u1ec7u qu\u1ea3<\/h5>\n\t\t\t\t\t\t\t\t\t\t<div class=\"is-divider\"><\/div>\n\t\t\t\t\t\t\t\t\t\t<p class=\"from_the_blog_excerpt \">Trong nh\u1eefng n\u0103m g\u1ea7n \u0111\u00e2y, xu h\u01b0\u1edbng s\u1eed d\u1ee5ng\u00a0\u0111i\u1ec7n m\u1eb7t tr\u1eddi\u00a0kh\u00f4ng ch\u1ec9 ph\u1ed5 bi\u1ebfn tr\u00ean th\u1ebf gi\u1edbi m\u00e0 c\u00f2n lan r\u1ed9ng t\u1ea1i Vi\u1ec7t Nam. \u0110\u1eb7c bi\u1ec7t [...]\t\t\t\t\t<\/p>\n\t\t\t\t\t                    \n\t\t\t\t\t\n\t\t\t\t\t\n\t\t\t\t\t<\/div>\n\t\t\t\t\t<\/div>\n\t\t\t\t\t\t\t\t\t<\/div>\n\t\t\t\t<\/a>\n\t\t\t<\/div>\n\t\t<\/div>\n<\/div>\n<h4><span style=\"color: #0099ff; font-size: 100%;\">CHIA S\u1eba NHU C\u1ea6U C\u1ee6A B\u1ea0N<\/span><\/h4>\n<p>H\u00e3y li\u00ean h\u1ec7 v\u1edbi ch\u00fang t\u00f4i, m\u1ecdi mong mu\u1ed1n c\u1ee7a b\u1ea1n \u0111\u1ec1u \u0111\u01b0\u1ee3c l\u1eafng nghe.<\/p>\n<div class=\"row\"  id=\"row-1163816138\">\n\n\t<div id=\"col-1430879083\" class=\"col medium-2 small-12 large-2\"  >\n\t\t<div class=\"col-inner\"  >\n\t\t\t\n\t\t\t\n<a rel=\"noopener noreferrer\" href=\"tel:0983321699\" target=\"_blank\" class=\"button primary expand\"  style=\"border-radius:3px;\">\n    <span>0983.321.699<\/span>\n  <\/a>\n\n\t\t<\/div>\n\t\t\t<\/div>\n\n\t\n\n\t<div id=\"col-1910178087\" class=\"col medium-2 small-12 large-2\"  >\n\t\t<div class=\"col-inner\"  >\n\t\t\t\n\t\t\t\n<a rel=\"noopener noreferrer\" href=\"\/lien-he\/\" target=\"_blank\" class=\"button success lowercase expand\"  style=\"border-radius:3px;\">\n    <span>Li\u00ean h\u1ec7 t\u01b0 v\u1ea5n<\/span>\n  <\/a>\n\n\t\t<\/div>\n\t\t\t<\/div>\n\n\t\n<\/div>\n\t\t<\/div>\n\t\t\t<\/div>\n\n\t\n<\/div>\n\t\t<\/div>\n\n\t\t\n<style>\n#section_512279139 {\n  padding-top: 0px;\n  padding-bottom: 0px;\n}\n<\/style>\n\t<\/section>\n\t\n","protected":false},"excerpt":{"rendered":"","protected":false},"author":1,"featured_media":0,"parent":0,"menu_order":0,"comment_status":"closed","ping_status":"closed","template":"page-blank.php","meta":[],"_links":{"self":[{"href":"https:\/\/webmaibinh.com\/w\/denled2011\/wp-json\/wp\/v2\/pages\/1114"}],"collection":[{"href":"https:\/\/webmaibinh.com\/w\/denled2011\/wp-json\/wp\/v2\/pages"}],"about":[{"href":"https:\/\/webmaibinh.com\/w\/denled2011\/wp-json\/wp\/v2\/types\/page"}],"author":[{"embeddable":true,"href":"https:\/\/webmaibinh.com\/w\/denled2011\/wp-json\/wp\/v2\/users\/1"}],"replies":[{"embeddable":true,"href":"https:\/\/webmaibinh.com\/w\/denled2011\/wp-json\/wp\/v2\/comments?post=1114"}],"version-history":[{"count":13,"href":"https:\/\/webmaibinh.com\/w\/denled2011\/wp-json\/wp\/v2\/pages\/1114\/revisions"}],"predecessor-version":[{"id":1486,"href":"https:\/\/webmaibinh.com\/w\/denled2011\/wp-json\/wp\/v2\/pages\/1114\/revisions\/1486"}],"wp:attachment":[{"href":"https:\/\/webmaibinh.com\/w\/denled2011\/wp-json\/wp\/v2\/media?parent=1114"}],"curies":[{"name":"wp","href":"https:\/\/api.w.org\/{rel}","templated":true}]}}