{"id":264,"date":"2020-03-01T01:10:39","date_gmt":"2020-02-29T18:10:39","guid":{"rendered":"http:\/\/denled2.muathemewordpress.net\/?post_type=product&#038;p=264"},"modified":"2020-03-01T01:10:39","modified_gmt":"2020-02-29T18:10:39","slug":"den-chum-pha-le-bat-da-tu-nhien-ccp-7628-15","status":"publish","type":"product","link":"https:\/\/webmaibinh.com\/w\/denled12011\/den-chum-pha-le-bat-da-tu-nhien-ccp-7628-15\/","title":{"rendered":"\u0110\u00e8n Ch\u00f9m Pha L\u00ea B\u00e1t \u0110\u00e1 T\u1ef1 Nhi\u00ean CCP-7628-15"},"content":{"rendered":"<div>L\u1ea5y c\u1ea3m h\u1ee9ng t\u1eeb s\u1ef1 l\u00e3ng m\u1ea1n ng\u1ecdt ng\u00e0o \u0111\u00e8n ch\u00f9m pha l\u00ea n\u1ebfn \u0111\u01b0\u1ee3c sinh ra nh\u01b0 l\u00e0 \u0111\u1ec3 d\u00e0nh ri\u00eang cho nh\u1eefng ng\u01b0\u1eddi y\u00eau th\u00edch s\u1ef1 l\u00e3ng m\u1ea1n v\u1eady. N\u1ebfu b\u1ea1n c\u0169ng mu\u1ed1n h\u01b0\u1edbng \u0111\u1ebfn m\u1ed9t phong c\u00e1ch trang tr\u00ed n\u1ed9i th\u1ea5t l\u00e3ng m\u1ea1ng th\u00ec h\u00e3y c\u00f9ng Casani kh\u00e1m ph\u00e1 v\u1ebb \u0111\u1eb9p c\u1ee7a<strong> \u0110\u00e8n Ch\u00f9m Pha L\u00ea B\u00e1t \u0110\u00e1 T\u1ef1 Nhi\u00ean CCP-7628-15<\/strong> nh\u00e9!<\/div>\n<h2>Th\u00f4ng s\u1ed1 k\u1ef9 thu\u1eadt c\u1ee7a ch\u00f9m ch\u00f9m pha l\u00ea n\u1ebfn CCP -7628-15<\/h2>\n<ul>\n<li>T\u00ean s\u1ea3n ph\u1ea9m: \u0110\u00e8n Ch\u00f9m Pha L\u00ea B\u00e1t \u0110\u00e1 T\u1ef1 Nhi\u00ean CCP-7628-15<\/li>\n<li>M\u00e3 s\u1ea3n ph\u1ea9m: CCP-7628-15<\/li>\n<li>Xu\u1ea5t x\u1ee9: Nh\u1eadp Kh\u1ea9u<\/li>\n<li>Phong c\u00e1ch: ch\u00e2u \u00e2u, hi\u1ec7n \u0111\u1ea1i l\u00e3ng m\u1ea1n<\/li>\n<li>Ch\u1ea5t li\u1ec7u: pha l\u00ea<\/li>\n<li>M\u00e0u s\u1eafc: v\u00e0ng<\/li>\n<li>K\u00edch th\u01b0\u1edbc: D=1000mm<\/li>\n<li>B\u1ea3o h\u00e0nh: 12 th\u00e1ng<\/li>\n<li>Gi\u00e1 b\u00e1n: 21.800.000 VN\u0110<\/li>\n<li>Mi\u1ec5n ph\u00ed l\u1eafp \u0111\u1eb7t v\u00e0 v\u1eadn chuy\u1ec3n trong n\u1ed9i th\u00e0nh H\u00e0 N\u1ed9i<\/li>\n<\/ul>\n<h3>\u0110\u00e8n ch\u00f9m pha l\u00ea n\u1ebfn CCP-7628-15 v\u1edbi thi\u1ebft k\u1ebf l\u00e3ng m\u1ea1n<\/h3>\n<p><strong><a href=\"https:\/\/casani.vn\/den-chum-pha-le.html\">\u0110\u00e8n ch\u00f9m pha l\u00ea n\u1ebfn<\/a><\/strong> kh\u00f4ng mang trong m\u00ecnh c\u00e1i t\u00ean l\u00e3ng m\u1ea1n nh\u01b0ng ch\u00ednh c\u00e1ch thi\u1ebft k\u1ebf c\u1ee7a \u0111\u00e8n \u0111\u00e3 cho ng\u01b0\u1eddi nh\u00ecn th\u1ea5y \u0111\u01b0\u1ee3c v\u1ebb \u0111\u1eb9p l\u00e3ng m\u1ea1n trong \u0111\u00f3.<\/p>\n<p>V\u1edbi thi\u1ebft k\u1ebf ch\u1ee7 \u0111\u1ea1o l\u00e0 nh\u1eefng pha l\u00ea n\u1ebfn, s\u1ef1 lung linh c\u1ee7a nh\u1eefng vi\u00ean pha l\u00ea \u0111i k\u00e8m v\u1edbi n\u00f3 l\u00e0 b\u00f3ng \u0111\u00e8n \u0111\u01b0\u1ee3c thi\u1ebft k\u1ebf nh\u01b0 nh\u1eefng ng\u1ecdn n\u1ebfn l\u1ea5p l\u00e1nh l\u00e0m ng\u01b0\u1eddi ta li\u00ean t\u01b0\u1edfng \u0111\u1ebfn nh\u1eefng g\u00ec ng\u1ecdt ng\u00e0o nh\u1ea5t, l\u00e3ng m\u1ea1n nh\u1ea5t.<\/p>\n<p><img loading=\"lazy\" src=\"https:\/\/casani.vn\/img\/p\/den-chum-pha-le-bat-da-tu-nhien-ccp-7628-15-p599.jpg\" alt=\"\u0110\u00e8n Ch\u00f9m Pha L\u00ea B\u00e1t \u0110\u00e1 T\u1ef1 Nhi\u00ean CCP-7628-15\" width=\"600\" height=\"600\" \/><\/p>\n<p>C\u0169ng kh\u00f4ng ph\u1ea3i ng\u1eabu nhi\u00ean m\u00e0 \u0111\u00e8n l\u00e0 s\u1ef1 l\u1ef1a ch\u1ecdn s\u1ed1 1 c\u1ee7a nh\u1eefng ng\u01b0\u1eddi y\u00eau th\u00edch s\u1ef1 l\u00e3ng m\u1ea1n. V\u1edbi nh\u1eefng h\u1ea1t pha l\u00ea trang tr\u00ed t\u1ef1a gi\u1ecdt n\u01b0\u1edbc, v\u1edbi \u00e1nh s\u00e1ng lung linh t\u1eeb ng\u1ecdn n\u1ebfn th\u1ee7y tinh \u0111\u00e3 h\u00f4 bi\u1ebfn, l\u1ed9t x\u00e1c chi\u1ebfc \u0111\u00e8n \u1ea5y tr\u1edf n\u00ean quy\u1ebfn r\u0169 v\u00e0 truy\u1ec1n c\u1ea3m h\u01a1n.<\/p>\n<h2>\u0110\u00e8n Ch\u00f9m Pha L\u00ea B\u00e1t \u0110\u00e1 T\u1ef1 Nhi\u00ean CCP-7628-15 ch\u1ea5t l\u01b0\u1ee3ng b\u1ec1n b\u1ec9<\/h2>\n<p dir=\"ltr\">\u0110\u00e8n c\u00f3 k\u00edch th\u01b0\u1edbc l\u1edbn, nhi\u1ec1u b\u00f3ng \u0111\u00e8n c\u00f9ng v\u1edbi kh\u1ea3 n\u0103ng chi\u1ebfu s\u00e1ng c\u1ef1c t\u1ed1t c\u1ee7a pha l\u00ea \u0111\u00e3 mang \u0111\u1ebfn ngu\u1ed3n s\u00e1ng lan t\u1ecfa c\u1ea3 kh\u00f4ng gian r\u1ed9ng l\u1edbn. \u00c1nh s\u00e1ng \u1ee9ng d\u1ee5ng c\u00f4ng ngh\u1ec7 led n\u00ean mang \u0111\u1ebfn ngu\u1ed3n s\u00e1ng d\u1ecbu \u00eam ch\u1ee9 kh\u00f4ng h\u1ec1 n\u00f3ng b\u1ee9c v\u00e0 c\u00f3 h\u1ea1i cho s\u1ee9c kh\u1ecfe con ng\u01b0\u1eddi. Ch\u1ea5t li\u1ec7u m\u1eabu <strong>\u0111\u00e8n ch\u00f9m \u0111\u1eb9p<\/strong> n\u00e0y ch\u00ednh l\u00e0 pha l\u00ea n\u00ean c\u00f3 s\u1eed d\u1ee5ng l\u00e2u d\u00e0i th\u00ec \u0111\u00e8n v\u1eabn s\u00e1ng b\u00f3ng nh\u01b0 m\u1edbi v\u00e0 ho\u00e0n to\u00e0n kh\u00f4ng ph\u1ea3i lo l\u1eafng \u0111\u00e8n b\u1ecb tr\u1ea7y x\u01b0\u1edbc, hoen r\u1ec9 theo th\u1eddi gian. Ch\u1ec9 khi n\u00e0o b\u1ea1n mu\u1ed1n thay \u0111\u1ed5i sang phong c\u00e1ch thi\u1ebft k\u1ebf m\u1edbi th\u00ec \u0111\u00e8n m\u1edbi ph\u1ea3i b\u1ecf \u0111i m\u00e0 th\u00f4i.<\/p>\n<h3>\u0110\u1ecba ch\u1ec9 cung c\u1ea5p \u0111\u00e8n ch\u00f9m pha l\u00ea n\u1ebfn \u0111\u1eb9p ch\u1ea5t l\u01b0\u1ee3ng<\/h3>\n<p dir=\"ltr\">Si\u00eau th\u1ecb <strong><a href=\"https:\/\/casani.vn\/\">\u0111\u00e8n trang tr\u00ed<\/a><\/strong> Casani hi\u1ec7n \u0111ang l\u00e0 \u0111\u01a1n v\u1ecb cung c\u1ea5p v\u00e0 ph\u00e2n ph\u1ed1i t\u1ea5t c\u1ea3 c\u00e1c lo\u1ea1i \u0111\u00e8n trang tr\u00ed v\u1edbi \u0111a d\u1ea1ng phong c\u00e1ch thi\u1ebft k\u1ebf t\u1eeb c\u1ed5 \u0111i\u1ec3n, hi\u1ec7n \u0111\u1ea1i \u0111\u1ebfn l\u00e3ng m\u1ea1n v\u00e0 c\u00e1 t\u00ednh.<\/p>\n<p dir=\"ltr\">N\u1ebfu b\u1ea1n l\u00e0 ng\u01b0\u1eddi y\u00eau th\u00edch s\u1ef1 l\u00e3ng m\u1ea1n th\u00ec \u0110\u00e8n Ch\u00f9m Pha L\u00ea B\u00e1t \u0110\u00e1 T\u1ef1 Nhi\u00ean CCP-7628-15 ch\u00ednh l\u00e0 m\u1ed9t s\u1ea3n ph\u1ea9m d\u00e0nh ri\u00eang cho b\u1ea1n. \u0110\u1ec3 s\u1edf h\u1eefu s\u1ea3n ph\u1ea9m \u0111\u00e8n trang tr\u00ed n\u00e0y h\u00e3y li\u00ean h\u1ec7 v\u1edbi ch\u00fang t\u00f4i: <b>SI\u00caU TH\u1eca \u0110\u00c8N TRANG TR\u00cd CASANI &#8211; C\u00f4ng Ty C\u1ed5 Ph\u1ea7n ASP Vi\u1ec7t Nam<\/b><\/p>\n","protected":false},"excerpt":{"rendered":"<ul class=\"cc\">\n<li class=\"l\">M\u00e3 SP: CCP-7628-15<\/li>\n<li class=\"l\">B\u1ea3o h\u00e0nh: 12 Th\u00e1ng<\/li>\n<li>K\u00edch th\u01b0\u1edbc: D=1000mm<\/li>\n<li>T\u00ecnh tr\u1ea1ng: C\u00f2n h\u00e0ng<\/li>\n<\/ul>\n","protected":false},"featured_media":266,"comment_status":"open","ping_status":"closed","template":"","meta":[],"_links":{"self":[{"href":"https:\/\/webmaibinh.com\/w\/denled12011\/wp-json\/wp\/v2\/product\/264"}],"collection":[{"href":"https:\/\/webmaibinh.com\/w\/denled12011\/wp-json\/wp\/v2\/product"}],"about":[{"href":"https:\/\/webmaibinh.com\/w\/denled12011\/wp-json\/wp\/v2\/types\/product"}],"replies":[{"embeddable":true,"href":"https:\/\/webmaibinh.com\/w\/denled12011\/wp-json\/wp\/v2\/comments?post=264"}],"wp:featuredmedia":[{"embeddable":true,"href":"https:\/\/webmaibinh.com\/w\/denled12011\/wp-json\/wp\/v2\/media\/266"}],"wp:attachment":[{"href":"https:\/\/webmaibinh.com\/w\/denled12011\/wp-json\/wp\/v2\/media?parent=264"}],"curies":[{"name":"wp","href":"https:\/\/api.w.org\/{rel}","templated":true}]}}