{"id":260,"date":"2020-03-01T01:09:06","date_gmt":"2020-02-29T18:09:06","guid":{"rendered":"http:\/\/denled2.muathemewordpress.net\/?post_type=product&#038;p=260"},"modified":"2020-03-01T01:09:06","modified_gmt":"2020-02-29T18:09:06","slug":"den-chum-dong-ccd-1162-15","status":"publish","type":"product","link":"https:\/\/webmaibinh.com\/w\/denled12011\/den-chum-dong-ccd-1162-15\/","title":{"rendered":"\u0110\u00e8n Ch\u00f9m \u0110\u1ed3ng CCD-1162-15"},"content":{"rendered":"<p><b>\u0110\u00e8n Ch\u00f9m \u0110\u1ed3ng CCD-1162-15<\/b>\u00a0n\u1ed5i b\u1eadt \u1edf khung \u0111\u1ed3ng ch\u1eafc ch\u1eafn c\u00f9ng v\u1edbi b\u00e1t \u0111\u00e1 t\u1ef1 nhi\u00ean s\u00e1ng b\u00f3ng t\u1ea1o n\u00ean v\u1ebb \u0111\u1eb9p ri\u00eang bi\u1ebft cho m\u1eabu \u0111\u00e8n n\u00e0y. Ch\u00fang ta c\u00f9ng \u0111i t\u00ecm hi\u1ec3u c\u00e1c t\u00ednh n\u0103ng n\u1ed5i b\u1eadt c\u1ee7a s\u1ea3n ph\u1ea9m \u0111\u1ec3 hi\u1ec3u r\u00f5 h\u01a1n v\u1ec1 s\u1ea3n ph\u1ea9m v\u00e0 c\u00f4ng d\u1ee5ng.<\/p>\n<h2><b>Th\u00f4ng s\u1ed1 k\u0129 thu\u1eadt:<\/b><\/h2>\n<p>Lo\u1ea1i \u0111\u00e8n:\u00a0<b>\u0110\u00e8n ch\u00f9m\u00a0\u0111\u1ed3ng chao \u0111\u00e1<\/b><\/p>\n<div><img loading=\"lazy\" src=\"https:\/\/casani.vn\/img\/image\/1508898675012_41911.jpg\" alt=\"\u0110\u00e8n Ch\u00f9m \u0110\u1ed3ng CCD-1162-15\" width=\"600\" height=\"600\" \/><\/div>\n<div><\/div>\n<div><em>\u0110\u00e8n ch\u00f9m \u0111\u1eb9p hi\u1ec7n \u0111\u1ea1i<br \/>\n<\/em><\/div>\n<div><em>\u00a0<\/em><\/div>\n<p>Khung \u0111\u00e8n: Ch\u1eafc ch\u1eafn<\/p>\n<p>Ki\u1ec3u d\u00e1ng :\u00a0\u0110\u00e8n ch\u00f9m ki\u1ec3u d\u00e1ng tr\u00f2n h\u00ecnh gi\u00e1 n\u1ebfn c\u00e1ch \u0111i\u1ec7u<\/p>\n<p>Phong c\u00e1ch thi\u1ebft k\u1ebf: Sang tr\u1ecdng, hi\u1ec7n \u0111\u1ea1i<\/p>\n<p>\u00c1nh s\u00e1ng: Kh\u00f4ng ch\u00f3i l\u00f3a, th\u00e2n thi\u1ec7n<\/p>\n<p>Gi\u00e1 \u0111\u1ee1: gi\u00e1 \u0111\u1ee1 c\u1ee7a b\u1ed9 \u0111\u00e8n b\u1eb1ng \u0111\u1ed3ng c\u00f3 kh\u1ea3 n\u0103ng ch\u1ed1ng oxy h\u00f3a, g\u1ec9 s\u00e9t<\/p>\n<p>M\u00e0u \u0111\u00e8n:\u00a0M\u00e0u tr\u1eafng tinh t\u1ebf thanh l\u1ecbch<\/p>\n<p>V\u1ec7 sinh th\u00e1o d\u1ee1 : \u0110\u01a1n gi\u1ea3n, d\u1ec5 d\u00e0ng<\/p>\n<p>\u1ee8ng d\u1ee5ng: Trang tr\u00ed ph\u00f2ng kh\u00e1ch, bi\u1ec7t th\u1ef1, kh\u00e1ch s\u1ea1n\u2026c\u00e1c kh\u00f4ng gian c\u00f3 tr\u1ea7n cao.<\/p>\n<p><b>T\u00ednh n\u0103ng n\u1ed5i b\u1eadt:<\/b><b><\/b><\/p>\n<p>\u0110\u00e8n ch\u00f9m \u0111\u1ed3ng chao \u0111\u00e1 \u0111\u01b0\u1ee3c thi\u1ebft k\u1ebf b\u1edfi nh\u1eefng ngh\u1ec7 s\u0129 s\u1edf h\u1eefu \u0111\u00f4i b\u00e0n tay hoa ngh\u1ec7 thu\u1eadt. Mang l\u00ean m\u00ecnh m\u1ed9t m\u00e0u tr\u1eafng tinh khi\u1ebft c\u00e0ng t\u0103ng th\u00eam v\u1ebb sang tr\u1ecdng, hi\u1ec7n \u0111\u1ea1i cho c\u0103n ph\u00f2ng s\u1edf h\u1eefu s\u1ea3n ph\u1ea9m. \u0110\u00e8n ch\u00f9m \u0111\u1ed3ng chao \u0111\u00e1 nh\u1eadn \u0111\u01b0\u1ee3c 9\/10 \u0111i\u1ec3m t\u1eeb nh\u1eefng \u0111\u00e1nh gi\u00e1 c\u1ee7a kh\u00e1ch h\u00e0ng \u0111\u00e3 s\u1eed d\u1ee5ng s\u1ea3n ph\u1ea9m.<\/p>\n<p>B\u00ean c\u1ea1nh \u0111\u00f3, s\u1ea3n ph\u1ea9m s\u1eed d\u1ee5ng b\u00f3ng \u0111\u00e8n led. B\u00f3ng \u0111\u00e8n h\u00ecnh ng\u1ecdn n\u1ebfn gi\u00fap t\u0103ng th\u00eam v\u1ebb lung linh cho c\u0103n ph\u00f2ng v\u00e0 c\u00f2n trang b\u1ecb c\u00f4ng ngh\u1ec7 led gi\u00fap ti\u1ebft ki\u1ec7m ti\u00eau hao \u0111i\u1ec7n n\u0103ng m\u1ed9t c\u00e1ch \u0111\u00e1ng k\u1ec3. S\u1ea3n ph\u1ea9m \u0111\u01b0\u1ee3c b\u1ea3o h\u00e0nh l\u00ean \u0111\u1ebfn 12 th\u00e1ng v\u1edbi nh\u1eefng l\u1ed7i t\u1eeb nh\u00e0 s\u1ea3n xu\u1ea5t.<\/p>\n<h3><b>C\u00f9ng t\u00ecm hi\u1ec3u th\u00eam nhi\u1ec1u m\u1eabu s\u1ea3n ph\u1ea9m \u0111\u00e8n ch\u00f9m n\u1eefa t\u1ea1i Casani<br \/>\n<\/b><\/h3>\n<p>L\u00e0 m\u1ed9t doanh nghi\u1ec7p ho\u1ea1t \u0111\u1ed9ng h\u01a1n 10 n\u0103m trong l\u0129nh v\u1ef1c trang tr\u00ed thi\u1ebft k\u1ebf n\u1ed9i th\u1ea5t n\u00f3i chung v\u00e0 cung c\u1ea5p s\u1ea3n ph\u1ea9m \u0111\u00e8n trang tr\u00ed n\u00f3i ri\u00eang, v\u1edbi ch\u00fang\u00a0 t\u00f4i mang t\u1edbi cho kh\u00e1ch h\u00e0ng nh\u1eefng kh\u00f4ng gian s\u1ed1ng ch\u1ea5t l\u01b0\u1ee3ng, \u0111\u1ed9c \u0111\u00e1o v\u00e0 t\u00ecnh t\u1ebf l\u00e0 ti\u00eau ch\u00ed h\u00e0ng \u0111\u1ea7u.<\/p>\n<p>\u0110\u00e8n trang tr\u00ed\u00a0<b>Casani<\/b>\u00a0li\u00ean t\u1ee5c c\u1eadp nh\u1eadt nh\u1eefng m\u1eabu \u0111\u00e8n m\u1edbi nh\u1ea5t, ki\u1ec3u d\u00e1ng phong ph\u00fa, phong c\u00e1ch thi\u1ebft k\u1ebf \u0111a d\u1ea1ng\u2026.ph\u00f9 h\u1ee3p v\u1edbi m\u1ecdi kh\u00f4ng gian n\u1ed9i th\u1ea5t t\u1eeb sang tr\u1ecdng cao c\u1ea5p t\u1edbi tr\u1ebb trung \u0111\u01a1n gi\u1ea3n, t\u1eeb hi\u1ec7n \u0111\u1ea1i cho t\u1edbi c\u1ed5 \u0111i\u1ec3n\u2026H\u00e3y li\u00ean h\u1ec7 ngay v\u1edbi ch\u00fang t\u00f4i theo S\u0110T\u00a0<b>O965.69.8866<\/b>\u00a0\u00a0\u0111\u1ec3 \u0111\u01b0\u1ee3c t\u01b0 v\u1ea5n v\u00e0 l\u1ef1a ch\u1ecdn \u0111\u01b0\u1ee3c nh\u1eefng m\u1eabu \u0111\u00e8n trang tr\u00ed ph\u00f9 h\u1edbp nh\u1ea5t v\u1edbi kh\u00f4ng gian gia \u0111\u00ecnh b\u1ea1n.<\/p>\n","protected":false},"excerpt":{"rendered":"<ul class=\"cc\">\n<li class=\"l\">M\u00e3 SP: CCD-1162-15<\/li>\n<li class=\"l\">B\u1ea3o h\u00e0nh: 12 Th\u00e1ng<\/li>\n<li>K\u00edch th\u01b0\u1edbc: 100cm<\/li>\n<li>T\u00ecnh tr\u1ea1ng: C\u00f2n h\u00e0ng<\/li>\n<\/ul>\n","protected":false},"featured_media":261,"comment_status":"open","ping_status":"closed","template":"","meta":[],"_links":{"self":[{"href":"https:\/\/webmaibinh.com\/w\/denled12011\/wp-json\/wp\/v2\/product\/260"}],"collection":[{"href":"https:\/\/webmaibinh.com\/w\/denled12011\/wp-json\/wp\/v2\/product"}],"about":[{"href":"https:\/\/webmaibinh.com\/w\/denled12011\/wp-json\/wp\/v2\/types\/product"}],"replies":[{"embeddable":true,"href":"https:\/\/webmaibinh.com\/w\/denled12011\/wp-json\/wp\/v2\/comments?post=260"}],"wp:featuredmedia":[{"embeddable":true,"href":"https:\/\/webmaibinh.com\/w\/denled12011\/wp-json\/wp\/v2\/media\/261"}],"wp:attachment":[{"href":"https:\/\/webmaibinh.com\/w\/denled12011\/wp-json\/wp\/v2\/media?parent=260"}],"curies":[{"name":"wp","href":"https:\/\/api.w.org\/{rel}","templated":true}]}}