{"id":255,"date":"2020-03-01T01:06:41","date_gmt":"2020-02-29T18:06:41","guid":{"rendered":"http:\/\/denled2.muathemewordpress.net\/?post_type=product&#038;p=255"},"modified":"2020-03-01T01:19:30","modified_gmt":"2020-02-29T18:19:30","slug":"den-chum-bat-da-tu-nhien-ccp-2601-15","status":"publish","type":"product","link":"https:\/\/webmaibinh.com\/w\/denled12011\/den-chum-bat-da-tu-nhien-ccp-2601-15\/","title":{"rendered":"\u0110\u00e8n Ch\u00f9m B\u00e1t \u0110\u00e1 T\u1ef1 Nhi\u00ean CCP-2601"},"content":{"rendered":"<p dir=\"ltr\">Nh\u1eefng chi\u1ebfc \u0111\u00e8n ch\u00f9m ng\u00e0y nay \u0111\u01b0\u1ee3c thi\u1ebft k\u1ebf t\u1eeb nh\u1eefng v\u1eadt li\u1ec7u t\u1ed1t nh\u1ea5t v\u1edbi\u00a0 ki\u1ec3u d\u00e1ng \u1ea5n t\u01b0\u1ee3ng t\u1edbi t\u1eebng chi ti\u1ebft. V\u00e0 m\u1eabu \u0111\u00e8n \u0110\u00e8n Ch\u00f9m B\u00e1t \u0110\u00e1 T\u1ef1 Nhi\u00ean CCP-2601-15 l\u00e0 m\u1ed9t trong nh\u1eefng lo\u1ea1i \u0111\u00e8n hi\u1ec7n \u0111\u1ea1i ng\u00e0y nay s\u1edf h\u1eefu \u01b0u \u0111i\u1ec3m tr\u00ean. M\u1eddi qu\u00fd kh\u00e1ch c\u00f9ng Casani chi\u00eam ng\u01b0\u1ee1ng v\u1ebb \u0111\u1eb9p v\u00e0 c\u00f4ng n\u0103ng c\u1ee7a s\u1ea3n ph\u1ea9m.<\/p>\n<h2>Th\u00f4ng s\u1ed1 k\u1ef9 thu\u1eadt c\u1ee7a \u0111\u00e8n<\/h2>\n<p dir=\"ltr\">-M\u00e3 SP: CCP-2601-15<\/p>\n<p dir=\"ltr\">-K\u00edch th\u01b0\u1edbc: D1000mm<\/p>\n<p dir=\"ltr\">-M\u00e0u s\u1eafc: N\u00e2u, tr\u1eafng<\/p>\n<p dir=\"ltr\">-Ch\u1ea5t li\u1ec7u: Pha l\u00ea, h\u1ee3p kim cao c\u1ea5p, \u0111\u00e8n led<\/p>\n<p dir=\"ltr\">-B\u1ea3o h\u00e0nh: 12 Th\u00e1ng<\/p>\n<p dir=\"ltr\">-T\u00ecnh tr\u1ea1ng: \u0111\u1eb7t h\u00e0ng theo y\u00eau c\u1ea7u kh\u00e1ch h\u00e0ng<\/p>\n<p dir=\"ltr\">-Mi\u1ec5n ph\u00ed l\u1eafp \u0111\u1eb7t \u0111\u01a1n h\u00e0ng n\u1ed9i th\u00e0nh H\u00e0 N\u1ed9i.<\/p>\n<h2>\u0110\u00e8n Ch\u00f9m B\u00e1t \u0110\u00e1 T\u1ef1 Nhi\u00ean CCP-2601-15 mang v\u1ebb \u0111\u1eb9p cao c\u1ea5p<\/h2>\n<p dir=\"ltr\">\u0110\u00e8n Ch\u00f9m B\u00e1t \u0110\u00e1 T\u1ef1 Nhi\u00ean CCP-2601-15 l\u00e0 s\u1ea3n ph\u1ea9m v\u1edbi ki\u1ec3u d\u00e1ng phong ph\u00fa, thi\u1ebft k\u1ebf tinh t\u1ebf v\u1edbi 15 tay \u0111\u00e8n gi\u1ed1ng nh\u01b0 h\u00ecnh m\u1ed9t kh\u1ed1i tr\u00f2n xoay v\u1edbi h\u00ecnh kh\u1ed1i tr\u00f2n xung quanh. Tr\u00ean m\u1ed7i c\u00e1nh tay \u0111\u00e8n c\u00f3 treo nh\u1eefng s\u1ee3i d\u00e2y pha l\u00ea b\u1eaft m\u1eaft, l\u1ea5p l\u00e1nh. Chao \u0111\u00e8n x\u00f2e ra nh\u01b0 15 b\u00f4ng hoa n\u1edf r\u1ed9.<\/p>\n<p dir=\"ltr\">\u0110\u00e8n th\u1eafp s\u00e1ng nh\u1edd s\u1eed d\u1ee5ng nh\u1eefng b\u00f3ng led li\u1ec1n nhau n\u1ed1i th\u00e0nh m\u1ed9t v\u00f2ng tr\u00f2n c\u00e0ng l\u00e0m n\u1ed5i b\u1eadt l\u00ean v\u1ebb \u0111\u1eb9p c\u1ee7a \u0111\u00e8n m\u00e0 kh\u00f4ng m\u1ed9t \u0111\u00e8n n\u00e0o c\u00f3 th\u1ec3 c\u00f3 \u0111\u01b0\u1ee3c. Vi\u1ec7c s\u1eed d\u1ee5ng \u0110\u00e8n Ch\u00f9m B\u00e1t \u0110\u00e1 T\u1ef1 Nhi\u00ean CCP-2601-15 cho th\u1ea5y ch\u1ee7 nh\u00e2n l\u00e0 ng\u01b0\u1eddi sang tr\u1ecdng, t\u00ednh t\u1ebf, hi\u1ec7n \u0111\u1ea1i.<\/p>\n<h2>Ch\u1ea5t li\u1ec7u gia c\u00f4ng \u0110\u00e8n Ch\u00f9m B\u00e1t \u0110\u00e1 T\u1ef1 Nhi\u00ean CCP-2601-15<\/h2>\n<p dir=\"ltr\">M\u1eabu \u0111\u00e8n \u1ea5n t\u01b0\u1ee3ng n\u00e0y \u0111\u01b0\u1ee3c l\u00e0m t\u1eeb pha l\u00ea cao c\u1ea5p sen l\u1eabn \u0111\u00e8n led \u0111\u00e3 t\u1ea1o n\u00ean th\u01b0\u01a1ng hi\u1ec7u ri\u00eang c\u00f3 c\u1ee7a \u0111\u00e8n. Ngo\u00e0i ra nh\u1eefng thanh n\u1ed1i \u0111\u01b0\u1ee3c l\u00e0m b\u1eb1ng th\u00e9p kh\u00f4ng g\u1ec9, h\u1ee3p kim cao c\u1ea5p m\u1ea1 \u0111\u1ed3ng \u0111\u01b0\u1ee3c trang tr\u00ed \u0111\u1eb9p m\u1eaft, \u0111\u00e8n c\u00f3 nhi\u1ec1u \u1ee9ng d\u1ee5ng cao trong cu\u1ed9c s\u1ed1ng.<\/p>\n<p dir=\"ltr\">\u0110\u00e8n chi\u1ebfu s\u00e1ng m\u1ea1nh m\u1ebd, kho\u1ea3ng chi\u1ebfu s\u00e1ng r\u1ed9ng, tu\u1ed5i th\u1ecd c\u1ee7a \u0111\u00e8n cao v\u00e0 ti\u1ebft ki\u1ec7m cho ch\u1ee7 nh\u00e2n \u0111\u01b0\u1ee3c kho\u1ea3n chi ph\u00ed ti\u1ec1n \u0111i\u1ec7n c\u00f9ng chi ph\u00ed s\u1eeda ch\u1eefa kh\u00e1 nhi\u1ec1u. <a href=\"https:\/\/casani.vn\/\">\u0110\u00e8n trang tr\u00ed<\/a> CCP-2601-15 th\u00edch h\u1ee3p trang tr\u00ed trong ph\u00f2ng kh\u00e1ch, bi\u1ec7t th\u1ef1, chung c\u01b0 cao c\u1ea5p.<\/p>\n<h2>Mua \u0110\u00e8n Ch\u00f9m B\u00e1t \u0110\u00e1 T\u1ef1 Nhi\u00ean CCP-2601-15 \u1edf \u0111\u00e2u ch\u1ea5t l\u01b0\u1ee3ng?<\/h2>\n<p dir=\"ltr\">N\u1ebfu b\u1ea1n b\u0103n kho\u0103n kh\u00f4ng bi\u1ebft \u0111\u01a1n v\u1ecb n\u00e0o cung c\u1ea5p \u0110\u00e8n Ch\u00f9m B\u00e1t \u0110\u00e1 T\u1ef1 Nhi\u00ean CCP-2601-15 ch\u1ea5t l\u01b0\u1ee3ng v\u1edbi gi\u00e1 h\u1ee3p l\u00fd th\u00ec Casani ch\u00ednh l\u00e0 l\u1ef1a ch\u1ecdn d\u00e0nh cho b\u1ea1n. Ch\u00fang t\u00f4i s\u1ebd h\u1ed7 tr\u1ee3 mi\u1ec5n ph\u00ed l\u1eafp \u0111\u1eb7t trong n\u1ed9i th\u00e0nh H\u00e0 N\u1ed9i. H\u00e3y nhanh tay li\u00ean h\u1ec7 ngay v\u1edbi Casani \u0111\u1ec3 \u0111\u01b0\u1ee3c ch\u0103m s\u00f3c t\u1ed1t nh\u1ea5t.<\/p>\n","protected":false},"excerpt":{"rendered":"<ul class=\"cc\">\n<li class=\"l\">M\u00e3 SP: CCP-2601-15<\/li>\n<li class=\"l\">B\u1ea3o h\u00e0nh: 12 Th\u00e1ng<\/li>\n<li>K\u00edch th\u01b0\u1edbc: D=1000mm<\/li>\n<li>T\u00ecnh tr\u1ea1ng: C\u00f2n h\u00e0ng<\/li>\n<\/ul>\n","protected":false},"featured_media":256,"comment_status":"open","ping_status":"closed","template":"","meta":[],"_links":{"self":[{"href":"https:\/\/webmaibinh.com\/w\/denled12011\/wp-json\/wp\/v2\/product\/255"}],"collection":[{"href":"https:\/\/webmaibinh.com\/w\/denled12011\/wp-json\/wp\/v2\/product"}],"about":[{"href":"https:\/\/webmaibinh.com\/w\/denled12011\/wp-json\/wp\/v2\/types\/product"}],"replies":[{"embeddable":true,"href":"https:\/\/webmaibinh.com\/w\/denled12011\/wp-json\/wp\/v2\/comments?post=255"}],"wp:featuredmedia":[{"embeddable":true,"href":"https:\/\/webmaibinh.com\/w\/denled12011\/wp-json\/wp\/v2\/media\/256"}],"wp:attachment":[{"href":"https:\/\/webmaibinh.com\/w\/denled12011\/wp-json\/wp\/v2\/media?parent=255"}],"curies":[{"name":"wp","href":"https:\/\/api.w.org\/{rel}","templated":true}]}}