{"id":253,"date":"2020-03-01T01:05:49","date_gmt":"2020-02-29T18:05:49","guid":{"rendered":"http:\/\/denled2.muathemewordpress.net\/?post_type=product&#038;p=253"},"modified":"2020-03-01T01:05:49","modified_gmt":"2020-02-29T18:05:49","slug":"den-chum-dong-ccd-2092-8","status":"publish","type":"product","link":"https:\/\/webmaibinh.com\/w\/denled12011\/den-chum-dong-ccd-2092-8\/","title":{"rendered":"\u0110\u00e8n Ch\u00f9m \u0110\u1ed3ng CCD-2092-8"},"content":{"rendered":"<div>\n<p>M\u1eabu \u0111\u00e8n ch\u00f9m \u0111\u1ed3ng l\u00e0 s\u1ea3n ph\u1ea9m nh\u1eadn \u0111\u01b0\u1ee3c 9\/10 \u0111i\u1ec3m t\u1eeb kh\u00e1ch h\u00e0ng. B\u1edfi v\u1ebb \u0111\u1eb9p c\u1ee7a s\u1ea3n ph\u1ea9m gi\u00fap t\u00f4n l\u00ean v\u1ebb sang tr\u1ecdng, qu\u00fd ph\u00e1i cho c\u0103n ph\u00f2ng. \u0110\u1eb7c bi\u1ec7t l\u00e0 s\u1ea3n ph\u1ea9m \u0111\u00e8n ch\u00f9m \u0111\u1ed3ng CCD-2092-8 d\u01b0\u1edbi \u0111\u00e2y \u0111\u01b0\u1ee3c thi\u1ebft k\u1ebf \u0111a d\u1ea1ng ph\u00f9 h\u1ee3p v\u1edbi kh\u00f4ng gian di\u1ec7n t\u00edch c\u1ee7a t\u1eebng c\u0103n ph\u00f2ng.<\/p>\n<h2><strong>Thi\u1ebft k\u1ebf v\u01b0\u1ee3t tr\u1ed9i c\u1ee7a \u0111\u00e8n ch\u00f9m \u0111\u1ed3ng CCD \u2013 2092 &#8211; 8<\/strong><\/h2>\n<p><strong>Th\u00f4ng s\u1ed1 k\u0129 thu\u1eadt<\/strong>:\u00a0M\u00e3 SP CCD \u2013 2092 &#8211; 8<\/p>\n<p><strong>K\u00edch th\u01b0\u1edbc<\/strong><\/p>\n<div><strong>\u1ee8ng d\u1ee5ng<\/strong>: ph\u00f2ng kh\u00e1ch, ph\u00f2ng th\u1edd, bi\u1ec7t th\u1ef1, chung c\u01b0<\/p>\n<p>S\u1ea3n ph\u1ea9m \u0111\u00e8n ch\u00f9m m\u1ea1 \u0111\u1ed3ng CCD \u2013 2092-8 kho\u00e1c l\u00ean m\u00ecnh m\u1ed9t m\u00e0u v\u00e0ng \u0111\u1ed3ng sang tr\u1ecdng, qu\u00fd ph\u00e1i.<\/p>\n<\/div>\n<p><img src=\"https:\/\/casani.vn\/img\/image\/den-chum\/CCD-2092-8\/den-chum-dong-CCD-2092.jpg\" alt=\"\u0110\u00e8n Ch\u00f9m \u0110\u1ed3ng CCD-2092-8\" \/><\/div>\n<div>\n( M\u1eabu \u0111\u00e8n ch\u00f9m \u0111\u1ed3ng CCD-2092 &#8211; 6 tay )<br \/>\nS\u1ea3n ph\u1ea9m \u0111\u00e8n ch\u00f9m \u0111\u1ed3ng 6 tay gi\u00fap kh\u00e1ch h\u00e0ng c\u00f3 th\u1ec3 b\u00e0y ti\u1ebft ph\u00f9 h\u1ee3p cho ph\u00f2ng c\u00f3 kh\u00f4ng gian di\u1ec7n t\u00edch nh\u1ecf nh\u01b0 ph\u00f2ng ng\u1ee7 trong gia \u0111\u00ecnh.<\/p>\n<div><img src=\"https:\/\/casani.vn\/img\/image\/den-chum\/CCD-2092-8\/den-chum-dong-CCD-2092-2.jpg\" alt=\"\u0110\u00e8n Ch\u00f9m \u0110\u1ed3ng CCD-2092-8\" \/><\/div>\n<div>\n( M\u1eabu \u0111\u00e8n ch\u00f9m \u0111\u1ed3ng CCD-2092 &#8211; 10 tay )<br \/>\nTi\u1ebfp \u0111\u00f3, lo\u1ea1i \u0111\u00e8n th\u1ee9 2 g\u1ed3m 10 tay v\u1edbi 10 b\u00f3ng \u0111\u00e8n bao quanh theo h\u00ecnh tr\u00f2n c\u1ee7a khu\u00f4n tr\u1ee5 d\u1ecdc, ph\u00f9 h\u1ee3p v\u1edbi ph\u00f2ng kh\u00e1ch c\u00f3 kh\u00f4ng gian v\u1eeba tho\u1ea3i m\u00e1i.<\/p>\n<\/div>\n<div><img src=\"https:\/\/casani.vn\/img\/image\/den-chum\/CCD-2092-8\/den-chum-dong-CCD-2092-1.jpg\" alt=\"\u0110\u00e8n Ch\u00f9m \u0110\u1ed3ng CCD-2092-8\" \/><\/div>\n<div>\n( M\u1eabu \u0111\u00e8n ch\u00f9m \u0111\u1ed3ng CCD-2092 &#8211; 12 tay )<\/p>\n<div>Cu\u1ed1i c\u00f9ng l\u00e0 m\u1eabu \u0111\u00e8n ch\u00f9m \u0111\u1ed3ng 12 tay g\u1ed3m 8 tay bao quanh tr\u1ee5 v\u00e0 4 tay b\u00f3ng \u0111\u00e8n \u1edf tr\u00ean t\u1ea1o th\u00e0nh h\u00ecnh n\u00f3n c\u00e0ng l\u00e0m t\u00f4n th\u00eam v\u1ebb \u0111\u1eb9p cho c\u0103n ph\u00f2ng.<\/div>\n<div><\/div>\n<div>\n<div><img src=\"https:\/\/casani.vn\/img\/image\/den-chum\/CCD-2092-8\/den-chum-dong-CCD-2092-3.jpg\" alt=\"\u0110\u00e8n Ch\u00f9m \u0110\u1ed3ng CCD-2092-8\" \/><\/div>\n<div>\n<div>S\u1edf h\u1eefu nhi\u1ec1u k\u00edch th\u01b0\u1edbc v\u1edbi s\u1ed1 l\u01b0\u1ee3ng tai b\u00f3ng \u0111\u00e8n t\u00f9y \u00fd kh\u00e1ch h\u00e0ng l\u1ef1a ch\u1ecdn. Chi\u1ec1u d\u00e0i c\u1ee7a \u0111\u00e8n ch\u00f9m \u0111\u1ed3ng l\u00ean t\u1edbi 92cm c\u00f3 th\u1ec3 gi\u1ea3m xu\u1ed1ng t\u00f9y theo \u0111\u1ed9 cao c\u1ee7a c\u0103n ph\u00f2ng. S\u1edf h\u1eefu chi\u1ec1u ngang r\u1ed9ng 86cm v\u1edbi c\u00e1c b\u00f3ng \u0111\u00e8n bao quanh gi\u00fap \u0111\u1ea3m b\u1ea3o \u0111\u1ee7 l\u01b0\u1ee3ng \u00e1nh s\u00e1ng c\u1ea7n thi\u1ebft cho c\u0103n ph\u00f2ng.<\/div>\n<div>\n<h3><strong>T\u00ednh n\u0103ng n\u1ed5i b\u1eadt:<\/strong><\/h3>\n<p>\u0110\u00e8n ch\u00f9m \u0111\u1ed3ng\u00a0 \u0111\u01b0\u1ee3c thi\u1ebft k\u1ebf v\u1edbi nh\u1eefng h\u1ecda ti\u1ebft tinh s\u1ea3o. S\u1eed d\u1ee5ng b\u00f3ng \u0111\u00e8n led gi\u00fap gi\u1ea3m ti\u00eau hao \u0111i\u1ec7n n\u0103ng m\u1ed9t c\u00e1ch \u0111\u00e1ng k\u1ec3. B\u00ean c\u1ea1nh nh\u1eefng m\u1eabu \u0111\u00e8n ch\u00f9m \u0111\u1ed3ng c\u1ed5 \u0111i\u1ec3n, \u0111\u00e8n ch\u00f9m \u0111\u1ed3ng b\u00e2y gi\u1edd c\u00f2n \u0111\u01b0\u1ee3c k\u1ebft h\u1ee3p th\u00eam v\u1edbi nh\u1eefng v\u1eadt li\u1ec7u cao c\u1ea5p nh\u01b0 pha l\u00ea k9, th\u1ee7y tinh cao c\u1ea5p \u0111\u1ec3 l\u00e0m t\u0103ng th\u00eam v\u1ebb \u0111\u1eb9p cho s\u1ea3n ph\u1ea9m.\u00a0 Khu\u00f4n \u0111\u00e8n \u0111\u01b0\u1ee3c l\u00e0m b\u1eb1ng ch\u1ea5t li\u1ec7u m\u1ea1 \u0111\u1ed3ng gi\u00fap ch\u1ed1ng han g\u1ec9. S\u1ea3n ph\u1ea9m \u0111\u01b0\u1ee3c b\u1ea3o h\u00e0nh l\u00ean \u0111\u1ebfn 12 th\u00e1ng v\u1edbi nh\u1eefng l\u1ed7i t\u1eeb nh\u00e0 s\u1ea3n xu\u1ea5t.<\/p>\n<p><img loading=\"lazy\" src=\"https:\/\/casani.vn\/img\/image\/den-chum\/CCD-2092-8\/den-chum-dong-CCD-2092-4.jpg\" alt=\"\u0110\u00e8n Ch\u00f9m \u0110\u1ed3ng CCD-2092-8\" width=\"600\" height=\"1078\" \/><\/div>\n<div>\n<strong>Casani &#8211;\u00a0 th\u01b0\u01a1ng hi\u1ec7u n\u1ed5i ti\u1ebfng tr\u00ean th\u1ecb tr\u01b0\u1eddng \u0111\u00e8n trang tr\u00ed Vi\u1ec7t Nam<\/strong><\/p>\n<p>Ch\u00fang t\u00f4i cam k\u1ebft mang \u0111\u1ebfn ng\u01b0\u1eddi ti\u00eau d\u00f9ng nh\u1eefng s\u1ea3n ph\u1ea9m\u00a0<strong>\u0111\u00e8n ch<span style=\"color: #0000ff; font-family: Times New Roman;\">\u00f9m\u00a0<\/span><span style=\"color: #0000ff; font-family: Times New Roman;\">\u0111\u1ed3ng cao c\u1ea5p<\/span><\/strong>\u00a0ch\u1ea5t l\u01b0\u1ee3ng \u0111\u1ea1t chu\u1ea9n qu\u1ed1c t\u1ebf. Lu\u00f4n s\u1eb5n s\u00e0ng l\u1eafng nghe v\u00e0 gi\u1ea3i \u0111\u00e1p c\u00e1c v\u1ea5n \u0111\u1ec1 c\u1ee7a kh\u00e1ch h\u00e0ng khi l\u1ef1a ch\u1ecdn \u0111\u00e8n ch\u00f9m \u0111\u1ed3ng cho c\u0103n ph\u00f2ng c\u1ee7a m\u00ecnh. H\u00e3y l\u00ean h\u1ec7 v\u1edbi ch\u00fang t\u00f4i theo s\u1ed1\u00a0<strong>0965.69.8866<\/strong>\u00a0\u0111\u1ec3 \u0111\u01b0\u1ee3c t\u01b0 v\u1ea5n v\u00e0 gi\u1ea3i \u0111\u00e1p th\u1eafc m\u1eafc.<\/p>\n<\/div>\n<\/div>\n<\/div>\n<\/div>\n<\/div>\n","protected":false},"excerpt":{"rendered":"<ul class=\"cc\">\n<li class=\"l\">M\u00e3 SP: CCD-2092-8<\/li>\n<li class=\"l\">B\u1ea3o h\u00e0nh: 12 Th\u00e1ng<\/li>\n<li>K\u00edch th\u01b0\u1edbc: 80cm<\/li>\n<li>T\u00ecnh tr\u1ea1ng: C\u00f2n h\u00e0ng<\/li>\n<\/ul>\n","protected":false},"featured_media":254,"comment_status":"open","ping_status":"closed","template":"","meta":[],"_links":{"self":[{"href":"https:\/\/webmaibinh.com\/w\/denled12011\/wp-json\/wp\/v2\/product\/253"}],"collection":[{"href":"https:\/\/webmaibinh.com\/w\/denled12011\/wp-json\/wp\/v2\/product"}],"about":[{"href":"https:\/\/webmaibinh.com\/w\/denled12011\/wp-json\/wp\/v2\/types\/product"}],"replies":[{"embeddable":true,"href":"https:\/\/webmaibinh.com\/w\/denled12011\/wp-json\/wp\/v2\/comments?post=253"}],"wp:featuredmedia":[{"embeddable":true,"href":"https:\/\/webmaibinh.com\/w\/denled12011\/wp-json\/wp\/v2\/media\/254"}],"wp:attachment":[{"href":"https:\/\/webmaibinh.com\/w\/denled12011\/wp-json\/wp\/v2\/media?parent=253"}],"curies":[{"name":"wp","href":"https:\/\/api.w.org\/{rel}","templated":true}]}}