{"id":204,"date":"2020-03-01T00:43:29","date_gmt":"2020-02-29T17:43:29","guid":{"rendered":"http:\/\/denled2.muathemewordpress.net\/?post_type=product&#038;p=204"},"modified":"2020-03-01T00:43:29","modified_gmt":"2020-02-29T17:43:29","slug":"den-mam-op-tran-cho-be-cmb-1930","status":"publish","type":"product","link":"https:\/\/webmaibinh.com\/w\/denled12011\/den-mam-op-tran-cho-be-cmb-1930\/","title":{"rendered":"\u0110\u00e8n m\u00e2m \u1ed1p tr\u1ea7n cho b\u00e9 CMB-1930"},"content":{"rendered":"<p dir=\"ltr\">\u0110\u00e8n m\u00e2m \u1ed1p tr\u1ea7n cho b\u00e9 l\u00e0 s\u1ea3n ph\u1ea9m hi\u1ec7n \u0111ang \u0111\u01b0\u1ee3c r\u1ea5t nhi\u1ec1u ph\u1ee5 huynh t\u00ecm ki\u1ebfm \u0111\u1ec3 l\u1ef1a ch\u1ecdn cho ph\u00f2ng ng\u1ee7 c\u1ee7a con m\u00ecnh. T\u1ea1i showroom c\u1ee7a Casani, ch\u00fang t\u00f4i \u0111\u01b0\u1ee3c ti\u1ebfp \u0111\u00f3n r\u1ea5t nhi\u1ec1u gia \u0111\u00ecnh \u0111\u1ebfn ch\u1ecdn mua nh\u1eefng m\u1eabu \u0111\u00e8n trang tr\u00ed nh\u01b0 v\u1eady. H\u00f4m nay, ch\u00fang t\u00f4i xin \u0111\u01b0\u1ee3c gi\u1edbi thi\u1ec7u s\u1ea3n ph\u1ea9m\u00a0\u0110\u00e8n m\u00e2m \u1ed1p tr\u1ea7n cho b\u00e9\u00a0CMB-1930 &#8211; m\u1ed9t s\u1ea3n ph\u1ea9m \u0111\u01b0\u1ee3c r\u1ea5t nhi\u1ec1u b\u1eadc cha m\u1eb9 kh\u00e1c l\u1ef1a ch\u1ecdn cho c\u0103n ph\u00f2ng c\u1ee7a con m\u00ecnh.<\/p>\n<p dir=\"ltr\">Th\u00f4ng tin s\u1ea3n ph\u1ea9m<\/p>\n<ul>\n<li dir=\"ltr\">\n<p dir=\"ltr\" role=\"presentation\">M\u00e3 SP: CMB-1930<\/p>\n<\/li>\n<\/ul>\n<ul>\n<li dir=\"ltr\">\n<p dir=\"ltr\" role=\"presentation\">B\u1ea3o h\u00e0nh: 12 Th\u00e1ng<\/p>\n<\/li>\n<li dir=\"ltr\">\n<p dir=\"ltr\" role=\"presentation\">K\u00edch th\u01b0\u1edbc: 55cm*45cm<\/p>\n<\/li>\n<li dir=\"ltr\">\n<p dir=\"ltr\" role=\"presentation\">Xu\u1ea5t x\u1ee9: 100% nh\u1eadp kh\u1ea9u<\/p>\n<\/li>\n<li dir=\"ltr\">\n<p dir=\"ltr\" role=\"presentation\">T\u00ecnh tr\u1ea1ng: C\u00f2n h\u00e0ng<\/p>\n<\/li>\n<\/ul>\n<h2>H\u00ecnh d\u00e1ng cung tr\u0103ng \u0111\u00e1ng y\u00eau c\u1ee7a \u0111\u00e8n m\u00e2m CMB-1930<\/h2>\n<p dir=\"ltr\">Qu\u00fd kh\u00e1ch c\u00f3 th\u1ec3 d\u1ec5 d\u00e0ng th\u1ea5y \u0111\u00e8n m\u00e2m \u1ed1p tr\u1ea7n cho b\u00e9 CMB-1930 \u0111\u01b0\u1ee3c thi\u1ebft k\u1ebf kh\u00e9o l\u00e9o v\u1edbi h\u00ecnh d\u1ea1ng b\u00e1n nguy\u1ec7t k\u1ebft h\u1ee3p th\u00eam m\u1ed9t ng\u00f4i sao. \u0110\u00e8n m\u00e2m h\u00ecnh b\u00e1n nguy\u1ec7t CMB-1930 v\u1eeba s\u1edf h\u1eefu n\u00e9t ng\u1ed9 ngh\u0129nh, d\u1ec5 th\u01b0\u01a1ng v\u1eeba t\u1ea1o c\u1ea3m gi\u00e1c th\u00e2n quen khi gi\u00fap b\u00e9 li\u00ean t\u01b0\u1edfng \u0111\u1ebfn b\u1ea7u tr\u1eddi ban \u0111\u00eam v\u1eeba c\u00f3 nh\u1eefng v\u00ec sao, v\u1eeba c\u00f3 \u00e1nh tr\u0103ng th\u00e2n thu\u1ed9c.<\/p>\n<p dir=\"ltr\">V\u1edbi c\u00e1ch t\u1ea1o h\u00ecnh n\u00e0y, \u0111\u00e8n m\u00e2m CMB-1930 ph\u00f9 h\u1ee3p v\u1edbi m\u1ecdi \u0111\u1ed1i t\u01b0\u1ee3ng tr\u1ebb em d\u00f9 l\u00e0 b\u00e9 nam hay n\u1eef. K\u1ebft h\u1ee3p th\u00eam vi\u1ec7c trang tr\u00ed c\u0103n ph\u00f2ng c\u1ee7a b\u00e9 ph\u00f9 h\u1ee3p v\u1edbi thi\u1ebft k\u1ebf c\u1ee7a \u0111\u00e8n s\u1ebd khi\u1ebfn ph\u00f2ng tr\u1edf n\u00ean m\u1edbi l\u1ea1, \u0111\u1eb7c s\u1eafc h\u01a1n, gi\u00fap b\u00e9 k\u00edch th\u00edch th\u00eam \u0111\u01b0\u1ee3c tr\u00ed t\u01b0\u1edfng t\u01b0\u1ee3ng, s\u00e1ng t\u1ea1o c\u1ee7a m\u00ecnh.<\/p>\n<p dir=\"ltr\"><img src=\"https:\/\/casani.vn\/img\/p\/den-mam-op-tran-cho-be-cmb-1930-p1029.jpg\" alt=\"\u0110\u00e8n m\u00e2m \u1ed1p tr\u1ea7n cho b\u00e9 CMB-1930\" \/><\/p>\n<h2>T\u00ednh n\u0103ng \u01b0u vi\u1ec7t c\u1ee7a \u0111\u00e8n m\u00e2m CMB-1930<\/h2>\n<h3><em>\u00c1nh s\u00e1ng d\u1ecbu nh\u1eb9<\/em><\/h3>\n<p dir=\"ltr\">V\u00ec l\u00e0 lo\u1ea1i\u00a0\u0111\u00e8n m\u00e2m\u00a0d\u00f9ng \u0111\u1ec3 l\u1eafp \u0111\u1eb7t trong ph\u00f2ng c\u1ee7a tr\u1ebb em n\u00ean \u00e1nh s\u00e1ng l\u00e0 y\u1ebfu t\u1ed1 \u0111\u01b0\u1ee3c ch\u00fang t\u00f4i r\u1ea5t quan t\u00e2m. V\u1edbi h\u1ec7 th\u1ed1ng b\u00f3ng LED c\u00f3 c\u00f4ng su\u1ea5t ti\u00eau th\u1ee5 th\u1ea5p, c\u01b0\u1eddng \u0111\u1ed9 \u00e1nh s\u00e1ng ph\u00e1t ra kh\u00f4ng qu\u00e1 g\u1eaft, kh\u00f4ng g\u00e2y kh\u00f3 ch\u1ecbu \u0111\u1ed1i v\u1edbi m\u1eaft c\u1ee7a tr\u1ebb. Th\u00eam n\u1eefa l\u00e0 t\u00ednh n\u0103ng c\u00f3 th\u1ec3 thay \u0111\u1ed5i \u00e1nh s\u00e1ng theo c\u00e1c m\u00e0u nh\u01b0 m\u00e0u v\u00e0ng, m\u00e0u tr\u1eafng hay m\u00e0u trung t\u00ednh v\u1eeba t\u1ea1o n\u00ean s\u1ef1 \u0111a d\u1ea1ng \u00e1nh s\u00e1ng, v\u1eeba gi\u00fap \u0111i\u1ec1u ti\u1ebft \u0111\u00f4i m\u1eaft v\u1edbi lo\u1ea1i \u00e1nh s\u00e1ng ph\u00f9 h\u1ee3p n\u00e0o.<\/p>\n<h3><em><strong>Ch\u1ea5t li\u1ec7u s\u1ea3n xu\u1ea5t cao c\u1ea5p, b\u1ec1n b\u1ec9<\/strong><\/em><\/h3>\n<p dir=\"ltr\">V\u1edbi m\u1ee9c gi\u00e1 \u0111ang \u0111\u01b0\u1ee3c b\u00e1n t\u1ea1i showroom c\u1ee7a Casani, ch\u00fang t\u00f4i cam k\u1ebft mang \u0111\u1ebfn cho c\u0103n ph\u00f2ng c\u1ee7a b\u00e9 m\u1ed9t s\u1ea3n ph\u1ea9m \u0111\u00e8n m\u00e2m \u1ed1p tr\u1ea7n v\u1edbi ch\u1ea5t l\u01b0\u1ee3ng t\u1ed1t nh\u1ea5t. To\u00e0n b\u1ed9 khung \u0111\u00e8n m\u00e2m CMB-1930 \u0111\u01b0\u1ee3c l\u00e0m t\u1eeb lo\u1ea1i h\u1ee3p kim ch\u1eafc ch\u1eafn, c\u00f3 kh\u1ea3 n\u0103ng ch\u1ed1ng oxy h\u00f3a c\u1ef1c t\u1ed1t.\u00a0Ph\u1ea7n b\u1ec1 m\u1eb7t \u0111\u00e8n \u0111\u01b0\u1ee3c l\u00e0m t\u1eeb l\u1edbp nh\u1ef1a cao c\u1ea5p c\u00f3 \u0111\u1ed9 an to\u00e0n cao v\u1edbi ng\u01b0\u1eddi d\u00f9ng, gi\u00fap chi\u1ebfc \u0111\u00e8n m\u00e2m ph\u00f2ng ng\u1ee7 n\u00e0y tr\u1edf n\u00ean nh\u1eb9 h\u01a1n c\u0169ng nh\u01b0 gi\u00e1 th\u00e0nh r\u1ebb h\u01a1n n\u1ebfu so v\u1edbi vi\u1ec7c s\u1eed d\u1ee5ng lo\u1ea1i v\u1eadt li\u1ec7u kh\u00e1c.<\/p>\n<p dir=\"ltr\">C\u00f2n ch\u1ea7n ch\u1edd g\u00ec n\u1eefa m\u00e0 kh\u00f4ng \u0111\u1ebfn v\u1edbi showroom c\u1ee7a Casani \u0111\u1ec3 nhanh ch\u00f3ng mang v\u1ec1 cho b\u00e9 nh\u00e0 m\u00ecnh m\u1eabu \u0111\u00e8n m\u00e2m \u1ed1p tr\u1ea7n d\u1ec5 th\u01b0\u01a1ng n\u00e0y. Kh\u00f4ng ch\u1ec9 c\u00f3 m\u1ed7i chi\u1ebfc \u0111\u00e8n m\u00e2m CMB-1930 v\u1edbi h\u00ecnh d\u00e1ng b\u00e1n nguy\u1ec7t, ch\u00fang t\u00f4i c\u00f2n b\u00e0y b\u00e1n nhi\u1ec1u\u00a0m\u1eabu \u0111\u00e8n trang tr\u00ed cho ph\u00f2ng ng\u1ee7 c\u1ee7a tr\u1ebb\u00a0v\u1edbi nhi\u1ec1u m\u1eabu thi\u1ebft k\u1ebf \u0111\u00e1ng y\u00eau, h\u1ea5p d\u1eabn h\u01a1n.<\/p>\n<p dir=\"ltr\">H\u00e3y li\u00ean h\u1ec7 v\u1edbi Casani theo th\u00f4ng tin b\u00ean d\u01b0\u1edbi \u0111\u1ec3 \u0111\u01b0\u1ee3c bi\u1ebft th\u00eam chi ti\u1ebft h\u01a1n v\u1ec1 s\u1ea3n ph\u1ea9m \u0111\u00e8n m\u00e2m \u1ed1p tr\u1ea7n CMB-1930.<\/p>\n","protected":false},"excerpt":{"rendered":"<ul class=\"cc\">\n<li class=\"l\">M\u00e3 SP: CMB-1930<\/li>\n<li class=\"l\">B\u1ea3o h\u00e0nh: 12 Th\u00e1ng<\/li>\n<li>K\u00edch th\u01b0\u1edbc: 55cm*45cm<\/li>\n<li>T\u00ecnh tr\u1ea1ng: C\u00f2n h\u00e0ng<\/li>\n<\/ul>\n","protected":false},"featured_media":205,"comment_status":"open","ping_status":"closed","template":"","meta":[],"_links":{"self":[{"href":"https:\/\/webmaibinh.com\/w\/denled12011\/wp-json\/wp\/v2\/product\/204"}],"collection":[{"href":"https:\/\/webmaibinh.com\/w\/denled12011\/wp-json\/wp\/v2\/product"}],"about":[{"href":"https:\/\/webmaibinh.com\/w\/denled12011\/wp-json\/wp\/v2\/types\/product"}],"replies":[{"embeddable":true,"href":"https:\/\/webmaibinh.com\/w\/denled12011\/wp-json\/wp\/v2\/comments?post=204"}],"wp:featuredmedia":[{"embeddable":true,"href":"https:\/\/webmaibinh.com\/w\/denled12011\/wp-json\/wp\/v2\/media\/205"}],"wp:attachment":[{"href":"https:\/\/webmaibinh.com\/w\/denled12011\/wp-json\/wp\/v2\/media?parent=204"}],"curies":[{"name":"wp","href":"https:\/\/api.w.org\/{rel}","templated":true}]}}