{"id":202,"date":"2020-03-01T00:42:40","date_gmt":"2020-02-29T17:42:40","guid":{"rendered":"http:\/\/denled2.muathemewordpress.net\/?post_type=product&#038;p=202"},"modified":"2020-03-01T00:42:40","modified_gmt":"2020-02-29T17:42:40","slug":"den-mam-hien-dai-cmh8804-8","status":"publish","type":"product","link":"https:\/\/webmaibinh.com\/w\/denled12011\/den-mam-hien-dai-cmh8804-8\/","title":{"rendered":"\u0110\u00e8n m\u00e2m hi\u1ec7n \u0111\u1ea1i CMH8804-8"},"content":{"rendered":"<p dir=\"ltr\">Nh\u1eefng m\u1eabu \u0111\u00e8n m\u00e2m hi\u1ec7n \u0111\u1ea1i t\u1ea1i th\u1ebf gi\u1edbi \u0111\u00e8n Casani lu\u00f4n mang t\u1edbi c\u1ea3m gi\u00e1c b\u1eaft m\u1eaft v\u00e0 \u0111\u00fang theo xu h\u01b0\u1edbng n\u1ed9i th\u1ea5t th\u00f4ng minh. H\u00e3y c\u00f9ng \u0111\u1ebfn v\u1edbi thi\u1ebft k\u1ebf \u0111\u00e8n m\u00e2m CMH8804-8 \u0111\u1ec3 th\u1ea5y r\u00f5 h\u01a1n \u0111\u01b0\u1ee3c \u0111i\u1ec1u n\u00e0y.<\/p>\n<h2>Th\u00f4ng s\u1ed1 k\u1ef9 thu\u1eadt \u0110\u00e8n m\u00e2m hi\u1ec7n \u0111\u1ea1i CMH8804-8<\/h2>\n<p dir=\"ltr\">&#8211; M\u00e3 s\u1ea3n ph\u1ea9m: CMH8804-8<\/p>\n<p dir=\"ltr\">&#8211; K\u00edch th\u01b0\u1edbc: D=800mm<\/p>\n<p dir=\"ltr\">&#8211; Ch\u1ebf \u0111\u1ed9 \u00e1nh s\u00e1ng : 3 m\u00e0u<\/p>\n<p dir=\"ltr\">&#8211; B\u1ea3o h\u00e0nh: 12 th\u00e1ng<\/p>\n<p dir=\"ltr\">&#8211; T\u00ednh ngh\u1ec7 thu\u1eadt: thi\u1ebft k\u1ebf \u1ea5n t\u01b0\u1ee3ng, hi\u1ec7n \u0111\u1ea1i. S\u1eed d\u1ee5ng h\u1ec7 th\u1ed1ng \u0111\u00e8n Led c\u00f4ng ngh\u1ec7 cao l\u00e0m n\u1ed5i b\u1eadt nh\u1eefng vi\u00ean pha l\u00ea l\u1ea5p l\u00e1nh.<br \/>\n\u0110\u1eb7c \u0111i\u1ec3m n\u1ed5i b\u1eadt c\u1ee7a m\u1eabu \u0111\u00e8n m\u00e2m hi\u1ec7n \u0111\u1ea1i CMH8804-8<\/p>\n<p dir=\"ltr\">M\u1eabu <strong>\u0111\u00e8n m\u00e2m hi\u1ec7n \u0111\u1ea1i<\/strong> CMH8804-8 \u0111\u01b0\u1ee3c thi\u1ebft k\u1ebf d\u01b0\u1edbi d\u00e1ng v\u1ebb l\u00e0 m\u1ed9t b\u00f4ng hoa s\u00e1ng l\u1ea5p l\u00e1nh. Thi\u1ebft k\u1ebf \u1ea5n t\u01b0\u1ee3ng mang h\u01a1i h\u01b0\u1edbng ph\u00f3ng kho\u00e1ng v\u00e0 v\u00f4 c\u00f9ng tinh t\u1ebf. V\u1edbi m\u1eabu thi\u1ebft k\u1ebf \u0111\u00e8n n\u00e0y kh\u00f4ng gian c\u1ee7a nh\u00e0 b\u1ea1n s\u1ebd tr\u1edf n\u00ean th\u1eddi th\u01b0\u1ee3ng h\u01a1n r\u1ea5t ph\u00f9 h\u1ee3p v\u1edbi nh\u1eefng gia ch\u1ee7 mu\u1ed1n th\u1ec3 hi\u1ec7n \u0111\u1eb3ng c\u1ea5p ri\u00eang trong c\u0103n ph\u00f2ng nh\u00e0 m\u00ecnh. Nh\u1eefng c\u00e1nh hoa \u0111\u01b0\u1ee3c t\u1ea1o h\u00ecnh t\u1ec9 m\u1ec9 x\u1ebfp li\u1ec1n k\u1ec1 nhau t\u1ea1o ra m\u1ed9t b\u00f4ng hoa nh\u01b0 \u0111ang t\u1ecfa h\u01b0\u01a1ng khoe s\u1eafc tr\u00ean tr\u1ea7n nh\u00e0. V\u1edbi m\u1eabu \u0111\u00e8n m\u00e2m hi\u1ec7n \u0111\u1ea1i CMH8804-8 n\u00e0y b\u1ea1n ho\u00e0n to\u00e0n c\u00f3 th\u1ec3 n\u00e2ng t\u1ea7m c\u1ea3 kh\u00f4ng gian n\u1ebfu bi\u1ebft c\u00e1ch l\u1ef1a ch\u1ecdn c\u00e1c m\u00f3n \u0111\u1ed3 n\u1ed9i th\u1ea5t kh\u00e1c.<\/p>\n<p dir=\"ltr\">\u0110i\u1ec3m n\u1ed5i b\u1eadt ti\u1ebfp theo c\u1ee7a m\u1eabu <strong>\u0111\u00e8n m\u00e2m<\/strong> hi\u1ec7n \u0111\u1ea1i n\u00e0y \u0111\u00f3 ch\u00ednh l\u00e0 h\u1ec7 th\u1ed1ng \u0111\u00e8n Led chi\u1ebfu s\u00e1ng l\u00ean nh\u1eefng c\u00e1nh hoa \u0111\u00e8n v\u00e0 nh\u1eefng vi\u00ean pha l\u00ea th\u1ee7y tinh t\u1ea1o ra s\u1ef1 lung linh kh\u00f3 c\u01b0\u1ee1ng trong kh\u00f4ng gian. \u00c1nh s\u00e1ng \u0111\u00e8n Led c\u1ee7a \u0111\u00e8n m\u00e2m hi\u1ec7n \u0111\u1ea1i CMH8804-8 \u0111\u01b0\u1ee3c s\u1ea3n xu\u1ea5t b\u1eb1ng c\u00f4ng ngh\u1ec7 hi\u1ec7n \u0111\u1ea1i kh\u00f4ng ch\u1ee9a tia UV v\u00e0 c\u00e1c ch\u1ea5t \u0111\u1ed9c h\u1ea1i do \u0111\u00f3 th\u00e2n thi\u1ec7n v\u1edbi m\u00f4i tr\u01b0\u1eddng v\u00e0 an to\u00e0n cho ng\u01b0\u1eddi s\u1eed d\u1ee5ng.<\/p>\n<p dir=\"ltr\">B\u1ea1n lo l\u1eafng r\u1eb1ng \u0111\u00e8n s\u1ebd t\u1ed1n nhi\u1ec1u \u0111i\u1ec7n \u01b0. \u0110\u1eebng lo, v\u00ec \u0111\u00e2y l\u00e0 m\u1eabu \u0111\u00e8n c\u00f3 kh\u1ea3 n\u0103ng t\u1ed1i \u01b0u h\u00f3a m\u1ee9c ti\u00eau th\u1ee5 \u0111i\u1ec7n n\u0103ng, ti\u1ebft ki\u1ec7m l\u00ean t\u1edbi 80% so v\u1edbi nh\u1eefng lo\u1ea1i \u0111\u00e8n th\u00f4ng th\u01b0\u1eddng. B\u1edfi \u01b0u \u0111i\u1ec3m n\u00e0y m\u00e0 r\u1ea5t nhi\u1ec1u gia ch\u1ee7 t\u00ecm t\u1edbi m\u1ed9t m\u1eabu \u0111\u00e8n chi\u1ebfu s\u00e1ng ti\u1ebft ki\u1ec7m \u0111i\u1ec7n n\u0103ng l\u1ea1i c\u00f3 kh\u1ea3 n\u0103ng mang l\u1ea1i n\u00e9t th\u1ea9m m\u1ef9 cao cho c\u0103n ph\u00f2ng.<\/p>\n<p dir=\"ltr\"><img src=\"https:\/\/casani.vn\/img\/image\/den-hien-dai\/8804\/8804-2.jpg\" alt=\"\u0110\u00e8n m\u00e2m hi\u1ec7n \u0111\u1ea1i CMH8804-8\" \/><\/p>\n<p dir=\"ltr\">\u1ee8ng d\u1ee5ng c\u1ee7a \u0111\u00e8n m\u00e2m hi\u1ec7n \u0111\u1ea1i CMH8804-8: V\u1edbi k\u00edch th\u01b0\u1edbc D=800mm b\u1ea1n c\u00f3 th\u1ec3 s\u1eed d\u1ee5ng \u0111\u00e8n trong kh\u00f4ng gian ph\u00f2ng kh\u00e1ch c\u00f3 di\u1ec7n t\u00edch v\u1eeba ph\u1ea3i. N\u00ean l\u1eafp \u0111\u1eb7t \u0111\u00e8n t\u1ea1i v\u1ecb tr\u00ed trung t\u00e2m tr\u1ea7n nh\u00e0 \u0111\u1ec3 \u00e1nh s\u00e1ng c\u00f3 th\u1ec3 lan t\u1ecfa xung quanh mang l\u1ea1i \u00e1nh s\u00e1ng \u0111\u1ebfn m\u1ecdi n\u01a1i.<\/p>\n<h2>Mua \u0111\u00e8n m\u00e2m hi\u1ec7n \u0111\u1ea1i t\u1ea1i th\u1ebf gi\u1edbi \u0111\u00e8n Casani v\u1edbi gi\u00e1 c\u1ea3 \u01b0u \u0111\u00e3i<\/h2>\n<p dir=\"ltr\">Th\u00f4ng th\u01b0\u1eddng nh\u1eefng m\u1eabu \u0111\u00e8n m\u00e2m hi\u1ec7n \u0111\u1ea1i s\u1ebd c\u00f3 gi\u00e1 cao h\u01a1n so v\u1edbi nh\u1eefng m\u1eabu \u0111\u00e8n trang tr\u00ed kh\u00e1c. Nh\u01b0ng t\u1ea1i th\u1ebf gi\u1edbi <strong>\u0111\u00e8n trang tr\u00ed<\/strong> Casani b\u1ea1n s\u1ebd \u0111\u01b0\u1ee3c mua v\u1edbi m\u1ee9c gi\u00e1 \u01b0u \u0111\u00e3i nh\u1ea5t. Th\u1ebf gi\u1edbi \u0111\u00e8n Casani chuy\u00ean cung c\u1ea5p c\u00e1c s\u1ea3n ph\u1ea9m \u0111\u00e8n trang tr\u00ed b\u1ea1n c\u00f3 th\u1ec3 th\u1ecfa s\u1ee9c l\u1ef1a ch\u1ecdn m\u1ed9t m\u1eabu \u0111\u00e8n ph\u00f9 h\u1ee3p v\u1edbi gia \u0111\u00ecnh m\u00ecnh.<\/p>\n","protected":false},"excerpt":{"rendered":"<ul class=\"cc\">\n<li class=\"l\">M\u00e3 SP: CMH8804-8<\/li>\n<li class=\"l\">B\u1ea3o h\u00e0nh: 12 Th\u00e1ng<\/li>\n<li>K\u00edch th\u01b0\u1edbc: D=800mm<\/li>\n<li>T\u00ecnh tr\u1ea1ng: C\u00f2n h\u00e0ng<\/li>\n<\/ul>\n","protected":false},"featured_media":203,"comment_status":"open","ping_status":"closed","template":"","meta":[],"_links":{"self":[{"href":"https:\/\/webmaibinh.com\/w\/denled12011\/wp-json\/wp\/v2\/product\/202"}],"collection":[{"href":"https:\/\/webmaibinh.com\/w\/denled12011\/wp-json\/wp\/v2\/product"}],"about":[{"href":"https:\/\/webmaibinh.com\/w\/denled12011\/wp-json\/wp\/v2\/types\/product"}],"replies":[{"embeddable":true,"href":"https:\/\/webmaibinh.com\/w\/denled12011\/wp-json\/wp\/v2\/comments?post=202"}],"wp:featuredmedia":[{"embeddable":true,"href":"https:\/\/webmaibinh.com\/w\/denled12011\/wp-json\/wp\/v2\/media\/203"}],"wp:attachment":[{"href":"https:\/\/webmaibinh.com\/w\/denled12011\/wp-json\/wp\/v2\/media?parent=202"}],"curies":[{"name":"wp","href":"https:\/\/api.w.org\/{rel}","templated":true}]}}