{"id":200,"date":"2020-03-01T00:41:43","date_gmt":"2020-02-29T17:41:43","guid":{"rendered":"http:\/\/denled2.muathemewordpress.net\/?post_type=product&#038;p=200"},"modified":"2020-03-01T00:41:43","modified_gmt":"2020-02-29T17:41:43","slug":"den-mam-hien-dai-cmh8803-8","status":"publish","type":"product","link":"https:\/\/webmaibinh.com\/w\/denled12011\/den-mam-hien-dai-cmh8803-8\/","title":{"rendered":"\u0110\u00e8n m\u00e2m hi\u1ec7n \u0111\u1ea1i CMH8803-8"},"content":{"rendered":"<p dir=\"ltr\">N\u1ebfu b\u1ea1n c\u00f3 s\u1ef1 \u01b0u \u00e1i v\u1edbi m\u1eabu \u0111\u00e8n m\u00e2m hi\u1ec7n \u0111\u1ea1i th\u00ec \u0111\u1eebng b\u1ecf qua v\u1edbi m\u1eabu \u0111\u00e8n CMH8803-8 t\u1ea1i th\u1ebf gi\u1edbi <strong>\u0111\u00e8n trang tr\u00ed<\/strong> Casani. V\u1edbi thi\u1ebft k\u1ebf \u1ea5n t\u01b0\u1ee3ng, t\u1ea1o h\u00ecnh \u0111\u1ed9c \u0111\u00e1o ch\u1eafc ch\u1eafn \u0111\u00e2y s\u1ebd l\u00e0 m\u1eabu \u0111\u00e8n mang t\u1edbi cho kh\u00f4ng gian nh\u00e0 b\u1ea1n s\u1ef1 ho\u00e0n h\u1ea3o v\u00e0 tuy\u1ec7t v\u1eddi. Th\u00f4ng s\u1ed1 k\u1ef9 thu\u1eadt \u0111\u00e8n m\u00e2m hi\u1ec7n \u0111\u1ea1i CMH8803-8<\/p>\n<p dir=\"ltr\">&#8211; M\u00e3 SP: CMH8803-8<\/p>\n<p dir=\"ltr\">&#8211; B\u1ea3o h\u00e0nh: 12 Th\u00e1ng &#8211; Ch\u1ebf \u0111\u1ed9 \u00e1nh s\u00e1ng : 3 m\u00e0u<\/p>\n<p dir=\"ltr\">&#8211; K\u00edch th\u01b0\u1edbc: D=800<\/p>\n<p dir=\"ltr\">&#8211; T\u00ecnh tr\u1ea1ng: C\u00f2n h\u00e0ng<\/p>\n<h3>\u0110\u1eb7c \u0111i\u1ec3m n\u1ed5i b\u1eadt c\u1ee7a \u0111\u00e8n m\u00e2m hi\u1ec7n \u0111\u1ea1i CMH8803-8<\/h3>\n<p dir=\"ltr\"><strong>\u0110\u00e8n m\u00e2m hi\u1ec7n \u0111\u1ea1i<\/strong> CMH8803-8 v\u1edbi t\u1ea1o h\u00ecnh l\u00e0 m\u1ed9t b\u00f4ng hoa nhi\u1ec1u c\u00e1nh v\u1edbi thi\u1ebft k\u1ebf \u1ea5n t\u01b0\u1ee3ng. M\u1ed9t b\u00f4ng hoa 8 c\u00e1nh \u0111ang n\u1edf r\u1ed9 tr\u00ean tr\u1ea7n nh\u00e0. \u0110\u00e8n \u0111\u01b0\u1ee3c l\u00e0m t\u1eeb ch\u1ea5t li\u1ec7u nh\u1ef1a cao c\u1ea5p mang t\u1edbi cho kh\u00f4ng gian s\u1ef1 hi\u1ec7n \u0111\u1ea1i v\u00e0 ph\u00f3ng kho\u00e1ng. B\u00ean trong m\u1ed7i c\u00e1nh hoa \u0111\u01b0\u1ee3c l\u1eafp \u0111\u1eb7t b\u00f3ng \u0111\u00e8n led cao c\u1ea5p mang t\u1edbi h\u1ec7 th\u1ed1ng chi\u1ebfu s\u00e1ng ho\u00e0n h\u1ea3o.<br \/>\n<img src=\"https:\/\/casani.vn\/img\/image\/den-hien-dai\/CMH-8803\/8803-17.png\" alt=\"\u0110\u00e8n m\u00e2m hi\u1ec7n \u0111\u1ea1i CMH8803-8\" \/><\/p>\n<p dir=\"ltr\">\n\u0110\u00e8n m\u00e2m hi\u1ec7n \u0111\u1ea1i CMH8803-8 t\u1ea1i Casani c\u00f2n \u0111\u01b0\u1ee3c kh\u1eafc h\u1ecda l\u00e0 m\u1ed9t b\u00f4ng hoa 8 c\u00e1nh mang \u0111\u1ea7y t\u00ednh phong th\u1ee7y. S\u1ed1 8 \u0111\u01b0\u1ee3c phi\u00ean \u00e2m trong ti\u1ebfng H\u00e1n l\u00e0 Ph\u00e1t, ch\u1eef ph\u00e1t trong ph\u00e1t t\u00e0i, ph\u00e1t l\u1ed9c, ph\u00e1t c\u00f4ng danh. V\u00ec th\u1ebf n\u1ebfu b\u1ea1n l\u00e0 ng\u01b0\u1eddi t\u00e2m linh th\u00ec \u0111\u00e2y ch\u00ednh l\u00e0 m\u1eabu \u0111\u00e8n mang l\u1ea1i cho gia ch\u1ee7 s\u1ef1 th\u00e0nh \u0111\u1ea1t v\u00e0 ph\u00e1t tri\u1ec3n.<\/p>\n<p dir=\"ltr\">\u0110\u00e8n c\u00f3 k\u00edch th\u01b0\u1edbc kh\u00e1 l\u1edbn s\u1ebd ph\u00f9 h\u1ee3p h\u01a1n v\u1edbi nh\u1eefng kh\u00f4ng gian ph\u00f2ng kh\u00e1ch r\u1ed9ng \u0111\u1ec3 t\u1ea1o \u0111i\u1ec3m nh\u1ea5n n\u1ed5i b\u1eadt.<\/p>\n<p dir=\"ltr\"><img src=\"https:\/\/casani.vn\/img\/image\/den-hien-dai\/CMH-8803\/8803-4(1).jpg\" alt=\"\u0110\u00e8n m\u00e2m hi\u1ec7n \u0111\u1ea1i CMH8803-8\" \/><\/p>\n<p dir=\"ltr\">V\u1edbi thi\u1ebft k\u1ebf \u1ea5n t\u01b0\u1ee3ng v\u00e0 v\u00f4 c\u00f9ng b\u1eaft m\u1eaft ch\u1eafc ch\u1eafn m\u1ecdi v\u1ecb kh\u00e1ch khi b\u01b0\u1edbc ch\u00e2n t\u1edbi ph\u00f2ng kh\u00e1ch nh\u00e0 b\u1ea1n c\u0169ng \u0111\u1ec1u ph\u1ea3i tr\u1ea7m tr\u1ed3 khen ng\u1ee3i v\u00ec \u0111i\u1ec1u n\u00e0y. \u0110\u00e2y qu\u1ea3 th\u1ef1c l\u00e0 m\u1ed9t m\u00f3n \u0111\u1ed3 n\u1ed9i th\u1ea5t c\u00f3 th\u1ec3 th\u1ec3 hi\u1ec7n \u0111\u01b0\u1ee3c \u0111\u1eb3ng c\u1ea5p th\u1eddi th\u01b0\u1ee3ng v\u00e0 c\u1ef1c k\u1ef3 sang tr\u1ecdng c\u1ee7a gia ch\u1ee7.<\/p>\n<p dir=\"ltr\"><img src=\"https:\/\/casani.vn\/img\/image\/den-hien-dai\/CMH-8803\/8803-3(1).jpg\" alt=\"\u0110\u00e8n m\u00e2m hi\u1ec7n \u0111\u1ea1i CMH8803-8\" \/><\/p>\n<p dir=\"ltr\">Kh\u00e1m ph\u00e1 kho \u0111\u00e8n m\u00e2m hi\u1ec7n \u0111\u1ea1i \u1ea5n t\u01b0\u1ee3ng t\u1ea1i Casani<\/p>\n<p dir=\"ltr\">Ngo\u00e0i m\u1eabu <strong>\u0111\u00e8n m\u00e2m<\/strong> hi\u1ec7n \u0111\u1ea1i CMH8803-8 t\u1ea1i th\u1ebf gi\u1edbi \u0111\u00e8n Casani c\u00f2n c\u00f3 \u0111\u1ee7 c\u00e1c ki\u1ec3u d\u00e1ng v\u00e0 m\u1eabu m\u00e3 kh\u00e1c nhau cho qu\u00fd b\u1ea1n l\u1ef1a ch\u1ecdn. Nh\u1eefng m\u1eabu \u0111\u00e8n m\u00e2m n\u00e0y \u0111\u1ec1u \u0111\u01b0\u1ee3c nh\u1eadp kh\u1ea9u t\u1eeb n\u01b0\u1edbc ngo\u00e0i v\u00e0 b\u1eaft k\u1ecbp v\u1edbi xu h\u01b0\u1edbng n\u1ed9i th\u1ea5t hi\u1ec7n \u0111\u1ea1i c\u1ee7a ng\u01b0\u1eddi Vi\u1ec7t Nam.<\/p>\n<p dir=\"ltr\">V\u1edbi \u0111\u1ed9i ng\u0169 t\u01b0 v\u1ea5n vi\u00ean chuy\u00ean nghi\u1ec7p tr\u00ean 10 n\u0103m kinh nghi\u1ec7m, \u0111\u1ed9i ng\u0169 th\u1ebf gi\u1edbi \u0111\u00e8n Casani s\u1ebd t\u01b0 v\u1ea5n gi\u00fap b\u1ea1n l\u1ef1a ch\u1ecdn ra \u0111\u01b0\u1ee3c m\u1ed9t m\u1eabu \u0111\u00e8n ph\u00f9 h\u1ee3p v\u1edbi phong c\u00e1ch thi\u1ebft k\u1ebf c\u1ee7a gia \u0111\u00ecnh m\u00ecnh. Ngo\u00e0i ra ch\u00fang t\u00f4i c\u0169ng c\u00f3 c\u00e1c chuy\u00ean gia phong th\u1ee7y s\u1ebd t\u01b0 v\u1ea5n v\u1ec1 m\u00e0u s\u1eafc c\u0169ng nh\u01b0 v\u1ecb tr\u00ed l\u1eafp \u0111\u1eb7t \u0111\u00e8n l\u00e0m sao cho ph\u00f9 h\u1ee3p nh\u1ea5t v\u1edbi ch\u1ee7 nh\u00e2n.<\/p>\n<p dir=\"ltr\">\u0110\u1ebfn v\u1edbi Casani b\u1ea1n \u0111\u01b0\u1ee3c mua \u0111\u00e8n m\u00e2m hi\u1ec7n \u0111\u1ea1i v\u1edbi m\u1ee9c gi\u00e1 t\u1ed1t nh\u1ea5t tr\u00ean th\u1ecb tr\u01b0\u1eddng. \u0110\u1ea3m b\u1ea3o ch\u1ea5t l\u01b0\u1ee3ng, n\u00f3i kh\u00f4ng v\u1edbi h\u00e0ng gi\u1ea3 h\u00e0ng nh\u00e1i. H\u00e3y \u0111\u1ebfn v\u1edbi ch\u00fang t\u00f4i \u0111\u1ec3 tr\u1ea3i nghi\u1ec7m s\u1ef1 kh\u00e1c bi\u1ec7t \u0111\u00f3.<\/p>\n","protected":false},"excerpt":{"rendered":"<ul class=\"cc\">\n<li class=\"l\">M\u00e3 SP: CMH8803-8<\/li>\n<li class=\"l\">B\u1ea3o h\u00e0nh: 12 Th\u00e1ng<\/li>\n<li>K\u00edch th\u01b0\u1edbc: D=800<\/li>\n<li>T\u00ecnh tr\u1ea1ng: C\u00f2n h\u00e0ng<\/li>\n<\/ul>\n","protected":false},"featured_media":201,"comment_status":"open","ping_status":"closed","template":"","meta":[],"_links":{"self":[{"href":"https:\/\/webmaibinh.com\/w\/denled12011\/wp-json\/wp\/v2\/product\/200"}],"collection":[{"href":"https:\/\/webmaibinh.com\/w\/denled12011\/wp-json\/wp\/v2\/product"}],"about":[{"href":"https:\/\/webmaibinh.com\/w\/denled12011\/wp-json\/wp\/v2\/types\/product"}],"replies":[{"embeddable":true,"href":"https:\/\/webmaibinh.com\/w\/denled12011\/wp-json\/wp\/v2\/comments?post=200"}],"wp:featuredmedia":[{"embeddable":true,"href":"https:\/\/webmaibinh.com\/w\/denled12011\/wp-json\/wp\/v2\/media\/201"}],"wp:attachment":[{"href":"https:\/\/webmaibinh.com\/w\/denled12011\/wp-json\/wp\/v2\/media?parent=200"}],"curies":[{"name":"wp","href":"https:\/\/api.w.org\/{rel}","templated":true}]}}