{"id":196,"date":"2020-03-01T00:40:39","date_gmt":"2020-02-29T17:40:39","guid":{"rendered":"http:\/\/denled2.muathemewordpress.net\/?post_type=product&#038;p=196"},"modified":"2020-03-01T00:40:40","modified_gmt":"2020-02-29T17:40:40","slug":"den-mam-hien-dai-cmh-6813-80","status":"publish","type":"product","link":"https:\/\/webmaibinh.com\/w\/denled12011\/den-mam-hien-dai-cmh-6813-80\/","title":{"rendered":"\u0110\u00e8n m\u00e2m hi\u1ec7n \u0111\u1ea1i CMH-6813-80"},"content":{"rendered":"<p dir=\"ltr\">Trong nhi\u1ec1u lo\u1ea1i \u0111\u00e8n trang tr\u00ed cho ph\u00f2ng kh\u00e1ch hi\u1ec7n nay,\u00a0\u0111\u00e8n m\u00e2m \u1ed1p tr\u1ea7n hi\u1ec7n \u0111\u1ea1i\u00a0ch\u00ednh l\u00e0 m\u1ed9t trong nh\u1eefng t\u00e1c ph\u1ea9m ngh\u1ec7 thu\u1eadt th\u1eadt s\u1ef1. \u0110\u1ec3 mang t\u1edbi cho kh\u00f4ng gian c\u1ee7a b\u1ea1n nh\u1eefng lu\u1ed3ng \u00e1nh s\u00e1ng hi\u1ec7n \u0111\u1ea1i, c\u00f9ng v\u1edbi n\u00e9t \u0111\u1eb9p tinh t\u1ebf v\u00e0 sang tr\u1ecdng, \u0111\u00e8n Casani xin \u0111\u01b0\u1ee3c gi\u1edbi thi\u1ec7u \u0111\u1ebfn s\u1ea3n ph\u1ea9m \u0110\u00e8n m\u00e2m hi\u1ec7n \u0111\u1ea1i CMH &#8211; 6813 &#8211; 80.<\/p>\n<h2>Th\u00f4ng tin s\u1ea3n ph\u1ea9m<\/h2>\n<ul>\n<li dir=\"ltr\">\n<p dir=\"ltr\" role=\"presentation\">M\u00e3 SP: CMH-6813-80.<\/p>\n<\/li>\n<li dir=\"ltr\">\n<p dir=\"ltr\" role=\"presentation\">Ch\u1ea5t li\u1ec7u: Th\u1ee7y tinh, pha l\u00ea cao c\u1ea5p<\/p>\n<\/li>\n<li dir=\"ltr\">\n<p dir=\"ltr\" role=\"presentation\">B\u1ea3o h\u00e0nh: 12 Th\u00e1ng<\/p>\n<\/li>\n<li dir=\"ltr\">\n<p dir=\"ltr\" role=\"presentation\">K\u00edch th\u01b0\u1edbc: D80cm* H15cm<\/p>\n<\/li>\n<li dir=\"ltr\">\n<p dir=\"ltr\" role=\"presentation\">Th\u00edch h\u1ee3p v\u1edbi kh\u00f4ng gian: ph\u00f2ng kh\u00e1ch, ph\u00f2ng ng\u1ee7, nh\u00e0 h\u00e0ng, kh\u00e1ch s\u1ea1n, h\u1ed9i tr\u01b0\u1eddng.<\/p>\n<\/li>\n<\/ul>\n<h2>V\u1ebb \u0111\u1eb9p sang tr\u1ecdng, tinh t\u1ebf cho kh\u00f4ng gian<\/h2>\n<p dir=\"ltr\">\u0110\u00e8n m\u00e2m h\u00ecnh b\u00f4ng hoa CMH &#8211; 6813 &#8211; 80 \u0111\u01b0\u1ee3c thi\u1ebft k\u1ebf h\u00ecnh d\u00e1ng hoa c\u00e1ch \u0111i\u1ec7u, t\u1eebng \u0111\u01b0\u1eddng cong m\u1ec1m m\u1ea1i c\u1ee7a m\u1ed7i c\u00e1nh hoa mang t\u1edbi d\u00e1ng v\u1ebb d\u1ecbu d\u00e0ng, nh\u1eb9 nh\u00e0ng cho kh\u00f4ng gian. Ngo\u00e0i ra, \u0111\u00e8n c\u00f2n s\u1edf h\u1eefu c\u1ea5u tr\u00fac \u0111\u1ed1i x\u1ee9ng c\u1ee7a t\u1eebng chi ti\u1ebft. Ch\u00ednh \u0111i\u1ec1u n\u00e0y, t\u1ea1o cho hoa c\u00e1i h\u1ed3n ri\u00eang, s\u1ed1ng \u0111\u1ed9ng nh\u01b0 th\u1eadt.<\/p>\n<div><img src=\"https:\/\/casani.vn\/img\/image\/den-mam\/CMH-6813\/%C4%90%C3%A8n-m%C3%A2m-hi%E1%BB%87n-%C4%91%E1%BA%A1i-CMH-6813-80-1.jpg\" alt=\"\u0110\u00e8n m\u00e2m hi\u1ec7n \u0111\u1ea1i CMH-6813-800\" \/><\/div>\n<h2>\nNhi\u1ec1u \u01b0u \u0111i\u1ec3m \u1ea5n t\u01b0\u1ee3ng<\/h2>\n<p dir=\"ltr\">Gi\u1ed1ng v\u1edbi nhi\u1ec1u\u00a0m\u1eabu \u0111\u00e8n m\u00e2m hi\u1ec7n \u0111\u1ea1i\u00a0kh\u00e1c c\u1ee7a Casani, \u0111\u00e8n m\u00e2m CMH &#8211; 6813 &#8211; 80 c\u0169ng c\u00f3 r\u1ea5t nhi\u1ec1u t\u00ednh n\u0103ng n\u1ed5i tr\u1ed9i m\u00e0 \u0111\u01b0\u1ee3c nhi\u1ec1u chuy\u00ean gia c\u0169ng nh\u01b0 kh\u00e1ch h\u00e0ng \u0111\u00e1nh gi\u00e1 cao .<\/p>\n<p dir=\"ltr\">T\u01b0\u01a1ng x\u1ee9ng v\u1edbi v\u1ebb \u0111\u1eb9p thanh tho\u00e1t, m\u1eabu \u0111\u00e8n trang tr\u00ed CMH &#8211; 6813 &#8211; 80 \u0111\u01b0\u1ee3c l\u00e0m t\u1eeb nh\u1eefng lo\u1ea1i ch\u1ea5t li\u1ec7u cao c\u1ea5p nh\u1ea5t. Khung \u0111\u00e8n l\u00e0m t\u1eeb lo\u1ea1i h\u1ee3p kim ch\u1eafc ch\u1eafn nh\u01b0ng l\u1ea1i kh\u00e1 nh\u1eb9 gi\u00fap to\u00e0n b\u1ed9 tr\u1ecdng l\u01b0\u1ee3ng c\u1ee7a \u0111\u00e8n kh\u00f4ng qu\u00e1 n\u1eb7ng. \u00c1nh s\u00e1ng ph\u00e1t t\u1eeb c\u00e1c b\u00f3ng \u0111\u00e8n LED c\u00f3 th\u1eddi l\u01b0\u1ee3ng s\u1eed d\u1ee5ng l\u00ean \u0111\u1ebfn g\u1ea7n 50.000 gi\u1edd v\u1eeba mang l\u1ea1i \u00e1nh s\u00e1ng tuy\u1ec7t \u0111\u1eb9p, v\u1eeba gi\u00fap gia ch\u1ee7 ti\u1ebft ki\u1ec7m \u0111i\u1ec7n n\u0103ng h\u01a1n (\u0111i\u1ec7n n\u0103ng ti\u00eau th\u1ee5 ch\u1ec9 kho\u1ea3ng 70-100W).<\/p>\n<div><img src=\"https:\/\/casani.vn\/img\/image\/den-mam\/CMH-6813\/%C4%90%C3%A8n%20m%C3%A2m%20hi%E1%BB%87n%20%C4%91%E1%BA%A1i%20CMH-6813-80-2.jpg\" alt=\"\u0110\u00e8n m\u00e2m hi\u1ec7n \u0111\u1ea1i CMH-6813-800\" \/><\/div>\n<p dir=\"ltr\">Ngo\u00e0i ra, khi ch\u1ecdn mua \u0110\u00e8n m\u00e2m CMH &#8211; 6813 &#8211; 80, qu\u00fd kh\u00e1ch s\u1ebd \u0111\u01b0\u1ee3c t\u1eb7ng k\u00e8m m\u1ed9t chi\u1ebfc \u0111i\u1ec1u khi\u1ec3n t\u1eeb xa c\u00f3 th\u1ec3 thay \u0111\u1ed5i c\u00e1c ch\u1ebf \u0111\u1ed9 \u00e1nh s\u00e1ng (V\u00e0ng &#8211; tr\u1eafng &#8211; trung t\u00ednh) c\u1ee7a \u0111\u00e8n \u0111\u1ec3 ph\u00f9 h\u1ee3p v\u1edbi kh\u00f4ng gian c\u0169ng nh\u01b0 c\u00e1ch thi\u1ebft k\u1ebf n\u1ed9i th\u1ea5t trong ph\u00f2ng h\u01a1n.<\/p>\n<p dir=\"ltr\">V\u00ed d\u1ee5, ph\u00f2ng c\u00f3 c\u00e1ch thi\u1ebft k\u1ebf theo phong c\u00e1ch t\u00e2n c\u1ed5 \u0111i\u1ec3n, qu\u00fd kh\u00e1ch n\u00ean b\u1eadt \u0111\u00e8n c\u00f3 m\u00e0u s\u1eafc trung t\u00ednh hay m\u00e0u v\u00e0ng \u0111\u1ec3 h\u00f2a chung v\u1edbi t\u00f4ng m\u00e0u \u0111\u1eb7c tr\u01b0ng c\u1ee7a phong c\u00e1ch n\u00e0y. \u0110\u1ed1i v\u1edbi ph\u00f2ng kh\u00e1ch hi\u1ec7n \u0111\u1ea1i, n\u00ean b\u1eadt \u0111\u00e8n \u00e1nh s\u00e1ng tr\u1eafng \u0111\u1ec3 l\u00e0m s\u00e1ng to\u00e0n b\u1ed9 kh\u00f4ng gian, n\u1ed5i b\u1eadt ki\u1ec3u d\u00e1ng c\u0169ng nh\u01b0 m\u00e0u s\u1eafc c\u1ee7a c\u00e1c \u0111\u1ed3 n\u1ed9i th\u1ea5t kh\u00e1c.<\/p>\n<div><img src=\"https:\/\/casani.vn\/img\/image\/den-mam\/CMH-6813\/%C4%90%C3%A8n-m%C3%A2m-hi%E1%BB%87n-%C4%91%E1%BA%A1i-CMH-6813-80-11.jpg\" alt=\"\u0110\u00e8n m\u00e2m hi\u1ec7n \u0111\u1ea1i CMH-6813-800\" \/><\/div>\n<h2>\u0110\u00e8n m\u00e2m hi\u1ec7n \u0111\u1ea1i &#8211; l\u00e0m kh\u00f4ng gian tho\u00e1ng h\u01a1n, r\u1ed9ng h\u01a1n<\/h2>\n<p dir=\"ltr\">\u0110\u1eb7t \u0111\u00e8n trong kh\u00f4ng gian, b\u1ea1n s\u1ebd lo\u1ea1i b\u1ecf \u0111i s\u1ef1 b\u00ed b\u00e1ch kh\u00f3 ch\u1ecbu c\u1ee7a c\u0103n ph\u00f2ng hi\u1ec7n c\u00f3, kh\u00f4ng ch\u1ec9 l\u00e0 ph\u00f2ng kh\u00e1ch m\u00e0 ngay c\u1ea3 \u0111\u1ed1i v\u1edbi ph\u00f2ng ng\u1ee7 hay ph\u00f2ng l\u00e0m vi\u1ec7c. B\u1edfi \u0111\u00e8n c\u00f3 thi\u1ebft k\u1ebf lan t\u1ecfa, c\u00f3 kh\u1ea3 n\u0103ng h\u1ed7 tr\u1ee3, t\u1ea1o c\u1ea3m gi\u00e1c kh\u00f4ng gian m\u1edf r\u1ed9ng ra, tho\u00e1ng h\u01a1n. \u0110\u00e8n m\u00e2m hi\u1ec7n \u0111\u1ea1i l\u00e0 m\u1ed9t s\u1ea3n ph\u1ea9m d\u1eabn \u0111\u1ea7u xu h\u01b0\u1edbng trong vi\u1ec7c trang tr\u00ed t\u1eeb ph\u00f2ng kh\u00e1ch, ph\u00f2ng ng\u1ee7 trong chung c\u01b0, bi\u1ec7t th\u1ef1 cho \u0111\u1ebfn nh\u1eefng kh\u00f4ng gian r\u1ed9ng h\u01a1n nh\u01b0 h\u1ed9i tr\u01b0\u1eddng, s\u1ea3nh kh\u00e1ch s\u1ea1n.<\/p>\n<p dir=\"ltr\">C\u00f2n ch\u1ea7n ch\u1eeb g\u00ec n\u1eefa m\u00e0 kh\u00f4ng \u0111\u1ebfn ngay showroom c\u1ee7a Casani \u0111\u1ec3 \u0111\u01b0\u1ee3c t\u1eadn m\u1eaft chi\u00eam ng\u01b0\u1ee1ng v\u1ebb \u0111\u1eb9p tuy\u1ec7t v\u1eddi c\u1ee7a m\u1eabu \u0111\u00e8n m\u00e2m hi\u1ec7n \u0111\u1ea1i CMH &#8211; 6813 &#8211; 80 v\u00e0 h\u00e0ng ch\u1ee5c\u00a0<a href=\"https:\/\/casani.vn\/\">m\u1eabu \u0111\u00e8n trang tr\u00ed \u0111\u1eb9p kh\u00e1c<\/a>.<\/p>\n","protected":false},"excerpt":{"rendered":"<ul class=\"cc\">\n<li class=\"l\">M\u00e3 SP: CMH-6813-800<\/li>\n<li class=\"l\">B\u1ea3o h\u00e0nh: 12 Th\u00e1ng<\/li>\n<li>K\u00edch th\u01b0\u1edbc: D80cm* H15cm<\/li>\n<li>T\u00ecnh tr\u1ea1ng: C\u00f2n h\u00e0ng<\/li>\n<\/ul>\n","protected":false},"featured_media":197,"comment_status":"open","ping_status":"closed","template":"","meta":[],"_links":{"self":[{"href":"https:\/\/webmaibinh.com\/w\/denled12011\/wp-json\/wp\/v2\/product\/196"}],"collection":[{"href":"https:\/\/webmaibinh.com\/w\/denled12011\/wp-json\/wp\/v2\/product"}],"about":[{"href":"https:\/\/webmaibinh.com\/w\/denled12011\/wp-json\/wp\/v2\/types\/product"}],"replies":[{"embeddable":true,"href":"https:\/\/webmaibinh.com\/w\/denled12011\/wp-json\/wp\/v2\/comments?post=196"}],"wp:featuredmedia":[{"embeddable":true,"href":"https:\/\/webmaibinh.com\/w\/denled12011\/wp-json\/wp\/v2\/media\/197"}],"wp:attachment":[{"href":"https:\/\/webmaibinh.com\/w\/denled12011\/wp-json\/wp\/v2\/media?parent=196"}],"curies":[{"name":"wp","href":"https:\/\/api.w.org\/{rel}","templated":true}]}}