{"id":194,"date":"2020-03-01T00:39:36","date_gmt":"2020-02-29T17:39:36","guid":{"rendered":"http:\/\/denled2.muathemewordpress.net\/?post_type=product&#038;p=194"},"modified":"2020-03-02T08:47:59","modified_gmt":"2020-03-02T01:47:59","slug":"den-mam-pha-le-cmt1718-800","status":"publish","type":"product","link":"https:\/\/webmaibinh.com\/w\/denled12011\/den-mam-pha-le-cmt1718-800\/","title":{"rendered":"\u0110\u00e8n m\u00e2m pha l\u00ea CMT1718-800"},"content":{"rendered":"<p>C\u00f3 th\u1ec3 n\u00f3i nh\u1eefng\u00a0m\u1eabu \u0111\u00e8n m\u00e2m\u00a0pha l\u00ea \u0111ang chi\u1ebfm \u0111\u01b0\u1ee3c r\u1ea5t nhi\u1ec1u ni\u1ec1m tin y\u00eau c\u1ee7a kh\u00e1ch h\u00e0ng, kh\u1eb3ng \u0111\u1ecbnh v\u1ecb th\u1ebf s\u1ed1 1 trong\u00a0ph\u00e2n kh\u00fac\u00a0\u0111\u00e8n\u00a0trang tr\u00ed \u0111\u1eb9p t\u1ea1i H\u00e0 N\u1ed9i. Ti\u1ebfp n\u1ed1i s\u1ef1 th\u00e0nh c\u00f4ng \u0111\u00f3, h\u00f4m nay ch\u00fang t\u00f4i gi\u1edbi thi\u1ec7u cho b\u1ea1n m\u1ed9t m\u1eabu s\u1ea3n ph\u1ea9m ho\u00e0n to\u00e0n m\u1edbi c\u00f3 m\u00e3 CMT1718-800. V\u1edbi v\u1ebb \u0111\u1eb9p\u00a0\u0111\u1eb7c tr\u01b0ng, ch\u1eafc ch\u1eafn \u0111\u00e2y l\u00e0 m\u1eabu s\u1ea3n ph\u1ea9m \u0111\u00e1ng \u0111\u1ec3\u00a0b\u1ea1n d\u00e0nh\u00a0s\u1ef1 quan t\u00e2m cho n\u00f3.<\/p>\n<h2><img src=\"https:\/\/casani.vn\/img\/p\/den-mam-pha-le-cmt1718-800-p896.jpg\" alt=\"\u0110\u00e8n m\u00e2m pha l\u00ea CMT1718-800\" \/><\/h2>\n<h2><b>Th\u00f4ng s\u1ed1 k\u0129 thu\u1eadt c\u1ee7a \u0111\u00e8n<\/b><b><\/b><\/h2>\n<p>M\u00e3 s\u1ea3n ph\u1ea9m:\u00a0CMT1718-800<\/p>\n<p>K\u00edch th\u01b0\u1edbc: D800mm<\/p>\n<p>Phong c\u00e1ch thi\u1ebft k\u1ebf: \u0110\u00e8n m\u00e2m pha l\u00ea<\/p>\n<p>Ch\u1ebf \u0111\u1ed9 \u00e1nh s\u00e1ng: 3 M\u00e0u<\/p>\n<p>Lo\u1ea1i b\u00f3ng s\u1eed d\u1ee5ng: Led<\/p>\n<p>Xu\u1ea5t x\u1ee9: 100% Nh\u1eadp Kh\u1ea9u<\/p>\n<p>\u1ee8ng d\u1ee5ng: Hi\u1ec7u qu\u1ea3 cho ph\u00f2ng kh\u00e1ch, s\u1ea3nh, nh\u00e0 h\u00e0ng, kh\u00e1ch s\u1ea1n,&#8230;<\/p>\n<h2><b>V\u1ebb \u0111\u1eb9p<\/b><b>\u00a0h\u00fat h\u1ed3n<\/b><b><\/b><\/h2>\n<p>\u201c\u1ea4n t\u01b0\u1ee3ng \u0111\u1ea7u ti\u00ean c\u1ee7a m\u00ecnh v\u1ec1\u00a0chi\u1ebfc \u0111\u00e8n\u00a0l\u00e0 n\u00f3 qu\u00e1 \u0111\u1eb9p \u0111i\u201d.<\/p>\n<p>\u0110\u00f3 ch\u1ec9 l\u00e0 m\u1ed9t trong v\u00f4 s\u1ed1 nh\u1eefng l\u1eddi khen ng\u1ee3i t\u1eeb kh\u00e1ch h\u00e0ng d\u00e0nh cho s\u1ea3n ph\u1ea9m\u00a0\u0111\u00e8n m\u00e2m\u00a0pha l\u00ea CMT1718-800. M\u1eabu s\u1ea3n ph\u1ea9m c\u00f3 thi\u1ebft k\u1ebf\u00a0m\u00e2m tr\u00f2n\u00a0v\u1edbi 2 t\u00f4ng m\u00e0u ch\u00ednh l\u00e0 tr\u1eafng trong su\u1ed1t v\u00e0 v\u00e0ng sang tr\u1ecdng r\u1ea5t b\u1eaft m\u1eaft.<\/p>\n<p>\u0110i\u1ec3m \u1ea5n t\u01b0\u1ee3ng m\u1ea1nh nh\u1ea5t c\u1ee7a s\u1ea3n ph\u1ea9m \u0111\u1ebfn t\u1eeb th\u00e2n \u0111\u00e8n \u0111\u01b0\u1ee3c t\u1ea1o th\u00e0nh t\u1eeb nh\u1eefng vi\u00ean pha l\u00ea cao c\u1ea5p v\u1edbi nhi\u1ec1u ki\u1ec3u d\u00e1ng v\u00e0 k\u00edch th\u01b0\u1edbc kh\u00e1c nhau. Nh\u1eefng vi\u00ean pha l\u00ea n\u00e0y \u0111\u01b0\u1ee3c c\u00e1c ngh\u1ec7 nh\u00e2n ch\u1ebf t\u00e1c v\u00f4 c\u00f9ng trau chu\u1ed1t v\u1edbi nhi\u1ec1u \u0111\u01b0\u1eddng n\u00e9t h\u1ecda ti\u1ebft \u0111\u1ed9c \u0111\u00e1o, tinh x\u1ea3o, d\u1ec5 l\u00e0m cho ta li\u00ean t\u01b0\u1edfng \u0111\u1ebfn nh\u1eefng vi\u00ean kim c\u01b0\u01a1ng t\u1ecfa s\u00e1ng.<\/p>\n<p>K\u1ebft h\u1ee3p c\u00f9ng \u00e1nh s\u00e1ng mang \u0111\u1ebfn v\u1ebb \u0111\u1eb9p c\u1ef1c k\u00ec sang tr\u1ecdng, qu\u00fd ph\u00e1i r\u1ea5t th\u1eddi th\u01b0\u1ee3ng, \u0111\u1eb3ng c\u1ea5p m\u00e0 kh\u00f4ng ph\u1ea3i s\u1ea3n ph\u1ea9m n\u00e0o c\u0169ng c\u00f3 \u0111\u01b0\u1ee3c.<\/p>\n<h2><b>\u01afu \u0111i\u1ec3m n\u1ed5i b\u1eadt<\/b><b><\/b><\/h2>\n<p>Nh\u1eafm \u0111\u1ebfn ph\u00e2n kh\u00fac kh\u00e1ch h\u00e0ng\u00a0t\u1ea7m trung\u00a0v\u00e0 cao c\u1ea5p, m\u1eabu\u00a0<strong>\u0111\u00e8n m\u00e2m pha l\u00ea cao c\u1ea5p<\/strong>\u00a0n\u00e0y kh\u00f4ng ch\u1ec9\u00a0\u01b0u ti\u00ean v\u1ec1 ki\u1ec3u d\u00e1ng thi\u1ebft k\u1ebf\u00a0 m\u00e0 c\u00f2n c\u00f3 nhi\u1ec1u t\u00ednh n\u0103ng n\u1ed5i tr\u1ed9i kh\u00e1c.<\/p>\n<h3><b><i>Ch\u1ebf \u0111\u1ed9 \u00e1nh s\u00e1ng<\/i><\/b><b><i><\/i><\/b><\/h3>\n<p>\u0110\u00e8n m\u00e2m\u00a0pha l\u00ea CMT1718-800 \u0111\u01b0\u1ee3c k\u1ebft h\u1ee3p kh\u1ea3 n\u0103ng thay \u0111\u1ed5i ch\u1ebf \u0111\u1ed9 \u00e1nh s\u00e1ng v\u1edbi 3 m\u00e0u s\u1eafc kh\u00e1c nhau \u0111\u00f3 l\u00e0 v\u00e0ng, tr\u1eafng v\u00e0 trung t\u00ednh t\u1ea1o n\u00ean kh\u00f4ng gian r\u1ef1c r\u1ee1, \u1ea5m c\u00fang. S\u1ef1 linh ho\u1ea1t trong vi\u1ec7c thay \u0111\u1ed5i m\u00e0u s\u1eafc \u00e1nh s\u00e1ng c\u0169ng nh\u1eb1m \u0111\u00e1p \u1ee9ng \u0111\u01b0\u1ee3c nhi\u1ec1u nhu c\u1ea7u s\u1eed d\u1ee5ng, s\u1edf th\u00edch c\u00e1 nh\u00e2n kh\u00e1ch h\u00e0ng. \u0110\u1ed3ng th\u1eddi c\u0169ng \u0111\u1ec3 ph\u00f9 h\u1ee3p h\u01a1n v\u1edbi nhi\u1ec1u phong c\u00e1ch thi\u1ebft k\u1ebf n\u1ed9i th\u1ea5t kh\u00e1c, t\u1ea1o s\u1ef1 h\u00e0i h\u00f2a \u0103n kh\u1edbp v\u1edbi t\u1ed5ng th\u1ec3 c\u1ee7a c\u1ea3 kh\u00f4ng gian l\u1eafp \u0111\u1eb7t.<\/p>\n<h3><b><i>\u0110i\u1ec1u khi\u1ec3n t\u1eeb xa<\/i><\/b><b><i><\/i><\/b><\/h3>\n<p>S\u1edf h\u1eefu cho m\u00ecnh b\u1ed9 \u0111i\u1ec1u\u00a0khi\u1ec3n\u00a0t\u1eeb xa th\u00f4ng minh \u0111em \u0111\u1ebfn nhi\u1ec1u s\u1ef1 ti\u1ec7n l\u1ee3i cho kh\u00e1ch h\u00e0ng s\u1eed d\u1ee5ng. Thay v\u00ec ph\u1ea3i\u00a0t\u1eaft b\u1eadt\u00a0m\u1ed7i khi s\u1eed d\u1ee5ng \u0111\u00e8n, gi\u1edd \u0111\u00e2y b\u1ea1n c\u00f3 th\u1ec3\u00a0tho\u1ea3i m\u00e1i\u00a0\u0111i\u1ec1u khi\u1ec3n\u00a0chi\u1ebfc \u0111\u00e8n\u00a0c\u1ee7a m\u00ecnh \u1edf m\u1ecdi v\u1ecb tr\u00ed trong c\u0103n nh\u00e0 c\u1ee7a m\u00ecnh. Ngo\u00e0i kh\u1ea3 n\u0103ng t\u1eaft b\u1eadt ra, b\u1ea1n c\u0169ng c\u00f3 th\u1ec3\u00a0t\u00f9y ch\u1ec9nh\u00a0nhi\u1ec1u ch\u1ebf \u0111\u1ed9 kh\u00e1c nhau nh\u01b0 l\u00e0 thay \u0111\u1ed5i m\u00e0u s\u1eafc \u00e1nh s\u00e1ng ph\u00e1t ra, t\u0103ng gi\u1ea3m c\u01b0\u1eddng \u0111\u1ed9 \u00e1nh s\u00e1ng,\u2026 \u0110i\u1ec1u n\u00e0y s\u1ebd khi\u1ebfn b\u1ea1n c\u1ea3m nh\u1eadn \u0111\u01b0\u1ee3c s\u1ef1 hi\u1ec7n \u0111\u1ea1i,\u00a0ti\u1ec7n nghi\u00a0c\u1ee7a th\u1eddi \u0111\u1ea1i\u00a0c\u00f4ng ngh\u1ec7\u00a04.0.<\/p>\n<h3><em><b>L\u1ee3i \u00edch c\u1ee7a vi\u1ec7c s\u1eed d\u1ee5ng\u00a0\u0111\u00e8n led<\/b><\/em><b><\/b><\/h3>\n<p>S\u1eed d\u1ee5ng\u00a0\u0111\u00e8n led\u00a0ch\u1ea5t l\u01b0\u1ee3ng cao \u0111\u1ec1 l\u00e0m ngu\u1ed3n chi\u1ebfu s\u00e1ng ch\u00ednh ngo\u00e0i kh\u1ea3 n\u0103ng cho ch\u1ea5t l\u01b0\u1ee3ng \u00e1nh s\u00e1ng t\u1ed1t, \u0111\u1ec1u, \u0111\u1eb9p th\u00ec c\u00f2n \u0111em \u0111\u1ebfn nhi\u1ec1u l\u1ee3i \u00edch kh\u00e1c. Theo s\u1ef1 \u0111\u00e1nh gi\u00e1 c\u1ee7a c\u00e1c chuy\u00ean gia cho bi\u1ebft, b\u00f3ng \u0111\u00e8n\u00a0s\u1ee3i \u0111\u1ed1t\u00a0\u0111i\u1ec3n h\u00ecnh th\u1eddi gian s\u1eed d\u1ee5ng ch\u1ec9 t\u1eeb 1.000 \u0111\u1ebfn 2.000 gi\u1edd. Nh\u01b0ng n\u00f3i v\u1ec1\u00a0\u0111\u00e8n led, tu\u1ed5i th\u1ecd c\u1ee7a\u00a0\u0111\u00e8n th\u01b0\u1eddng\u00a0t\u1eeb 25.000 \u0111\u1ebfn 50.000 gi\u1edd. \u0110i\u1ec1u n\u00e0y mang \u0111\u1ebfn s\u1ef1 y\u00ean cho b\u1ea1n trong qu\u00e1 tr\u00ecnh s\u1eed d\u1ee5ng l\u00e2u d\u00e0i.<\/p>\n<p>Ti\u1ebfp \u0111\u1ebfn \u0111\u00f3 l\u00e0 c\u00f4ng su\u1ea5t ti\u00eau th\u1ee5 \u0111i\u1ec7n n\u0103ng c\u1ee7a \u0111\u00e8n r\u1ea5t th\u1ea5p ch\u1ec9 dao \u0111\u1ed9ng t\u1eeb 70 \u0111\u1ebfn 100W, gi\u00fap b\u1ea1n ti\u1ebft ki\u1ec7m \u0111\u01b0\u1ee3c m\u1ed9t kho\u1ea3n cho vi\u1ec7c chi ph\u00ed h\u00e0ng th\u00e1ng .<\/p>\n<p>H\u01a1n n\u1eefa, v\u1edbi vi\u1ec7c\u00a0\u0111\u00e8n led\u00a0\u0111ang\u00a0d\u1ea7n tr\u1edf\u00a0n\u00ean ph\u1ed5 bi\u1ebfn v\u00ec v\u1eady b\u1ea1n r\u1ea5t d\u1ec5 d\u00e0ng t\u00ecm mua v\u00e0 thay th\u1ebf n\u1ebfu\u00a0\u0111\u00e8n ch\u00e1y.<\/p>\n<h2><b>K\u1ebft lu\u1eadn<\/b><b><\/b><\/h2>\n<p>V\u1edbi m\u1ed9t m\u1ee9c gi\u00e1 v\u1eeba ph\u1ea3i, ch\u1ea5t l\u01b0\u1ee3ng ho\u00e0n thi\u1ec7n cao t\u1eeb ki\u1ec3u d\u00e1ng thi\u1ebft k\u1ebf \u0111\u1ebfn ch\u1ea5t li\u1ec7u s\u1eed d\u1ee5ng, nhi\u1ec1u t\u00ednh n\u0103ng\u00a0n\u1ed5i b\u1eadt, ch\u1eafc ch\u1eafn s\u1ea3n ph\u1ea9m s\u1ebd cho b\u1ea1n m\u1ed9t tr\u1ea3i nghi\u1ec7m tuy\u1ec7t v\u1eddi. H\u00e3y \u0111\u1ebfn ngay v\u1edbi Casani \u0111\u1ec3 s\u1edf h\u1eefu ngay cho kh\u00f4ng gian nh\u00e0 m\u00ecnh\u00a0chi\u1ebfc \u0111\u00e8n m\u00e2m\u00a0pha l\u00ea\u00a0CMT1718-800\u00a0 v\u1edbi d\u1ecbch v\u1ee5 h\u1eadu m\u00e3i t\u1ed1t nh\u1ea5t.<\/p>\n<ul class=\"cc\">\n<li><\/li>\n<\/ul>\n","protected":false},"excerpt":{"rendered":"<ul class=\"cc\">\n<li class=\"l\">M\u00e3 SP: CMT1718-800<\/li>\n<li class=\"l\">B\u1ea3o h\u00e0nh: 12 Th\u00e1ng<\/li>\n<li>K\u00edch th\u01b0\u1edbc: D=800mm<\/li>\n<li>T\u00ecnh tr\u1ea1ng: C\u00f2n h\u00e0ng<\/li>\n<\/ul>\n","protected":false},"featured_media":195,"comment_status":"open","ping_status":"closed","template":"","meta":[],"_links":{"self":[{"href":"https:\/\/webmaibinh.com\/w\/denled12011\/wp-json\/wp\/v2\/product\/194"}],"collection":[{"href":"https:\/\/webmaibinh.com\/w\/denled12011\/wp-json\/wp\/v2\/product"}],"about":[{"href":"https:\/\/webmaibinh.com\/w\/denled12011\/wp-json\/wp\/v2\/types\/product"}],"replies":[{"embeddable":true,"href":"https:\/\/webmaibinh.com\/w\/denled12011\/wp-json\/wp\/v2\/comments?post=194"}],"wp:featuredmedia":[{"embeddable":true,"href":"https:\/\/webmaibinh.com\/w\/denled12011\/wp-json\/wp\/v2\/media\/195"}],"wp:attachment":[{"href":"https:\/\/webmaibinh.com\/w\/denled12011\/wp-json\/wp\/v2\/media?parent=194"}],"curies":[{"name":"wp","href":"https:\/\/api.w.org\/{rel}","templated":true}]}}