{"id":192,"date":"2020-03-01T00:38:25","date_gmt":"2020-02-29T17:38:25","guid":{"rendered":"http:\/\/denled2.muathemewordpress.net\/?post_type=product&#038;p=192"},"modified":"2020-03-01T00:38:25","modified_gmt":"2020-02-29T17:38:25","slug":"den-chum-hien-dai-cch-1202-600","status":"publish","type":"product","link":"https:\/\/webmaibinh.com\/w\/denled12011\/den-chum-hien-dai-cch-1202-600\/","title":{"rendered":"\u0110\u00e8n Ch\u00f9m Hi\u1ec7n \u0110\u1ea1i CCH-1202-600"},"content":{"rendered":"<p><img src=\"https:\/\/casani.vn\/img\/image\/den-hien-dai\/CCH-1202\/CCH-1202-600.jpg\" alt=\"\u0110\u00e8n Ch\u00f9m Hi\u1ec7n \u0110\u1ea1i CCH-1202-600\" \/><\/p>\n<p><img src=\"https:\/\/casani.vn\/img\/image\/den-hien-dai\/CCH-1202\/CCH-1202-600-3.jpg\" alt=\"\u0110\u00e8n Ch\u00f9m Hi\u1ec7n \u0110\u1ea1i CCH-1202-600\" \/><\/p>\n","protected":false},"excerpt":{"rendered":"<ul class=\"cc\">\n<li class=\"l\">M\u00e3 SP: CCH-1202-600<\/li>\n<li class=\"l\">B\u1ea3o h\u00e0nh: 12 Th\u00e1ng<\/li>\n<li>K\u00edch th\u01b0\u1edbc: D 600mm<\/li>\n<li>T\u00ecnh tr\u1ea1ng:<\/li>\n<\/ul>\n","protected":false},"featured_media":193,"comment_status":"open","ping_status":"closed","template":"","meta":[],"_links":{"self":[{"href":"https:\/\/webmaibinh.com\/w\/denled12011\/wp-json\/wp\/v2\/product\/192"}],"collection":[{"href":"https:\/\/webmaibinh.com\/w\/denled12011\/wp-json\/wp\/v2\/product"}],"about":[{"href":"https:\/\/webmaibinh.com\/w\/denled12011\/wp-json\/wp\/v2\/types\/product"}],"replies":[{"embeddable":true,"href":"https:\/\/webmaibinh.com\/w\/denled12011\/wp-json\/wp\/v2\/comments?post=192"}],"wp:featuredmedia":[{"embeddable":true,"href":"https:\/\/webmaibinh.com\/w\/denled12011\/wp-json\/wp\/v2\/media\/193"}],"wp:attachment":[{"href":"https:\/\/webmaibinh.com\/w\/denled12011\/wp-json\/wp\/v2\/media?parent=192"}],"curies":[{"name":"wp","href":"https:\/\/api.w.org\/{rel}","templated":true}]}}