{"id":190,"date":"2020-03-01T00:37:10","date_gmt":"2020-02-29T17:37:10","guid":{"rendered":"http:\/\/denled2.muathemewordpress.net\/?post_type=product&#038;p=190"},"modified":"2020-03-01T00:37:10","modified_gmt":"2020-02-29T17:37:10","slug":"den-chum-tha-hien-dai-cch-1289","status":"publish","type":"product","link":"https:\/\/webmaibinh.com\/w\/denled12011\/den-chum-tha-hien-dai-cch-1289\/","title":{"rendered":"\u0110\u00e8n ch\u00f9m th\u1ea3 hi\u1ec7n \u0111\u1ea1i CCH-1289"},"content":{"rendered":"<p><img src=\"https:\/\/casani.vn\/img\/image\/den-hien-dai\/CCH-1289\/CCH-1289-2.jpg\" alt=\"\u0110\u00e8n ch\u00f9m th\u1ea3 hi\u1ec7n \u0111\u1ea1i CCH-1289\" \/><\/p>\n<p><img src=\"https:\/\/casani.vn\/img\/image\/den-hien-dai\/CCH-1289\/CCH-1289-3.jpg\" alt=\"\u0110\u00e8n ch\u00f9m th\u1ea3 hi\u1ec7n \u0111\u1ea1i CCH-1289\" \/><\/p>\n","protected":false},"excerpt":{"rendered":"<ul class=\"cc\">\n<li class=\"l\">M\u00e3 SP: CCH-1289<\/li>\n<li class=\"l\">B\u1ea3o h\u00e0nh: 12 Th\u00e1ng<\/li>\n<li>K\u00edch th\u01b0\u1edbc: D 600mm<\/li>\n<li>T\u00ecnh tr\u1ea1ng: C\u00f2n h\u00e0ng<\/li>\n<\/ul>\n","protected":false},"featured_media":191,"comment_status":"open","ping_status":"closed","template":"","meta":[],"_links":{"self":[{"href":"https:\/\/webmaibinh.com\/w\/denled12011\/wp-json\/wp\/v2\/product\/190"}],"collection":[{"href":"https:\/\/webmaibinh.com\/w\/denled12011\/wp-json\/wp\/v2\/product"}],"about":[{"href":"https:\/\/webmaibinh.com\/w\/denled12011\/wp-json\/wp\/v2\/types\/product"}],"replies":[{"embeddable":true,"href":"https:\/\/webmaibinh.com\/w\/denled12011\/wp-json\/wp\/v2\/comments?post=190"}],"wp:featuredmedia":[{"embeddable":true,"href":"https:\/\/webmaibinh.com\/w\/denled12011\/wp-json\/wp\/v2\/media\/191"}],"wp:attachment":[{"href":"https:\/\/webmaibinh.com\/w\/denled12011\/wp-json\/wp\/v2\/media?parent=190"}],"curies":[{"name":"wp","href":"https:\/\/api.w.org\/{rel}","templated":true}]}}