{"id":186,"date":"2020-03-01T00:35:51","date_gmt":"2020-02-29T17:35:51","guid":{"rendered":"http:\/\/denled2.muathemewordpress.net\/?post_type=product&#038;p=186"},"modified":"2020-03-01T00:35:51","modified_gmt":"2020-02-29T17:35:51","slug":"den-tha-hera-thuy-tinh-cth-0407-36","status":"publish","type":"product","link":"https:\/\/webmaibinh.com\/w\/denled12011\/den-tha-hera-thuy-tinh-cth-0407-36\/","title":{"rendered":"\u0110\u00e8n Th\u1ea3 Hera Th\u1ee7y Tinh CTH-0407-36"},"content":{"rendered":"<p dir=\"ltr\">\u00c1nh s\u00e1ng d\u00f9 l\u00e0 t\u1ef1 nhi\u00ean hay nh\u00e2n t\u1ea1o v\u1eabn lu\u00f4n lu\u00f4n mang l\u1ea1i s\u1ef1 thay \u0111\u1ed5i t\u00edch c\u1ef1c nh\u1ea5t, gi\u00fap kh\u00f4ng gian c\u0103n ph\u00f2ng,ng\u00f4i nh\u00e0 c\u1ee7a b\u1ea1n th\u00eam thu h\u00fat v\u00e0 b\u1eaft m\u1eaft, sang tr\u1ecdng h\u01a1n. M\u1ed9t ph\u00f2ng kh\u00e1ch d\u00f9 \u0111\u01b0\u1ee3c thi\u1ebft k\u1ebf \u0111\u1eb9p \u0111\u1ebfn \u0111\u00e2u nh\u01b0ng n\u1ebfu thi\u1ebfu m\u1ed9t chi\u1ebfc \u0111\u00e8n trang tr\u00ed th\u00ec v\u1eabn ch\u01b0a ho\u00e0n h\u1ea3o. V\u00e0 <strong>\u0111\u00e8n phong c\u00e1ch hi\u1ec7n \u0111\u1ea1i<\/strong> Hera Th\u1ee7y Tinh CTH-0407-36 c\u1ee7a Casani s\u1ebd l\u00e0 \u0111i\u1ec3m nh\u1ea5n \u1ea5n t\u01b0\u1ee3ng cho ph\u00f2ng kh\u00e1ch c\u1ee7a b\u1ea1n th\u00eam sang tr\u1ecdng v\u00e0 m\u1edbi m\u1ebb h\u01a1n.<\/p>\n<h2>Th\u00f4ng s\u1ed1 k\u1ef9 thu\u1eadt:<\/h2>\n<p dir=\"ltr\">&#8211; M\u00e3 s\u1ea3n ph\u1ea9m: CTH-0407-36<\/p>\n<p dir=\"ltr\">&#8211; Lo\u1ea1i: <strong>\u0110\u00e8n th\u1ea3 ph\u00f2ng kh\u00e1ch hi\u1ec7n \u0111\u1ea1i<\/strong><\/p>\n<p dir=\"ltr\">&#8211; Ch\u1ea5t li\u1ec7u khung: h\u1ee3p kim m\u1ea1<\/p>\n<p dir=\"ltr\">&#8211; Ch\u1ea5t li\u1ec7u \u0111\u00e8n: th\u1ee7y tinh trong cao c\u1ea5p<\/p>\n<p dir=\"ltr\">&#8211; \u1ee8ng d\u1ee5ng: d\u00f9ng \u0111\u1ec3 trang tr\u00ed ph\u00f2ng kh\u00e1ch<\/p>\n<p dir=\"ltr\">&#8211; B\u1ea3o h\u00e0nh:12 th\u00e1ng<br \/>\n&#8211; \u00c1nh s\u00e1ng : v\u00e0ng<\/p>\n<h3>\u01afu \u0111i\u1ec3m c\u1ee7a \u0111\u00e8n th\u1ea3 ph\u00f2ng kh\u00e1ch hi\u1ec7n \u0111\u1ea1i Hera Th\u1ee7y Tinh CTH-0407-36<\/h3>\n<p dir=\"ltr\">Chi\u1ebfc \u0111\u00e8n Hera Th\u1ee7y Tinh CTH-0407-36 trong ph\u00f2ng kh\u00e1ch kh\u00f4ng ch\u1ec9 \u0111\u1ec3 trang tr\u00ed, n\u00f3 c\u00f2n g\u00f3p ph\u1ea7n t\u1ea1o m\u1ed9t kh\u00f4ng gian \u0111\u1ea7y l\u00e3ng m\u1ea1n, tr\u00e0n ng\u1eadp \u1ea5m \u00e1p v\u00e0 tho\u1ea3i m\u00e1i \u00a0nh\u1edd v\u00e0o \u00e1nh s\u00e1ng d\u1ecbu nh\u1eb9 c\u1ee7a \u0111\u00e8n. C\u00e1c th\u00e0nh vi\u00ean trong gia \u0111\u00ecnh m\u1ed7i t\u1ed1i qu\u00e2y qu\u1ea7n xem TV trong ph\u00f2ng kh\u00e1ch s\u1ebd c\u1ea3m th\u1ea5y g\u1ea7n g\u0169i h\u01a1n.<\/p>\n<p dir=\"ltr\"><img src=\"https:\/\/casani.vn\/img\/image\/hera-khoi-36-la-1.jpg\" alt=\"\u0110\u00e8n Th\u1ea3 Hera Th\u1ee7y Tinh CTH-0407-36\" \/><\/p>\n<p dir=\"ltr\">\u0110\u00e8n \u0111\u01b0\u1ee3c thi\u1ebft k\u1ebf theo phong c\u00e1ch hi\u1ec7n \u0111\u1ea1i v\u1edbi c\u00e1c b\u00f3ng \u0111\u00e8n nh\u1ecf t\u1ecfa ra mu\u00f4n n\u01a1i ph\u1ea3n chi\u1ebfu v\u1edbi tr\u1ea7n nh\u00e0 mang l\u1ea1i s\u1ef1 t\u01b0\u01a1ng ph\u1ea3n v\u1eeba \u0111\u1ed9c \u0111\u00e1o, v\u1eeba m\u1edbi l\u1ea1. B\u00f3ng \u0111\u00e8n LED \u0111\u01b0\u1ee3c s\u1ea3n xu\u1ea5t theo c\u00f4ng ngh\u1ec7 m\u1edbi r\u1ea5t ti\u1ebft ki\u1ec7m \u0111i\u1ec7n n\u0103ng m\u00e0 tu\u1ed5i th\u1ecd l\u00ean \u0111\u1ebfn 50.000 gi\u1edd chi\u1ebfu s\u00e1ng. T\u1eeb \u0111\u00f3 b\u1ea1n ho\u00e0n to\u00e0n c\u00f3 th\u1ec3 an t\u00e2m s\u1eed d\u1ee5ng s\u1ea3n ph\u1ea9m m\u00e0 kh\u00f4ng c\u1ea7n lo l\u1eafng \u0111\u00e8n ch\u00e1y v\u00e0 ph\u1ea3i thay b\u00f3ng.<\/p>\n<p dir=\"ltr\">\u00c1nh s\u00e1ng t\u1eeb \u0111\u00e8n d\u1ecbu nh\u1eb9, chu\u1ea9n \u0111\u1ed9 s\u00e1ng \u0111\u1ec3 b\u1ea3o v\u1ec7 an to\u00e0n cho m\u1eaft khi ti\u1ebfp x\u00fac v\u1edbi \u00e1nh s\u00e1ng c\u1ee7a \u0111\u00e8n. Ki\u1ec3u d\u00e1ng thi\u1ebft k\u1ebf trang nh\u00e3, l\u1ecbch l\u00e3m v\u00e0 hi\u1ec7n \u0111\u1ea1i, m\u00e0u s\u1eafc ti\u1ebft ch\u1ebf n\u00ean \u0111\u00e8n th\u1ea3 ph\u00f2ng kh\u00e1ch hi\u1ec7n \u0111\u1ea1i CTH-0407-36 ph\u00f9 h\u1ee3p v\u1edbi nhi\u1ec1u kh\u00f4ng gian c\u0103n ph\u00f2ng.<\/p>\n<h2>Mua \u0111\u00e8n th\u1ea3 ph\u00f2ng kh\u00e1ch hi\u1ec7n \u0111\u1ea1i CTH-0407-36 t\u1ea1i Casani<\/h2>\n<p dir=\"ltr\">B\u1ea1n \u0111ang c\u1ea7n <strong>mua \u0111\u00e8n trang tr\u00ed n\u1ed9i th\u1ea5t<\/strong> nh\u01b0ng kh\u00f4ng bi\u1ebft t\u1edbi \u0111\u00e2u t\u1ed1t? \u0110\u1ebfn v\u1edbi Casani b\u1ea1n nh\u01b0 l\u1ea1c v\u00e0o thi\u00ean \u0111\u01b0\u1eddng \u00e1nh s\u00e1ng \u0111\u1ea7y m\u00e0u s\u1eafc v\u1edbi v\u00f4 v\u00e0n nh\u1eefng m\u1eabu \u0111\u00e8n trang tr\u00ed theo xu h\u01b0\u1edbng m\u1edbi nh\u1ea5t, \u0111\u01b0\u1ee3c nh\u1eadp kh\u1ea9u tr\u1ef1c ti\u1ebfp t\u1eeb ch\u00e2u \u00c2u v\u1edbi ch\u1ea5t l\u01b0\u1ee3ng h\u00e0ng \u0111\u1ea7u theo ti\u00eau chu\u1ea9n qu\u1ed1c t\u1ebf.<\/p>\n<p dir=\"ltr\">\u0110\u1eb7c bi\u1ec7t, nh\u00e2n d\u1ecbp khai tr\u01b0\u01a1ng showroom m\u1edbi, Casani c\u00f3 ch\u01b0\u01a1ng tr\u00ecnh \u01b0u \u0111\u00e3i \u0111\u1eb7c bi\u1ec7t d\u00e0nh cho kh\u00e1ch h\u00e0ng khi mua \u0111\u00e8n th\u1ea3 ph\u00f2ng kh\u00e1ch hi\u1ec7n \u0111\u1ea1i CTH-0407-36. S\u1ea3n ph\u1ea9m n\u00e0y \u0111\u01b0\u1ee3c b\u1ea3o h\u00e0nh 12 th\u00e1ng n\u00ean b\u1ea1n c\u00f3 th\u1ec3 an t\u00e2m khi s\u1eed d\u1ee5ng s\u1ea3n ph\u1ea9m.<\/p>\n<p dir=\"ltr\">V\u1edbi mong mu\u1ed1n \u0111em l\u1ea1i s\u1ef1 h\u00e0i l\u00f2ng nh\u1ea5t cho kh\u00e1ch h\u00e0ng, Casani lu\u00f4n s\u1eb5n s\u00e0ng h\u1ed7 tr\u1ee3 kh\u00e1ch h\u00e0ng khi c\u1ea7n thi\u1ebft, b\u1ea3o h\u00e0nh t\u1ea1i nh\u00e0 khi ph\u00e1t sinh l\u1ed7i t\u1eeb nh\u00e0 s\u1ea3n xu\u1ea5t. V\u1edbi \u0111\u1ed9i ng\u0169 chuy\u00ean vi\u00ean t\u01b0 v\u1ea5n \u0111\u01b0\u1ee3c \u0111\u00e0o t\u1ea1o b\u00e0i b\u1ea3n, chuy\u00ean nghi\u1ec7p c\u1ee7a Casani s\u1ebd t\u01b0 v\u1ea5n ch\u00ednh x\u00e1c nh\u1ea5t v\u1edbi nhu c\u1ea7u th\u1ef1c t\u1ebf c\u1ee7a kh\u00e1ch h\u00e0ng.<\/p>\n<p dir=\"ltr\">H\u00e3y li\u00ean h\u1ec7 ngay v\u1edbi Casani qua hotline: 0965.69.8866 \u0111\u1ec3 tr\u1ea3i nghi\u1ec7m mua s\u1eafm th\u00fa v\u1ecb c\u00f9ng ch\u00fang t\u00f4i.<\/p>\n","protected":false},"excerpt":{"rendered":"<ul class=\"cc\">\n<li class=\"l\">M\u00e3 SP: CTH-0407-36<\/li>\n<li class=\"l\">B\u1ea3o h\u00e0nh: 12 Th\u00e1ng<\/li>\n<li>K\u00edch th\u01b0\u1edbc: \u00d8700 x H750mm<\/li>\n<li>T\u00ecnh tr\u1ea1ng: C\u00f2n h\u00e0ng<\/li>\n<\/ul>\n","protected":false},"featured_media":188,"comment_status":"open","ping_status":"closed","template":"","meta":[],"_links":{"self":[{"href":"https:\/\/webmaibinh.com\/w\/denled12011\/wp-json\/wp\/v2\/product\/186"}],"collection":[{"href":"https:\/\/webmaibinh.com\/w\/denled12011\/wp-json\/wp\/v2\/product"}],"about":[{"href":"https:\/\/webmaibinh.com\/w\/denled12011\/wp-json\/wp\/v2\/types\/product"}],"replies":[{"embeddable":true,"href":"https:\/\/webmaibinh.com\/w\/denled12011\/wp-json\/wp\/v2\/comments?post=186"}],"wp:featuredmedia":[{"embeddable":true,"href":"https:\/\/webmaibinh.com\/w\/denled12011\/wp-json\/wp\/v2\/media\/188"}],"wp:attachment":[{"href":"https:\/\/webmaibinh.com\/w\/denled12011\/wp-json\/wp\/v2\/media?parent=186"}],"curies":[{"name":"wp","href":"https:\/\/api.w.org\/{rel}","templated":true}]}}