{"id":42,"date":"2020-02-29T23:54:49","date_gmt":"2020-02-29T16:54:49","guid":{"rendered":"http:\/\/denled2.muathemewordpress.net\/?page_id=42"},"modified":"2020-03-02T09:06:49","modified_gmt":"2020-03-02T02:06:49","slug":"huong-dan-duong-di","status":"publish","type":"page","link":"https:\/\/webmaibinh.com\/w\/denled12011\/huong-dan-duong-di\/","title":{"rendered":"H\u01b0\u1edbng d\u1eabn \u0111\u01b0\u1eddng \u0111i"},"content":{"rendered":"<p>B\u1ea1n g\u1eb7p kh\u00f3 kh\u0103n trong vi\u1ec7c t\u00ecm \u0111\u1ecba ch\u1ec9 c\u00f4ng ty? B\u1ea1n mu\u1ed1n \u0111\u1ebfn v\u1edbi\u00a0<strong>Th\u01b0\u01a1ng hi\u1ec7u \u0111\u00e8n Casani<\/strong>\u00a0m\u1ed9t c\u00e1ch nhanh nh\u1ea5t? D\u01b0\u1edbi \u0111\u00e2y l\u00e0 b\u1ea3n \u0111\u1ed3 ch\u1ec9 d\u1eabn chi ti\u1ebft t\u1edbi\u00a0<strong>C\u01a1 s\u1edf H\u00e0 N\u1ed9i<\/strong>\u00a0v\u00e0\u00a0<strong>C\u01a1 s\u1edf TP.HCM<\/strong>.<\/p>\n<p><strong><span style=\"color: #333333;\">S\u01a0 \u0110\u1ed2 CH\u1ec8 \u0110\u01af\u1edcNG \u0110\u1ebeN V\u1edaI\u00a0<\/span><span style=\"color: #ff0000;\">CASANI\u00a0<\/span><\/strong><b>C\u01a0 S\u1ede H\u00c0 N\u1ed8I<\/b><b><\/b><\/p>\n<div><strong>1) C\u01a1 s\u1edf H\u00e0 N\u1ed9i:<\/strong>\u00a0Showroom 600m2:\u00a0<strong>S\u1ed1 8 Ph\u1ea1m H\u00f9ng, M\u1ec5 Tr\u00ec, HN<\/strong>\u00a0\u00a0&gt;&gt; Ch\u1ec9 \u0110\u01b0\u1eddng<\/div>\n<div><strong>Qu\u00fd Kh\u00e1ch L\u01b0u \u00dd:<\/strong>\u00a0Ph\u1ea1m H\u00f9ng C\u00f3 2 \u0110\u1ea7u S\u1ed1 8 ( CASANI T\u1ea1i Ng\u00e3 3\u00a0M\u1ea1c Th\u00e1i T\u00f4ng\u00a0&#8211;\u00a0Ph\u1ea1m H\u00f9ng\u00a0)<br \/>\n( \u0110\u1ed1i di\u1ec7n TT H\u1ed9i ngh\u1ecb Qu\u1ed1c gia, c\u1ea1nh\u00a0Si\u00eau th\u1ecb Media Mart v\u00e0 Showroom \u00f4 t\u00f4 Audi )<br \/>\n<strong>M\u1edf c\u1eeda:<\/strong>\u00a08h00 \u0111\u1ebfn 20h00 ( C\u00f3 ch\u1ed7 \u0111\u1ed7 \u00d4 T\u00f4 )<br \/>\nTel: 024.22.84.8866 &#8211; Hotline:\u00a0<strong>0965.69.8866\u00a0<\/strong><\/div>\n<div><img src=\"https:\/\/casani.vn\/img\/image\/s%C6%A1%20%C4%91%E1%BB%93%202020\/S%C6%A1-%C4%91%E1%BB%93.jpg\" alt=\"H\u01b0\u1edbng d\u1eabn \u0111\u01b0\u1eddng \u0111i\" \/><\/div>\n<div><\/div>\n","protected":false},"excerpt":{"rendered":"<p>B\u1ea1n g\u1eb7p kh\u00f3 kh\u0103n trong vi\u1ec7c t\u00ecm \u0111\u1ecba ch\u1ec9 c\u00f4ng ty? B\u1ea1n mu\u1ed1n \u0111\u1ebfn v\u1edbi\u00a0Th\u01b0\u01a1ng hi\u1ec7u \u0111\u00e8n Casani\u00a0m\u1ed9t c\u00e1ch nhanh nh\u1ea5t? D\u01b0\u1edbi \u0111\u00e2y l\u00e0 b\u1ea3n \u0111\u1ed3 ch\u1ec9 d\u1eabn chi ti\u1ebft t\u1edbi\u00a0C\u01a1 s\u1edf H\u00e0 N\u1ed9i\u00a0v\u00e0\u00a0C\u01a1 s\u1edf TP.HCM. S\u01a0 \u0110\u1ed2 CH\u1ec8 \u0110\u01af\u1edcNG \u0110\u1ebeN V\u1edaI\u00a0CASANI\u00a0C\u01a0 S\u1ede H\u00c0 N\u1ed8I 1) C\u01a1 s\u1edf H\u00e0 N\u1ed9i:\u00a0Showroom 600m2:\u00a0S\u1ed1 8 Ph\u1ea1m H\u00f9ng, M\u1ec5&#8230;<\/p>\n","protected":false},"author":1,"featured_media":0,"parent":0,"menu_order":0,"comment_status":"closed","ping_status":"closed","template":"","meta":[],"_links":{"self":[{"href":"https:\/\/webmaibinh.com\/w\/denled12011\/wp-json\/wp\/v2\/pages\/42"}],"collection":[{"href":"https:\/\/webmaibinh.com\/w\/denled12011\/wp-json\/wp\/v2\/pages"}],"about":[{"href":"https:\/\/webmaibinh.com\/w\/denled12011\/wp-json\/wp\/v2\/types\/page"}],"author":[{"embeddable":true,"href":"https:\/\/webmaibinh.com\/w\/denled12011\/wp-json\/wp\/v2\/users\/1"}],"replies":[{"embeddable":true,"href":"https:\/\/webmaibinh.com\/w\/denled12011\/wp-json\/wp\/v2\/comments?post=42"}],"version-history":[{"count":0,"href":"https:\/\/webmaibinh.com\/w\/denled12011\/wp-json\/wp\/v2\/pages\/42\/revisions"}],"wp:attachment":[{"href":"https:\/\/webmaibinh.com\/w\/denled12011\/wp-json\/wp\/v2\/media?parent=42"}],"curies":[{"name":"wp","href":"https:\/\/api.w.org\/{rel}","templated":true}]}}