{"id":40,"date":"2020-02-29T23:54:43","date_gmt":"2020-02-29T16:54:43","guid":{"rendered":"http:\/\/denled2.muathemewordpress.net\/?page_id=40"},"modified":"2020-03-02T09:01:59","modified_gmt":"2020-03-02T02:01:59","slug":"huong-dan-mua-hang","status":"publish","type":"page","link":"https:\/\/webmaibinh.com\/w\/denled12011\/huong-dan-mua-hang\/","title":{"rendered":"H\u01b0\u1edbng d\u1eabn mua h\u00e0ng"},"content":{"rendered":"<div><strong>PH\u01af\u01a0NG TH\u1ee8C \u0110\u1eb6T H\u00c0NG T\u1ea0I CASANI<\/strong><\/div>\n<ol>\n<li>\u0110\u1eb7t h\u00e0ng tr\u1ef1c ti\u1ebfp t\u1ea1i 02 showroom c\u1eeda th\u01b0\u01a1ng hi\u1ec7u n\u1ed9i th\u1ea5t CASANI<\/li>\n<li>\u0110\u1eb7t h\u00e0ng ngay t\u1ea1i nh\u00e0 c\u1ee7a Qu\u00fd kh\u00e1ch : N\u1ebfu Qu\u00fd kh\u00e1ch b\u1eadn r\u1ed9n, nh\u00e2n vi\u00ean c\u00f4ng ty CASANI\u00a0\u0111\u1ebfn t\u1eadn nh\u00e0 Qu\u00fd kh\u00e1ch \u0111\u1ec3 l\u00e0m th\u1ee7 t\u1ee5c \u0111\u1eb7t h\u00e0ng.<\/li>\n<li>\u0110\u1eb7t h\u00e0ng qua \u0111i\u1ec7n tho\u1ea1i: Qu\u00fd kh\u00e1ch g\u1ecdi \u0111\u1eb7t h\u00e0ng qua c\u00e1c s\u1ed1 \u0111i\u1ec7n tho\u1ea1i tr\u00ean website nh\u00e2n vi\u00ean b\u00e1n h\u00e0ng c\u1ee7a CASANI\u00a0s\u1ebd t\u01b0 v\u1ea5n v\u00e0 h\u01b0\u1edbng d\u1eabn Qu\u00fd kh\u00e1ch \u0111\u1eb7t h\u00e0ng.<\/li>\n<li>\u0110\u1eb7t h\u00e0ng tr\u00ean website: Qu\u00fd kh\u00e1ch ch\u1ec9 c\u1ea7n ch\u1ecdn s\u1ea3n ph\u1ea9m y\u00eau th\u00edch, ch\u1ecdn s\u1ed1 l\u01b0\u1ee3ng v\u00e0 \u1ea5n v\u00e0o n\u00fat &#8220;MUA NGAY&#8221; r\u1ed3i g\u1eedi th\u00f4ng tin li\u00ean h\u1ec7 \u0111\u1ebfn cho CASANI, ch\u00fang t\u00f4i s\u1ebd li\u00ean h\u1ec7 l\u1ea1i v\u00e0 l\u00e0m th\u1ee7 t\u1ee5c \u0111\u1eb7t h\u00e0ng cho Qu\u00fd kh\u00e1ch.<\/li>\n<\/ol>\n<div><\/div>\n<div><strong>CH\u00cdNH S\u00c1CH V\u1eacN CHUY\u1ec2N<\/strong><\/div>\n<div><\/div>\n<div>Nh\u1eb1m \u0111em l\u1ea1i s\u1ef1 ti\u1ec7n \u00edch cho kh\u00e1ch h\u00e0ng khi mua s\u1eafm t\u1ea1i th\u01b0\u01a1ng hi\u1ec7u n\u1ed9i th\u1ea5t\u00a0CASANI,\u00a0ch\u00fang t\u00f4i \u00e1p d\u1ee5ng ch\u00ednh s\u00e1ch v\u1eadn chuy\u1ec3n \u0111\u1ed1i v\u1edbi kh\u00e1ch mua h\u00e0ng nh\u01b0 sau:<\/div>\n<div>\na. Giao h\u00e0ng trong n\u1ed9i th\u00e0nh H\u00e0 N\u1ed9i<\/div>\n<ul>\n<li>Th\u1eddi gian giao h\u00e0ng: Ngay trong ng\u00e0y<\/li>\n<li>Ph\u00ed giao h\u00e0ng: Mi\u1ec5n ph\u00ed<\/li>\n<\/ul>\n<div>b. Giao h\u00e0ng t\u1ea1i \u0111\u1ecba ph\u01b0\u01a1ng kh\u00e1c<\/div>\n<ul>\n<li>Th\u1eddi gian giao h\u00e0ng: Giao ngay, sau th\u1eddi gian \u0111\u1eb7t h\u00e0ng l\u00e0: 24h ho\u1eb7c 48h<\/li>\n<li>Ph\u00ed giao h\u00e0ng: Ph\u1ee5 thu\u1ed9c v\u00e0o ph\u00ed c\u1ee7a h\u00e3ng v\u1eadn chuy\u1ec3n \u0111\u1ed1i v\u1edbi t\u1eebng \u0111\u1ecba ph\u01b0\u01a1ng. Ch\u00fang t\u00f4i s\u1ebd trao \u0111\u1ed5i tr\u1ef1c ti\u1ebfp v\u1edbi qu\u00fd kh\u00e1ch khi nh\u1eadn \u0111\u01b0\u1ee3c th\u00f4ng tin \u0111\u1eb7t h\u00e0ng.<\/li>\n<\/ul>\n<div><u>L\u01b0u \u00fd<\/u>: Tuy nhi\u00ean v\u00e0o th\u1eddi \u0111i\u1ec3m l\u1ec5, t\u1ebft&#8230; ho\u1eb7c t\u00f9y theo m\u1ed9t s\u1ed1 \u0111i\u1ec1u ki\u1ec7n kh\u00e1ch quan nh\u01b0 thi\u00ean tai, h\u1ecfng h\u00f3c ph\u01b0\u01a1ng ti\u1ec7n&#8230; ch\u00fang t\u00f4i kh\u00f4ng th\u1ec3 giao h\u00e0ng ngay n\u00ean s\u1ebd th\u1ecfa thu\u1eadn th\u1eddi gian giao h\u00e0ng c\u1ee5 th\u1ec3 cho kh\u00e1ch h\u00e0ng khi mua h\u00e0ng.<\/div>\n<div><\/div>\n<div><strong>H\u00ccNH TH\u1ee8C THANH TO\u00c1N<\/strong><\/div>\n<div><\/div>\n<div>CASANI\u00a0\u00e1p d\u1ee5ng c\u00e1c h\u00ecnh th\u1ee9c thanh to\u00e1n sau \u0111\u00e2y. \u0110\u1ec1 ngh\u1ecb qu\u00fd kh\u00e1ch l\u1ef1a ch\u1ecdn h\u00ecnh th\u1ee9c thanh to\u00e1n ph\u00f9 h\u1ee3p khi mua s\u1ea3n ph\u1ea9m.<\/p>\n<\/div>\n<div><strong>1.Thanh to\u00e1n tr\u1ef1c ti\u1ebfp<\/p>\n<p><\/strong>Qu\u00fd kh\u00e1ch mua h\u00e0ng c\u00f3 th\u1ec3 thanh to\u00e1n tr\u1ef1c ti\u1ebfp t\u1ea1i showroom c\u1ee7a\u00a0CASANI<strong><br \/>\n<\/strong><\/div>\n<div><strong>2.Thanh to\u00e1n chuy\u1ec3n kho\u1ea3n<\/strong><\/div>\n<div><\/div>\n<div>Qu\u00fd kh\u00e1ch c\u00f3 th\u1ec3 thanh to\u00e1n b\u1eb1ng c\u00e1ch chuy\u1ec3n kho\u1ea3n \u0111\u1ebfn m\u1ed9t trong c\u00e1c t\u00e0i kho\u1ea3n d\u01b0\u1edbi \u0111\u00e2y<\/div>\n","protected":false},"excerpt":{"rendered":"<p>PH\u01af\u01a0NG TH\u1ee8C \u0110\u1eb6T H\u00c0NG T\u1ea0I CASANI \u0110\u1eb7t h\u00e0ng tr\u1ef1c ti\u1ebfp t\u1ea1i 02 showroom c\u1eeda th\u01b0\u01a1ng hi\u1ec7u n\u1ed9i th\u1ea5t CASANI \u0110\u1eb7t h\u00e0ng ngay t\u1ea1i nh\u00e0 c\u1ee7a Qu\u00fd kh\u00e1ch : N\u1ebfu Qu\u00fd kh\u00e1ch b\u1eadn r\u1ed9n, nh\u00e2n vi\u00ean c\u00f4ng ty CASANI\u00a0\u0111\u1ebfn t\u1eadn nh\u00e0 Qu\u00fd kh\u00e1ch \u0111\u1ec3 l\u00e0m th\u1ee7 t\u1ee5c \u0111\u1eb7t h\u00e0ng. \u0110\u1eb7t h\u00e0ng qua \u0111i\u1ec7n tho\u1ea1i: Qu\u00fd kh\u00e1ch&#8230;<\/p>\n","protected":false},"author":1,"featured_media":0,"parent":0,"menu_order":0,"comment_status":"closed","ping_status":"closed","template":"page-left-sidebar.php","meta":[],"_links":{"self":[{"href":"https:\/\/webmaibinh.com\/w\/denled12011\/wp-json\/wp\/v2\/pages\/40"}],"collection":[{"href":"https:\/\/webmaibinh.com\/w\/denled12011\/wp-json\/wp\/v2\/pages"}],"about":[{"href":"https:\/\/webmaibinh.com\/w\/denled12011\/wp-json\/wp\/v2\/types\/page"}],"author":[{"embeddable":true,"href":"https:\/\/webmaibinh.com\/w\/denled12011\/wp-json\/wp\/v2\/users\/1"}],"replies":[{"embeddable":true,"href":"https:\/\/webmaibinh.com\/w\/denled12011\/wp-json\/wp\/v2\/comments?post=40"}],"version-history":[{"count":0,"href":"https:\/\/webmaibinh.com\/w\/denled12011\/wp-json\/wp\/v2\/pages\/40\/revisions"}],"wp:attachment":[{"href":"https:\/\/webmaibinh.com\/w\/denled12011\/wp-json\/wp\/v2\/media?parent=40"}],"curies":[{"name":"wp","href":"https:\/\/api.w.org\/{rel}","templated":true}]}}