{"id":31,"date":"2019-05-17T03:57:03","date_gmt":"2019-05-17T03:57:03","guid":{"rendered":"https:\/\/decal.khowebseotop.vn\/?page_id=31"},"modified":"2020-05-09T03:43:36","modified_gmt":"2020-05-09T03:43:36","slug":"lien-he","status":"publish","type":"page","link":"https:\/\/webmaibinh.com\/w\/decal2011\/lien-he\/","title":{"rendered":"Li\u00ean h\u1ec7"},"content":{"rendered":"\t<div class=\"img has-hover x md-x lg-x y md-y lg-y\" id=\"image_1243812548\">\n\t\t\t\t\t\t\t\t<div class=\"img-inner dark\" >\n\t\t\t<img width=\"1920\" height=\"574\" src=\"https:\/\/webmaibinh.com\/w\/decal2011\/wp-content\/uploads\/2019\/05\/slider-01.jpg\" class=\"attachment-original size-original\" alt=\"\" loading=\"lazy\" srcset=\"https:\/\/webmaibinh.com\/w\/decal2011\/wp-content\/uploads\/2019\/05\/slider-01.jpg 1920w, https:\/\/webmaibinh.com\/w\/decal2011\/wp-content\/uploads\/2019\/05\/slider-01-300x90.jpg 300w, https:\/\/webmaibinh.com\/w\/decal2011\/wp-content\/uploads\/2019\/05\/slider-01-768x230.jpg 768w, https:\/\/webmaibinh.com\/w\/decal2011\/wp-content\/uploads\/2019\/05\/slider-01-1024x306.jpg 1024w\" sizes=\"(max-width: 1920px) 100vw, 1920px\" \/>\t\t\t\t\t\t\n\t\t\t\t\t<\/div>\n\t\t\t\t\t\t\t\t\n<style>\n#image_1243812548 {\n  width: 100%;\n}\n<\/style>\n\t<\/div>\n\t\n\t<section class=\"section\" id=\"section_54668799\">\n\t\t<div class=\"bg section-bg fill bg-fill  bg-loaded\" >\n\n\t\t\t\n\t\t\t\n\t\t\t\n\n\t\t<\/div>\n\n\t\t<div class=\"section-content relative\">\n\t\t\t\n<div class=\"row row-small\"  id=\"row-676790146\">\n\n\t<div id=\"col-1621915241\" class=\"col medium-7 small-12 large-7\"  >\n\t\t<div class=\"col-inner\"  >\n\t\t\t\n\t\t\t\n<p><span style=\"font-size: 90%;\"><strong>HCM: Ph\u1ea1m V\u0103n B\u1ea1ch, P. 15, Q. T\u00e2n B\u00ecnh, Tp. HCM<\/strong><\/span><\/p>\n<ul>\n<li><span style=\" font-size: 90%;\"><strong>\u0110i\u1ec7n tho\u1ea1i: <span style=\"font-weight: 400;\">0999.999.999 \u2013 0999.999.999<\/span><\/strong><\/span><\/li>\n<li><span style=\" font-size: 90%;\"><strong>Email:<\/strong> <a href=\"#\"><span style=\"font-weight: 400;\">email@gmail.com<\/span><\/a><\/span><\/li>\n<li><span style=\" font-size: 90%;\"><strong>Fanpage: <a href=\"\">www.facebook.com\/facebook\/<\/a><\/strong><\/span><\/li>\n<\/ul>\n\t\t<\/div>\n\t\t\t<\/div>\n\n\t\n\n\t<div id=\"col-1345804160\" class=\"col medium-5 small-12 large-5\"  >\n\t\t<div class=\"col-inner\"  >\n\t\t\t\n\t\t\t\n<p><span style=\"font-size: 95%;\">C\u00e2y Xinh lu\u00f4n s\u1eb5n l\u00f2ng \u0111\u00f3n nh\u1eadn c\u00e1c \u00fd ki\u1ebfn \u0111\u00f3ng g\u00f3p c\u0169ng nh\u01b0 h\u1ed3i \u0111\u00e1p c\u00e1c th\u1eafc m\u1eafc c\u1ee7a b\u1ea1n v\u1ec1 c\u00e1c s\u1ea3n ph\u1ea9m, d\u1ecbch v\u1ee5.<\/span><\/p>\n<p><span style=\"font-size: 95%;\">B\u1ea1n c\u00f3 th\u1ec3 li\u00ean h\u1ec7 qua bi\u1ec3u m\u1eabu ho\u1eb7c li\u00ean h\u1ec7 theo c\u00e1c th\u00f4ng tin d\u01b0\u1edbi \u0111\u00e2y n\u1ebfu b\u1ea1n c\u00f3 b\u1ea5t k\u1ef3 y\u00eau c\u1ea7u ho\u1eb7c th\u1eafc m\u1eafc n\u00e0o.<\/span><\/p>\n<div role=\"form\" class=\"wpcf7\" id=\"wpcf7-f457-o1\" lang=\"vi\" dir=\"ltr\">\n<div class=\"screen-reader-response\"><p role=\"status\" aria-live=\"polite\" aria-atomic=\"true\"><\/p> <ul><\/ul><\/div>\n<form action=\"\/w\/decal2011\/wp-json\/wp\/v2\/pages\/31#wpcf7-f457-o1\" method=\"post\" class=\"wpcf7-form init\" novalidate=\"novalidate\" data-status=\"init\">\n<div style=\"display: none;\">\n<input type=\"hidden\" name=\"_wpcf7\" value=\"457\" \/>\n<input type=\"hidden\" name=\"_wpcf7_version\" value=\"5.3\" \/>\n<input type=\"hidden\" name=\"_wpcf7_locale\" value=\"vi\" \/>\n<input type=\"hidden\" name=\"_wpcf7_unit_tag\" value=\"wpcf7-f457-o1\" \/>\n<input type=\"hidden\" name=\"_wpcf7_container_post\" value=\"0\" \/>\n<input type=\"hidden\" name=\"_wpcf7_posted_data_hash\" value=\"\" \/>\n<\/div>\n<p><span class=\"wpcf7-form-control-wrap text-373\"><input type=\"text\" name=\"text-373\" value=\"\" size=\"40\" class=\"wpcf7-form-control wpcf7-text wpcf7-validates-as-required\" aria-required=\"true\" aria-invalid=\"false\" placeholder=\"H\u1ecd v\u00e0 t\u00ean...\" \/><\/span><br \/>\n<span class=\"wpcf7-form-control-wrap tel-102\"><input type=\"tel\" name=\"tel-102\" value=\"\" size=\"40\" class=\"wpcf7-form-control wpcf7-text wpcf7-tel wpcf7-validates-as-required wpcf7-validates-as-tel\" aria-required=\"true\" aria-invalid=\"false\" placeholder=\"S\u1ed1 \u0111i\u1ec7n tho\u1ea1i...\" \/><\/span><br \/>\n<span class=\"wpcf7-form-control-wrap menu-852\"><select name=\"menu-852\" class=\"wpcf7-form-control wpcf7-select\" aria-invalid=\"false\"><option value=\"B\u1ea1n c\u1ea7n g\u00ec?\">B\u1ea1n c\u1ea7n g\u00ec?<\/option><option value=\"Thi\u1ebft k\u1ebf decal d\u00e1n k\u00ednh\">Thi\u1ebft k\u1ebf decal d\u00e1n k\u00ednh<\/option><option value=\"Thi c\u00f4ng decal d\u00e1n k\u00ednh\">Thi c\u00f4ng decal d\u00e1n k\u00ednh<\/option><option value=\"Mua l\u1ebb decal\">Mua l\u1ebb decal<\/option><\/select><\/span><br \/>\n<span class=\"wpcf7-form-control-wrap textarea-736\"><textarea name=\"textarea-736\" cols=\"40\" rows=\"10\" class=\"wpcf7-form-control wpcf7-textarea\" aria-invalid=\"false\" placeholder=\"Ghi ch\u00fa th\u00eam...\"><\/textarea><\/span><\/p>\n<p><input type=\"submit\" value=\"G\u1eedi \u0111\u0103ng k\u00fd\" class=\"wpcf7-form-control wpcf7-submit\" \/><\/p>\n<div class=\"wpcf7-response-output\" aria-hidden=\"true\"><\/div><\/form><\/div>\n\t\t<\/div>\n\t\t\t<\/div>\n\n\t\n\n\t<div id=\"col-458461850\" class=\"col small-12 large-12\"  >\n\t\t<div class=\"col-inner\"  >\n\t\t\t\n\t\t\t\n<p><iframe src=\"https:\/\/www.google.com\/maps\/embed?pb=!1m18!1m12!1m3!1d3918.8951647747363!2d106.63615131462117!3d10.819334261359117!2m3!1f0!2f0!3f0!3m2!1i1024!2i768!4f13.1!3m3!1m2!1s0x317529667c77fcdd%3A0x39f60dd29f004faf!2zMi84NSBQaOG6oW0gVsSDbiBC4bqhY2gsIFBoxrDhu51uZyAxNSwgVMOibiBCw6xuaCwgSOG7kyBDaMOtIE1pbmgsIFZp4buHdCBOYW0!5e0!3m2!1svi!2s!4v1568732176587!5m2!1svi!2s\" width=\"100%\" height=\"350\" frameborder=\"0\" style=\"border:0;\" allowfullscreen=\"\"><\/iframe><\/p>\n\t\t<\/div>\n\t\t\t<\/div>\n\n\t\n<\/div>\n\t\t<\/div>\n\n\t\t\n<style>\n#section_54668799 {\n  padding-top: 30px;\n  padding-bottom: 30px;\n}\n<\/style>\n\t<\/section>\n\t\n","protected":false},"excerpt":{"rendered":"","protected":false},"author":2,"featured_media":0,"parent":0,"menu_order":0,"comment_status":"closed","ping_status":"closed","template":"page-blank.php","meta":[],"_links":{"self":[{"href":"https:\/\/webmaibinh.com\/w\/decal2011\/wp-json\/wp\/v2\/pages\/31"}],"collection":[{"href":"https:\/\/webmaibinh.com\/w\/decal2011\/wp-json\/wp\/v2\/pages"}],"about":[{"href":"https:\/\/webmaibinh.com\/w\/decal2011\/wp-json\/wp\/v2\/types\/page"}],"author":[{"embeddable":true,"href":"https:\/\/webmaibinh.com\/w\/decal2011\/wp-json\/wp\/v2\/users\/2"}],"replies":[{"embeddable":true,"href":"https:\/\/webmaibinh.com\/w\/decal2011\/wp-json\/wp\/v2\/comments?post=31"}],"version-history":[{"count":19,"href":"https:\/\/webmaibinh.com\/w\/decal2011\/wp-json\/wp\/v2\/pages\/31\/revisions"}],"predecessor-version":[{"id":655,"href":"https:\/\/webmaibinh.com\/w\/decal2011\/wp-json\/wp\/v2\/pages\/31\/revisions\/655"}],"wp:attachment":[{"href":"https:\/\/webmaibinh.com\/w\/decal2011\/wp-json\/wp\/v2\/media?parent=31"}],"curies":[{"name":"wp","href":"https:\/\/api.w.org\/{rel}","templated":true}]}}