{"id":29,"date":"2019-05-17T03:56:59","date_gmt":"2019-05-17T03:56:59","guid":{"rendered":"https:\/\/decal.khowebseotop.vn\/?page_id=29"},"modified":"2019-05-18T06:42:26","modified_gmt":"2019-05-18T06:42:26","slug":"bao-gia","status":"publish","type":"page","link":"https:\/\/webmaibinh.com\/w\/decal2011\/bao-gia\/","title":{"rendered":"B\u00e1o gi\u00e1"},"content":{"rendered":"\t<section class=\"section bao-gia-section dark\" id=\"section_1571920464\">\n\t\t<div class=\"bg section-bg fill bg-fill  \" >\n\n\t\t\t\n\t\t\t<div class=\"section-bg-overlay absolute fill\"><\/div>\n\t\t\t\n\n\t\t<\/div>\n\n\t\t<div class=\"section-content relative\">\n\t\t\t\n<div class=\"row\"  id=\"row-1891022806\">\n\n\t<div id=\"col-1249198245\" class=\"col small-12 large-12\"  >\n\t\t<div class=\"col-inner\"  >\n\t\t\t\n\t\t\t\n<div class=\"container section-title-container\" ><h2 class=\"section-title section-title-center\"><b><\/b><span class=\"section-title-main\" style=\"color:rgb(188, 213, 255);\">B\u1ea3ng gi\u00e1 s\u1ea3n ph\u1ea9m &amp; d\u1ecbch v\u1ee5<\/span><b><\/b><\/h2><\/div>\n<p style=\"text-align: center;\">Hi\u1ec7n nay tr\u00ean th\u1ecb tr\u01b0\u1eddng tr\u00e0n lan c\u00e1c s\u1ea3n ph\u1ea9m Decal d\u00e1n k\u00ednh m\u1edd, decal d\u00e1n t\u01b0\u1eddng, phim c\u00e1ch nhi\u1ec7t k\u00e9m ch\u1ea5t l\u01b0\u1ee3ng kh\u00f4ng \u0111\u1ea3m b\u1ea3o, gi\u00e1 th\u00e0nh r\u1ebb, \u0111\u00e1nh v\u00e0o t\u00e2m l\u00fd ng\u01b0\u1eddi d\u00f9ng v\u00ec c\u1ee9 \u1edf \u0111\u00e2u gi\u00e1 r\u1ebb th\u00ec mua. Ch\u00fang t\u00f4i khuy\u1ebfn c\u00e1o kh\u00e1ch h\u00e0ng n\u00ean ch\u1ecdn nh\u00e0 cung c\u1ea5p c\u00f3 uy t\u00edn tr\u00ean th\u1ecb tr\u01b0\u1eddng<br \/>\n\u0111\u1ec3 tr\u00e1nh mua ph\u1ea3i h\u00e0ng gi\u1ea3, h\u00e0ng k\u00e9m ch\u1ea5t l\u01b0\u1ee3ng.<\/p>\n\t\t<\/div>\n\t\t\t<\/div>\n\n\t\n\n\t<div id=\"col-2092067021\" class=\"col medium-6 small-12 large-6\"  >\n\t\t<div class=\"col-inner\"  >\n\t\t\t\n\t\t\t\n\t<div class=\"img has-hover bao-gia-img x md-x lg-x y md-y lg-y\" id=\"image_1299451173\">\n\t\t<a class=\"\" href=\"#gia-thi-cong\"  >\t\t\t\t\t\t<div class=\"img-inner dark\" >\n\t\t\t<img width=\"565\" height=\"203\" src=\"https:\/\/webmaibinh.com\/w\/decal2011\/wp-content\/uploads\/2019\/05\/thi-c\u00f4ng.jpg\" class=\"attachment-original size-original\" alt=\"\" loading=\"lazy\" srcset=\"https:\/\/webmaibinh.com\/w\/decal2011\/wp-content\/uploads\/2019\/05\/thi-c\u00f4ng.jpg 565w, https:\/\/webmaibinh.com\/w\/decal2011\/wp-content\/uploads\/2019\/05\/thi-c\u00f4ng-300x108.jpg 300w\" sizes=\"(max-width: 565px) 100vw, 565px\" \/>\t\t\t\t\t\t\n\t\t\t\t\t<\/div>\n\t\t\t\t\t\t<\/a>\t\t\n<style>\n#image_1299451173 {\n  width: 100%;\n}\n<\/style>\n\t<\/div>\n\t\n\t\t<\/div>\n\t\t\t<\/div>\n\n\t\n\n\t<div id=\"col-809862022\" class=\"col medium-6 small-12 large-6\"  >\n\t\t<div class=\"col-inner\"  >\n\t\t\t\n\t\t\t\n\t<div class=\"img has-hover bao-gia-img x md-x lg-x y md-y lg-y\" id=\"image_1986307602\">\n\t\t<a class=\"\" href=\"#gia-san-pham\"  >\t\t\t\t\t\t<div class=\"img-inner dark\" >\n\t\t\t<img width=\"565\" height=\"203\" src=\"https:\/\/webmaibinh.com\/w\/decal2011\/wp-content\/uploads\/2019\/05\/san-pham.jpg\" class=\"attachment-original size-original\" alt=\"\" loading=\"lazy\" srcset=\"https:\/\/webmaibinh.com\/w\/decal2011\/wp-content\/uploads\/2019\/05\/san-pham.jpg 565w, https:\/\/webmaibinh.com\/w\/decal2011\/wp-content\/uploads\/2019\/05\/san-pham-300x108.jpg 300w\" sizes=\"(max-width: 565px) 100vw, 565px\" \/>\t\t\t\t\t\t\n\t\t\t\t\t<\/div>\n\t\t\t\t\t\t<\/a>\t\t\n<style>\n#image_1986307602 {\n  width: 100%;\n}\n<\/style>\n\t<\/div>\n\t\n\t\t<\/div>\n\t\t\t<\/div>\n\n\t\n<\/div>\n\t\t<\/div>\n\n\t\t\n<style>\n#section_1571920464 {\n  padding-top: 46px;\n  padding-bottom: 46px;\n}\n#section_1571920464 .section-bg-overlay {\n  background-color: rgba(28, 44, 77, 0.88);\n}\n#section_1571920464 .section-bg.bg-loaded {\n  background-image: url(https:\/\/webmaibinh.com\/w\/decal2011\/wp-content\/uploads\/2019\/05\/background.jpg);\n}\n<\/style>\n\t<\/section>\n\t\n\t<section class=\"section\" id=\"section_1667841472\">\n\t\t<div class=\"bg section-bg fill bg-fill  bg-loaded\" >\n\n\t\t\t\n\t\t\t\n\t\t\t\n\n\t\t<\/div>\n\n\t\t<div class=\"section-content relative\">\n\t\t\t\n<div class=\"row\"  id=\"row-186894300\">\n\n\t<div id=\"col-1293561550\" class=\"col small-12 large-12\"  >\n\t\t<div class=\"col-inner\"  >\n\t\t\t\n\t\t\t\n<h3 id=\"gia-thi-cong\"><span style=\"color: #003366;\">B\u00e1o gi\u00e1 d\u1ecbch v\u1ee5 thi c\u00f4ng<\/span><\/h3>\n<table width=\"700\">\n<tbody>\n<tr>\n<td width=\"265\"><strong>DI\u0323CH VU\u0323<\/strong><\/td>\n<td width=\"143\"><strong>DI\u00ca\u0323N TI\u0301CH<\/strong><\/td>\n<td width=\"183\"><strong>BA\u0301O GIA\u0301<\/strong><\/td>\n<\/tr>\n<tr>\n<td rowspan=\"2\" width=\"265\">Thi c\u00f4ng:<\/p>\n<p>\u00a0<\/p>\n<p>\u2013 Decal\u00a0\u00a0da\u0301n ki\u0301nh trang tri\u0301<br \/>\u2013 Decal\u00a0da\u0301n ki\u0301nh m\u01a1\u0300<br \/>\u2013 Decal da\u0301n ki\u0301nh<\/p>\n<\/td>\n<td width=\"143\">D\u01b0\u01a1\u0301i 10m2<\/td>\n<td width=\"183\">40.000\u0111\/m2 + 200.000\u0111<\/td>\n<\/tr>\n<tr>\n<td width=\"143\">Tr\u00ean 10m2<\/td>\n<td width=\"183\">60.000\u0111\/m2<\/td>\n<\/tr>\n<tr>\n<td width=\"265\">C\u1eaft ch\u1ec9 3 ch\u1ec9\/m2<\/td>\n<td colspan=\"2\" width=\"326\">10.000\u0111\/m2<\/td>\n<\/tr>\n<tr>\n<td rowspan=\"3\" width=\"265\">Thi c\u00f4ng:<br \/>\u2013 D\u00e1n k\u00ednh ch\u1ed1ng n\u1eafng (d\u00f9ng phim c\u00e1ch nhi\u1ec7t \u0110\u00e0i Loan)<br \/>\u2013 Gi\u1ea5y d\u00e1n k\u00ednh ph\u1ea3n quang<\/td>\n<td width=\"143\">D\u01b0\u01a1\u0301i 8m2<\/td>\n<td width=\"183\">Li\u00ean h\u1ec7 tr\u1ef1c ti\u1ebfp<\/td>\n<\/tr>\n<tr>\n<td width=\"143\">8-20m2<\/td>\n<td width=\"183\">160.000\u0111\/m2<\/td>\n<\/tr>\n<tr>\n<td width=\"143\">Tr\u00ean 20m2<\/td>\n<td width=\"183\">300.000\u0111\/m2<\/td>\n<\/tr>\n<\/tbody>\n<\/table>\n<h3 id=\"gia-san-pham\"><span style=\"color: #003366;\">B\u00e1o gi\u00e1 s\u1ea3n ph\u1ea9m b\u00e1n l\u1ebb<\/span><\/h3>\n<p><em>N\u1ebfu qu\u00fd kh\u00e1ch mua s\u1ed1 l\u01b0\u1ee3ng tr\u00ean 10m mi\u1ec5n ph\u00ed giao h\u00e0ng t\u1eadn n\u01a1i<\/em><\/p>\n<table width=\"573\">\n<tbody>\n<tr>\n<td><strong>S\u1ea2N PH\u1ea8M<\/strong><\/td>\n<td><strong>\u0110\u01a0N GI\u00c1<\/strong><\/td>\n<\/tr>\n<tr>\n<td>Decal d\u00e1n k\u00ednh m\u1edd\u00a0\u00a0(Vi\u1ec7t nam)<\/td>\n<td>40.000\/m2<\/td>\n<\/tr>\n<tr>\n<td>Decal d\u00e1n k\u00ednh m\u1edd\u00a0(\u0110\u00e0i Loan)<\/td>\n<td>40.000\/m2<\/td>\n<\/tr>\n<tr>\n<td>Gi\u1ea5y ph\u1ea3n quang\u00a0(\u0110\u00e0i Loan)<\/td>\n<td>90.000\/m2<\/td>\n<\/tr>\n<tr>\n<td>Gi\u1ea5y d\u00e1n k\u00ednh ch\u1ed1ng n\u00f3ng\u00a0(H\u00e0n Qu\u1ed1c)<\/td>\n<td>155.000\/m2<\/td>\n<\/tr>\n<tr>\n<td>C\u1eaft logo c\u00f4ng ty (Decal m\u1edd)<\/td>\n<td>150.000\/c\u00e1i<\/td>\n<\/tr>\n<tr>\n<td>In Decal<\/td>\n<td>180.000\/m2<\/td>\n<\/tr>\n<\/tbody>\n<\/table>\n\t\t<\/div>\n\t\t\t<\/div>\n\n\t\n<\/div>\n\t\t<\/div>\n\n\t\t\n<style>\n#section_1667841472 {\n  padding-top: 30px;\n  padding-bottom: 30px;\n}\n<\/style>\n\t<\/section>\n\t\n","protected":false},"excerpt":{"rendered":"","protected":false},"author":2,"featured_media":0,"parent":0,"menu_order":0,"comment_status":"closed","ping_status":"closed","template":"page-blank.php","meta":[],"_links":{"self":[{"href":"https:\/\/webmaibinh.com\/w\/decal2011\/wp-json\/wp\/v2\/pages\/29"}],"collection":[{"href":"https:\/\/webmaibinh.com\/w\/decal2011\/wp-json\/wp\/v2\/pages"}],"about":[{"href":"https:\/\/webmaibinh.com\/w\/decal2011\/wp-json\/wp\/v2\/types\/page"}],"author":[{"embeddable":true,"href":"https:\/\/webmaibinh.com\/w\/decal2011\/wp-json\/wp\/v2\/users\/2"}],"replies":[{"embeddable":true,"href":"https:\/\/webmaibinh.com\/w\/decal2011\/wp-json\/wp\/v2\/comments?post=29"}],"version-history":[{"count":19,"href":"https:\/\/webmaibinh.com\/w\/decal2011\/wp-json\/wp\/v2\/pages\/29\/revisions"}],"predecessor-version":[{"id":541,"href":"https:\/\/webmaibinh.com\/w\/decal2011\/wp-json\/wp\/v2\/pages\/29\/revisions\/541"}],"wp:attachment":[{"href":"https:\/\/webmaibinh.com\/w\/decal2011\/wp-json\/wp\/v2\/media?parent=29"}],"curies":[{"name":"wp","href":"https:\/\/api.w.org\/{rel}","templated":true}]}}