{"id":27,"date":"2019-05-17T03:56:54","date_gmt":"2019-05-17T03:56:54","guid":{"rendered":"https:\/\/decal.khowebseotop.vn\/?page_id=27"},"modified":"2019-07-30T08:40:57","modified_gmt":"2019-07-30T08:40:57","slug":"gioi-thieu","status":"publish","type":"page","link":"https:\/\/webmaibinh.com\/w\/decal2011\/gioi-thieu\/","title":{"rendered":"Gi\u1edbi thi\u1ec7u"},"content":{"rendered":"<div id=\"head-product\"><strong><span style=\"font-size: 23.04px;\">&#8211;\u00a0<\/span>Decal d\u00e1n k\u00ednh m\u1edd cho c\u1eeda k\u00ednh v\u0103n ph\u00f2ng<\/strong><\/div>\n<div class=\"noidung\">\n<p><strong>Decal d\u00e1n k\u00ednh<\/strong>\u00a0c\u1ee7a c\u00f4ng ty TNHH Kinh Doanh An B\u00ecnh\u00a0cung c\u1ea5p ra th\u1ecb tr\u01b0\u1eddng hi\u1ec7n nay l\u00e0 lo\u1ea1i decal Nam T\u00e2n do c\u00f4ng ty nh\u1ef1a nam t\u00e2n s\u1ea3n xu\u1ea5t. \u0111\u1ea3m b\u1ea3o ch\u1ea5t l\u01b0\u1ee3ng v\u1ec1 l\u1edbp keo b\u00e1m c\u00f3 s\u00e3n d\u01b0\u1edbi l\u1edbp ni l\u00f4ng.v\u00e0 \u0111\u01b0\u1ee3c ph\u00e2n ph\u1ed1i \u0111\u1ed9c quy\u1ec1n cho c\u00f4ng ty TNHH An B\u00ecnh\u00a0t\u1eeb n\u0103m 2006.\u0111\u1ebfn nay.<\/p>\n<p>Nhi\u1ec1u n\u0103m kinh doanh trong l\u0129nh v\u1ef1c trang tr\u00ed n\u1ed9i th\u1ea5t An B\u00ecnh, hi\u1ec3u \u0111\u01b0\u1ee3c nhu c\u1ea7u c\u1ee7a th\u1ecb tr\u01b0\u1eddng, c\u0169ng nh\u01b0\u00a0n\u0103ng l\u1ef1c c\u1ee7a c\u00f4ng ty An B\u00ecnh.ch\u00ednh v\u00ec th\u1ebf hi\u1ec3u \u0111\u01b0\u1ee3c t\u00e2m l\u00fd kh\u00e1ch h\u00e0ng, c\u00e1c c\u00f4ng ty, v\u0103n ph\u00f2ng , hay nh\u00e0 ri\u00eang th\u00ec khi \u0111\u00e3 n\u1eafp \u0111\u0103t k\u00ednh th\u00ec r\u1ea5t c\u1ea7n thi\u1ebft ph\u1ea3i\u00a0<strong><em>d\u00e1n<\/em><\/strong>\u00a0<strong><em>decal k\u00ednh m\u1edd.\u00a0<\/em><\/strong>T\u1ea1o s\u1ef1 k\u00edn \u0111\u00e1o cho v\u0103n ph\u00f2ng hay nh\u00e0 ri\u00eang. Nh\u01b0ng ng\u01b0\u1eddi th\u1ee3 khi thi c\u00f4ng d\u00e1n de cal k\u00ednh m\u1edd ph\u1ea3i c\u1ea9n th\u1eadn kh\u00e9o l\u00e9o. kh\u00f4ng \u0111\u1ec3\u00a0b\u1ecdt b\u1ea9n hay b\u1ee5i l\u00ean b\u1ec1 m\u1eb7t c\u1ee7a decal.<\/p>\n<h4><strong>&#8211; Decal d\u00e1n k\u00ednh m\u1edd c\u00f3 c\u1ea7n thi\u1ebft kh\u00f4ng.<\/strong><\/h4>\n<p>N\u1ebfu \u0111\u00e3 l\u00e0 v\u00e1ch k\u00ednh v\u0103n ph\u00f2ng th\u00ec kh\u00f4ng th\u1ec3 kh\u00f4ng\u00a0<em><strong>d\u00e1n decal k\u00ednh m\u1edd<\/strong><\/em>. h\u1ea7u h\u1ebft c\u00e1c c\u00f4ng ty hay v\u0103n ph\u00f2ng m\u1edbi m\u1edf th\u00ec r\u1ea5t c\u1ea7n thi\u1ebft ph\u1ea3i\u00a0<strong>d\u00e1n decal k\u00ednh m\u1edd.<\/strong><\/p>\n<h4><strong>&#8211; De cal d\u00e1n k\u00ednh m\u1edd \u0111\u1ed9 b\u1ec1n bao n\u00e2u:<\/strong><\/h4>\n<p>N\u1ebfu\u00a0<em><strong>decal k\u00ednh m\u1edd<\/strong><\/em>\u00a0h\u00e0ng do \u0111\u00e0i loan s\u1ea3n xu\u1ea5t th\u00ec \u0111\u1ed9 b\u1ec1n kho\u1ea3ng \u0111\u01b0\u1ee3c 3 n\u0103m.<\/p>\n<p>N\u1ebfu\u00a0<strong>decal d\u00e1n k\u00ednh m\u1edd<\/strong>\u00a0do vi\u1ec7t nam s\u1ea3n su\u1ea5t th\u00ec \u0111\u1ed9 b\u1ec1n kh\u1ecfang 7 n\u0103m.<\/p>\n<p>T\u1ea1i sao l\u1ea1i nh\u01b0 v\u1eady?? decal vi\u1ec7t nam h\u01a1n h\u1ea3n decal \u0111\u1ea1i loan b\u1edfi l\u1edbp keo b\u00e1m v\u00e0 ch\u1ea5t li\u1ec7u d\u1ebbo h\u01a1n v\u00e0 s\u1ef1 \u0111\u00e0n h\u1ed3i co d\u00e3n t\u1ed1t h\u01a1n ch\u00ednh v\u00ec th\u1ebf s\u1ea3n ph\u1ea9m decal vi\u1ec7t nam lu\u00f4n lu\u00f4n \u0111\u01b0\u1ee3c ng\u01b0\u1eddi ti\u00eau d\u00f9ng tin t\u01b0\u1edfng v\u00e0 s\u1eed d\u1ee5ng\u00a0decal d\u00e1n k\u00ednh m\u1edd An B\u00ecnh.<\/p>\n<h4>&#8211;\u00a0<strong>Qu\u00e1 tr\u00ecnh thi c\u00f4ng d\u00e1n de cal k\u00ednh:<\/strong><\/h4>\n<p>Khi qu\u00fd kh\u00e1ch h\u00e0ng c\u00f3 nhu c\u1ea7u\u00a0<em><strong>d\u00e1n decal k\u00ednh m\u1edd<\/strong><\/em>\u00a0hay li\u00ean h\u1ec7 v\u1edbi hoa sao s\u1ebd \u0111\u01b0\u1ee3c t\u01b0 v\u1eabn nhi\u1ec7t t\u00ecnh. t\u1ea5t c\u1ea3 c\u00e1c s\u1ea3n ph\u1ea9m de cal ki\u1ec3u c\u00e1ch d\u00e1n ra sao cho h\u1ee3p l\u00fd nh\u1ea5t v\u1edbi c\u00f4ng ty hay nh\u00e0 ri\u00eang.<\/p>\n<\/div>\n<p>&nbsp;<\/p>\n","protected":false},"excerpt":{"rendered":"<p>&#8211;\u00a0Decal d\u00e1n k\u00ednh m\u1edd cho c\u1eeda k\u00ednh v\u0103n ph\u00f2ng Decal d\u00e1n k\u00ednh\u00a0c\u1ee7a c\u00f4ng ty TNHH Kinh Doanh An B\u00ecnh\u00a0cung c\u1ea5p ra th\u1ecb tr\u01b0\u1eddng hi\u1ec7n nay l\u00e0 lo\u1ea1i decal Nam T\u00e2n do c\u00f4ng ty nh\u1ef1a nam t\u00e2n s\u1ea3n xu\u1ea5t. \u0111\u1ea3m b\u1ea3o ch\u1ea5t l\u01b0\u1ee3ng v\u1ec1 l\u1edbp keo b\u00e1m c\u00f3 s\u00e3n d\u01b0\u1edbi l\u1edbp ni l\u00f4ng.v\u00e0 \u0111\u01b0\u1ee3c ph\u00e2n ph\u1ed1i &#8230;<\/p>\n","protected":false},"author":2,"featured_media":0,"parent":0,"menu_order":0,"comment_status":"closed","ping_status":"closed","template":"page-right-sidebar.php","meta":[],"_links":{"self":[{"href":"https:\/\/webmaibinh.com\/w\/decal2011\/wp-json\/wp\/v2\/pages\/27"}],"collection":[{"href":"https:\/\/webmaibinh.com\/w\/decal2011\/wp-json\/wp\/v2\/pages"}],"about":[{"href":"https:\/\/webmaibinh.com\/w\/decal2011\/wp-json\/wp\/v2\/types\/page"}],"author":[{"embeddable":true,"href":"https:\/\/webmaibinh.com\/w\/decal2011\/wp-json\/wp\/v2\/users\/2"}],"replies":[{"embeddable":true,"href":"https:\/\/webmaibinh.com\/w\/decal2011\/wp-json\/wp\/v2\/comments?post=27"}],"version-history":[{"count":7,"href":"https:\/\/webmaibinh.com\/w\/decal2011\/wp-json\/wp\/v2\/pages\/27\/revisions"}],"predecessor-version":[{"id":635,"href":"https:\/\/webmaibinh.com\/w\/decal2011\/wp-json\/wp\/v2\/pages\/27\/revisions\/635"}],"wp:attachment":[{"href":"https:\/\/webmaibinh.com\/w\/decal2011\/wp-json\/wp\/v2\/media?parent=27"}],"curies":[{"name":"wp","href":"https:\/\/api.w.org\/{rel}","templated":true}]}}