{"id":155,"date":"2018-08-14T16:20:19","date_gmt":"2018-08-14T16:20:19","guid":{"rendered":"http:\/\/laixe.khowebseotop.vn\/?page_id=155"},"modified":"2018-08-17T16:26:03","modified_gmt":"2018-08-17T16:26:03","slug":"gioi-thieu","status":"publish","type":"page","link":"https:\/\/webmaibinh.com\/w\/daylaixe2011\/gioi-thieu\/","title":{"rendered":"Gi\u1edbi thi\u1ec7u"},"content":{"rendered":"<p>Trung t\u00e2m \u0111\u00e0o t\u1ea1o v\u00e0 s\u00e1t h\u1ea1ch l\u00e1i xe Vi\u1ec7t Thanh xin g\u1eedi l\u1eddi ch\u00e0o tr\u00e2n tr\u1ecdng v\u00e0 l\u1eddi ch\u00fac t\u1ed1t \u0111\u1eb9p nh\u1ea5t \u0111\u1ebfn Qu\u00fd h\u1ecdc vi\u00ean\u00a0v\u00e0 \u0111\u1ed1i t\u00e1c!<\/p>\n<p>Trung t\u00e2m \u0110\u00e0o t\u1ea1o v\u00e0 S\u00e1t h\u1ea1ch l\u00e1i xe Vi\u1ec7t Thanh \u0111\u01b0\u1ee3c th\u00e0nh l\u1eadp v\u00e0o ng\u00e0y 11 th\u00e1ng 04 n\u0103m 2000 theo gi\u1ea5y ch\u1ee9ng nh\u1eadn \u0111\u0103ng k\u00fd kinh doanh s\u1ed1 0102000296 c\u1ee7a S\u1edf K\u1ebf ho\u1ea1ch v\u00e0 \u0110\u1ea7u t\u01b0 TP H\u00e0 N\u1ed9i.<\/p>\n<figure><img src=\"http:\/\/laixe.khowebseotop.vn\/wp-content\/uploads\/2018\/08\/gioi-thieu-155.jpg\" alt=\"\" width=\"900\" \/><figcaption>\u00a0<\/figcaption><\/figure>\n<p><em>\u00a0<\/em><em>C\u01a1 s\u1edf t\u1ea1i \u0111\u1ecba ch\u1ec9: L\u00f4 A7, Nguy\u1ec5n Ch\u00e1nh, Qu\u1eadn C\u1ea7u Gi\u1ea5y, H\u00e0 N\u1ed9i<\/em><\/p>\n<p>L\u00e0 \u0111\u01a1n v\u1ecb s\u00e1t h\u1ea1ch tr\u1ef1c thu\u1ed9c S\u1edf giao th\u00f4ng v\u1eadn t\u1ea3i H\u00e0 N\u1ed9i, trung t\u00e2m \u0111\u00e0o t\u1ea1o v\u00e0 s\u00e1t h\u1ea1ch l\u00e1i xe Vi\u1ec7t Thanh c\u00f3 ch\u1ee9c n\u0103ng, nhi\u1ec7m v\u1ee5 t\u1ed5 ch\u1ee9c, \u0111\u00e0o t\u1ea1o ngh\u1ec1 l\u00e1i xe \u00f4t\u00f4 v\u00e0 m\u00f4t\u00f4 c\u00e1c h\u1ea1ng : A1, A2, B1, B2, C, D v\u00e0 E. Tr\u1ea3i qua g\u1ea7n 15 n\u0103m ho\u1ea1t \u0111\u1ed9ng trong l\u0129nh v\u1ef1c \u0111\u00e0o t\u1ea1o l\u00e1i xe, Trung t\u00e2m \u0111\u00e3 t\u1ea1o \u0111\u01b0\u1ee3c th\u01b0\u01a1ng hi\u1ec7u uy t\u00edn v\u00e0 tr\u1edf th\u00e0nh \u0111\u01a1n v\u1ecb \u0111\u00e0o t\u1ea1o l\u00e1i xe s\u1ed1 1 H\u00e0 N\u1ed9i.<\/p>\n<figure><img loading=\"lazy\" src=\"http:\/\/laixe.khowebseotop.vn\/wp-content\/uploads\/2018\/08\/gioi-thieu-155-1.jpg\" alt=\"\" width=\"800\" height=\"451\" \/><figcaption>\u00a0<\/figcaption><\/figure>\n<p><em>\u00a0S\u00e2n t\u1eadp l\u00e1i xe &#8211; S\u00e2n s\u00e1t h\u1ea1ch l\u00e1i xe c\u1ee7a Vi\u1ec7t Thanh<\/em><\/p>\n<p>\u0110\u1ebfn v\u1edbi trung t\u00e2m Vi\u1ec7t Thanh, h\u1ecdc vi\u00ean s\u1ebd c\u1ea3m th\u1ea5y tin t\u01b0\u1edfng, h\u00e0i l\u00f2ng khi nh\u1eadn \u0111\u01b0\u1ee3c s\u1ef1 ph\u1ee5c v\u1ee5 chuy\u00ean nghi\u1ec7p, nhi\u1ec7t t\u00ecnh, chu \u0111\u00e1o c\u1ee7a \u0111\u1ed9i ng\u0169 nh\u00e2n vi\u00ean v\u00e0 gi\u00e1o vi\u00ean c\u1ee7a trung t\u00e2m.<\/p>\n<p>Tr\u00e2n tr\u1ecdng c\u1ea3m \u01a1n qu\u00fd h\u1ecdc vi\u00ean \u0111\u00e3 gh\u00e9 th\u0103m!<\/p>\n<p>C\u01a0 S\u1ede V\u1eacT CH\u1ea4T K\u1ef8 THU\u1eacT<\/p>\n<p>TR\u01af\u1edcNG TRUNG C\u1ea4P NGH\u1ec0 \u0110\u00c0O T\u1ea0O V\u00c0 S\u00c1T H\u1ea0CH L\u00c1I XE C\u01a0 GI\u1edaI VI\u1ec6T THANH<\/p>\n<p>C\u00e1c h\u1ea1ng m\u1ee5c c\u00f4ng tr\u00ecnh x\u00e2y d\u1ef1ng c\u01a1 b\u1ea3n theo ti\u00eau chu\u1ea9n ng\u00e0nh v\u00e0 \u0111\u00e3 \u0111\u01b0\u1ee3c ki\u1ec3m tra ki\u1ec3m chu\u1ea9n c\u1ea5p gi\u1ea5y ph\u00e9p ho\u1ea1t \u0111\u1ed9ng g\u1ed3m:<\/p>\n<ul>\n<li class=\"first\">C\u00e1c h\u1ea1ng m\u1ee5c c\u00f4ng tr\u00ecnh x\u00e2y d\u1ef1ng trong trung t\u00e2m s\u00e1t h\u1ea1ch \u0111\u00e3 thi c\u00f4ng \u0111\u00fang thi\u1ebft k\u1ebf v\u00e0 theo \u0111\u00fang b\u1ea3n v\u1ec1 b\u1ed1 tr\u00ed m\u1eb7t b\u1eb1ng t\u1ed5ng th\u1ec3 trung t\u00e2m s\u00e1t h\u1ea1ch lo\u1ea1i 2 s\u1ed1 TKKT- 01-02 do c\u00f4ng ty TNHH \u0110\u1ea7u t\u01b0 v\u00e0 t\u01b0 v\u1ea5n qu\u1ea3n l\u00fd c\u00e1c d\u1ef1 \u00e1n c\u00f4ng nghi\u1ec7p \u00f4 t\u00f4 Vi\u1ec7t Nam thi\u1ebft k\u1ebf \u0111\u00e3 \u0111\u01b0\u1ee3c C\u1ee5c \u0110\u01b0\u1eddng B\u1ed9 Vi\u1ec7t Nam th\u1ea9m duy\u1ec7t.<\/li>\n<li>\u0110\u1ea7y \u0111\u1ee7 c\u00e1c c\u00f4ng tr\u00ecnh ph\u1ee5 tr\u1ee3, nh\u00e0 \u0111i\u1ec1u h\u00e0nh, ph\u00f2ng l\u00e0m vi\u1ec7c, h\u1ec7 th\u1ed1ng nh\u00e0 c\u0103ng tin d\u1ecbch v\u1ee5, nh\u00e0 ngh\u1ec9 cho h\u1ecdc vi\u00ean d\u1ef1 s\u00e1t h\u1ea1ch, c\u00e1c ga ra \u0111\u1ec3 xe \u00f4 t\u00f4, xe m\u00e1y cho CBCNV v\u00e0 kh\u00e1ch r\u1ed9ng r\u00e3i.<\/li>\n<li>C\u00f3 01 tr\u1ea1m bi\u1ebfn th\u1ebf ri\u00eang c\u00f4ng su\u1ea5t 64KVA \u0111\u1ea3m b\u1ea3o ph\u1ee5c v\u1ee5 ho\u1ea1t \u0111\u1ed9ng c\u1ee7a trung t\u00e2m, h\u1ec7 th\u1ed1ng ATS \u0111\u00f3ng ng\u1eaft t\u1ef1 \u0111\u1ed9ng v\u00e0 c\u00f3 c\u00e1n b\u1ed9 k\u1ef9 thu\u1eadt \u0111i\u1ec7n th\u01b0\u1eddng xuy\u00ean tr\u1ef1c t\u1ea1i s\u00e2n.<\/li>\n<li>T\u1ea1i ph\u00f2ng \u0111i\u1ec1u h\u00e0nh; \u0110\u1ea3m b\u1ea3o quan s\u00e1t t\u1ed1t c\u00e1c xe \u0111ang s\u00e1t h\u1ea1ch v\u00e0 ho\u1ea1t \u0111\u1ed9ng t\u1ed5 ch\u1ee9c thi. C\u00f3 m\u00e1y t\u00ednh t\u1ed5ng h\u1ee3p k\u1ebft qu\u1ea3, c\u00f3 h\u1ec7 th\u1ed1ng c\u00e1c \u0111i\u1ec1u h\u00f2a nhi\u1ec7t \u0111\u1ed9, m\u00e1y \u0111i\u1ec7n tho\u1ea1i, ,m\u00e1y Fax, th\u00f4ng tin b\u1ed9 \u0111\u00e0m.<\/li>\n<li>S\u00e2n \u0111\u1ee7 h\u1ec7 th\u1ed1ng bi\u1ec3n b\u00e1o giao th\u00f4ng \u0111\u01b0\u1eddng b\u1ed9, c\u00e1c v\u1ea1ch k\u1ebb \u0111\u01b0\u1eddng, h\u1ec7 th\u1ed1ng \u0111\u00e8n t\u00edn hi\u1ec7u giao th\u00f4ng ho\u1ea1t \u0111\u1ed9ng b\u00ecnh th\u01b0\u1eddng theo \u0111i\u1ec1u l\u1ec7 b\u00e1o hi\u1ec7u h\u1ec7 th\u1ed1ng \u0111\u01b0\u1eddng b\u1ed9.<\/li>\n<li>C\u00f3 gi\u1ea5y ph\u00e9p v\u00e0 bi\u1ec3n b\u00e1o hi\u1ec7u \u0111o\u1ea1n \u0111\u01b0\u1eddng s\u00e1t h\u1ea1ch khu v\u1ef1c s\u00e1t h\u1ea1ch \u0111\u01b0\u1eddng tr\u01b0\u1eddng.<\/li>\n<li>C\u00f3 m\u00e1y ph\u00e1t \u0111i\u1ec7n d\u1ef1 ph\u00f2ng \u0111\u1ee7 c\u00f4ng su\u1ea5t \u0111\u1ec3 ph\u1ee5c v\u1ee5 cho c\u00f4ng t\u00e1c s\u00e1t h\u1ea1ch khi c\u00f3 s\u1ef1 c\u1ed1 m\u1ea5t \u0111i\u1ec7n x\u1ea3y ra.<\/li>\n<li>Ph\u00f2ng s\u00e1t h\u1ea1ch l\u00fd thuy\u1ebft: 01 ph\u00f2ng, c\u00f3 01 m\u00e1y ch\u1ee7 v\u00e0 30 m\u00e1y tr\u1ea1m \u0111\u1ed3ng b\u1ed9 h\u1ec7 th\u1ed1ng \u1ed5n \u00e1p v\u00e0 thi\u1ebft b\u1ecb l\u01b0u \u0111i\u1ec7n ho\u1ea1t \u0111\u1ed9ng t\u1ed1t.<\/li>\n<li>Xe \u00f4 t\u00f4 d\u00f9ng \u0111\u1ec3 s\u00e1t h\u1ea1ch, xe h\u1ea1ng B c\u00f3 16 xe, xe h\u1ea1ng C c\u00f3 02 xe.( c\u00f3 danh s\u00e1ch k\u00e8m theo).<\/li>\n<li>Thi\u1ebft b\u1ecb b\u00e1o l\u1ed7i v\u00e0 b\u00e1o \u0111i\u1ec3m tr\u00ean xe ho\u1ea1t \u0111\u1ed9ng \u1ed5n \u0111\u1ecbnh b\u00ecnh th\u01b0\u1eddng.<\/li>\n<li>S\u1eed d\u1ee5ng ph\u1ea7n m\u1ec1m s\u00e1t h\u1ea1ch l\u00fd thuy\u1ebft do T\u1ed5ng C\u1ee5c \u0111\u01b0\u1eddng b\u1ed9 chuy\u1ec3n giao.<\/li>\n<li class=\"last\">C\u00e1c thi\u1ebft b\u1ecb b\u00e1o l\u1ed7i v\u00e0 ch\u1ea5m \u0111i\u1ec3m t\u1ef1 \u0111\u1ed9ng do hang NEO H\u00e0n Qu\u1ed1c cung c\u1ea5p, ho\u1ea1t \u0111\u1ed9ng \u1ed5n \u0111\u1ecbnh.<\/li>\n<\/ul>\n<p>C\u01a0 S\u1ede V\u1eacT CH\u1ea4T K\u1ef8 THU\u1eacT<\/p>\n<p>TRUNG T\u00c2M \u0110\u00c0O T\u1ea0O V\u00c0 S\u00c1T H\u1ea0CH L\u00c1I XE VI\u1ec6T THANH<\/p>\n<p>1.H\u1ec7 th\u1ed1ng ph\u00f2ng h\u1ecdc: G\u1ed3m 11 ph\u00f2ng h\u1ecdc. C\u1ee5 th\u1ec3:<\/p>\n<p>a, Ph\u00f2ng h\u1ecdc l\u00fd thuy\u1ebft.<\/p>\n<ul>\n<li class=\"first last\">Ph\u00f2ng h\u1ecdc lu\u1eadt giao th\u00f4ng \u0111\u01b0\u1eddng b\u1ed9, \u0110\u1ea1o \u0111\u1ee9c ng\u01b0\u1eddi l\u00e1i xe: (02 ph\u00f2ng)<\/li>\n<\/ul>\n<p>\u2013 Ph\u00f2ng 1 : T\u1ea1i 313 Tr\u01b0\u1eddng Chinh, Thanh Xu\u00e2n, H\u00e0 N\u1ed9i.<\/p>\n<p>+ Di\u1ec7n t\u00edch : 60 m2<\/p>\n<p>+ Ph\u01b0\u01a1ng ti\u1ec7n gi\u1ea3ng d\u1ea1y c\u00f3 c\u00e1c b\u1ea3n v\u1ebd v\u1ec1 bi\u1ec3n b\u00e1o hi\u1ec7u \u0111\u01b0\u1eddng b\u1ed9, sa h\u00ecnh, sa b\u00e0n, d\u1ea1y c\u00e1c t\u00ecnh hu\u1ed1ng giao th\u00f4ng; tranh v\u1ebd s\u01a1 \u0111\u1ed3 10 b\u00e0i thi li\u00ean hoan. Hi\u1ec7n k\u00ea 55 b\u00e0n v\u1edbi 165 gh\u1ebf ng\u1ed3i.<\/p>\n<p>-Ph\u00f2ng 2: T\u1ea1i X\u00e3 V\u0129nh Kh\u00fac- V\u0103n Giang- H\u01b0ng Y\u00ean<\/p>\n<p>+ Di\u1ec7n t\u00edch: 76 m2<\/p>\n<p>+ Ph\u01b0\u01a1ng ti\u1ec7n gi\u1ea3ng d\u1ea1y c\u00f3 c\u00e1c b\u1ea3n v\u1ebd v\u1ec1 bi\u1ec3n b\u00e1o hi\u1ec7u \u0111\u01b0\u1eddng b\u1ed9, sa h\u00ecnh, sa b\u00e0n, d\u1ea1y c\u00e1c t\u00ecnh hu\u1ed1ng giao th\u00f4ng; tranh v\u1ebd s\u01a1 \u0111\u1ed3 10 b\u00e0i thi li\u00ean hoan. C\u00f3 70 b\u00e0n v\u1edbi 210 gh\u1ebf ng\u1ed3i.<\/p>\n<ul>\n<li class=\"first last\">Ph\u00f2ng m\u00e1y vi t\u00ednh (02 ph\u00f2ng)<\/li>\n<\/ul>\n<p>+ Ph\u00f2ng 1 (c\u00f3 di\u1ec7n t\u00edch 45m2): G\u1ed3m 01 m\u00e1y ch\u1ee7, 01 m\u00e1y in, 10 m\u00e1y t\u00ednh \u0111\u01b0\u1ee3c n\u1ed1i m\u1ea1ng v\u00e0 \u0111\u00e3 \u0111\u01b0\u1ee3c c\u00e0i \u0111\u1eb7t ph\u1ea7n m\u1ec1m h\u1ecdc lu\u1eadt GT\u0110B, \u0111\u1ecba ch\u1ec9 313 Tr\u01b0\u1eddng Chinh, Thanh Xu\u00e2n H\u00e0 N\u1ed9i.<\/p>\n<p>+ Ph\u00f2ng 2 (c\u00f3 di\u1ec7n t\u00edch 60m2): G\u1ed3m 01 m\u00e1y ch\u1ee7, 01 m\u00e1y in, 30 m\u00e1y t\u00ednh \u0111\u01b0\u1ee3c n\u1ed1i m\u1ea1ng v\u00e0 \u0111\u00e3 \u0111\u01b0\u1ee3c c\u00e0i \u0111\u1eb7t ph\u1ea7n m\u1ec1m h\u1ecdc lu\u1eadt GT\u0110B, \u0111\u1ecba ch\u1ec9 t\u1ea1i x\u00e3 V\u0129nh Kh\u00fac, V\u0103n Giang, H\u01b0ng Y\u00ean.<\/p>\n<ul>\n<li class=\"first last\">Ph\u00f2ng h\u1ecdc c\u1ea5u t\u1ea1o v\u00e0 s\u1eeda ch\u1eefa \u00f4 t\u00f4 (02 ph\u00f2ng)<\/li>\n<\/ul>\n<p>\u2013 Ph\u00f2ng 1: T\u1ea1i 313 Tr\u01b0\u1eddng Chinh- Thanh Xu\u00e2n- H\u00e0 N\u1ed9i<\/p>\n<p>+Di\u1ec7n t\u00edch: 60m2<\/p>\n<p>+ Ph\u01b0\u01a1ng ti\u1ec7n gi\u1ea3ng d\u1ea1y g\u1ed3m tranh v\u1ebd c\u00e1c t\u1ed5ng th\u00e0nh m\u00e1y, g\u1ea7m, \u0111i\u1ec7n, v\u00e0 c\u00e1c c\u1ee5m chi ti\u1ebft \u00f4 t\u00f4; C\u00e1c c\u1ee5m chi ti\u1ebft \u00f4 t\u00f4 \u0111\u1ec3 nh\u1eadn bi\u1ebft v\u00e0 t\u1ed5ng th\u00e0nh \u0111\u1ed9ng c\u01a1 c\u1eaft b\u1ed5 \u0111\u1ec3 h\u1ecdc vi\u00ean h\u1ecdc t\u1eadp; m\u00f4 h\u00ecnh h\u1ec7 th\u1ed1ng \u0111i\u1ec7n ho\u00e0n ch\u1ec9nh c\u1ee7a xe \u00f4 t\u00f4. Hi\u1ec7n k\u00ea \u0111\u01b0\u1ee3c 25 b\u00e0n cho 75 h\u1ecdc vi\u00ean h\u1ecdc t\u1eadp.<\/p>\n<p>\u2013 Ph\u00f2ng 2: T\u1ea1i x\u00e3 V\u0129nh Kh\u00fac- V\u0103n Giang- H\u01b0ng Y\u00ean<\/p>\n<p>+ Di\u1ec7n t\u00edch:76m2<\/p>\n<p>+ Ph\u01b0\u01a1ng ti\u1ec7n gi\u1ea3ng d\u1ea1y g\u1ed3m tranh v\u1ebd c\u00e1c t\u1ed5ng th\u00e0nh m\u00e1y, g\u1ea7m \u0111i\u1ec7n v\u00e0 c\u00e1c c\u1ee5m chi ti\u1ebft \u00f4 t\u00f4; C\u00e1c c\u1ee5m chi ti\u1ebft \u00f4 t\u00f4 \u0111\u1ec3 nh\u1eadn bi\u1ebft v\u00e0 t\u1ed5ng th\u00e0nh \u0111\u1ed9ng c\u01a1 c\u1eaft b\u1ed5 \u0111\u1ec3 h\u1ecdc vi\u00ean h\u1ecdc t\u1eadp; m\u00f4 h\u00ecnh h\u1ec7 th\u1ed1ng \u0111i\u1ec7n ho\u00e0n ch\u1ec9nh c\u1ee7a xe \u00f4 t\u00f4. Hi\u1ec7n k\u00ea \u0111\u01b0\u1ee3c 55 b\u00e0n cho 165 h\u1ecdc vi\u00ean h\u1ecdc t\u1eadp.<\/p>\n<ul>\n<li class=\"first last\">Ph\u00f2ng k\u1ef9 thu\u1eadt l\u00e1i xe (02 ph\u00f2ng)<\/li>\n<\/ul>\n<p>\u2013 Ph\u00f2ng 1: T\u1ea1i 313 Tr\u01b0\u1eddng Chinh \u2013 Thanh Xu\u00e2n- H\u00e0 N\u1ed9i<\/p>\n<p>+ Di\u1ec7n t\u00edch: 60m2<\/p>\n<p>+ C\u00f3 tranh v\u1ebd c\u00e1c \u0111\u1ed9ng t\u00e1c l\u00e1i xe c\u01a1 b\u1ea3n nh\u01b0 \u0111i\u1ec1u chinh gh\u1ebf l\u00e1i, t\u01b0 th\u1ebf ng\u1ed3i l\u00e1i, v\u1ecb tr\u00ed gi\u1eef v\u00f4 l\u0103ng v\u00e0 ph\u01b0\u01a1ng ph\u00e1p \u0111\u00e1nh l\u00e1i. Hi\u1ec7n k\u00ea \u0111\u01b0\u1ee3c 25 b\u00e0n cho 75 h\u1ecdc vi\u00ean h\u1ecdc t\u1eadp. C\u00f3 02 \u00f4 t\u00f4 \u0111\u01b0\u1ee3c k\u00ea k\u00edch \u0111\u1ec3 t\u1eadp s\u1ed1 ngu\u1ed9i, s\u1ed1 n\u00f3ng.<\/p>\n<p>\u2013 Ph\u00f2ng 2: T\u1ea1i X\u00e3 V\u0129nh Kh\u00fac- V\u0103n Giang- H\u01b0ng Y\u00ean<\/p>\n<p>+ Di\u1ec7n t\u00edch : 76m2<\/p>\n<p>+ C\u00f3 tranh v\u1ebd c\u00e1c \u0111\u1ed9ng t\u00e1c l\u00e1i c\u01a1 b\u1ea3n v\u00e0 c\u00e1ch s\u1eed d\u1ee5ng phanh ch\u00e2n, phanh tay, c\u00f4n, ga v\u00e0 c\u00e1c thao t\u00e1c l\u00e1i xe, tranh v\u1ebd c\u00e1c h\u1ec7 th\u1ed1ng l\u00e1i v\u00e0 x\u1eed l\u00fd t\u00ecnh hu\u1ed1ng giao th\u00f4ng khi l\u00e1i xe; 02 \u00f4 t\u00f4 \u0111\u1ec3 t\u1eadp s\u1ed1 n\u00f3ng , s\u1ed1 ngu\u1ed9i. Hi\u1ec7n k\u00ea \u0111\u01b0\u1ee3c 35 b\u00e0n cho 105 h\u1ecdc vi\u00ean h\u1ecdc t\u1eadp.<\/p>\n<ul>\n<li class=\"first last\">Ph\u00f2ng h\u1ecdc nghi\u1ec7p v\u1ee5 v\u1eadn t\u1ea3i (02 ph\u00f2ng)<\/li>\n<\/ul>\n<p>\u2013 Ph\u00f2ng 1: T\u1ea1i 313 Tr\u01b0\u1eddng Chinh \u2013 Thanh Xu\u00e2n- H\u00e0 N\u1ed9i<\/p>\n<p>+ Di\u1ec7n t\u00edch: 60m2<\/p>\n<p>+ C\u00f3 tranh v\u1ebd c\u00e1c k\u00fd hi\u1ec7u tr\u00ean ki\u1ec7n h\u00e0ng, bi\u1ec3u tr\u01b0ng h\u00e0ng nguy b\u1ea3ng bi\u1ec3u gi\u1ea3ng d\u1ea1y v\u1ec1 c\u00e1c nghi\u1ec7p v\u1ee5 v\u1ec1 v\u1eadn t\u1ea3i h\u00e0ng h\u00f3a v\u00e0 kh\u00e1ch h\u00e0ng. Hi\u1ec7n k\u00ea \u0111\u01b0\u1ee3c 25 b\u00e0n cho 75 h\u1ecdc vi\u00ean h\u1ecdc t\u1eadp.<\/p>\n<p>-Ph\u00f2ng 2: T\u1ea1i X\u00e3 V\u0129nh Kh\u00fac- V\u0103n Giang- H\u01b0ng Y\u00ean<\/p>\n<p>+ Di\u1ec7n t\u00edch: 76m2<\/p>\n<p>+ C\u00f3 tranh v\u1ebd c\u00e1c k\u00fd hi\u1ec7u tr\u00ean ki\u1ec7n h\u00e0ng, bi\u1ec3u tr\u01b0ng h\u00e0ng nguy b\u1ea3ng bi\u1ec3u gi\u1ea3ng d\u1ea1y v\u1ec1 c\u00e1c nghi\u1ec7p v\u1ee5 v\u1ec1 v\u1eadn t\u1ea3i h\u00e0ng h\u00f3a v\u00e0 kh\u00e1ch h\u00e0ng. Hi\u1ec7n k\u00ea \u0111\u01b0\u1ee3c 55 b\u00e0n cho 165 h\u1ecdc vi\u00ean h\u1ecdc t\u1eadp.<\/p>\n<p>b, Ph\u00f2ng\u00a0 h\u1ecdc th\u1ef1c t\u1eadp b\u1ea3o d\u01b0\u1ee1ng s\u1eeda ch\u1eefa: (01 ph\u00f2ng)<\/p>\n<p>+ Di\u1ec7n t\u00edch 200m2<\/p>\n<p>+ \u0110\u01b0\u1ee3c trang b\u1ecb c\u00e1c c\u1ee5m chi ti\u1ebft v\u00e0 t\u1ed5ng th\u00e0nh ch\u1ee7 y\u1ebfu c\u1ee7a \u00f4 t\u00f4 nh\u01b0: m\u00e1y, g\u1ea7m, \u0111i\u1ec7n; t\u1ee7 \u0111\u1ef1ng \u0111\u1ed3 ngh\u1ec1 v\u00e0 b\u00e0n th\u1ef1c t\u1eadp cho h\u1ecdc sinh th\u1ef1c t\u1eadp b\u1ea3o d\u01b0\u1ee1ng s\u1eeda ch\u1eefa; C\u00f3 \u0111\u1ea7y \u0111\u1ee7 c\u00e1c d\u1ee5ng c\u1ee5 th\u00e1o l\u1eafp v\u00e0 ki\u1ec3m tra gi\u00fap h\u1ecdc sinh nh\u1eadn bi\u1ebft ph\u1ea7n c\u1ea5u t\u1ea1o v\u00e0 th\u1ef1c t\u1eadp th\u00e1o l\u1eafp d\u1ec5 d\u00e0ng.<\/p>\n<ol start=\"2\">\n<li class=\"first last\">C\u00e1c ph\u00f2ng l\u00e0m vi\u1ec7c ph\u1ee5c v\u1ee5 c\u00e1c b\u1ed9 ph\u1eadn \u0111\u00e0o t\u1ea1o:<\/li>\n<\/ol>\n<p>\u2013 Ph\u00f2ng \u0111\u00e0o t\u1ea1o:<\/p>\n<p>Ph\u00f2ng \u0111\u00e0o t\u1ea1o c\u00f3 di\u1ec7n t\u00edch 30 m2\u00a0c\u00f3 \u0111\u1ea7y \u0111\u1ee7 b\u00e0n gh\u1ebf, t\u1ee7 \u0111\u1ef1ng t\u00e0i li\u1ec7u, m\u00e1y vi t\u00ednh; C\u00e1c b\u1ea3ng, m\u1eabu bi\u1ec3u ph\u1ee5c v\u1ee5 c\u00f4ng t\u00e1c qu\u1ea3n l\u00fd chuy\u00ean m\u00f4n v\u00e0 l\u00e0m vi\u1ec7c c\u1ee7a gi\u00e1o vi\u00ean l\u00fd thuy\u1ebft: Ti\u1ebfn \u0111\u1ed9 \u0111\u00e0o t\u1ea1o, k\u1ebf hoach \u0111\u00e0o t\u1ea1o, m\u1ed9t s\u1ed1 quy \u0111\u1ecbnh chi ti\u1ebft trong gi\u1ea3ng d\u1ea1y.<\/p>\n<ul>\n<li class=\"first last\">Ph\u00f2ng l\u00e0m vi\u1ec7c c\u1ee7a c\u00e1c gi\u00e1o vi\u00ean th\u1ef1c h\u00e0nh:<\/li>\n<\/ul>\n<p>Di\u1ec7n t\u00edch 60 m2\u00a0\u0111\u01b0\u1ee3c trang b\u1ecb \u0111\u1ea7y \u0111\u1ee7 b\u00e0n gh\u1ebf v\u00e0 c\u00e1c \u0111i\u1ec1u ki\u1ec7n l\u00e0m vi\u1ec7c sinh ho\u1ea1t v\u00e0 trao \u0111\u1ed5i kinh nghi\u1ec7m gi\u1ea3ng d\u1ea1y chuy\u00ean m\u00f4n c\u1ee7a gi\u00e1o vi\u00ean.<\/p>\n<p>3.Xe t\u1eadp l\u00e1i. Hi\u1ec7n trung t\u00e2m c\u00f3 130\u00a0xe<\/p>\n<ol start=\"4\">\n<li class=\"first last\">S\u00e2n b\u00e3i ph\u1ee5c v\u1ee5 c\u00f4ng t\u00e1c \u0111\u00e0o t\u1ea1o<\/li>\n<\/ol>\n<p>Trung t\u00e2m \u0111\u00e3 x\u00e2y d\u1ef1ng 01 s\u00e2n t\u1eadp c\u00f3 \u0111\u1ee7 10 b\u00e0i li\u00ean ho\u00e0n di\u1ec7n t\u00edch 8000 m2\u00a0tr\u00ean t\u1ed5ng di\u1ec7n t\u00edch s\u00e2n s\u00e1t h\u1ea1ch 50.000 m2\u00a0t\u1ea1i X\u00e3 V\u0129nh Kh\u00fac- Huy\u1ec7n V\u0103n Giang- T\u1ec9nh H\u01b0ng Y\u00ean.<\/p>\n<p>Tr\u00e2n tr\u1ecdng c\u1ea3m \u01a1n qu\u00fd h\u1ecdc vi\u00ean \u0111\u00e3 gh\u00e9 th\u0103m!<\/p>\n","protected":false},"excerpt":{"rendered":"<p>Trung t\u00e2m \u0111\u00e0o t\u1ea1o v\u00e0 s\u00e1t h\u1ea1ch l\u00e1i xe Vi\u1ec7t Thanh xin g\u1eedi l\u1eddi ch\u00e0o tr\u00e2n tr\u1ecdng v\u00e0 l\u1eddi ch\u00fac t\u1ed1t \u0111\u1eb9p nh\u1ea5t \u0111\u1ebfn Qu\u00fd h\u1ecdc vi\u00ean\u00a0v\u00e0 \u0111\u1ed1i t\u00e1c! Trung t\u00e2m \u0110\u00e0o t\u1ea1o v\u00e0 S\u00e1t h\u1ea1ch l\u00e1i xe Vi\u1ec7t Thanh \u0111\u01b0\u1ee3c th\u00e0nh l\u1eadp v\u00e0o ng\u00e0y 11 th\u00e1ng 04 n\u0103m 2000 theo gi\u1ea5y ch\u1ee9ng nh\u1eadn \u0111\u0103ng&#8230;<\/p>\n","protected":false},"author":1,"featured_media":0,"parent":0,"menu_order":0,"comment_status":"closed","ping_status":"closed","template":"page-right-sidebar.php","meta":[],"_links":{"self":[{"href":"https:\/\/webmaibinh.com\/w\/daylaixe2011\/wp-json\/wp\/v2\/pages\/155"}],"collection":[{"href":"https:\/\/webmaibinh.com\/w\/daylaixe2011\/wp-json\/wp\/v2\/pages"}],"about":[{"href":"https:\/\/webmaibinh.com\/w\/daylaixe2011\/wp-json\/wp\/v2\/types\/page"}],"author":[{"embeddable":true,"href":"https:\/\/webmaibinh.com\/w\/daylaixe2011\/wp-json\/wp\/v2\/users\/1"}],"replies":[{"embeddable":true,"href":"https:\/\/webmaibinh.com\/w\/daylaixe2011\/wp-json\/wp\/v2\/comments?post=155"}],"version-history":[{"count":7,"href":"https:\/\/webmaibinh.com\/w\/daylaixe2011\/wp-json\/wp\/v2\/pages\/155\/revisions"}],"predecessor-version":[{"id":258,"href":"https:\/\/webmaibinh.com\/w\/daylaixe2011\/wp-json\/wp\/v2\/pages\/155\/revisions\/258"}],"wp:attachment":[{"href":"https:\/\/webmaibinh.com\/w\/daylaixe2011\/wp-json\/wp\/v2\/media?parent=155"}],"curies":[{"name":"wp","href":"https:\/\/api.w.org\/{rel}","templated":true}]}}